{"id":20283,"date":"2025-02-26T13:55:39","date_gmt":"2025-02-26T05:55:39","guid":{"rendered":"https:\/\/www.vape4wholesale.com\/?post_type=product&#038;p=20283"},"modified":"2026-01-27T15:43:12","modified_gmt":"2026-01-27T15:43:12","slug":"uwin-crystal-twins-40k-vape-desechable-al-por-mayor","status":"publish","type":"product","link":"https:\/\/www.vape4wholesale.com\/es\/product\/uwin-crystal-twins-40k-disposable-vape-wholesale","title":{"rendered":"Uwin Crystal Twins 40K Vape Desechable al por mayor"},"content":{"rendered":"<p>En\u00a0<a title=\"Uwin\" href=\"https:\/\/www.vape4wholesale.com\/es\/marca_producto\/uwin\/\" target=\"_blank\" rel=\"noopener\">Uwin<\/a> Crystal Twins 40K redefine la experiencia de vapeo desechable con su innovadora boquilla giratoria, que permite a los usuarios cambiar sin problemas entre dos sabores distintos en un solo dispositivo. Este dise\u00f1o innovador no s\u00f3lo a\u00f1ade versatilidad, sino que tambi\u00e9n garantiza una experiencia de vapeo fresca y emocionante en todo momento. Tanto si te apetece una explosi\u00f3n afrutada como un capricho cremoso, este dispositivo satisface tus preferencias sin esfuerzo. Con 40.000 caladas y una generosa capacidad de 30 ml de e-l\u00edquido, est\u00e1 dise\u00f1ado para proporcionar una satisfacci\u00f3n duradera sin compromisos.<\/p>\n<p>Dise\u00f1ado tanto para el rendimiento como para la comodidad, el Uwin Crystal Twins 40K est\u00e1 alimentado por una bater\u00eda de cobalto recargable de 850mAh que cuenta con un puerto Tipo-C para una carga r\u00e1pida y eficiente. Emparejado con una bobina de malla de 0,6 ohmios, garantiza una producci\u00f3n de vapor suave y consistente y una rica entrega de sabor. Disponible en potencias de nicotina 0%, 2%, 3% y 5%, este dispositivo satisface una amplia gama de preferencias, por lo que es ideal tanto para usuarios ocasionales como para vapeadores experimentados. Adem\u00e1s, con 12 tentadores sabores para elegir, hay algo para todos los paladares.<\/p>\n<p>Perfecto para compradores al por mayor, el Uwin Crystal Twins 40K se presenta en un c\u00f3modo embalaje, con 10 unidades por caja y 160 unidades por cart\u00f3n (18,5 kg por cart\u00f3n). Su combinaci\u00f3n de dise\u00f1o innovador, rendimiento de primera calidad y valor excepcional hace que sea una opci\u00f3n destacada para los minoristas y los entusiastas del vapeo por igual. Eleve su experiencia de vapeo hoy con el Uwin Crystal Twins 40K, donde los sabores duales se unen a una comodidad sin igual.<\/p>\n<h2>Uwin Crystal Twins 40K Vape Desechable Caracter\u00edsticas principales<\/h2>\n<ul>\n<li>Sistema de doble sabor: Gira la boquilla para disfrutar de dos sabores diferentes en un solo dispositivo.<\/li>\n<li>Gran cantidad de caladas: Proporciona hasta 40.000 caladas, garantizando un disfrute duradero.<\/li>\n<li>Gran capacidad de e-l\u00edquido: Equipado con una capacidad de 30 ml de e-l\u00edquido para un uso prolongado.<\/li>\n<li>Bater\u00eda recargable: Funciona con una bater\u00eda de cobalto recargable de 850 mAh con un puerto Type-C para una carga r\u00e1pida y c\u00f3moda.<\/li>\n<li>Bobina de malla avanzada: Cuenta con una bobina de malla de 0,6 ohmios para una producci\u00f3n de vapor suave y consistente.<\/li>\n<li>M\u00faltiples opciones de nicotina: Disponible en concentraciones de nicotina 0%, 2%, 3% y 5% para adaptarse a tus preferencias.<\/li>\n<li>Amplia selecci\u00f3n de sabores: Elija entre 12 excitantes sabores para adaptarse a su gusto.<\/li>\n<\/ul>\n<h2>Sabores disponibles<\/h2>\n<ul>\n<li>1.Hielo de ar\u00e1ndano\/ Hielo de melocot\u00f3n de verano<\/li>\n<li>2.Kiwi Maracuy\u00e1 Guayaba\/ Ar\u00e1ndano Frambuesa<\/li>\n<li>3.Fresa Kiwi\/ Uva Ice<\/li>\n<li>4.Kiwi Maracuy\u00e1 Guayaba\/ Dos Manzanas<\/li>\n<li>5.Fresa Sand\u00eda\/ Lim\u00f3n Lima<\/li>\n<li>6.Hielo de ar\u00e1ndano, frambuesa y cereza<\/li>\n<li>7.Fresa Frambuesa Cereza\/ Mr Blue<\/li>\n<li>8.Melocot\u00f3n Mango Pi\u00f1a\/ Red Bull<\/li>\n<li>9.Hielo de sand\u00eda\/ Mezcla de bayas<\/li>\n<li>10.Fresa Pl\u00e1tano\/ Amor 66\uff08Fruta de la Pasi\u00f3n Helado de Mel\u00f3n\uff09<\/li>\n<\/ul>\n<h2><strong>Detalles del embalaje<\/strong><\/h2>\n<ol>\n<li>10 unidades por caja<\/li>\n<li>160 unidades por caja<\/li>\n<li>Peso de la caja: 18,5 kg<\/li>\n<\/ol>\n<figure id=\"attachment_20293\" aria-describedby=\"caption-attachment-20293\" style=\"width: 800px\" class=\"wp-caption alignnone\"><img loading=\"lazy\" decoding=\"async\" class=\"size-full wp-image-20293\" title=\"Uwin Crystal Twins 40K Vape Desechable Fresa Kiwi Uva Hielo\" src=\"https:\/\/www.vape4wholesale.com\/wp-content\/uploads\/2025\/02\/Uwin-Crystal-Twins-40K-Disposable-Vape-Strawberry-Kiwi_Grape-Ice.webp\" alt=\"Uwin Crystal Twins 40K Vape Desechable Fresa Kiwi Uva Hielo\" width=\"800\" height=\"800\" srcset=\"https:\/\/www.vape4wholesale.com\/wp-content\/uploads\/2025\/02\/Uwin-Crystal-Twins-40K-Disposable-Vape-Strawberry-Kiwi_Grape-Ice.webp 800w, https:\/\/www.vape4wholesale.com\/wp-content\/uploads\/2025\/02\/Uwin-Crystal-Twins-40K-Disposable-Vape-Strawberry-Kiwi_Grape-Ice-247x247.webp 247w, https:\/\/www.vape4wholesale.com\/wp-content\/uploads\/2025\/02\/Uwin-Crystal-Twins-40K-Disposable-Vape-Strawberry-Kiwi_Grape-Ice-100x100.webp 100w, https:\/\/www.vape4wholesale.com\/wp-content\/uploads\/2025\/02\/Uwin-Crystal-Twins-40K-Disposable-Vape-Strawberry-Kiwi_Grape-Ice-510x510.webp 510w, https:\/\/www.vape4wholesale.com\/wp-content\/uploads\/2025\/02\/Uwin-Crystal-Twins-40K-Disposable-Vape-Strawberry-Kiwi_Grape-Ice-64x64.webp 64w, https:\/\/www.vape4wholesale.com\/wp-content\/uploads\/2025\/02\/Uwin-Crystal-Twins-40K-Disposable-Vape-Strawberry-Kiwi_Grape-Ice-300x300.webp 300w, https:\/\/www.vape4wholesale.com\/wp-content\/uploads\/2025\/02\/Uwin-Crystal-Twins-40K-Disposable-Vape-Strawberry-Kiwi_Grape-Ice-150x150.webp 150w, https:\/\/www.vape4wholesale.com\/wp-content\/uploads\/2025\/02\/Uwin-Crystal-Twins-40K-Disposable-Vape-Strawberry-Kiwi_Grape-Ice-768x768.webp 768w, https:\/\/www.vape4wholesale.com\/wp-content\/uploads\/2025\/02\/Uwin-Crystal-Twins-40K-Disposable-Vape-Strawberry-Kiwi_Grape-Ice-12x12.webp 12w\" sizes=\"auto, (max-width: 800px) 100vw, 800px\" \/><figcaption id=\"caption-attachment-20293\" class=\"wp-caption-text\">Uwin Crystal Twins 40K Vape Desechable al por mayor<\/figcaption><\/figure>\n<figure id=\"attachment_20294\" aria-describedby=\"caption-attachment-20294\" style=\"width: 905px\" class=\"wp-caption alignnone\"><img loading=\"lazy\" decoding=\"async\" class=\"size-large wp-image-20294\" title=\"Uwin Crystal Twins 40K Vape Desechable al por mayor\" src=\"https:\/\/www.vape4wholesale.com\/wp-content\/uploads\/2025\/02\/Uwin-Crystal-Twins-40K-Disposable-Vape-Wholesale-905x1024.webp\" alt=\"Uwin Crystal Twins 40K Vape Desechable al por mayor\" width=\"905\" height=\"1024\" srcset=\"https:\/\/www.vape4wholesale.com\/wp-content\/uploads\/2025\/02\/Uwin-Crystal-Twins-40K-Disposable-Vape-Wholesale-905x1024.webp 905w, https:\/\/www.vape4wholesale.com\/wp-content\/uploads\/2025\/02\/Uwin-Crystal-Twins-40K-Disposable-Vape-Wholesale-510x577.webp 510w, https:\/\/www.vape4wholesale.com\/wp-content\/uploads\/2025\/02\/Uwin-Crystal-Twins-40K-Disposable-Vape-Wholesale-64x72.webp 64w, https:\/\/www.vape4wholesale.com\/wp-content\/uploads\/2025\/02\/Uwin-Crystal-Twins-40K-Disposable-Vape-Wholesale-265x300.webp 265w, https:\/\/www.vape4wholesale.com\/wp-content\/uploads\/2025\/02\/Uwin-Crystal-Twins-40K-Disposable-Vape-Wholesale-768x869.webp 768w, https:\/\/www.vape4wholesale.com\/wp-content\/uploads\/2025\/02\/Uwin-Crystal-Twins-40K-Disposable-Vape-Wholesale-11x12.webp 11w, https:\/\/www.vape4wholesale.com\/wp-content\/uploads\/2025\/02\/Uwin-Crystal-Twins-40K-Disposable-Vape-Wholesale.webp 1000w\" sizes=\"auto, (max-width: 905px) 100vw, 905px\" \/><figcaption id=\"caption-attachment-20294\" class=\"wp-caption-text\">Uwin Crystal Twins 40K Vape Desechable al por mayor<\/figcaption><\/figure>\n<h2>\u00bfPOR QU\u00c9 NOSOTROS?<\/h2>\r\n<ul>\r\n<li>Fuente de vape real, fiable y profesional.<\/li>\r\n<li>100% Garant\u00eda de autenticidad: S\u00f3lo proporcionamos productos originales y genuinos, rechazamos la falsificaci\u00f3n.<\/li>\r\n<li>100% Garant\u00eda de entrega: Utilizamos el mejor m\u00e9todo de env\u00edo para asegurarnos de que recibes el pedido 100%.<\/li>\r\n<li>Le daremos el n\u00famero de seguimiento y la etiqueta de env\u00edo despu\u00e9s del env\u00edo, y realizaremos el seguimiento de la mercanc\u00eda por usted hasta que la firme.<\/li>\r\n<li>Sin problemas aduaneros ni aranceles<\/li>\r\n<\/ul>","protected":false},"excerpt":{"rendered":"<div class=\"wsppc_div_block woocommerce_before_add_to_cart_form\">\r\n<p><strong><span style=\"color: #00a859;\">Clear customs<\/span> before delivery &amp; 100% Delivery Guarantee, Delivery in 19~25 days around.\u00a0<\/strong><\/p>\r\n<\/div>","protected":false},"featured_media":20288,"comment_status":"open","ping_status":"closed","template":"","meta":[],"pwb-brand":[1274],"product_cat":[873],"product_tag":[1016,22,24,683,936],"class_list":{"0":"post-20283","1":"product","2":"type-product","3":"status-publish","4":"has-post-thumbnail","6":"pwb-brand-uwin","7":"product_cat-above-20k-puffs","8":"product_tag-40000-puffs","9":"product_tag-disposable","10":"product_tag-wholesale","11":"product_tag-30-0ml","12":"product_tag-uwin","13":"wcpa_has_options","15":"first","16":"instock","17":"featured","18":"shipping-taxable","19":"purchasable","20":"product-type-variable"},"aioseo_notices":[],"brands":[{"id":1274,"name":"Uwin","slug":"uwin"}],"_links":{"self":[{"href":"https:\/\/www.vape4wholesale.com\/es\/wp-json\/wp\/v2\/product\/20283","targetHints":{"allow":["GET"]}}],"collection":[{"href":"https:\/\/www.vape4wholesale.com\/es\/wp-json\/wp\/v2\/product"}],"about":[{"href":"https:\/\/www.vape4wholesale.com\/es\/wp-json\/wp\/v2\/types\/product"}],"replies":[{"embeddable":true,"href":"https:\/\/www.vape4wholesale.com\/es\/wp-json\/wp\/v2\/comments?post=20283"}],"wp:featuredmedia":[{"embeddable":true,"href":"https:\/\/www.vape4wholesale.com\/es\/wp-json\/wp\/v2\/media\/20288"}],"wp:attachment":[{"href":"https:\/\/www.vape4wholesale.com\/es\/wp-json\/wp\/v2\/media?parent=20283"}],"wp:term":[{"taxonomy":"pwb-brand","embeddable":true,"href":"https:\/\/www.vape4wholesale.com\/es\/wp-json\/wp\/v2\/pwb-brand?post=20283"},{"taxonomy":"product_cat","embeddable":true,"href":"https:\/\/www.vape4wholesale.com\/es\/wp-json\/wp\/v2\/product_cat?post=20283"},{"taxonomy":"product_tag","embeddable":true,"href":"https:\/\/www.vape4wholesale.com\/es\/wp-json\/wp\/v2\/product_tag?post=20283"}],"curies":[{"name":"wp","href":"https:\/\/api.w.org\/{rel}","templated":true}]}}