{"id":18888,"date":"2025-01-07T12:11:21","date_gmt":"2025-01-07T04:11:21","guid":{"rendered":"https:\/\/www.vape4wholesale.com\/?post_type=product&#038;p=18888"},"modified":"2026-04-14T15:44:39","modified_gmt":"2026-04-14T07:44:39","slug":"happ-bar-ck36000-vape-desechable-al-por-mayor","status":"publish","type":"product","link":"https:\/\/www.vape4wholesale.com\/es\/product\/happ-bar-ck36000-disposable-vape-wholesale","title":{"rendered":"Happ Bar CK36000 Vape desechable al por mayor"},"content":{"rendered":"<p>En <a title=\"Bar Happ\" href=\"https:\/\/www.vape4wholesale.com\/es\/marca_producto\/bar-feliz\/\">Bar Happ<\/a> El CK36000 es un vapeador desechable est\u00e9ticamente agradable con una forma triangular y una franja negra que va de arriba a abajo con una pantalla oculta en la secci\u00f3n central del dispositivo, lo que le da un aspecto distintivo.<\/p>\n<p>Viene con una bater\u00eda recargable de 650mAh tambi\u00e9n con una vaina de gran tama\u00f1o de 40ml permite que este dispositivo soporte hasta 36.000 caladas.<\/p>\n<p>Est\u00e1 disponible en potencias de nicotina 2% y 5%, y hay 13 sabores diferentes para elegir.<\/p>\n<h2>Happ Bar CK36000 Detalle r\u00e1pido<\/h2>\n<ul>\n<li>Puffs: Hasta 36.000<\/li>\n<li>Fuerza de la nicotina: 2%, 5%<\/li>\n<li>Capacidad de la bater\u00eda: 650 mAh<\/li>\n<li>Puerto de carga: Typpe C<\/li>\n<li>Resistencia: 1,0 ohm<\/li>\n<li>Capacidad del eliquid: 40 ml<\/li>\n<\/ul>\n<h2>Sabores disponibles<\/h2>\n<ol>\n<li>Cereza helada<\/li>\n<li>Cola Ice<\/li>\n<li>Lim\u00f3n Lima<\/li>\n<li>Amor 66<\/li>\n<li>Mamba<\/li>\n<li>Sr. Azul<\/li>\n<li>Melocot\u00f3n helado<\/li>\n<li>Manzana \u00e1cida<\/li>\n<li>Fresa Pl\u00e1tano<\/li>\n<li>Fresa helada<\/li>\n<li>Fresa Kiwi<\/li>\n<li>Coca-Cola de fresa y vainilla<\/li>\n<li>Hielo de sand\u00eda<\/li>\n<li>Kiwi Maracuy\u00e1<\/li>\n<li>Ar\u00e1ndano Grosella<\/li>\n<li>Melocot\u00f3n Ar\u00e1ndano<\/li>\n<\/ol>\n<figure id=\"attachment_18791\" aria-describedby=\"caption-attachment-18791\" style=\"width: 800px\" class=\"wp-caption alignnone\"><img loading=\"lazy\" decoding=\"async\" class=\"wp-image-18791 size-full\" title=\"Happ Bar CK36000 Vape desechable al por mayor\" src=\"https:\/\/www.vape4wholesale.com\/wp-content\/uploads\/2025\/01\/Happ-Bar-CK36000-Disposable-Vape-Wholesale.webp\" alt=\"Happ Bar CK36000 Vape desechable al por mayor\" width=\"800\" height=\"800\" srcset=\"https:\/\/www.vape4wholesale.com\/wp-content\/uploads\/2025\/01\/Happ-Bar-CK36000-Disposable-Vape-Wholesale.webp 800w, https:\/\/www.vape4wholesale.com\/wp-content\/uploads\/2025\/01\/Happ-Bar-CK36000-Disposable-Vape-Wholesale-247x247.webp 247w, https:\/\/www.vape4wholesale.com\/wp-content\/uploads\/2025\/01\/Happ-Bar-CK36000-Disposable-Vape-Wholesale-100x100.webp 100w, https:\/\/www.vape4wholesale.com\/wp-content\/uploads\/2025\/01\/Happ-Bar-CK36000-Disposable-Vape-Wholesale-510x510.webp 510w, https:\/\/www.vape4wholesale.com\/wp-content\/uploads\/2025\/01\/Happ-Bar-CK36000-Disposable-Vape-Wholesale-64x64.webp 64w, https:\/\/www.vape4wholesale.com\/wp-content\/uploads\/2025\/01\/Happ-Bar-CK36000-Disposable-Vape-Wholesale-300x300.webp 300w, https:\/\/www.vape4wholesale.com\/wp-content\/uploads\/2025\/01\/Happ-Bar-CK36000-Disposable-Vape-Wholesale-150x150.webp 150w, https:\/\/www.vape4wholesale.com\/wp-content\/uploads\/2025\/01\/Happ-Bar-CK36000-Disposable-Vape-Wholesale-768x768.webp 768w, https:\/\/www.vape4wholesale.com\/wp-content\/uploads\/2025\/01\/Happ-Bar-CK36000-Disposable-Vape-Wholesale-12x12.webp 12w\" sizes=\"auto, (max-width: 800px) 100vw, 800px\" \/><figcaption id=\"caption-attachment-18791\" class=\"wp-caption-text\">Happ Bar CK36000 Vape desechable al por mayor<\/figcaption><\/figure>\n<h2>\u00bfPOR QU\u00c9 NOSOTROS?<\/h2>\r\n<ul>\r\n<li>Fuente de vape real, fiable y profesional.<\/li>\r\n<li>100% Garant\u00eda de autenticidad: S\u00f3lo proporcionamos productos originales y genuinos, rechazamos la falsificaci\u00f3n.<\/li>\r\n<li>100% Garant\u00eda de entrega: Utilizamos el mejor m\u00e9todo de env\u00edo para asegurarnos de que recibes el pedido 100%.<\/li>\r\n<li>Le daremos el n\u00famero de seguimiento y la etiqueta de env\u00edo despu\u00e9s del env\u00edo, y realizaremos el seguimiento de la mercanc\u00eda por usted hasta que la firme.<\/li>\r\n<li>Sin problemas aduaneros ni aranceles<\/li>\r\n<\/ul>","protected":false},"excerpt":{"rendered":"<p><span style=\"color: #00a859;\"><strong>Este producto se ha actualizado a 40K Puffs y ha pasado a llamarse CK40000. si compra a trav\u00e9s de este enlace, le enviaremos la \u00faltima versi\u00f3n 40K<\/strong><\/span><\/p>\n<p><b><span style=\"color: #00a859;\">Env\u00edo gratis<\/span>\u00a0desde el almac\u00e9n de Europa, tiempo de entrega de 7 a 15 d\u00edas h\u00e1biles.<\/b><\/p>\r\n<div class=\"wsppc_div_block woocommerce_before_add_to_cart_form\">\r\n<p><strong>Despacho de aduanas antes de la entrega y 100% Garant\u00eda de entrega<\/strong><\/p>\r\n<\/div>","protected":false},"featured_media":18796,"comment_status":"open","ping_status":"closed","template":"","meta":[],"pwb-brand":[1267],"product_cat":[938],"product_tag":[22,24,988,1026,1035],"class_list":{"0":"post-18888","1":"product","2":"type-product","3":"status-publish","4":"has-post-thumbnail","6":"pwb-brand-happ-bar","7":"product_cat-europe-warehouse","8":"product_tag-disposable","9":"product_tag-wholesale","10":"product_tag-36000-puffs","11":"product_tag-40-0ml","12":"product_tag-happ-bar","13":"product_shipping_class-eu-warehouse","14":"wcpa_has_options","16":"first","17":"instock","18":"featured","19":"shipping-taxable","20":"purchasable","21":"product-type-variable"},"aioseo_notices":[],"brands":[{"id":1267,"name":"Bar Happ","slug":"bar-feliz"}],"_links":{"self":[{"href":"https:\/\/www.vape4wholesale.com\/es\/wp-json\/wp\/v2\/product\/18888","targetHints":{"allow":["GET"]}}],"collection":[{"href":"https:\/\/www.vape4wholesale.com\/es\/wp-json\/wp\/v2\/product"}],"about":[{"href":"https:\/\/www.vape4wholesale.com\/es\/wp-json\/wp\/v2\/types\/product"}],"replies":[{"embeddable":true,"href":"https:\/\/www.vape4wholesale.com\/es\/wp-json\/wp\/v2\/comments?post=18888"}],"wp:featuredmedia":[{"embeddable":true,"href":"https:\/\/www.vape4wholesale.com\/es\/wp-json\/wp\/v2\/media\/18796"}],"wp:attachment":[{"href":"https:\/\/www.vape4wholesale.com\/es\/wp-json\/wp\/v2\/media?parent=18888"}],"wp:term":[{"taxonomy":"pwb-brand","embeddable":true,"href":"https:\/\/www.vape4wholesale.com\/es\/wp-json\/wp\/v2\/pwb-brand?post=18888"},{"taxonomy":"product_cat","embeddable":true,"href":"https:\/\/www.vape4wholesale.com\/es\/wp-json\/wp\/v2\/product_cat?post=18888"},{"taxonomy":"product_tag","embeddable":true,"href":"https:\/\/www.vape4wholesale.com\/es\/wp-json\/wp\/v2\/product_tag?post=18888"}],"curies":[{"name":"wp","href":"https:\/\/api.w.org\/{rel}","templated":true}]}}