{"id":18581,"date":"2024-12-23T12:29:39","date_gmt":"2024-12-23T04:29:39","guid":{"rendered":"https:\/\/www.vape4wholesale.com\/?post_type=product&#038;p=18581"},"modified":"2026-01-26T13:39:48","modified_gmt":"2026-01-26T13:39:48","slug":"zzooy-firzen-35000-puffs-vape-desechable-al-por-mayor","status":"publish","type":"product","link":"https:\/\/www.vape4wholesale.com\/es\/product\/zzooy-firzen-35000-puffs-disposable-vape-wholesale","title":{"rendered":"Zooy Firzen 35000 Puffs Vape Desechable al por mayor"},"content":{"rendered":"<p>el <a title=\"Zooy\" href=\"https:\/\/www.vape4wholesale.com\/es\/marca_producto\/zooy\/\"><strong>Zooy<\/strong><\/a> Firzen 35000 con ajuste de frescor y nicotina con tres niveles. construido con 30ml ejuice pod y bater\u00eda recargable de 650mah le permite soportar hasta 35.000 caladas.<\/p>\n<p>El Zooy Firzen est\u00e1 hecho de metal y su apariencia plana hace que se destaque, vaping mientras que la parte inferior muestra diferentes colores, con una luz roja que se enciende para indicar que est\u00e1 en un ajuste de bajo fr\u00edo y baja nicotina. La luz verde se enciende para indicar que est\u00e1s utilizando el ajuste de fr\u00edo medio, nicotina media. La luz azul indica que est\u00e1s utilizando el ajuste de fr\u00edo alto, nicotina alta.<\/p>\n<p>\u00bfC\u00f3mo cambiar la configuraci\u00f3n de Zooy Firezen? Es bastante f\u00e1cil, basta con hacer clic dos veces para cambiar al siguiente nivel.<\/p>\n<h2>Zooy Firzen 35000 Vape Desechable Detalles R\u00e1pidos<\/h2>\n<ul>\n<li>Apoyo a Puffs: 35,000<\/li>\n<li>Funci\u00f3n principal: frescor y control de la nicotina<\/li>\n<li>Eliquid: 30 ml<\/li>\n<li>Capacidad de la bater\u00eda: 650mah<\/li>\n<li>Peso corporal: 90 g<\/li>\n<li>Tama\u00f1o del cuerpo: 103,5*45*21 mm<\/li>\n<li>Bobina de malla doble de 1,0+1,0 ohmios<\/li>\n<li>Luz LGB de 3 colores<\/li>\n<li>TIPO-C Recargable<\/li>\n<\/ul>\n<h2>Sabores disponibles<\/h2>\n<ul>\n<li>01. Hielo de sand\u00eda<\/li>\n<li>02. Aloe Uva<\/li>\n<li>03. Strawberry Banana<\/li>\n<li>04. Fresa Frambuesa Kiwi<\/li>\n<li>05. Blueberry Raspberry Lemonade<\/li>\n<li>06. Pi\u00f1a Coco<\/li>\n<li>07. Mentol<\/li>\n<li>08. Strawberry Watermelon<\/li>\n<li>09. Mixed Berry<\/li>\n<li>10. Zarzamora Ar\u00e1ndano<\/li>\n<\/ul>\n<h2>Detalles del embalaje<\/h2>\n<ul>\n<li>1ud\/Caja individual<\/li>\n<li>10 unidades\/Caja expositora<\/li>\n<li>200 uds\/Cart\u00f3n<\/li>\n<li>20 kg\/caja<\/li>\n<\/ul>\n<figure id=\"attachment_18582\" aria-describedby=\"caption-attachment-18582\" style=\"width: 800px\" class=\"wp-caption alignnone\"><img loading=\"lazy\" decoding=\"async\" class=\"size-full wp-image-18582\" title=\"Zooy Firzen 35000 Puffs Vape Desechable al por mayor\" src=\"https:\/\/www.vape4wholesale.com\/wp-content\/uploads\/2024\/12\/Zooy-Firzen-35000-Puffs-Disposable-Vape-Wholesale.webp\" alt=\"Zooy Firzen 35000 Puffs Vape Desechable al por mayor\" width=\"800\" height=\"800\" srcset=\"https:\/\/www.vape4wholesale.com\/wp-content\/uploads\/2024\/12\/Zooy-Firzen-35000-Puffs-Disposable-Vape-Wholesale.webp 800w, https:\/\/www.vape4wholesale.com\/wp-content\/uploads\/2024\/12\/Zooy-Firzen-35000-Puffs-Disposable-Vape-Wholesale-247x247.webp 247w, https:\/\/www.vape4wholesale.com\/wp-content\/uploads\/2024\/12\/Zooy-Firzen-35000-Puffs-Disposable-Vape-Wholesale-100x100.webp 100w, https:\/\/www.vape4wholesale.com\/wp-content\/uploads\/2024\/12\/Zooy-Firzen-35000-Puffs-Disposable-Vape-Wholesale-510x510.webp 510w, https:\/\/www.vape4wholesale.com\/wp-content\/uploads\/2024\/12\/Zooy-Firzen-35000-Puffs-Disposable-Vape-Wholesale-64x64.webp 64w, https:\/\/www.vape4wholesale.com\/wp-content\/uploads\/2024\/12\/Zooy-Firzen-35000-Puffs-Disposable-Vape-Wholesale-300x300.webp 300w, https:\/\/www.vape4wholesale.com\/wp-content\/uploads\/2024\/12\/Zooy-Firzen-35000-Puffs-Disposable-Vape-Wholesale-150x150.webp 150w, https:\/\/www.vape4wholesale.com\/wp-content\/uploads\/2024\/12\/Zooy-Firzen-35000-Puffs-Disposable-Vape-Wholesale-768x768.webp 768w, https:\/\/www.vape4wholesale.com\/wp-content\/uploads\/2024\/12\/Zooy-Firzen-35000-Puffs-Disposable-Vape-Wholesale-12x12.webp 12w\" sizes=\"auto, (max-width: 800px) 100vw, 800px\" \/><figcaption id=\"caption-attachment-18582\" class=\"wp-caption-text\">Zooy Firzen 35000 Puffs Vape Desechable al por mayor<\/figcaption><\/figure>\n<figure id=\"attachment_18583\" aria-describedby=\"caption-attachment-18583\" style=\"width: 800px\" class=\"wp-caption alignnone\"><img loading=\"lazy\" decoding=\"async\" class=\"wp-image-18583 size-full\" title=\"Zooy Firzen 35000 Puffs Desechables Vape Mayorista Display Box\" src=\"https:\/\/www.vape4wholesale.com\/wp-content\/uploads\/2024\/12\/Zooy-Firzen-35000-Puffs-Disposable-Vape-Wholesale-Display-Box.webp\" alt=\"Zooy Firzen 35000 Puffs Desechables Vape Mayorista Display Box\" width=\"800\" height=\"800\" srcset=\"https:\/\/www.vape4wholesale.com\/wp-content\/uploads\/2024\/12\/Zooy-Firzen-35000-Puffs-Disposable-Vape-Wholesale-Display-Box.webp 800w, https:\/\/www.vape4wholesale.com\/wp-content\/uploads\/2024\/12\/Zooy-Firzen-35000-Puffs-Disposable-Vape-Wholesale-Display-Box-247x247.webp 247w, https:\/\/www.vape4wholesale.com\/wp-content\/uploads\/2024\/12\/Zooy-Firzen-35000-Puffs-Disposable-Vape-Wholesale-Display-Box-100x100.webp 100w, https:\/\/www.vape4wholesale.com\/wp-content\/uploads\/2024\/12\/Zooy-Firzen-35000-Puffs-Disposable-Vape-Wholesale-Display-Box-510x510.webp 510w, https:\/\/www.vape4wholesale.com\/wp-content\/uploads\/2024\/12\/Zooy-Firzen-35000-Puffs-Disposable-Vape-Wholesale-Display-Box-64x64.webp 64w, https:\/\/www.vape4wholesale.com\/wp-content\/uploads\/2024\/12\/Zooy-Firzen-35000-Puffs-Disposable-Vape-Wholesale-Display-Box-300x300.webp 300w, https:\/\/www.vape4wholesale.com\/wp-content\/uploads\/2024\/12\/Zooy-Firzen-35000-Puffs-Disposable-Vape-Wholesale-Display-Box-150x150.webp 150w, https:\/\/www.vape4wholesale.com\/wp-content\/uploads\/2024\/12\/Zooy-Firzen-35000-Puffs-Disposable-Vape-Wholesale-Display-Box-768x768.webp 768w, https:\/\/www.vape4wholesale.com\/wp-content\/uploads\/2024\/12\/Zooy-Firzen-35000-Puffs-Disposable-Vape-Wholesale-Display-Box-12x12.webp 12w\" sizes=\"auto, (max-width: 800px) 100vw, 800px\" \/><figcaption id=\"caption-attachment-18583\" class=\"wp-caption-text\">Zooy Firzen 35000 Puffs Desechables Vape Mayorista Display Box<\/figcaption><\/figure>\n<h2>\u00bfPOR QU\u00c9 NOSOTROS?<\/h2>\r\n<ul>\r\n<li>Fuente de vape real, fiable y profesional.<\/li>\r\n<li>100% Garant\u00eda de autenticidad: S\u00f3lo proporcionamos productos originales y genuinos, rechazamos la falsificaci\u00f3n.<\/li>\r\n<li>100% Garant\u00eda de entrega: Utilizamos el mejor m\u00e9todo de env\u00edo para asegurarnos de que recibes el pedido 100%.<\/li>\r\n<li>Le daremos el n\u00famero de seguimiento y la etiqueta de env\u00edo despu\u00e9s del env\u00edo, y realizaremos el seguimiento de la mercanc\u00eda por usted hasta que la firme.<\/li>\r\n<li>Sin problemas aduaneros ni aranceles<\/li>\r\n<\/ul>","protected":false},"excerpt":{"rendered":"<div class=\"wsppc_div_block woocommerce_before_add_to_cart_form\">\r\n<p><strong><span style=\"color: #00a859;\">Pasar por la aduana<\/span> antes de la entrega y 100% Garant\u00eda de entrega, Entrega en 19~25 d\u00edas aproximadamente.\u00a0<\/strong><\/p>\r\n<\/div>","protected":false},"featured_media":18582,"comment_status":"open","ping_status":"closed","template":"","meta":[],"pwb-brand":[1273],"product_cat":[873],"product_tag":[22,24,1022,1023,1024],"class_list":{"0":"post-18581","1":"product","2":"type-product","3":"status-publish","4":"has-post-thumbnail","6":"pwb-brand-zooy","7":"product_cat-above-20k-puffs","8":"product_tag-disposable","9":"product_tag-wholesale","10":"product_tag-zooy","11":"product_tag-35000-puffs","12":"product_tag-30-ml","13":"wcpa_has_options","15":"first","16":"instock","17":"shipping-taxable","18":"purchasable","19":"product-type-variable"},"aioseo_notices":[],"brands":[{"id":1273,"name":"Zooy","slug":"zooy"}],"_links":{"self":[{"href":"https:\/\/www.vape4wholesale.com\/es\/wp-json\/wp\/v2\/product\/18581","targetHints":{"allow":["GET"]}}],"collection":[{"href":"https:\/\/www.vape4wholesale.com\/es\/wp-json\/wp\/v2\/product"}],"about":[{"href":"https:\/\/www.vape4wholesale.com\/es\/wp-json\/wp\/v2\/types\/product"}],"replies":[{"embeddable":true,"href":"https:\/\/www.vape4wholesale.com\/es\/wp-json\/wp\/v2\/comments?post=18581"}],"wp:featuredmedia":[{"embeddable":true,"href":"https:\/\/www.vape4wholesale.com\/es\/wp-json\/wp\/v2\/media\/18582"}],"wp:attachment":[{"href":"https:\/\/www.vape4wholesale.com\/es\/wp-json\/wp\/v2\/media?parent=18581"}],"wp:term":[{"taxonomy":"pwb-brand","embeddable":true,"href":"https:\/\/www.vape4wholesale.com\/es\/wp-json\/wp\/v2\/pwb-brand?post=18581"},{"taxonomy":"product_cat","embeddable":true,"href":"https:\/\/www.vape4wholesale.com\/es\/wp-json\/wp\/v2\/product_cat?post=18581"},{"taxonomy":"product_tag","embeddable":true,"href":"https:\/\/www.vape4wholesale.com\/es\/wp-json\/wp\/v2\/product_tag?post=18581"}],"curies":[{"name":"wp","href":"https:\/\/api.w.org\/{rel}","templated":true}]}}