{"id":18528,"date":"2024-12-22T15:16:59","date_gmt":"2024-12-22T07:16:59","guid":{"rendered":"https:\/\/www.vape4wholesale.com\/?post_type=product&#038;p=18528"},"modified":"2026-01-27T13:55:14","modified_gmt":"2026-01-27T13:55:14","slug":"waspe-fihp-30000-30k-bocanadas-vape-desechable-al-por-mayor-2","status":"publish","type":"product","link":"https:\/\/www.vape4wholesale.com\/es\/product\/waspe-fihp-30000-30k-puffs-disposable-vape-wholesale","title":{"rendered":"WASPE FIHP 30000 30K Puffs Vape Desechable al por mayor"},"content":{"rendered":"<p>En <strong><a title=\"WASPE\" href=\"https:\/\/www.vape4wholesale.com\/es\/marca_producto\/waspe\/\">WASPE<\/a> FIHP 30000 30K<\/strong> Puffs Disposable Vape est\u00e1 dise\u00f1ado para los vapeadores que buscan calidad y longevidad. Este innovador dispositivo ofrece una impresionante 30.000 caladas en modo normal y 15.000 caladas en modo de pulso, lo que garantiza una experiencia de vapeo de larga duraci\u00f3n sin necesidad de reemplazo frecuente.<\/p>\n<p>El WASPE FIHP 30K tiene una impresionante capacidad de 28 ml de e-l\u00edquido y ofrece opciones flexibles de nicotina de 0%, 2% y 5% para adaptarse a todas las preferencias. Su sistema de doble bobina de malla (1ohm + 1ohm) mejora la intensidad del sabor y la producci\u00f3n de vapor para una inhalaci\u00f3n satisfactoria en todo momento.<\/p>\n<p>El dispositivo cuenta con una bater\u00eda recargable de 850mAh que se puede cargar a trav\u00e9s del puerto Type-C para un encendido r\u00e1pido y eficiente. El flujo de aire ajustable facilita la personalizaci\u00f3n para adaptarse a tu estilo de vapeo. Adem\u00e1s, la pantalla LED integrada facilita el seguimiento de tus estad\u00edsticas de vapeo y el dise\u00f1o compacto garantiza la portabilidad.<\/p>\n<p>Este dispositivo tambi\u00e9n se llama WASPE FX 30000 BOX,WASPE FW 30000 BOX y WASPE FIHP 30K<\/p>\n<h2>WASPE FIHP 30000 30K Puffs Vape Desechable Quick Details<strong><br \/>\n<\/strong><\/h2>\n<ul>\n<li>Modo Regular: 30000 Puffs<\/li>\n<li>Modo Pulso: 15000 Puffs<\/li>\n<li>Bobina Dual Mesh: 1ohm+1ohm<\/li>\n<li>E-l\u00edquido:28ml<\/li>\n<li>Nicotine:0%\/2%\/5%<\/li>\n<li>Bater\u00eda:850mah<\/li>\n<li>Flujo de aire ajustable<\/li>\n<li>Recargable:Tipo-C<\/li>\n<li>Pantalla LED<\/li>\n<\/ul>\n<h2>Sabores disponibles<\/h2>\n<ul>\n<li>01. Strawberry Mango<\/li>\n<li>02. Mixed Berry<\/li>\n<li>03. Hielo de sand\u00eda<\/li>\n<li>04. Strawberry Watermelon<\/li>\n<li>05. Strawberry Red Bull<\/li>\n<li>06. Kiwi Maracuy\u00e1 Guayaba<\/li>\n<li>07. Hielo de uva<\/li>\n<li>08. Double Apple Ice<\/li>\n<li>09. Blueberry Raspberry<\/li>\n<li>10. Sand\u00eda Mango Melocot\u00f3n<\/li>\n<li>11. Hielo de ar\u00e1ndanos<\/li>\n<li>12. Melocot\u00f3n baya<\/li>\n<li>13. Fresa kiwi<\/li>\n<li>14. Hielo de cereza<\/li>\n<li>15. Fresa Frambuesa Cereza<\/li>\n<li>16. Sand\u00eda Chicle<\/li>\n<\/ul>\n<h2>Detalles de Pakcing<\/h2>\n<ul>\n<li>Peso del producto: 107 g\/unidad<\/li>\n<li>Tama\u00f1o del producto: 61*31*115 mm<\/li>\n<li>Tama\u00f1o de la caja: 650*330*240 mm<\/li>\n<li>CANT.: 200 uds.\/ctn, 10 uds.\/caja<\/li>\n<li>G.W.: 23kg<\/li>\n<\/ul>\n<figure id=\"attachment_18529\" aria-describedby=\"caption-attachment-18529\" style=\"width: 800px\" class=\"wp-caption alignnone\"><img loading=\"lazy\" decoding=\"async\" class=\"size-full wp-image-18529\" title=\"WASPE FIHP 30000 30K Puffs Vape Desechable al por mayor\" src=\"https:\/\/www.vape4wholesale.com\/wp-content\/uploads\/2024\/12\/WASPE-FIHP-30000-30K-Puffs-Disposable-Vape-Wholesale.webp\" alt=\"WASPE FIHP 30000 30K Puffs Vape Desechable al por mayor\" width=\"800\" height=\"800\" srcset=\"https:\/\/www.vape4wholesale.com\/wp-content\/uploads\/2024\/12\/WASPE-FIHP-30000-30K-Puffs-Disposable-Vape-Wholesale.webp 800w, https:\/\/www.vape4wholesale.com\/wp-content\/uploads\/2024\/12\/WASPE-FIHP-30000-30K-Puffs-Disposable-Vape-Wholesale-247x247.webp 247w, https:\/\/www.vape4wholesale.com\/wp-content\/uploads\/2024\/12\/WASPE-FIHP-30000-30K-Puffs-Disposable-Vape-Wholesale-100x100.webp 100w, https:\/\/www.vape4wholesale.com\/wp-content\/uploads\/2024\/12\/WASPE-FIHP-30000-30K-Puffs-Disposable-Vape-Wholesale-510x510.webp 510w\" sizes=\"auto, (max-width: 800px) 100vw, 800px\" \/><figcaption id=\"caption-attachment-18529\" class=\"wp-caption-text\">WASPE FIHP 30000 30K Puffs Vape Desechable al por mayor<\/figcaption><\/figure>\n<figure id=\"attachment_18531\" aria-describedby=\"caption-attachment-18531\" style=\"width: 800px\" class=\"wp-caption alignnone\"><img loading=\"lazy\" decoding=\"async\" class=\"size-full wp-image-18531\" title=\"WASPE FIHP 30000 30K Puffs Vape desechable al por mayor 3\" src=\"https:\/\/www.vape4wholesale.com\/wp-content\/uploads\/2024\/12\/WASPE-FIHP-30000-30K-Puffs-Disposable-Vape-Wholesale-3.webp\" alt=\"WASPE FIHP 30000 30K Puffs Vape desechable al por mayor 3\" width=\"800\" height=\"800\" srcset=\"https:\/\/www.vape4wholesale.com\/wp-content\/uploads\/2024\/12\/WASPE-FIHP-30000-30K-Puffs-Disposable-Vape-Wholesale-3.webp 800w, https:\/\/www.vape4wholesale.com\/wp-content\/uploads\/2024\/12\/WASPE-FIHP-30000-30K-Puffs-Disposable-Vape-Wholesale-3-247x247.webp 247w, https:\/\/www.vape4wholesale.com\/wp-content\/uploads\/2024\/12\/WASPE-FIHP-30000-30K-Puffs-Disposable-Vape-Wholesale-3-100x100.webp 100w, https:\/\/www.vape4wholesale.com\/wp-content\/uploads\/2024\/12\/WASPE-FIHP-30000-30K-Puffs-Disposable-Vape-Wholesale-3-510x510.webp 510w, https:\/\/www.vape4wholesale.com\/wp-content\/uploads\/2024\/12\/WASPE-FIHP-30000-30K-Puffs-Disposable-Vape-Wholesale-3-64x64.webp 64w, https:\/\/www.vape4wholesale.com\/wp-content\/uploads\/2024\/12\/WASPE-FIHP-30000-30K-Puffs-Disposable-Vape-Wholesale-3-300x300.webp 300w, https:\/\/www.vape4wholesale.com\/wp-content\/uploads\/2024\/12\/WASPE-FIHP-30000-30K-Puffs-Disposable-Vape-Wholesale-3-150x150.webp 150w, https:\/\/www.vape4wholesale.com\/wp-content\/uploads\/2024\/12\/WASPE-FIHP-30000-30K-Puffs-Disposable-Vape-Wholesale-3-768x768.webp 768w, https:\/\/www.vape4wholesale.com\/wp-content\/uploads\/2024\/12\/WASPE-FIHP-30000-30K-Puffs-Disposable-Vape-Wholesale-3-12x12.webp 12w\" sizes=\"auto, (max-width: 800px) 100vw, 800px\" \/><figcaption id=\"caption-attachment-18531\" class=\"wp-caption-text\">WASPE FIHP 30000 30K Puffs Envase Vape Desechable<\/figcaption><\/figure>\n<h2>\u00bfPOR QU\u00c9 NOSOTROS?<\/h2>\r\n<ul>\r\n<li>Fuente de vape real, fiable y profesional.<\/li>\r\n<li>100% Garant\u00eda de autenticidad: S\u00f3lo proporcionamos productos originales y genuinos, rechazamos la falsificaci\u00f3n.<\/li>\r\n<li>100% Garant\u00eda de entrega: Utilizamos el mejor m\u00e9todo de env\u00edo para asegurarnos de que recibes el pedido 100%.<\/li>\r\n<li>Le daremos el n\u00famero de seguimiento y la etiqueta de env\u00edo despu\u00e9s del env\u00edo, y realizaremos el seguimiento de la mercanc\u00eda por usted hasta que la firme.<\/li>\r\n<li>Sin problemas aduaneros ni aranceles<\/li>\r\n<\/ul>","protected":false},"excerpt":{"rendered":"<div class=\"wsppc_div_block woocommerce_before_add_to_cart_form\">\r\n<p><strong><span style=\"color: #00a859;\">Pasar por la aduana<\/span> antes de la entrega y 100% Garant\u00eda de entrega, Entrega en 19~25 d\u00edas aproximadamente.\u00a0<\/strong><\/p>\r\n<\/div>","protected":false},"featured_media":18529,"comment_status":"open","ping_status":"closed","template":"","meta":[],"pwb-brand":[1272],"product_cat":[873],"product_tag":[22,24,793,850,999],"class_list":{"0":"post-18528","1":"product","2":"type-product","3":"status-publish","4":"has-post-thumbnail","6":"pwb-brand-waspe","7":"product_cat-above-20k-puffs","8":"product_tag-disposable","9":"product_tag-wholesale","10":"product_tag-28-0ml","11":"product_tag-30000-puffs","12":"product_tag-waspe","13":"wcpa_has_options","15":"first","16":"outofstock","17":"shipping-taxable","18":"purchasable","19":"product-type-variable"},"aioseo_notices":[],"brands":[{"id":1272,"name":"Waspe","slug":"waspe"}],"_links":{"self":[{"href":"https:\/\/www.vape4wholesale.com\/es\/wp-json\/wp\/v2\/product\/18528","targetHints":{"allow":["GET"]}}],"collection":[{"href":"https:\/\/www.vape4wholesale.com\/es\/wp-json\/wp\/v2\/product"}],"about":[{"href":"https:\/\/www.vape4wholesale.com\/es\/wp-json\/wp\/v2\/types\/product"}],"replies":[{"embeddable":true,"href":"https:\/\/www.vape4wholesale.com\/es\/wp-json\/wp\/v2\/comments?post=18528"}],"wp:featuredmedia":[{"embeddable":true,"href":"https:\/\/www.vape4wholesale.com\/es\/wp-json\/wp\/v2\/media\/18529"}],"wp:attachment":[{"href":"https:\/\/www.vape4wholesale.com\/es\/wp-json\/wp\/v2\/media?parent=18528"}],"wp:term":[{"taxonomy":"pwb-brand","embeddable":true,"href":"https:\/\/www.vape4wholesale.com\/es\/wp-json\/wp\/v2\/pwb-brand?post=18528"},{"taxonomy":"product_cat","embeddable":true,"href":"https:\/\/www.vape4wholesale.com\/es\/wp-json\/wp\/v2\/product_cat?post=18528"},{"taxonomy":"product_tag","embeddable":true,"href":"https:\/\/www.vape4wholesale.com\/es\/wp-json\/wp\/v2\/product_tag?post=18528"}],"curies":[{"name":"wp","href":"https:\/\/api.w.org\/{rel}","templated":true}]}}