{"id":18489,"date":"2024-12-22T14:17:51","date_gmt":"2024-12-22T06:17:51","guid":{"rendered":"https:\/\/www.vape4wholesale.com\/?post_type=product&#038;p=18489"},"modified":"2026-03-30T11:16:09","modified_gmt":"2026-03-30T03:16:09","slug":"waspe-fihp-40000-puffs-40k-vape-desechable-al-por-mayor","status":"publish","type":"product","link":"https:\/\/www.vape4wholesale.com\/es\/producto\/waspe-fihp-40000-puffs-40k-vape-desechable-al-por-mayor","title":{"rendered":"Waspe FIHP 40000 Puffs 40K Vape desechable al por mayor"},"content":{"rendered":"<p>En <strong><a title=\"WASPE\" href=\"https:\/\/www.vape4wholesale.com\/es\/marca_producto\/waspe\/\">WASPE<\/a> FIHP 40000 40K Puffs<\/strong> El Vape Desechable es un dispositivo de vapeo de vanguardia dise\u00f1ado para aquellos que buscan innovaci\u00f3n y un rendimiento superior. Ofrece hasta 40.000 caladas, proporcionando un uso duradero y una satisfacci\u00f3n constante con cada calada. Viene con 2 vainas de diferentes sabores para que pueda disfrutar de 2 sabores diferentes en cualquier momento, mientras que la posesi\u00f3n de un dispositivo de vapeo. Simplemente saque la boquilla y g\u00edrela y podr\u00e1 disfrutar al instante de otro sabor.<\/p>\n<p>El WASPE FIHP 40000 40K Puffs cuenta con bobinas duales de malla de 0.9ohm para asegurar una producci\u00f3n de vapor suave y sabrosa, proporcionando un rico sabor y una satisfactoria sensaci\u00f3n en la garganta. Las bobinas duales aseguran que cada bocanada es completa y sabrosa, mejorando su experiencia vaping.<\/p>\n<p>La capacidad de 36mL de e-l\u00edquido garantiza largas sesiones de vapeo, minimizando la necesidad de recargas frecuentes, mientras que la bater\u00eda recargable de 850mAh proporciona mucha energ\u00eda para un uso prolongado. Con la carga r\u00e1pida Type-C, la carga es r\u00e1pida y sencilla.<\/p>\n<p>La pantalla LED inteligente le ofrece actualizaciones instant\u00e1neas sobre la duraci\u00f3n de la bater\u00eda y los niveles de e-l\u00edquido, para que pueda estar al tanto del estado de su dispositivo. La funci\u00f3n Dual Flavor Experience te permite cambiar entre dos sabores diferentes para disfrutar de una experiencia de vapeo personalizada con infinitas posibilidades.<\/p>\n<p>WASPE FIHP 40000 40K Puffs est\u00e1n disponibles en concentraciones de nicotina 0%, 2% y 5%, proporcionando flexibilidad tanto para vapeadores ocasionales como experimentados. Con 16 sabores diferentes para elegir, tendr\u00e1s un mont\u00f3n de opciones para satisfacer tus preferencias de sabor.<\/p>\n<h2>VASPE FIHP 40000 40K Vape desechable Quick Details<\/h2>\n<ul>\n<li>Vainas duales, sabores duales<\/li>\n<li>Intensidad de la nicotina: 0%\/2%\/5%<\/li>\n<li>Puffs Deliers: 40000 Puffs<\/li>\n<li>Capacidad de E-l\u00edquido: 36 ml<\/li>\n<li>Doble bobina de malla de 0,9 ohmios para unas caladas suaves y sabrosas<\/li>\n<li>Recargable Tipo-C para carga r\u00e1pida<\/li>\n<li>Bater\u00eda recargable de 850 mAh<\/li>\n<li>La pantalla LED inteligente muestra la duraci\u00f3n de la bater\u00eda y los niveles de e-l\u00edquido<\/li>\n<li>16 sabores a elegir<\/li>\n<\/ul>\n<h2>Sabores disponibles<\/h2>\n<ul>\n<li>01. Hielo de sand\u00eda y lima lim\u00f3n<\/li>\n<li>02. Fizzy Cherry Ice &amp; Blueberry Cotton Candy<\/li>\n<li>03. Fresa Sand\u00eda y Ar\u00e1ndano Frambuesa<\/li>\n<li>04. Red Bull Ice &amp; Strawberry Mango<\/li>\n<li>05. Peach Ice &amp; Pineapple Mango Peach<\/li>\n<li>06. Uva Ice &amp; Fresa Kiwi<\/li>\n<li>07. Mixed Berries &amp; Double Apple Ice<\/li>\n<li>08. Blue Razz Lemonade &amp; Watermelon Bubblegum<\/li>\n<li>09. Fresa Frambuesa Cereza y Amor 666<\/li>\n<li>10. Helado de fresa, pl\u00e1tano y pi\u00f1a y coco<\/li>\n<li>11. Fresa Sand\u00eda Chicle y Fruta Mixta<\/li>\n<li>12. Hielo de cereza y caramelo de fresa y frambuesa<\/li>\n<li>13. Manzana \u00e1cida, frambuesa y fresa Big Bang<\/li>\n<li>14. Melocot\u00f3n Baya y Sand\u00eda Mango Melocot\u00f3n<\/li>\n<li>15. Hielo de ar\u00e1ndano y hielo de drag\u00f3n negro<\/li>\n<li>16. Fresa, cereza y kiwi, fruta de la pasi\u00f3n<\/li>\n<li>17. Oso de gominola y Cola de fresa<\/li>\n<li>18. Banana Pineapple Ice &amp; Red Bull Ice<\/li>\n<li>19. Red Bull Strwaberry &amp; Blackcurrant Ice<\/li>\n<li>20. Triple Mel\u00f3n Helado &amp; Sand\u00eda Frambuesa<\/li>\n<\/ul>\n<h2>Detalles del embalaje<\/h2>\n<ul>\n<li>Peso del producto: 120 g\/unidad<\/li>\n<li>Tama\u00f1o del producto: 61*31*115 mm<\/li>\n<li>1PC\/ Caja individual<\/li>\n<li>10PCS\/ Caja expositora<\/li>\n<li>CANT.: 160pcs\/ctn, 10pcs\/caja<\/li>\n<li>G.W.: 20kg<\/li>\n<\/ul>\n<figure id=\"attachment_18490\" aria-describedby=\"caption-attachment-18490\" style=\"width: 1200px\" class=\"wp-caption alignnone\"><img loading=\"lazy\" decoding=\"async\" class=\"size-full wp-image-18490\" title=\"WASPE FIHP 40000 Puffs 40K Vape desechable al por mayor\" src=\"https:\/\/www.vape4wholesale.com\/wp-content\/uploads\/2024\/12\/WASPE-FIHP-40000-Puffs-40K-Disposable-Vape-Wholesale.webp\" alt=\"WASPE FIHP 40000 Puffs 40K Vape desechable al por mayor\" width=\"1200\" height=\"1200\" srcset=\"https:\/\/www.vape4wholesale.com\/wp-content\/uploads\/2024\/12\/WASPE-FIHP-40000-Puffs-40K-Disposable-Vape-Wholesale.webp 1200w, https:\/\/www.vape4wholesale.com\/wp-content\/uploads\/2024\/12\/WASPE-FIHP-40000-Puffs-40K-Disposable-Vape-Wholesale-247x247.webp 247w, https:\/\/www.vape4wholesale.com\/wp-content\/uploads\/2024\/12\/WASPE-FIHP-40000-Puffs-40K-Disposable-Vape-Wholesale-100x100.webp 100w, https:\/\/www.vape4wholesale.com\/wp-content\/uploads\/2024\/12\/WASPE-FIHP-40000-Puffs-40K-Disposable-Vape-Wholesale-510x510.webp 510w\" sizes=\"auto, (max-width: 1200px) 100vw, 1200px\" \/><figcaption id=\"caption-attachment-18490\" class=\"wp-caption-text\">WASPE FIHP 40000 Puffs 40K Vape desechable al por mayor<\/figcaption><\/figure>\n<h2>\u00bfPOR QU\u00c9 NOSOTROS?<\/h2>\r\n<ul>\r\n<li>Fuente de vape real, fiable y profesional.<\/li>\r\n<li>100% Garant\u00eda de autenticidad: S\u00f3lo proporcionamos productos originales y genuinos, rechazamos la falsificaci\u00f3n.<\/li>\r\n<li>100% Garant\u00eda de entrega: Utilizamos el mejor m\u00e9todo de env\u00edo para asegurarnos de que recibes el pedido 100%.<\/li>\r\n<li>Le daremos el n\u00famero de seguimiento y la etiqueta de env\u00edo despu\u00e9s del env\u00edo, y realizaremos el seguimiento de la mercanc\u00eda por usted hasta que la firme.<\/li>\r\n<li>Sin problemas aduaneros ni aranceles<\/li>\r\n<\/ul>","protected":false},"excerpt":{"rendered":"<div class=\"wsppc_div_block woocommerce_before_add_to_cart_form\">\r\n<p><strong><span style=\"color: #00a859;\">Clear customs<\/span> before delivery &amp; 100% Delivery Guarantee, Delivery in 19~25 days around.\u00a0<\/strong><\/p>\r\n<\/div>","protected":false},"featured_media":18490,"comment_status":"open","ping_status":"closed","template":"","meta":[],"pwb-brand":[1272],"product_cat":[873],"product_tag":[1016,22,24,849,999],"class_list":{"0":"post-18489","1":"product","2":"type-product","3":"status-publish","4":"has-post-thumbnail","6":"pwb-brand-waspe","7":"product_cat-above-20k-puffs","8":"product_tag-40000-puffs","9":"product_tag-disposable","10":"product_tag-wholesale","11":"product_tag-36-0ml","12":"product_tag-waspe","13":"wcpa_has_options","15":"first","16":"instock","17":"featured","18":"shipping-taxable","19":"purchasable","20":"product-type-variable"},"aioseo_notices":[],"brands":[{"id":1272,"name":"Waspe","slug":"waspe"}],"_links":{"self":[{"href":"https:\/\/www.vape4wholesale.com\/es\/wp-json\/wp\/v2\/product\/18489","targetHints":{"allow":["GET"]}}],"collection":[{"href":"https:\/\/www.vape4wholesale.com\/es\/wp-json\/wp\/v2\/product"}],"about":[{"href":"https:\/\/www.vape4wholesale.com\/es\/wp-json\/wp\/v2\/types\/product"}],"replies":[{"embeddable":true,"href":"https:\/\/www.vape4wholesale.com\/es\/wp-json\/wp\/v2\/comments?post=18489"}],"wp:featuredmedia":[{"embeddable":true,"href":"https:\/\/www.vape4wholesale.com\/es\/wp-json\/wp\/v2\/media\/18490"}],"wp:attachment":[{"href":"https:\/\/www.vape4wholesale.com\/es\/wp-json\/wp\/v2\/media?parent=18489"}],"wp:term":[{"taxonomy":"pwb-brand","embeddable":true,"href":"https:\/\/www.vape4wholesale.com\/es\/wp-json\/wp\/v2\/pwb-brand?post=18489"},{"taxonomy":"product_cat","embeddable":true,"href":"https:\/\/www.vape4wholesale.com\/es\/wp-json\/wp\/v2\/product_cat?post=18489"},{"taxonomy":"product_tag","embeddable":true,"href":"https:\/\/www.vape4wholesale.com\/es\/wp-json\/wp\/v2\/product_tag?post=18489"}],"curies":[{"name":"wp","href":"https:\/\/api.w.org\/{rel}","templated":true}]}}