{"id":18450,"date":"2024-12-22T12:10:02","date_gmt":"2024-12-22T04:10:02","guid":{"rendered":"https:\/\/www.vape4wholesale.com\/?post_type=product&#038;p=18450"},"modified":"2026-01-29T05:32:28","modified_gmt":"2026-01-29T05:32:28","slug":"waspe-aiviou-25000-bocanadas-vape-desechable-al-por-mayor","status":"publish","type":"product","link":"https:\/\/www.vape4wholesale.com\/es\/product\/waspe-aiviou-25000-puffs-disposable-vape-wholesale","title":{"rendered":"WASPE Aiviou 25000 Puffs Vape Desechable al por mayor"},"content":{"rendered":"<p>En <strong><a title=\"WASPE\" href=\"https:\/\/www.vape4wholesale.com\/es\/marca_producto\/waspe\/\">WASPE<\/a> Aiviou 25000 Vape desechable<\/strong> viene precargado con 25 ml de e-zumo y proporciona hasta 25.000 caladas. La pantalla cl\u00e1sica incorporada es funcional y \u00fatil, y te recuerda que debes cargar tu vape por si acaso. Las bobinas duales de malla encarnan la tecnolog\u00eda moderna y, por supuesto, este vape admite el popular modo Boost. Para un uso responsable, tambi\u00e9n hay un seguro para ni\u00f1os para evitar el uso por menores de edad, y el WASPE 25000 ofrece un mont\u00f3n de potencia de succi\u00f3n y buen sabor sin florituras.<\/p>\n<p>El WASPE Aiviou 25000 25K Puffs viene con pantalla LCD, que es un dispositivo de vapeo avanzado dise\u00f1ado para un rendimiento superior y comodidad. Este vaporizador desechable tiene una gran capacidad de hasta 25.000 caladas para garantizar un uso y satisfacci\u00f3n duraderos.<\/p>\n<p>El WASPE Aiviou 25000 cuenta con una gran capacidad de 25 ml de e-l\u00edquido y est\u00e1 disponible en opciones de nicotina 0%, 2% y 5% para adaptarse a diferentes preferencias. El dispositivo est\u00e1 equipado con bobinas de malla duales para mejorar la producci\u00f3n de vapor y la entrega de sabor para una experiencia de vapeo suave y agradable.<\/p>\n<p>El WASPE Aiviou 25000 est\u00e1 dise\u00f1ado para ser f\u00e1cil de usar, con una pantalla LCD que proporciona informaci\u00f3n detallada de un vistazo, y un puerto de carga Tipo-C que garantiza una carga r\u00e1pida y eficiente para minimizar el tiempo de inactividad. Con una capacidad de bater\u00eda de 650 mAh, este modelo proporciona energ\u00eda fiable para largos periodos de uso.<\/p>\n<p>El WASPE Aiviou 25000 25K Puffs Original Edition LCD Display Disposable Vape es la combinaci\u00f3n perfecta de innovaci\u00f3n y calidad. Tanto si es un principiante como un vapeador experimentado, WASPE le garantiza una experiencia de vapeo de calidad a la altura de sus expectativas.<\/p>\n<p>&nbsp;<\/p>\n<h2>WASPE Aiviou 25000 25K Vape desechable Quick Details<\/h2>\n<ul>\n<li>Bater\u00eda recargable de 650 mAh integrada<\/li>\n<li>Precargado con 25 ml de e-juice<\/li>\n<li>Dise\u00f1o de doble bobina de malla con 2 modos de vapeo: Modo ECO\/Boost<\/li>\n<li>La pantalla digital muestra el modo, la duraci\u00f3n de la bater\u00eda y el volumen del e-juice.<\/li>\n<li>Puffs soporta. 25000 puertos<\/li>\n<li>Bloqueo para ni\u00f1os<\/li>\n<li>5% (50mg) concentraci\u00f3n de nicotina<\/li>\n<li>Carga USB Tipo-C<\/li>\n<\/ul>\n<h2>Sabores disponibles<\/h2>\n<ul>\n<li>1. Hielo de sand\u00eda<\/li>\n<li>2. Ar\u00e1ndano sobre hielo<\/li>\n<li>3. Sand\u00eda con fresas<\/li>\n<li>4. Limonada de ar\u00e1ndanos y frambuesas<\/li>\n<li>5. Hielo de cereza<\/li>\n<li>6. Melocot\u00f3n Mango Sand\u00eda<\/li>\n<li>7. Mezcla de bayas<\/li>\n<li>8. Hielo de melocot\u00f3n<\/li>\n<li>9. Fresa Kiwi<\/li>\n<li>10. Hielo de uva<\/li>\n<\/ul>\n<h2>Detalles del embalaje<\/h2>\n<ul>\n<li>1 unidad\/caja individual<\/li>\n<li>10 unidades\/caja expositora<\/li>\n<li>200 unidades por caja<\/li>\n<li>Cada caja 21 kg<\/li>\n<\/ul>\n<figure id=\"attachment_18476\" aria-describedby=\"caption-attachment-18476\" style=\"width: 800px\" class=\"wp-caption alignnone\"><img loading=\"lazy\" decoding=\"async\" class=\"wp-image-18476 size-full\" title=\"WASPE Aiviou 25000 Puffs Vape Desechable al por mayor\" src=\"https:\/\/www.vape4wholesale.com\/wp-content\/uploads\/2024\/12\/WSAPE-Aiviou-25000-Puffs-Disposable-Vape-Wholesale.jpg\" alt=\"WASPE Aiviou 25000 Puffs Vape Desechable al por mayor\" width=\"800\" height=\"800\" srcset=\"https:\/\/www.vape4wholesale.com\/wp-content\/uploads\/2024\/12\/WSAPE-Aiviou-25000-Puffs-Disposable-Vape-Wholesale.jpg 800w, https:\/\/www.vape4wholesale.com\/wp-content\/uploads\/2024\/12\/WSAPE-Aiviou-25000-Puffs-Disposable-Vape-Wholesale-247x247.jpg 247w, https:\/\/www.vape4wholesale.com\/wp-content\/uploads\/2024\/12\/WSAPE-Aiviou-25000-Puffs-Disposable-Vape-Wholesale-100x100.jpg 100w, https:\/\/www.vape4wholesale.com\/wp-content\/uploads\/2024\/12\/WSAPE-Aiviou-25000-Puffs-Disposable-Vape-Wholesale-510x510.jpg 510w, https:\/\/www.vape4wholesale.com\/wp-content\/uploads\/2024\/12\/WSAPE-Aiviou-25000-Puffs-Disposable-Vape-Wholesale-64x64.jpg 64w, https:\/\/www.vape4wholesale.com\/wp-content\/uploads\/2024\/12\/WSAPE-Aiviou-25000-Puffs-Disposable-Vape-Wholesale-300x300.jpg 300w, https:\/\/www.vape4wholesale.com\/wp-content\/uploads\/2024\/12\/WSAPE-Aiviou-25000-Puffs-Disposable-Vape-Wholesale-150x150.jpg 150w, https:\/\/www.vape4wholesale.com\/wp-content\/uploads\/2024\/12\/WSAPE-Aiviou-25000-Puffs-Disposable-Vape-Wholesale-768x768.jpg 768w, https:\/\/www.vape4wholesale.com\/wp-content\/uploads\/2024\/12\/WSAPE-Aiviou-25000-Puffs-Disposable-Vape-Wholesale-12x12.jpg 12w\" sizes=\"auto, (max-width: 800px) 100vw, 800px\" \/><figcaption id=\"caption-attachment-18476\" class=\"wp-caption-text\">WASPE Aiviou 25000 Puffs Vape Desechable al por mayor<\/figcaption><\/figure>\n<h2>\u00bfPOR QU\u00c9 NOSOTROS?<\/h2>\r\n<ul>\r\n<li>Fuente de vape real, fiable y profesional.<\/li>\r\n<li>100% Garant\u00eda de autenticidad: S\u00f3lo proporcionamos productos originales y genuinos, rechazamos la falsificaci\u00f3n.<\/li>\r\n<li>100% Garant\u00eda de entrega: Utilizamos el mejor m\u00e9todo de env\u00edo para asegurarnos de que recibes el pedido 100%.<\/li>\r\n<li>Le daremos el n\u00famero de seguimiento y la etiqueta de env\u00edo despu\u00e9s del env\u00edo, y realizaremos el seguimiento de la mercanc\u00eda por usted hasta que la firme.<\/li>\r\n<li>Sin problemas aduaneros ni aranceles<\/li>\r\n<\/ul>","protected":false},"excerpt":{"rendered":"<div class=\"wsppc_div_block woocommerce_before_add_to_cart_form\">\r\n<p><strong><span style=\"color: #00a859;\">Pasar por la aduana<\/span> antes de la entrega y 100% Garant\u00eda de entrega, Entrega en 19~25 d\u00edas aproximadamente.\u00a0<\/strong><\/p>\r\n<\/div>","protected":false},"featured_media":18476,"comment_status":"open","ping_status":"closed","template":"","meta":[],"pwb-brand":[1272],"product_cat":[873],"product_tag":[24,692,915,999,22],"class_list":{"0":"post-18450","1":"product","2":"type-product","3":"status-publish","4":"has-post-thumbnail","6":"pwb-brand-waspe","7":"product_cat-above-20k-puffs","8":"product_tag-wholesale","9":"product_tag-25-0ml","10":"product_tag-25000-puffs","11":"product_tag-waspe","12":"product_tag-disposable","13":"wcpa_has_options","15":"first","16":"outofstock","17":"shipping-taxable","18":"purchasable","19":"product-type-variable"},"aioseo_notices":[],"brands":[{"id":1272,"name":"Waspe","slug":"waspe"}],"_links":{"self":[{"href":"https:\/\/www.vape4wholesale.com\/es\/wp-json\/wp\/v2\/product\/18450","targetHints":{"allow":["GET"]}}],"collection":[{"href":"https:\/\/www.vape4wholesale.com\/es\/wp-json\/wp\/v2\/product"}],"about":[{"href":"https:\/\/www.vape4wholesale.com\/es\/wp-json\/wp\/v2\/types\/product"}],"replies":[{"embeddable":true,"href":"https:\/\/www.vape4wholesale.com\/es\/wp-json\/wp\/v2\/comments?post=18450"}],"wp:featuredmedia":[{"embeddable":true,"href":"https:\/\/www.vape4wholesale.com\/es\/wp-json\/wp\/v2\/media\/18476"}],"wp:attachment":[{"href":"https:\/\/www.vape4wholesale.com\/es\/wp-json\/wp\/v2\/media?parent=18450"}],"wp:term":[{"taxonomy":"pwb-brand","embeddable":true,"href":"https:\/\/www.vape4wholesale.com\/es\/wp-json\/wp\/v2\/pwb-brand?post=18450"},{"taxonomy":"product_cat","embeddable":true,"href":"https:\/\/www.vape4wholesale.com\/es\/wp-json\/wp\/v2\/product_cat?post=18450"},{"taxonomy":"product_tag","embeddable":true,"href":"https:\/\/www.vape4wholesale.com\/es\/wp-json\/wp\/v2\/product_tag?post=18450"}],"curies":[{"name":"wp","href":"https:\/\/api.w.org\/{rel}","templated":true}]}}