{"id":18017,"date":"2024-12-10T10:25:05","date_gmt":"2024-12-10T02:25:05","guid":{"rendered":"https:\/\/www.vape4wholesale.com\/?post_type=product&#038;p=18017"},"modified":"2026-02-10T06:11:00","modified_gmt":"2026-02-09T22:11:00","slug":"vapsolo-triple-3en1-30000-bocanadas-vape-desechable-al-por-mayor","status":"publish","type":"product","link":"https:\/\/www.vape4wholesale.com\/es\/product\/vapsolo-triple-3in1-30000-puffs-disposable-vape-wholesale","title":{"rendered":"Vapsolo Triple 3en1 30000 Puffs Vape Desechable al por mayor"},"content":{"rendered":"<p>En <a title=\"Vapsolo\" href=\"\/es\/marca_producto\/vapsolo\/\">Vapsolo<\/a> Triple 3en1 con 3 sabores en una pantalla LCD desechable, que soporta hasta 30000 Puffs.<\/p>\n<p>Tiene forma triangular y la boquilla superior se puede girar para cambiar de sabor.<\/p>\n<p>Pida a granel nuestra amplia selecci\u00f3n 10 sabores de Vapsolo Triple 3en1 30K bocanadas vape desechable con el mejor precio y env\u00edo r\u00e1pido.<\/p>\n<p>Ver el <a title=\"Vapesolo Triple 3en1 video\" href=\"https:\/\/youtu.be\/-PFrvuWt1GQ?si=f67BAwgB0PaSDQy0\" target=\"_blank\" rel=\"noopener\">Vapesolo Triple 3en1 video<\/a> para obtener m\u00e1s informaci\u00f3n sobre las caracter\u00edsticas de este producto.<\/p>\n<h2>Vapsolo Triple 3en1 30000 Puffs Vape Desechable Quick Details<\/h2>\n<ul>\n<li>E-l\u00edquido: 45ml<\/li>\n<li>Nicotina:2%, 5%<\/li>\n<li>Bater\u00eda: 850mAh<\/li>\n<li>Carga Tipo-C<\/li>\n<li>10 unidades por caja<\/li>\n<\/ul>\n<h2>Sabores disponibles<\/h2>\n<p>1.Sand\u00eda helada&amp; Red bull&amp; Fresa kiwi<br \/>\n2.Lim\u00f3n lima&amp; Sand\u00eda fresa &amp; Hielo de ar\u00e1ndanos<br \/>\n3.Fresa pl\u00e1tano&amp; Frambuesa sand\u00eda&amp; Lim\u00f3n lima<br \/>\n4.Fresa kiwi&amp; Mango agrio pi\u00f1a&amp; Red bull<br \/>\n5.Frutas tropicales&amp; Sand\u00eda fresa&amp; Melocot\u00f3n lim\u00f3n<br \/>\n6.Pi\u00f1a coco&amp; Fresa pl\u00e1tano&amp; Blue razz<br \/>\n7.Fresa frambuesa&amp; Triple mel\u00f3n &amp; Mango agrio pi\u00f1a<br \/>\n8.Sand\u00eda frambuesa&amp; Melocot\u00f3n mango&amp; Kiwi fresa<br \/>\n9.Coca de fresa y vainilla&amp; Frambuesa con ar\u00e1ndanos&amp; Lima con lim\u00f3n<br \/>\n10.Helado de sand\u00eda&amp; Helado de fresa&amp; Triple mel\u00f3n<\/p>\n<p><span style=\"color: #00a859;\"><strong>Sabores adicionales<\/strong><\/span><\/p>\n<p>11.Kiwi Pasiones Fruta&amp; Amor 66&amp; Vainilla<br \/>\n12.Hielo de melocot\u00f3n y fruta del drag\u00f3n Hielo y mezcla de frutas<br \/>\n13.Melocot\u00f3n Berry&amp; Black Ice&amp; Starwberry Vainilla Cola<br \/>\n14.Bluberry Sour Rasberry&amp; Strawberry Mango&amp; Lemon Cola<br \/>\n15.Grosella Negra Helada&amp; Limonada Rosa&amp; Kiwi Fruta de la Pasi\u00f3n Guayaba<\/p>\n<h2>Detalles del embalaje<\/h2>\n<ul>\n<li>1\/Caja individual<\/li>\n<li>10\/ Pack<\/li>\n<li>200\/ Caja<\/li>\n<li>26 kg\/caja<\/li>\n<\/ul>\n<figure id=\"attachment_18139\" aria-describedby=\"caption-attachment-18139\" style=\"width: 800px\" class=\"wp-caption alignnone\"><img loading=\"lazy\" decoding=\"async\" class=\"size-full wp-image-18139\" title=\"Vapsolo Triple 3en1 30000 Puffs Vape Desechable al por mayor WATERMELON ICE RED BULL STRAWBERRY KIWI\" src=\"https:\/\/www.vape4wholesale.com\/wp-content\/uploads\/2024\/12\/Vapsolo-Triple-3in1-30000-Puffs-Disposable-Vape-Wholesale-WATERMELON-ICE-RED-BULL-STRAWBERRY-KIWI.jpg\" alt=\"Vapsolo Triple 3en1 30000 Puffs Vape Desechable al por mayor WATERMELON ICE RED BULL STRAWBERRY KIWI\" width=\"800\" height=\"800\" srcset=\"https:\/\/www.vape4wholesale.com\/wp-content\/uploads\/2024\/12\/Vapsolo-Triple-3in1-30000-Puffs-Disposable-Vape-Wholesale-WATERMELON-ICE-RED-BULL-STRAWBERRY-KIWI.jpg 800w, https:\/\/www.vape4wholesale.com\/wp-content\/uploads\/2024\/12\/Vapsolo-Triple-3in1-30000-Puffs-Disposable-Vape-Wholesale-WATERMELON-ICE-RED-BULL-STRAWBERRY-KIWI-247x247.jpg 247w, https:\/\/www.vape4wholesale.com\/wp-content\/uploads\/2024\/12\/Vapsolo-Triple-3in1-30000-Puffs-Disposable-Vape-Wholesale-WATERMELON-ICE-RED-BULL-STRAWBERRY-KIWI-100x100.jpg 100w, https:\/\/www.vape4wholesale.com\/wp-content\/uploads\/2024\/12\/Vapsolo-Triple-3in1-30000-Puffs-Disposable-Vape-Wholesale-WATERMELON-ICE-RED-BULL-STRAWBERRY-KIWI-510x510.jpg 510w, https:\/\/www.vape4wholesale.com\/wp-content\/uploads\/2024\/12\/Vapsolo-Triple-3in1-30000-Puffs-Disposable-Vape-Wholesale-WATERMELON-ICE-RED-BULL-STRAWBERRY-KIWI-64x64.jpg 64w, https:\/\/www.vape4wholesale.com\/wp-content\/uploads\/2024\/12\/Vapsolo-Triple-3in1-30000-Puffs-Disposable-Vape-Wholesale-WATERMELON-ICE-RED-BULL-STRAWBERRY-KIWI-300x300.jpg 300w, https:\/\/www.vape4wholesale.com\/wp-content\/uploads\/2024\/12\/Vapsolo-Triple-3in1-30000-Puffs-Disposable-Vape-Wholesale-WATERMELON-ICE-RED-BULL-STRAWBERRY-KIWI-150x150.jpg 150w, https:\/\/www.vape4wholesale.com\/wp-content\/uploads\/2024\/12\/Vapsolo-Triple-3in1-30000-Puffs-Disposable-Vape-Wholesale-WATERMELON-ICE-RED-BULL-STRAWBERRY-KIWI-768x768.jpg 768w, https:\/\/www.vape4wholesale.com\/wp-content\/uploads\/2024\/12\/Vapsolo-Triple-3in1-30000-Puffs-Disposable-Vape-Wholesale-WATERMELON-ICE-RED-BULL-STRAWBERRY-KIWI-12x12.jpg 12w\" sizes=\"auto, (max-width: 800px) 100vw, 800px\" \/><figcaption id=\"caption-attachment-18139\" class=\"wp-caption-text\">Vapsolo Triple 3en1 30000 Puffs Vape Desechable al por mayor<\/figcaption><\/figure>\n<figure id=\"attachment_18018\" aria-describedby=\"caption-attachment-18018\" style=\"width: 800px\" class=\"wp-caption alignnone\"><img loading=\"lazy\" decoding=\"async\" class=\"size-full wp-image-18018\" title=\"Vapsolo Triple 3en1 30000 Puffs Vape Desechable al por mayor (2)\" src=\"https:\/\/www.vape4wholesale.com\/wp-content\/uploads\/2024\/12\/Vapsolo-Triple-3in1-30000-Puffs-Disposable-Vape-Wholesale-2.jpg\" alt=\"Vapsolo Triple 3en1 30000 Puffs Vape Desechable al por mayor (2)\" width=\"800\" height=\"800\" srcset=\"https:\/\/www.vape4wholesale.com\/wp-content\/uploads\/2024\/12\/Vapsolo-Triple-3in1-30000-Puffs-Disposable-Vape-Wholesale-2.jpg 800w, https:\/\/www.vape4wholesale.com\/wp-content\/uploads\/2024\/12\/Vapsolo-Triple-3in1-30000-Puffs-Disposable-Vape-Wholesale-2-247x247.jpg 247w, https:\/\/www.vape4wholesale.com\/wp-content\/uploads\/2024\/12\/Vapsolo-Triple-3in1-30000-Puffs-Disposable-Vape-Wholesale-2-100x100.jpg 100w, https:\/\/www.vape4wholesale.com\/wp-content\/uploads\/2024\/12\/Vapsolo-Triple-3in1-30000-Puffs-Disposable-Vape-Wholesale-2-510x510.jpg 510w, https:\/\/www.vape4wholesale.com\/wp-content\/uploads\/2024\/12\/Vapsolo-Triple-3in1-30000-Puffs-Disposable-Vape-Wholesale-2-64x64.jpg 64w, https:\/\/www.vape4wholesale.com\/wp-content\/uploads\/2024\/12\/Vapsolo-Triple-3in1-30000-Puffs-Disposable-Vape-Wholesale-2-300x300.jpg 300w, https:\/\/www.vape4wholesale.com\/wp-content\/uploads\/2024\/12\/Vapsolo-Triple-3in1-30000-Puffs-Disposable-Vape-Wholesale-2-150x150.jpg 150w, https:\/\/www.vape4wholesale.com\/wp-content\/uploads\/2024\/12\/Vapsolo-Triple-3in1-30000-Puffs-Disposable-Vape-Wholesale-2-768x768.jpg 768w, https:\/\/www.vape4wholesale.com\/wp-content\/uploads\/2024\/12\/Vapsolo-Triple-3in1-30000-Puffs-Disposable-Vape-Wholesale-2-12x12.jpg 12w\" sizes=\"auto, (max-width: 800px) 100vw, 800px\" \/><figcaption id=\"caption-attachment-18018\" class=\"wp-caption-text\">Vapsolo Triple 3en1 30000 Puffs Vape Desechable al por mayor<\/figcaption><\/figure>\n<h2>\u00bfPOR QU\u00c9 NOSOTROS?<\/h2>\r\n<ul>\r\n<li>Fuente de vape real, fiable y profesional.<\/li>\r\n<li>100% Garant\u00eda de autenticidad: S\u00f3lo proporcionamos productos originales y genuinos, rechazamos la falsificaci\u00f3n.<\/li>\r\n<li>100% Garant\u00eda de entrega: Utilizamos el mejor m\u00e9todo de env\u00edo para asegurarnos de que recibes el pedido 100%.<\/li>\r\n<li>Le daremos el n\u00famero de seguimiento y la etiqueta de env\u00edo despu\u00e9s del env\u00edo, y realizaremos el seguimiento de la mercanc\u00eda por usted hasta que la firme.<\/li>\r\n<li>Sin problemas aduaneros ni aranceles<\/li>\r\n<\/ul>","protected":false},"excerpt":{"rendered":"<p>Este producto se ha actualizado a 60K (60000 Puffs), por lo que enviaremos el <strong><span style=\"color: #ff6600;\">Vapsolo Triple 60K<\/span><\/strong> si realiza el pedido a trav\u00e9s de este enlace.<\/p>\n<p><b><span style=\"color: #00a859;\">Env\u00edo gratis<\/span>\u00a0desde el almac\u00e9n de Europa, tiempo de entrega de 7 a 15 d\u00edas h\u00e1biles.<\/b><\/p>\r\n<div class=\"wsppc_div_block woocommerce_before_add_to_cart_form\">\r\n<p><strong>Despacho de aduanas antes de la entrega y 100% Garant\u00eda de entrega<\/strong><\/p>\r\n<\/div>","protected":false},"featured_media":21019,"comment_status":"open","ping_status":"closed","template":"","meta":[],"pwb-brand":[1271],"product_cat":[938],"product_tag":[850,899,964,22,24],"class_list":{"0":"post-18017","1":"product","2":"type-product","3":"status-publish","4":"has-post-thumbnail","6":"pwb-brand-vapsolo","7":"product_cat-europe-warehouse","8":"product_tag-30000-puffs","9":"product_tag-vapsolo","10":"product_tag-45-0ml","11":"product_tag-disposable","12":"product_tag-wholesale","13":"product_shipping_class-eu-warehouse","14":"wcpa_has_options","16":"first","17":"instock","18":"shipping-taxable","19":"purchasable","20":"product-type-variable"},"aioseo_notices":[],"brands":[{"id":1271,"name":"Vapsolo","slug":"vapsolo"}],"_links":{"self":[{"href":"https:\/\/www.vape4wholesale.com\/es\/wp-json\/wp\/v2\/product\/18017","targetHints":{"allow":["GET"]}}],"collection":[{"href":"https:\/\/www.vape4wholesale.com\/es\/wp-json\/wp\/v2\/product"}],"about":[{"href":"https:\/\/www.vape4wholesale.com\/es\/wp-json\/wp\/v2\/types\/product"}],"replies":[{"embeddable":true,"href":"https:\/\/www.vape4wholesale.com\/es\/wp-json\/wp\/v2\/comments?post=18017"}],"wp:featuredmedia":[{"embeddable":true,"href":"https:\/\/www.vape4wholesale.com\/es\/wp-json\/wp\/v2\/media\/21019"}],"wp:attachment":[{"href":"https:\/\/www.vape4wholesale.com\/es\/wp-json\/wp\/v2\/media?parent=18017"}],"wp:term":[{"taxonomy":"pwb-brand","embeddable":true,"href":"https:\/\/www.vape4wholesale.com\/es\/wp-json\/wp\/v2\/pwb-brand?post=18017"},{"taxonomy":"product_cat","embeddable":true,"href":"https:\/\/www.vape4wholesale.com\/es\/wp-json\/wp\/v2\/product_cat?post=18017"},{"taxonomy":"product_tag","embeddable":true,"href":"https:\/\/www.vape4wholesale.com\/es\/wp-json\/wp\/v2\/product_tag?post=18017"}],"curies":[{"name":"wp","href":"https:\/\/api.w.org\/{rel}","templated":true}]}}