{"id":17790,"date":"2024-12-03T00:11:35","date_gmt":"2024-12-02T16:11:35","guid":{"rendered":"https:\/\/www.vape4wholesale.com\/?post_type=product&#038;p=17790"},"modified":"2026-01-27T14:28:03","modified_gmt":"2026-01-27T14:28:03","slug":"bang-kingdom-rex-32000-puffs-vape-desechable-al-por-mayor","status":"publish","type":"product","link":"https:\/\/www.vape4wholesale.com\/es\/product\/bang-kingdom-rex-32000-puffs-disposable-vape-wholesale","title":{"rendered":"Bang Kingdom Rex 32000 Puffs Vape Desechable al por mayor"},"content":{"rendered":"<p>el <a title=\"Bang\" href=\"https:\/\/www.vape4wholesale.com\/es\/marca_producto\/bang\/\">Bang<\/a> Kingdom Rex es un gran nivel diposable vape que soporta hasta 32000 Puffs, que cont\u00f3 con el dise\u00f1o de doble sabor y doble 16ml vainas con bobinas de malla dual. el Bang Kingdoms Rex se actualiza a partir de la <a title=\"bang King 25000\" href=\"https:\/\/www.vape4wholesale.com\/es\/producto\/bang-king-25000-vape-desechable-al-por-mayor\/\">bang King 25000<\/a> que es uno de los m\u00e1s vendidos de la marca Bang.<\/p>\n<p>Bang Kingdom Rex 32K Dual flavors Equipado con una bater\u00eda de 650mAh con puerto de carga typc-c Aqu\u00ed hay 12 sabores para que usted elija. Cambia entre dos sabores sin esfuerzo, proporcionando una experiencia vaping vers\u00e1til y agradable. Dise\u00f1o Dual Mesh Aumenta la producci\u00f3n de vapor y mejora el sabor, proporcionando a los entusiastas del cigarrillo electr\u00f3nico una experiencia m\u00e1s satisfactoria y agradable.<\/p>\n<p>Pida al por mayor nuestra amplia selecci\u00f3n de Bang Kingdoms Rex 32000 Puffs vape con el mejor precio y env\u00edo r\u00e1pido, s\u00f3lo en vape4wholesale.<\/p>\n<h2><strong>Bang Kingdom Rex 32000 Puffs Detalles R\u00e1pidos<\/strong><\/h2>\n<ul>\n<li>Nicotina: 0% 2% 3% 5%<\/li>\n<li>Puffs: Hasta 32000<\/li>\n<li>Capacidad del Pod: 26ml+26ml<\/li>\n<li>Vainas duales, sabores duales<\/li>\n<li>12 sabores disponibles<\/li>\n<li>650mah Recargable Tipo-C<\/li>\n<li>Bobina de malla doble<\/li>\n<\/ul>\n<h2><strong>Sabores disponibles<\/strong><\/h2>\n<p>1.Hielo de sand\u00eda y menta con ar\u00e1ndanos<br \/>\n2.Sand\u00eda Helada &amp; Fresa Mango<br \/>\n3.Fresa Sand\u00eda y Kiwi Fruta de la Pasi\u00f3n Guayaba<br \/>\n4.Hielo de fresa, sand\u00eda y uva<br \/>\n5.Watermeon de ar\u00e1ndano, frambuesa y melocot\u00f3n y mango<br \/>\n6.Sand\u00eda con ar\u00e1ndanos y mango con fresas<br \/>\n7.Hielo de ar\u00e1ndano y hielo de drag\u00f3n negro<br \/>\n8.Hielo de ar\u00e1ndano y fresa y pl\u00e1tano<br \/>\n9.Red Bull &amp; Blueberry Watermeon<br \/>\n10.Red Bull &amp; Watermeon Bubble Candy<br \/>\n11.Helado de fresa, kiwi y melocot\u00f3n<br \/>\n12.Fresa Kiwi y manzana \u00e1cida Frambuesa<\/p>\n<h2><strong>Detalles del embalaje<\/strong><\/h2>\n<p>1unidad cada caja peque\u00f1a<br \/>\n10 unidades cada uno Caja expositora<br \/>\n200 unidades por caja<\/p>\n<figure id=\"attachment_17798\" aria-describedby=\"caption-attachment-17798\" style=\"width: 800px\" class=\"wp-caption alignnone\"><img loading=\"lazy\" decoding=\"async\" class=\"size-full wp-image-17798\" title=\"Bang Kingdom Rex 32000 Puffs Desechables Vape Mayorista Fresa Kiwi Manzana Agria Frambuesa\" src=\"https:\/\/www.vape4wholesale.com\/wp-content\/uploads\/2024\/12\/Bang-Kingdom-Rex-32000-Puffs-Disposable-Vape-Wholesale-Strawberry-Kiwi-Sour-Apple-Raspberry.jpg\" alt=\"Bang Kingdom Rex 32000 Puffs Desechables Vape Mayorista Fresa Kiwi Manzana Agria Frambuesa\" width=\"800\" height=\"800\" srcset=\"https:\/\/www.vape4wholesale.com\/wp-content\/uploads\/2024\/12\/Bang-Kingdom-Rex-32000-Puffs-Disposable-Vape-Wholesale-Strawberry-Kiwi-Sour-Apple-Raspberry.jpg 800w, https:\/\/www.vape4wholesale.com\/wp-content\/uploads\/2024\/12\/Bang-Kingdom-Rex-32000-Puffs-Disposable-Vape-Wholesale-Strawberry-Kiwi-Sour-Apple-Raspberry-247x247.jpg 247w, https:\/\/www.vape4wholesale.com\/wp-content\/uploads\/2024\/12\/Bang-Kingdom-Rex-32000-Puffs-Disposable-Vape-Wholesale-Strawberry-Kiwi-Sour-Apple-Raspberry-100x100.jpg 100w, https:\/\/www.vape4wholesale.com\/wp-content\/uploads\/2024\/12\/Bang-Kingdom-Rex-32000-Puffs-Disposable-Vape-Wholesale-Strawberry-Kiwi-Sour-Apple-Raspberry-510x510.jpg 510w\" sizes=\"auto, (max-width: 800px) 100vw, 800px\" \/><figcaption id=\"caption-attachment-17798\" class=\"wp-caption-text\">Bang Kingdom Rex 32000 Puffs Vape Desechable al por mayor<\/figcaption><\/figure>\n<h2>\u00bfPOR QU\u00c9 NOSOTROS?<\/h2>\r\n<ul>\r\n<li>Fuente de vape real, fiable y profesional.<\/li>\r\n<li>100% Garant\u00eda de autenticidad: S\u00f3lo proporcionamos productos originales y genuinos, rechazamos la falsificaci\u00f3n.<\/li>\r\n<li>100% Garant\u00eda de entrega: Utilizamos el mejor m\u00e9todo de env\u00edo para asegurarnos de que recibes el pedido 100%.<\/li>\r\n<li>Le daremos el n\u00famero de seguimiento y la etiqueta de env\u00edo despu\u00e9s del env\u00edo, y realizaremos el seguimiento de la mercanc\u00eda por usted hasta que la firme.<\/li>\r\n<li>Sin problemas aduaneros ni aranceles<\/li>\r\n<\/ul>","protected":false},"excerpt":{"rendered":"<div class=\"wsppc_div_block woocommerce_before_add_to_cart_form\">\r\n<p><strong><span style=\"color: #00a859;\">Pasar por la aduana<\/span> antes de la entrega y 100% Garant\u00eda de entrega, Entrega en 19~25 d\u00edas aproximadamente.\u00a0<\/strong><\/p>\r\n<\/div>","protected":false},"featured_media":17791,"comment_status":"open","ping_status":"closed","template":"","meta":[],"pwb-brand":[1275],"product_cat":[873],"product_tag":[944,22,24,249,823],"class_list":{"0":"post-17790","1":"product","2":"type-product","3":"status-publish","4":"has-post-thumbnail","6":"pwb-brand-bang","7":"product_cat-above-20k-puffs","8":"product_tag-32000-puffs","9":"product_tag-disposable","10":"product_tag-wholesale","11":"product_tag-bang","12":"product_tag-26-0ml","13":"wcpa_has_options","15":"first","16":"instock","17":"featured","18":"shipping-taxable","19":"purchasable","20":"product-type-variable"},"aioseo_notices":[],"brands":[{"id":1275,"name":"Bang","slug":"bang"}],"_links":{"self":[{"href":"https:\/\/www.vape4wholesale.com\/es\/wp-json\/wp\/v2\/product\/17790","targetHints":{"allow":["GET"]}}],"collection":[{"href":"https:\/\/www.vape4wholesale.com\/es\/wp-json\/wp\/v2\/product"}],"about":[{"href":"https:\/\/www.vape4wholesale.com\/es\/wp-json\/wp\/v2\/types\/product"}],"replies":[{"embeddable":true,"href":"https:\/\/www.vape4wholesale.com\/es\/wp-json\/wp\/v2\/comments?post=17790"}],"wp:featuredmedia":[{"embeddable":true,"href":"https:\/\/www.vape4wholesale.com\/es\/wp-json\/wp\/v2\/media\/17791"}],"wp:attachment":[{"href":"https:\/\/www.vape4wholesale.com\/es\/wp-json\/wp\/v2\/media?parent=17790"}],"wp:term":[{"taxonomy":"pwb-brand","embeddable":true,"href":"https:\/\/www.vape4wholesale.com\/es\/wp-json\/wp\/v2\/pwb-brand?post=17790"},{"taxonomy":"product_cat","embeddable":true,"href":"https:\/\/www.vape4wholesale.com\/es\/wp-json\/wp\/v2\/product_cat?post=17790"},{"taxonomy":"product_tag","embeddable":true,"href":"https:\/\/www.vape4wholesale.com\/es\/wp-json\/wp\/v2\/product_tag?post=17790"}],"curies":[{"name":"wp","href":"https:\/\/api.w.org\/{rel}","templated":true}]}}