{"id":17176,"date":"2024-10-26T23:03:00","date_gmt":"2024-10-26T15:03:00","guid":{"rendered":"https:\/\/www.vape4wholesale.com\/?post_type=product&#038;p=17176"},"modified":"2026-01-27T14:33:54","modified_gmt":"2026-01-27T14:33:54","slug":"bang-box-30000-puffs-vape-desechable-al-por-mayor","status":"publish","type":"product","link":"https:\/\/www.vape4wholesale.com\/es\/product\/bang-box-30000-puffs-disposable-vape-wholesale","title":{"rendered":"Bang Box 30000 Puffs Vape Desechable al por mayor"},"content":{"rendered":"<p>El Bang Box 30000 Puffs es un vapeador desechable recargable con una capacidad de 35 ML de e-l\u00edquido, que ofrece hasta 30.000 caladas y un sabor mejorado a trav\u00e9s de la tecnolog\u00eda de doble bobina de malla, disponible exclusivamente en V4W. Dispone de 2 modos, normal y Boost, con el modo Boost, tendr\u00e1s una gran experiencia de vapor.<\/p>\n<p>La Bang Box 30000 se ha dise\u00f1ado para que resulte c\u00f3moda, e incluye un indicador de nivel de bater\u00eda y de encendido f\u00e1cil de usar, que le permite controlar f\u00e1cilmente el uso y recargarla cuando le resulte m\u00e1s c\u00f3modo, utilizando el moderno puerto de carga de tipo C.<\/p>\n<p>Pida al por mayor nuestra amplia selecci\u00f3n de 12 sabores de Bang Box 30000 al mejor precio y con env\u00edo r\u00e1pido.<\/p>\n<h2><strong>Bang Box 30000 Vape Desechable Quick Details:<\/strong><\/h2>\n<ul>\n<li>Puffs:30000 Puffs<\/li>\n<li>Capacidad: 35 ml<\/li>\n<li>Bater\u00eda: 850mAh<\/li>\n<li>Nicotina:0% 2% 3% 5%<\/li>\n<li>12 sabores disponibles<\/li>\n<li>Bobina de malla doble<\/li>\n<li>2 Modos: Normal\/ Boost<\/li>\n<li>Pantalla inteligente: e-juice\/indicador de encendido<\/li>\n<\/ul>\n<h2><strong>Bang Box 30000 sabores disponibles<\/strong><\/h2>\n<ol>\n<li>Manzana Melocot\u00f3n<\/li>\n<li>R\u00e1faga negra<\/li>\n<li>Hielo de ar\u00e1ndanos<\/li>\n<li>Ar\u00e1ndano Pomegrante<\/li>\n<li>Hielo de frambuesa agrio con ar\u00e1ndanos<\/li>\n<li>R\u00e1faga azul<\/li>\n<li>Uva doble<\/li>\n<li>Zumo de la selva<\/li>\n<li>Fresa Kiwi<\/li>\n<li>Hielo de sand\u00eda<\/li>\n<li>Sand\u00eda con fresa<\/li>\n<li>Fruta de la pasi\u00f3n<\/li>\n<\/ol>\n<h2><strong>Detalles del embalaje<\/strong><\/h2>\n<ul>\n<li>Individual con envase peque\u00f1o<\/li>\n<li>10 unidades en caja mediana<\/li>\n<li>200 unidades por caja<\/li>\n<\/ul>\n<figure id=\"attachment_17192\" aria-describedby=\"caption-attachment-17192\" style=\"width: 800px\" class=\"wp-caption alignnone\"><img loading=\"lazy\" decoding=\"async\" class=\"size-full wp-image-17192\" title=\"Bang Box 30000 Puffs Vape Desechable Sand\u00eda Hielo al por mayor\" src=\"https:\/\/www.vape4wholesale.com\/wp-content\/uploads\/2024\/10\/Bang-Box-30000-Puffs-Disposable-Vape-Wholesale-Watermelon-Ice.jpg\" alt=\"Bang Box 30000 Puffs Vape Desechable Sand\u00eda Hielo al por mayor\" width=\"800\" height=\"800\" srcset=\"https:\/\/www.vape4wholesale.com\/wp-content\/uploads\/2024\/10\/Bang-Box-30000-Puffs-Disposable-Vape-Wholesale-Watermelon-Ice.jpg 800w, https:\/\/www.vape4wholesale.com\/wp-content\/uploads\/2024\/10\/Bang-Box-30000-Puffs-Disposable-Vape-Wholesale-Watermelon-Ice-247x247.jpg 247w, https:\/\/www.vape4wholesale.com\/wp-content\/uploads\/2024\/10\/Bang-Box-30000-Puffs-Disposable-Vape-Wholesale-Watermelon-Ice-100x100.jpg 100w, https:\/\/www.vape4wholesale.com\/wp-content\/uploads\/2024\/10\/Bang-Box-30000-Puffs-Disposable-Vape-Wholesale-Watermelon-Ice-510x510.jpg 510w, https:\/\/www.vape4wholesale.com\/wp-content\/uploads\/2024\/10\/Bang-Box-30000-Puffs-Disposable-Vape-Wholesale-Watermelon-Ice-64x64.jpg 64w, https:\/\/www.vape4wholesale.com\/wp-content\/uploads\/2024\/10\/Bang-Box-30000-Puffs-Disposable-Vape-Wholesale-Watermelon-Ice-300x300.jpg 300w, https:\/\/www.vape4wholesale.com\/wp-content\/uploads\/2024\/10\/Bang-Box-30000-Puffs-Disposable-Vape-Wholesale-Watermelon-Ice-150x150.jpg 150w, https:\/\/www.vape4wholesale.com\/wp-content\/uploads\/2024\/10\/Bang-Box-30000-Puffs-Disposable-Vape-Wholesale-Watermelon-Ice-768x768.jpg 768w, https:\/\/www.vape4wholesale.com\/wp-content\/uploads\/2024\/10\/Bang-Box-30000-Puffs-Disposable-Vape-Wholesale-Watermelon-Ice-12x12.jpg 12w\" sizes=\"auto, (max-width: 800px) 100vw, 800px\" \/><figcaption id=\"caption-attachment-17192\" class=\"wp-caption-text\">Bang Box 30000 Puffs Vape Desechable al por mayor<\/figcaption><\/figure>\n<h2>\u00bfPOR QU\u00c9 NOSOTROS?<\/h2>\r\n<ul>\r\n<li>Fuente de vape real, fiable y profesional.<\/li>\r\n<li>100% Garant\u00eda de autenticidad: S\u00f3lo proporcionamos productos originales y genuinos, rechazamos la falsificaci\u00f3n.<\/li>\r\n<li>100% Garant\u00eda de entrega: Utilizamos el mejor m\u00e9todo de env\u00edo para asegurarnos de que recibes el pedido 100%.<\/li>\r\n<li>Le daremos el n\u00famero de seguimiento y la etiqueta de env\u00edo despu\u00e9s del env\u00edo, y realizaremos el seguimiento de la mercanc\u00eda por usted hasta que la firme.<\/li>\r\n<li>Sin problemas aduaneros ni aranceles<\/li>\r\n<\/ul>","protected":false},"excerpt":{"rendered":"<div class=\"wsppc_div_block woocommerce_before_add_to_cart_form\">\r\n<p><strong><span style=\"color: #00a859;\">Pasar por la aduana<\/span> antes de la entrega y 100% Garant\u00eda de entrega, Entrega en 19~25 d\u00edas aproximadamente.\u00a0<\/strong><\/p>\r\n<\/div>","protected":false},"featured_media":17184,"comment_status":"open","ping_status":"closed","template":"","meta":[],"pwb-brand":[1275],"product_cat":[873],"product_tag":[22,24,249,850,933],"class_list":{"0":"post-17176","1":"product","2":"type-product","3":"status-publish","4":"has-post-thumbnail","6":"pwb-brand-bang","7":"product_cat-above-20k-puffs","8":"product_tag-disposable","9":"product_tag-wholesale","10":"product_tag-bang","11":"product_tag-30000-puffs","12":"product_tag-35-0ml","13":"wcpa_has_options","15":"first","16":"instock","17":"shipping-taxable","18":"purchasable","19":"product-type-variable"},"aioseo_notices":[],"brands":[{"id":1275,"name":"Bang","slug":"bang"}],"_links":{"self":[{"href":"https:\/\/www.vape4wholesale.com\/es\/wp-json\/wp\/v2\/product\/17176","targetHints":{"allow":["GET"]}}],"collection":[{"href":"https:\/\/www.vape4wholesale.com\/es\/wp-json\/wp\/v2\/product"}],"about":[{"href":"https:\/\/www.vape4wholesale.com\/es\/wp-json\/wp\/v2\/types\/product"}],"replies":[{"embeddable":true,"href":"https:\/\/www.vape4wholesale.com\/es\/wp-json\/wp\/v2\/comments?post=17176"}],"wp:featuredmedia":[{"embeddable":true,"href":"https:\/\/www.vape4wholesale.com\/es\/wp-json\/wp\/v2\/media\/17184"}],"wp:attachment":[{"href":"https:\/\/www.vape4wholesale.com\/es\/wp-json\/wp\/v2\/media?parent=17176"}],"wp:term":[{"taxonomy":"pwb-brand","embeddable":true,"href":"https:\/\/www.vape4wholesale.com\/es\/wp-json\/wp\/v2\/pwb-brand?post=17176"},{"taxonomy":"product_cat","embeddable":true,"href":"https:\/\/www.vape4wholesale.com\/es\/wp-json\/wp\/v2\/product_cat?post=17176"},{"taxonomy":"product_tag","embeddable":true,"href":"https:\/\/www.vape4wholesale.com\/es\/wp-json\/wp\/v2\/product_tag?post=17176"}],"curies":[{"name":"wp","href":"https:\/\/api.w.org\/{rel}","templated":true}]}}