{"id":16776,"date":"2024-07-23T10:20:13","date_gmt":"2024-07-23T02:20:13","guid":{"rendered":"https:\/\/www.vape4wholesale.com\/?post_type=product&#038;p=16776"},"modified":"2026-01-27T14:46:39","modified_gmt":"2026-01-27T14:46:39","slug":"vapsolo-dg18000-vape-desechable-al-por-mayor","status":"publish","type":"product","link":"https:\/\/www.vape4wholesale.com\/es\/producto\/vapsolo-dg18000-vape-desechable-al-por-mayor","title":{"rendered":"Vapsolo DG18000 Vape desechable al por mayor"},"content":{"rendered":"<p>El Vapsolo DG18000 es un vape desechable con pantalla digital, Su cuerpo esta hecho de 2 colores similares cosidos juntos, se construye con 28ml de eliquid y con una bateria recargable de 650mah, que soporta hasta 18000 Puffs.<\/p>\n<p>El Vapsolo DG18000 cuenta con sistema de control de flujo de aire y con 2 modos: modo inteligente y modo boost.<\/p>\n<p>La pantalla LCD muestra la bater\u00eda y el nivel de eiquid en tiempo real.<\/p>\n<p>Pida al por mayor nuestra amplia selecci\u00f3n 10 sabores de Vapsolo DG18000 con el mejor precio y env\u00edo r\u00e1pido.<\/p>\n<h2>Vapsolo DG18000 Detalles r\u00e1pidos<\/h2>\n<ul>\n<li>Bater\u00eda recargable de 650 mAh<\/li>\n<li>28 ml de e-l\u00edquido precargado<\/li>\n<li>Potencia de nicotina 2%\/5%<\/li>\n<li>Alcanza hasta 18000 soplidos<\/li>\n<li>Dise\u00f1o no rellenable<\/li>\n<li>Bobina de malla doble<\/li>\n<li>Puerto de carga Tipo-C<\/li>\n<li>10 sabores disponibles<\/li>\n<\/ul>\n<h2><strong>Sabores disponibles:<\/strong><\/h2>\n<ul>\n<li>Melocot\u00f3n Mango Pi\u00f1a<\/li>\n<li>Fruta de la pasi\u00f3n Kiwi Ice<\/li>\n<li>Ar\u00e1ndano Cereza Ar\u00e1ndano<\/li>\n<li>Hielo de sand\u00eda<\/li>\n<li>Fresa Kiwi<\/li>\n<li>Lim\u00f3n lima<\/li>\n<li>Fresa Pl\u00e1tano<\/li>\n<li>Toro rojo<\/li>\n<li>Mezcla de bayas<\/li>\n<li>Sand\u00eda de fresa Prime<\/li>\n<\/ul>\n<h2><strong>Detalles del embalaje:<\/strong><\/h2>\n<ul>\n<li>Individual con envase peque\u00f1o<\/li>\n<li>10 unidades en caja mediana<\/li>\n<li>200 unidades por caja \/19KG<\/li>\n<\/ul>\n<figure id=\"attachment_16777\" aria-describedby=\"caption-attachment-16777\" style=\"width: 600px\" class=\"wp-caption alignnone\"><img loading=\"lazy\" decoding=\"async\" class=\"size-full wp-image-16777\" title=\"Vapsolo DG18000 Vape desechable al por mayor ar\u00e1ndano cereza cranberr\" src=\"https:\/\/www.vape4wholesale.com\/wp-content\/uploads\/2024\/09\/Vapsolo-DG18000-Disposable-Vape-Wholesale-blueberry-cherry-cranberr.png\" alt=\"Vapsolo DG18000 Vape desechable al por mayor ar\u00e1ndano cereza cranberr\" width=\"600\" height=\"600\" srcset=\"https:\/\/www.vape4wholesale.com\/wp-content\/uploads\/2024\/09\/Vapsolo-DG18000-Disposable-Vape-Wholesale-blueberry-cherry-cranberr.png 600w, https:\/\/www.vape4wholesale.com\/wp-content\/uploads\/2024\/09\/Vapsolo-DG18000-Disposable-Vape-Wholesale-blueberry-cherry-cranberr-247x247.png 247w, https:\/\/www.vape4wholesale.com\/wp-content\/uploads\/2024\/09\/Vapsolo-DG18000-Disposable-Vape-Wholesale-blueberry-cherry-cranberr-100x100.png 100w, https:\/\/www.vape4wholesale.com\/wp-content\/uploads\/2024\/09\/Vapsolo-DG18000-Disposable-Vape-Wholesale-blueberry-cherry-cranberr-510x510.png 510w, https:\/\/www.vape4wholesale.com\/wp-content\/uploads\/2024\/09\/Vapsolo-DG18000-Disposable-Vape-Wholesale-blueberry-cherry-cranberr-64x64.png 64w, https:\/\/www.vape4wholesale.com\/wp-content\/uploads\/2024\/09\/Vapsolo-DG18000-Disposable-Vape-Wholesale-blueberry-cherry-cranberr-300x300.png 300w, https:\/\/www.vape4wholesale.com\/wp-content\/uploads\/2024\/09\/Vapsolo-DG18000-Disposable-Vape-Wholesale-blueberry-cherry-cranberr-150x150.png 150w, https:\/\/www.vape4wholesale.com\/wp-content\/uploads\/2024\/09\/Vapsolo-DG18000-Disposable-Vape-Wholesale-blueberry-cherry-cranberr-12x12.png 12w\" sizes=\"auto, (max-width: 600px) 100vw, 600px\" \/><figcaption id=\"caption-attachment-16777\" class=\"wp-caption-text\">Vapsolo DG18000 Vape desechable al por mayor<\/figcaption><\/figure>\n<h2>\u00bfPOR QU\u00c9 NOSOTROS?<\/h2>\r\n<ul>\r\n<li>Fuente de vape real, fiable y profesional.<\/li>\r\n<li>100% Garant\u00eda de autenticidad: S\u00f3lo proporcionamos productos originales y genuinos, rechazamos la falsificaci\u00f3n.<\/li>\r\n<li>100% Garant\u00eda de entrega: Utilizamos el mejor m\u00e9todo de env\u00edo para asegurarnos de que recibes el pedido 100%.<\/li>\r\n<li>Le daremos el n\u00famero de seguimiento y la etiqueta de env\u00edo despu\u00e9s del env\u00edo, y realizaremos el seguimiento de la mercanc\u00eda por usted hasta que la firme.<\/li>\r\n<li>Sin problemas aduaneros ni aranceles<\/li>\r\n<\/ul>","protected":false},"excerpt":{"rendered":"<p><b><span style=\"color: #00a859;\">Free shipping<\/span>\u00a0from Europe warehouse, 7-15 working days delivery time.<\/b><\/p>\r\n<div class=\"wsppc_div_block woocommerce_before_add_to_cart_form\">\r\n<p><strong>Clear customs before delivery &amp; 100% Delivery Guarantee<\/strong><\/p>\r\n<\/div>","protected":false},"featured_media":16777,"comment_status":"open","ping_status":"closed","template":"","meta":[],"pwb-brand":[1271],"product_cat":[872],"product_tag":[22,24,719,793,899],"class_list":{"0":"post-16776","1":"product","2":"type-product","3":"status-publish","4":"has-post-thumbnail","6":"pwb-brand-vapsolo","7":"product_cat-15k-20k-puffs","8":"product_tag-disposable","9":"product_tag-wholesale","10":"product_tag-18000-puffs","11":"product_tag-28-0ml","12":"product_tag-vapsolo","13":"product_shipping_class-vapsolo-cn-eu","14":"wcpa_has_options","16":"first","17":"instock","18":"shipping-taxable","19":"purchasable","20":"product-type-variable"},"aioseo_notices":[],"brands":[{"id":1271,"name":"Vapsolo","slug":"vapsolo"}],"_links":{"self":[{"href":"https:\/\/www.vape4wholesale.com\/es\/wp-json\/wp\/v2\/product\/16776","targetHints":{"allow":["GET"]}}],"collection":[{"href":"https:\/\/www.vape4wholesale.com\/es\/wp-json\/wp\/v2\/product"}],"about":[{"href":"https:\/\/www.vape4wholesale.com\/es\/wp-json\/wp\/v2\/types\/product"}],"replies":[{"embeddable":true,"href":"https:\/\/www.vape4wholesale.com\/es\/wp-json\/wp\/v2\/comments?post=16776"}],"wp:featuredmedia":[{"embeddable":true,"href":"https:\/\/www.vape4wholesale.com\/es\/wp-json\/wp\/v2\/media\/16777"}],"wp:attachment":[{"href":"https:\/\/www.vape4wholesale.com\/es\/wp-json\/wp\/v2\/media?parent=16776"}],"wp:term":[{"taxonomy":"pwb-brand","embeddable":true,"href":"https:\/\/www.vape4wholesale.com\/es\/wp-json\/wp\/v2\/pwb-brand?post=16776"},{"taxonomy":"product_cat","embeddable":true,"href":"https:\/\/www.vape4wholesale.com\/es\/wp-json\/wp\/v2\/product_cat?post=16776"},{"taxonomy":"product_tag","embeddable":true,"href":"https:\/\/www.vape4wholesale.com\/es\/wp-json\/wp\/v2\/product_tag?post=16776"}],"curies":[{"name":"wp","href":"https:\/\/api.w.org\/{rel}","templated":true}]}}