{"id":16608,"date":"2024-08-06T10:57:00","date_gmt":"2024-08-06T02:57:00","guid":{"rendered":"https:\/\/www.vape4wholesale.com\/?post_type=product&#038;p=16608"},"modified":"2026-01-26T13:40:16","modified_gmt":"2026-01-26T13:40:16","slug":"bang-king-coloor-20000-puffs-doble-cristal-vape-desechable-al-por-mayor","status":"publish","type":"product","link":"https:\/\/www.vape4wholesale.com\/es\/product\/bang-king-coloor-20000-puffs-double-crystal-disposable-vape-wholesale","title":{"rendered":"Bang King Coloor 20000 Puffs Doble Cristal Vape Desechable al por mayor"},"content":{"rendered":"<p class=\"detail_name themes_products_title\">El Bang King Coloor 20000 Double Crystal Vape viene con una elegante pantalla LED de bonito dise\u00f1o, se construye con 25ml de eliquid y con una bater\u00eda recargable de 650mah que soporta hasta 20.000 caladas.<\/p>\n<p>la pantalla LED muestra la potencia y el nivel de eliquid, 0% 2% 3% 5% nicotina para elegir.<\/p>\n<p>Pida al por mayor nuestra amplia selecci\u00f3n 12 sabores de Bang King Coloor 20000 doble cristal con el mejor precio y env\u00edo r\u00e1pido.<\/p>\n<h2>Bang King Coloor 20000 Puffs Doble Cristal Detalles R\u00e1pidos<\/h2>\n<ul>\n<li>Nicotina:0% 2% 3% 5%<\/li>\n<li>Bocanadas:20000<\/li>\n<li>Capacidad:25 ml<\/li>\n<li>12 sabores disponibles<\/li>\n<li>Bobina de malla de 1,0ohm<\/li>\n<li>650mah Recargable<\/li>\n<li>Funciones de la pantalla de leds: visualizaci\u00f3n de el\u00edquidos e indicaci\u00f3n de potencia<\/li>\n<li>200 unidades por caja.<\/li>\n<\/ul>\n<h2>Sabores disponibles<\/h2>\n<p>1.Manzana \u00e1cida Frambuesa<br \/>\n2.Hielo de melocot\u00f3n<br \/>\n3.Frutas variadas<br \/>\n4.Sand\u00eda con fresa<br \/>\n5.Hielo de sand\u00eda<br \/>\n6.Hielo de uva<br \/>\n7.Hielo de ar\u00e1ndano<br \/>\n8.Blue Razz<br \/>\n9.Mango fresa<br \/>\n10.Kiwi Maracuy\u00e1 Guayaba<br \/>\n11.Bebida energ\u00e9tica<br \/>\n12.Kiwi fresa<\/p>\n<figure id=\"attachment_16614\" aria-describedby=\"caption-attachment-16614\" style=\"width: 800px\" class=\"wp-caption alignnone\"><img loading=\"lazy\" decoding=\"async\" class=\"wp-image-16614 size-full\" title=\"Bang King Coloor 20000 Puffs Doble Cristal Vape Desechable Mayorista Manzana Agria Frambuesa\" src=\"https:\/\/www.vape4wholesale.com\/wp-content\/uploads\/2024\/08\/Bang-King-Coloor-20000-Puffs-Double-Crystal-Disposable-Vape-Wholesale-Sour-Apple-Raspberry.webp\" alt=\"Bang King Coloor 20000 Puffs Doble Cristal Vape Desechable Mayorista Manzana Agria Frambuesa\" width=\"800\" height=\"800\" srcset=\"https:\/\/www.vape4wholesale.com\/wp-content\/uploads\/2024\/08\/Bang-King-Coloor-20000-Puffs-Double-Crystal-Disposable-Vape-Wholesale-Sour-Apple-Raspberry.webp 800w, https:\/\/www.vape4wholesale.com\/wp-content\/uploads\/2024\/08\/Bang-King-Coloor-20000-Puffs-Double-Crystal-Disposable-Vape-Wholesale-Sour-Apple-Raspberry-247x247.webp 247w, https:\/\/www.vape4wholesale.com\/wp-content\/uploads\/2024\/08\/Bang-King-Coloor-20000-Puffs-Double-Crystal-Disposable-Vape-Wholesale-Sour-Apple-Raspberry-100x100.webp 100w, https:\/\/www.vape4wholesale.com\/wp-content\/uploads\/2024\/08\/Bang-King-Coloor-20000-Puffs-Double-Crystal-Disposable-Vape-Wholesale-Sour-Apple-Raspberry-510x510.webp 510w, https:\/\/www.vape4wholesale.com\/wp-content\/uploads\/2024\/08\/Bang-King-Coloor-20000-Puffs-Double-Crystal-Disposable-Vape-Wholesale-Sour-Apple-Raspberry-64x64.webp 64w, https:\/\/www.vape4wholesale.com\/wp-content\/uploads\/2024\/08\/Bang-King-Coloor-20000-Puffs-Double-Crystal-Disposable-Vape-Wholesale-Sour-Apple-Raspberry-300x300.webp 300w, https:\/\/www.vape4wholesale.com\/wp-content\/uploads\/2024\/08\/Bang-King-Coloor-20000-Puffs-Double-Crystal-Disposable-Vape-Wholesale-Sour-Apple-Raspberry-150x150.webp 150w, https:\/\/www.vape4wholesale.com\/wp-content\/uploads\/2024\/08\/Bang-King-Coloor-20000-Puffs-Double-Crystal-Disposable-Vape-Wholesale-Sour-Apple-Raspberry-768x768.webp 768w, https:\/\/www.vape4wholesale.com\/wp-content\/uploads\/2024\/08\/Bang-King-Coloor-20000-Puffs-Double-Crystal-Disposable-Vape-Wholesale-Sour-Apple-Raspberry-12x12.webp 12w\" sizes=\"auto, (max-width: 800px) 100vw, 800px\" \/><figcaption id=\"caption-attachment-16614\" class=\"wp-caption-text\">Bang King Coloor 20000 Puffs Doble Cristal Vape Desechable al por mayor<\/figcaption><\/figure>\n<figure id=\"attachment_16615\" aria-describedby=\"caption-attachment-16615\" style=\"width: 800px\" class=\"wp-caption alignnone\"><img loading=\"lazy\" decoding=\"async\" class=\"wp-image-16615 size-full\" title=\"Bang King Coloor 20000 Puffs Doble Cristal Vape Desechable Caja de embalaje al por mayor\" src=\"https:\/\/www.vape4wholesale.com\/wp-content\/uploads\/2024\/08\/Bang-King-Coloor-20000-Puffs-Double-Crystal-Disposable-Vape-Wholesale-Packing-box.webp\" alt=\"Bang King Coloor 20000 Puffs Doble Cristal Vape Desechable Caja de embalaje al por mayor\" width=\"800\" height=\"800\" srcset=\"https:\/\/www.vape4wholesale.com\/wp-content\/uploads\/2024\/08\/Bang-King-Coloor-20000-Puffs-Double-Crystal-Disposable-Vape-Wholesale-Packing-box.webp 800w, https:\/\/www.vape4wholesale.com\/wp-content\/uploads\/2024\/08\/Bang-King-Coloor-20000-Puffs-Double-Crystal-Disposable-Vape-Wholesale-Packing-box-247x247.webp 247w, https:\/\/www.vape4wholesale.com\/wp-content\/uploads\/2024\/08\/Bang-King-Coloor-20000-Puffs-Double-Crystal-Disposable-Vape-Wholesale-Packing-box-100x100.webp 100w, https:\/\/www.vape4wholesale.com\/wp-content\/uploads\/2024\/08\/Bang-King-Coloor-20000-Puffs-Double-Crystal-Disposable-Vape-Wholesale-Packing-box-510x510.webp 510w\" sizes=\"auto, (max-width: 800px) 100vw, 800px\" \/><figcaption id=\"caption-attachment-16615\" class=\"wp-caption-text\">Bang King Coloor 20000 Puffs Doble Cristal Vape Desechable Caja de embalaje<\/figcaption><\/figure>\n<h2>\u00bfPOR QU\u00c9 NOSOTROS?<\/h2>\r\n<ul>\r\n<li>Fuente de vape real, fiable y profesional.<\/li>\r\n<li>100% Garant\u00eda de autenticidad: S\u00f3lo proporcionamos productos originales y genuinos, rechazamos la falsificaci\u00f3n.<\/li>\r\n<li>100% Garant\u00eda de entrega: Utilizamos el mejor m\u00e9todo de env\u00edo para asegurarnos de que recibes el pedido 100%.<\/li>\r\n<li>Le daremos el n\u00famero de seguimiento y la etiqueta de env\u00edo despu\u00e9s del env\u00edo, y realizaremos el seguimiento de la mercanc\u00eda por usted hasta que la firme.<\/li>\r\n<li>Sin problemas aduaneros ni aranceles<\/li>\r\n<\/ul>","protected":false},"excerpt":{"rendered":"<div class=\"wsppc_div_block woocommerce_before_add_to_cart_form\">\r\n<p><strong><span style=\"color: #00a859;\">Pasar por la aduana<\/span> antes de la entrega y 100% Garant\u00eda de entrega, Entrega en 19~25 d\u00edas aproximadamente.\u00a0<\/strong><\/p>\r\n<\/div>","protected":false},"featured_media":16618,"comment_status":"open","ping_status":"closed","template":"","meta":[],"pwb-brand":[1275],"product_cat":[873],"product_tag":[24,249,692,794,22],"class_list":{"0":"post-16608","1":"product","2":"type-product","3":"status-publish","4":"has-post-thumbnail","6":"pwb-brand-bang","7":"product_cat-above-20k-puffs","8":"product_tag-wholesale","9":"product_tag-bang","10":"product_tag-25-0ml","11":"product_tag-20000-puffs","12":"product_tag-disposable","13":"wcpa_has_options","15":"first","16":"instock","17":"shipping-taxable","18":"purchasable","19":"product-type-variable"},"aioseo_notices":[],"brands":[{"id":1275,"name":"Bang","slug":"bang"}],"_links":{"self":[{"href":"https:\/\/www.vape4wholesale.com\/es\/wp-json\/wp\/v2\/product\/16608","targetHints":{"allow":["GET"]}}],"collection":[{"href":"https:\/\/www.vape4wholesale.com\/es\/wp-json\/wp\/v2\/product"}],"about":[{"href":"https:\/\/www.vape4wholesale.com\/es\/wp-json\/wp\/v2\/types\/product"}],"replies":[{"embeddable":true,"href":"https:\/\/www.vape4wholesale.com\/es\/wp-json\/wp\/v2\/comments?post=16608"}],"wp:featuredmedia":[{"embeddable":true,"href":"https:\/\/www.vape4wholesale.com\/es\/wp-json\/wp\/v2\/media\/16618"}],"wp:attachment":[{"href":"https:\/\/www.vape4wholesale.com\/es\/wp-json\/wp\/v2\/media?parent=16608"}],"wp:term":[{"taxonomy":"pwb-brand","embeddable":true,"href":"https:\/\/www.vape4wholesale.com\/es\/wp-json\/wp\/v2\/pwb-brand?post=16608"},{"taxonomy":"product_cat","embeddable":true,"href":"https:\/\/www.vape4wholesale.com\/es\/wp-json\/wp\/v2\/product_cat?post=16608"},{"taxonomy":"product_tag","embeddable":true,"href":"https:\/\/www.vape4wholesale.com\/es\/wp-json\/wp\/v2\/product_tag?post=16608"}],"curies":[{"name":"wp","href":"https:\/\/api.w.org\/{rel}","templated":true}]}}