{"id":16512,"date":"2024-07-31T23:32:00","date_gmt":"2024-07-31T15:32:00","guid":{"rendered":"https:\/\/www.vape4wholesale.com\/?post_type=product&#038;p=16512"},"modified":"2026-01-26T13:40:20","modified_gmt":"2026-01-26T13:40:20","slug":"bang-king-coloor-30000-puffs-vape-desechable-al-por-mayor","status":"publish","type":"product","link":"https:\/\/www.vape4wholesale.com\/es\/producto\/bang-king-coloor-30000-puffs-vape-desechable-al-por-mayor","title":{"rendered":"Bang King Coloor 30000 Puffs Vape Desechable al por mayor"},"content":{"rendered":"<p>El Bang King Coloor 30000 Puffs cuenta con un dise\u00f1o de doble sabor que tiene como objetivo una experiencia de vapeo excepcional, equipado con una bobina de malla de 1.0ohm y contiene 36ml de e-l\u00edquido.<\/p>\n<p>Disponible en concentraciones de nicotina de 0%, 2%, 3% y 5%, para satisfacer diversas preferencias y necesidades. La bater\u00eda recargable de 550 mAh con soporte de carga Type-C garantiza que puedas recargar tu vapeador de forma r\u00e1pida y eficiente, manteni\u00e9ndolo listo para su uso en todo momento.<\/p>\n<p>TheBang 30000 Puffs est\u00e1 dise\u00f1ado tanto para principiantes como para vapers experimentados, combinando alta capacidad, facilidad de uso y tecnolog\u00eda avanzada. Su entrega excepcional sabor y dise\u00f1o f\u00e1cil de usar lo convierten en una opci\u00f3n de primera calidad en el mercado vaping. obtener el mejor precio al por mayor y el env\u00edo r\u00e1pido de Vape4Wholesale.<\/p>\n<h2><strong>Bang King Coloor 30000 Puffs Caracter\u00edsticas<\/strong><\/h2>\n<ul>\n<li>Bocanadas: Hasta 30000 caladas<\/li>\n<li>N\u00facleo: Bobina de malla 1.0ohm<\/li>\n<li>E-l\u00edquido: 36ml<\/li>\n<li>Nicotina: 0%\/ 2%\/ 3%\/ 5%<\/li>\n<li>Bater\u00eda: 550 mAh<\/li>\n<li>Recargable: Tipo-C<\/li>\n<li>Pantalla digital LCD<\/li>\n<li>Doble Sabor<\/li>\n<li>Bang 30000 Puffs<\/li>\n<\/ul>\n<h2><strong>Lista de sabores<\/strong><\/h2>\n<ul>\n<li>Hielo de sand\u00eda y menta con ar\u00e1ndanos<\/li>\n<li>Hielo de sand\u00eda, fresa y mango<\/li>\n<li>Fresa Sand\u00eda y Kiwi Fruta de la Pasi\u00f3n Guayaba<\/li>\n<li>Hielo de fresa, sand\u00eda y uva<\/li>\n<li>Hielo de ar\u00e1ndano y hielo de drag\u00f3n negro<\/li>\n<li>Hielo de ar\u00e1ndano y fresa y pl\u00e1tano<\/li>\n<li>Red Bull y sand\u00eda con ar\u00e1ndanos<\/li>\n<li>Red Bull y caramelos de burbujas de sand\u00eda<\/li>\n<li>Ar\u00e1ndano Frambuesa y Melocot\u00f3n Mango Sand\u00eda<\/li>\n<li>Frambuesa con ar\u00e1ndanos y mezcla de frutas enmohecidas<\/li>\n<li>Helado de fresa, kiwi y melocot\u00f3n<\/li>\n<li>Fresa Kiwi &amp; Manzana \u00e1cida Frambuesa<\/li>\n<\/ul>\n<figure id=\"attachment_16526\" aria-describedby=\"caption-attachment-16526\" style=\"width: 800px\" class=\"wp-caption alignnone\"><img loading=\"lazy\" decoding=\"async\" class=\"wp-image-16526 size-full\" title=\"Bang King Coloor 30000 Puffs Vape Desechable al por mayor (2)\" src=\"https:\/\/www.vape4wholesale.com\/wp-content\/uploads\/2024\/07\/Bang-King-Coloor-30000-Puffs-Disposable-Vape-Wholesale-2.jpg\" alt=\"Bang King Coloor 30000 Puffs Vape Desechable al por mayor (2)\" width=\"800\" height=\"800\" srcset=\"https:\/\/www.vape4wholesale.com\/wp-content\/uploads\/2024\/07\/Bang-King-Coloor-30000-Puffs-Disposable-Vape-Wholesale-2.jpg 800w, https:\/\/www.vape4wholesale.com\/wp-content\/uploads\/2024\/07\/Bang-King-Coloor-30000-Puffs-Disposable-Vape-Wholesale-2-247x247.jpg 247w, https:\/\/www.vape4wholesale.com\/wp-content\/uploads\/2024\/07\/Bang-King-Coloor-30000-Puffs-Disposable-Vape-Wholesale-2-100x100.jpg 100w, https:\/\/www.vape4wholesale.com\/wp-content\/uploads\/2024\/07\/Bang-King-Coloor-30000-Puffs-Disposable-Vape-Wholesale-2-510x510.jpg 510w\" sizes=\"auto, (max-width: 800px) 100vw, 800px\" \/><figcaption id=\"caption-attachment-16526\" class=\"wp-caption-text\">Bang King Coloor 30000 Puffs Vape Desechable al por mayor<\/figcaption><\/figure>\n<p><img loading=\"lazy\" decoding=\"async\" class=\"alignnone size-full wp-image-16527\" title=\"Bang King Coloor 30000 Puffs Vape Desechable al por mayor (3)\" src=\"https:\/\/www.vape4wholesale.com\/wp-content\/uploads\/2024\/07\/Bang-King-Coloor-30000-Puffs-Disposable-Vape-Wholesale-3.jpg\" alt=\"Bang King Coloor 30000 Puffs Vape Desechable al por mayor (3)\" width=\"800\" height=\"800\" srcset=\"https:\/\/www.vape4wholesale.com\/wp-content\/uploads\/2024\/07\/Bang-King-Coloor-30000-Puffs-Disposable-Vape-Wholesale-3.jpg 800w, https:\/\/www.vape4wholesale.com\/wp-content\/uploads\/2024\/07\/Bang-King-Coloor-30000-Puffs-Disposable-Vape-Wholesale-3-247x247.jpg 247w, https:\/\/www.vape4wholesale.com\/wp-content\/uploads\/2024\/07\/Bang-King-Coloor-30000-Puffs-Disposable-Vape-Wholesale-3-100x100.jpg 100w, https:\/\/www.vape4wholesale.com\/wp-content\/uploads\/2024\/07\/Bang-King-Coloor-30000-Puffs-Disposable-Vape-Wholesale-3-510x510.jpg 510w\" sizes=\"auto, (max-width: 800px) 100vw, 800px\" \/><\/p>\n<h2>\u00bfPOR QU\u00c9 NOSOTROS?<\/h2>\r\n<ul>\r\n<li>Fuente de vape real, fiable y profesional.<\/li>\r\n<li>100% Garant\u00eda de autenticidad: S\u00f3lo proporcionamos productos originales y genuinos, rechazamos la falsificaci\u00f3n.<\/li>\r\n<li>100% Garant\u00eda de entrega: Utilizamos el mejor m\u00e9todo de env\u00edo para asegurarnos de que recibes el pedido 100%.<\/li>\r\n<li>Le daremos el n\u00famero de seguimiento y la etiqueta de env\u00edo despu\u00e9s del env\u00edo, y realizaremos el seguimiento de la mercanc\u00eda por usted hasta que la firme.<\/li>\r\n<li>Sin problemas aduaneros ni aranceles<\/li>\r\n<\/ul>","protected":false},"excerpt":{"rendered":"<div class=\"wsppc_div_block woocommerce_before_add_to_cart_form\">\r\n<p><strong><span style=\"color: #00a859;\">Clear customs<\/span> before delivery &amp; 100% Delivery Guarantee, Delivery in 19~25 days around.\u00a0<\/strong><\/p>\r\n<\/div>","protected":false},"featured_media":16537,"comment_status":"open","ping_status":"closed","template":"","meta":[],"pwb-brand":[1275],"product_cat":[873],"product_tag":[22,24,249,849,850],"class_list":{"0":"post-16512","1":"product","2":"type-product","3":"status-publish","4":"has-post-thumbnail","6":"pwb-brand-bang","7":"product_cat-above-20k-puffs","8":"product_tag-disposable","9":"product_tag-wholesale","10":"product_tag-bang","11":"product_tag-36-0ml","12":"product_tag-30000-puffs","13":"wcpa_has_options","15":"first","16":"instock","17":"shipping-taxable","18":"purchasable","19":"product-type-variable"},"aioseo_notices":[],"brands":[{"id":1275,"name":"Bang","slug":"bang"}],"_links":{"self":[{"href":"https:\/\/www.vape4wholesale.com\/es\/wp-json\/wp\/v2\/product\/16512","targetHints":{"allow":["GET"]}}],"collection":[{"href":"https:\/\/www.vape4wholesale.com\/es\/wp-json\/wp\/v2\/product"}],"about":[{"href":"https:\/\/www.vape4wholesale.com\/es\/wp-json\/wp\/v2\/types\/product"}],"replies":[{"embeddable":true,"href":"https:\/\/www.vape4wholesale.com\/es\/wp-json\/wp\/v2\/comments?post=16512"}],"wp:featuredmedia":[{"embeddable":true,"href":"https:\/\/www.vape4wholesale.com\/es\/wp-json\/wp\/v2\/media\/16537"}],"wp:attachment":[{"href":"https:\/\/www.vape4wholesale.com\/es\/wp-json\/wp\/v2\/media?parent=16512"}],"wp:term":[{"taxonomy":"pwb-brand","embeddable":true,"href":"https:\/\/www.vape4wholesale.com\/es\/wp-json\/wp\/v2\/pwb-brand?post=16512"},{"taxonomy":"product_cat","embeddable":true,"href":"https:\/\/www.vape4wholesale.com\/es\/wp-json\/wp\/v2\/product_cat?post=16512"},{"taxonomy":"product_tag","embeddable":true,"href":"https:\/\/www.vape4wholesale.com\/es\/wp-json\/wp\/v2\/product_tag?post=16512"}],"curies":[{"name":"wp","href":"https:\/\/api.w.org\/{rel}","templated":true}]}}