{"id":16445,"date":"2024-07-24T15:10:00","date_gmt":"2024-07-24T07:10:00","guid":{"rendered":"https:\/\/www.vape4wholesale.com\/?post_type=product&#038;p=16445"},"modified":"2026-04-15T13:44:18","modified_gmt":"2026-04-15T05:44:18","slug":"vapsolo-twins-20000-puffs-vape-desechable-al-por-mayor","status":"publish","type":"product","link":"https:\/\/www.vape4wholesale.com\/es\/product\/vapsolo-twins-20000-puffs-disposable-vape-wholesale","title":{"rendered":"Vapsolo Twins 20000 Puffs Vape Desechable al por mayor"},"content":{"rendered":"<p>En <a href=\"\/es\/marca_producto\/vapsolo\/\" rel=\"sponsored\">VapSolo<\/a> Twins 20000 es un vapeador desechable premium y de \u00faltima generaci\u00f3n, viene con 25ml de eliquid y con una bobina de malla de 0.6\u03a9 de resistencia, y est\u00e1 construido con una bater\u00eda recargable de 650mah que asegura que soporta hasta 2000 Puffs.<\/p>\n<p>Cuenta con doble sabor para el interruptor y con pantalla inteligente para mostrar la bater\u00eda y el resto de eliquid.<\/p>\n<p>Pida al por mayor nuestra amplia selecci\u00f3n de 10 sabores de Vapsolo Twins con el mejor precio y env\u00edo r\u00e1pido.<\/p>\n<p>Ver el <a title=\"vapesolo twins video\" href=\"https:\/\/youtube.com\/shorts\/jYfwcxRsAnc?si=cJjFvkdWPRfrGENx\" target=\"_blank\" rel=\"noopener\">vapesolo twins video<\/a> para obtener m\u00e1s informaci\u00f3n sobre las caracter\u00edsticas de este producto.<\/p>\n<h2>Vapsolo Twins 20000 Puffs Vape desechable Detalle r\u00e1pido<\/h2>\n<ul>\n<li>Puff: Hasta 20000 caladas<\/li>\n<li>L\u00edquido: 19 ml precargado Dul Tant<\/li>\n<li>Nicotina: 0%\/2%\/3%\/5%<\/li>\n<li>Bater\u00eda: 650mAh Recargable<\/li>\n<li>N\u00facleo: Bobina de malla 1,0 \u03a9<\/li>\n<li>Recargable, puerto de carga tipo C<\/li>\n<li>Pantalla de visualizaci\u00f3n inteligente<\/li>\n<li>Bobina de malla doble<\/li>\n<li>Control del flujo de aire<\/li>\n<li>2 en 1 Multi Sabor<\/li>\n<li>Kit de c\u00e1psulas activadas por sorteo<\/li>\n<li>Dispositivo de vapeo MTL y f\u00e1cil de usar<\/li>\n<\/ul>\n<h2>Sabores disponibles<\/h2>\n<p>01# Lemon Lime &amp; Watermelon Ice<br \/>\n02# Grape Ice &amp; Strawberry Kiwi<br \/>\n03# Pineapple Coconut&amp; Strawberry Banana<br \/>\n04# Orange Mango Watermelon &amp; Red Bull<br \/>\n05# Blueberry Ice &amp; Fizzy Cherry<br \/>\n06# Watermelon Ice &amp; Mixed Berry<br \/>\n07# Strawberry Banana &amp; Fizzy Cherry<br \/>\n08# Strawberry Raspberry Cherry Ice &amp; Grape Ice<br \/>\n09# Blue Razz Lemonade &amp; Lemon Lime<br \/>\n10# Sand\u00eda Helada &amp; Fresa Mango<br \/>\n11# Sand\u00eda Triple Mel\u00f3n y Frambuesa<br \/>\n12# Black ice Dragon Fruit Strawberry &amp; Raspberry Watermelon<br \/>\n13# Pineapple Coconut &amp; Watermelon Ice<br \/>\n14# Strawberry Ice &amp; Mango Peach Watermelon<br \/>\n15# Strawberry Kiwi &amp; Strawberry Raspberry Cherry Ice<br \/>\n16# Triple Melon &amp; Pineapple Coconut<br \/>\n17# Cherry Cola&amp; Juicy Peach Ice<br \/>\n18# Strawberry Watermelon&amp; Gummy Bear<br \/>\n19# Blueberry Blackcurrant&amp; Grapefruit Refresher<br \/>\n20# Passion Fruit Mojito&amp; Triple Mint<\/p>\n<h2>Detalles del embalaje<\/h2>\n<ul>\n<li>Peso unitario\uff1a108g\/pcs<\/li>\n<li>200pcs\/ctn;10cs\/caja<\/li>\n<li>23,3 kg\/ctn<\/li>\n<li>Tama\u00f1o de la caja: 44*43*26,5CM<\/li>\n<\/ul>\n<figure id=\"attachment_16450\" aria-describedby=\"caption-attachment-16450\" style=\"width: 800px\" class=\"wp-caption alignnone\"><img loading=\"lazy\" decoding=\"async\" class=\"size-full wp-image-16450\" title=\"Vapsolo Twins 20000 Puffs Vape Desechable al por mayor BLACK ICE DRAGONFRUIT STRAWBERRY\" src=\"https:\/\/www.vape4wholesale.com\/wp-content\/uploads\/2024\/07\/Vapsolo-Twins-20000-Puffs-Disposable-Vape-Wholesale-BLACK-ICE-DRAGONFRUIT-STRAWBERRY.jpg\" alt=\"Vapsolo Twins 20000 Puffs Vape Desechable al por mayor BLACK ICE DRAGONFRUIT STRAWBERRY\" width=\"800\" height=\"800\" srcset=\"https:\/\/www.vape4wholesale.com\/wp-content\/uploads\/2024\/07\/Vapsolo-Twins-20000-Puffs-Disposable-Vape-Wholesale-BLACK-ICE-DRAGONFRUIT-STRAWBERRY.jpg 800w, https:\/\/www.vape4wholesale.com\/wp-content\/uploads\/2024\/07\/Vapsolo-Twins-20000-Puffs-Disposable-Vape-Wholesale-BLACK-ICE-DRAGONFRUIT-STRAWBERRY-247x247.jpg 247w, https:\/\/www.vape4wholesale.com\/wp-content\/uploads\/2024\/07\/Vapsolo-Twins-20000-Puffs-Disposable-Vape-Wholesale-BLACK-ICE-DRAGONFRUIT-STRAWBERRY-100x100.jpg 100w, https:\/\/www.vape4wholesale.com\/wp-content\/uploads\/2024\/07\/Vapsolo-Twins-20000-Puffs-Disposable-Vape-Wholesale-BLACK-ICE-DRAGONFRUIT-STRAWBERRY-510x510.jpg 510w, https:\/\/www.vape4wholesale.com\/wp-content\/uploads\/2024\/07\/Vapsolo-Twins-20000-Puffs-Disposable-Vape-Wholesale-BLACK-ICE-DRAGONFRUIT-STRAWBERRY-64x64.jpg 64w, https:\/\/www.vape4wholesale.com\/wp-content\/uploads\/2024\/07\/Vapsolo-Twins-20000-Puffs-Disposable-Vape-Wholesale-BLACK-ICE-DRAGONFRUIT-STRAWBERRY-300x300.jpg 300w, https:\/\/www.vape4wholesale.com\/wp-content\/uploads\/2024\/07\/Vapsolo-Twins-20000-Puffs-Disposable-Vape-Wholesale-BLACK-ICE-DRAGONFRUIT-STRAWBERRY-150x150.jpg 150w, https:\/\/www.vape4wholesale.com\/wp-content\/uploads\/2024\/07\/Vapsolo-Twins-20000-Puffs-Disposable-Vape-Wholesale-BLACK-ICE-DRAGONFRUIT-STRAWBERRY-768x768.jpg 768w, https:\/\/www.vape4wholesale.com\/wp-content\/uploads\/2024\/07\/Vapsolo-Twins-20000-Puffs-Disposable-Vape-Wholesale-BLACK-ICE-DRAGONFRUIT-STRAWBERRY-12x12.jpg 12w\" sizes=\"auto, (max-width: 800px) 100vw, 800px\" \/><figcaption id=\"caption-attachment-16450\" class=\"wp-caption-text\">Vapsolo Twins 20000 Puffs Vape Desechable al por mayor<\/figcaption><\/figure>\n<h2>\u00bfPOR QU\u00c9 NOSOTROS?<\/h2>\r\n<ul>\r\n<li>Fuente de vape real, fiable y profesional.<\/li>\r\n<li>100% Garant\u00eda de autenticidad: S\u00f3lo proporcionamos productos originales y genuinos, rechazamos la falsificaci\u00f3n.<\/li>\r\n<li>100% Garant\u00eda de entrega: Utilizamos el mejor m\u00e9todo de env\u00edo para asegurarnos de que recibes el pedido 100%.<\/li>\r\n<li>Le daremos el n\u00famero de seguimiento y la etiqueta de env\u00edo despu\u00e9s del env\u00edo, y realizaremos el seguimiento de la mercanc\u00eda por usted hasta que la firme.<\/li>\r\n<li>Sin problemas aduaneros ni aranceles<\/li>\r\n<\/ul>","protected":false},"excerpt":{"rendered":"<p><b><span style=\"color: #00a859;\">Free shipping<\/span>\u00a0from Europe warehouse, 7-15 working days delivery time.<\/b><\/p>\r\n<div class=\"wsppc_div_block woocommerce_before_add_to_cart_form\">\r\n<p><strong>Clear customs before delivery &amp; 100% Delivery Guarantee<\/strong><\/p>\r\n<\/div>","protected":false},"featured_media":16447,"comment_status":"open","ping_status":"closed","template":"","meta":[],"pwb-brand":[1271],"product_cat":[938],"product_tag":[22,24,692,794,899],"class_list":{"0":"post-16445","1":"product","2":"type-product","3":"status-publish","4":"has-post-thumbnail","6":"pwb-brand-vapsolo","7":"product_cat-europe-warehouse","8":"product_tag-disposable","9":"product_tag-wholesale","10":"product_tag-25-0ml","11":"product_tag-20000-puffs","12":"product_tag-vapsolo","13":"product_shipping_class-eu-warehouse","14":"wcpa_has_options","16":"first","17":"instock","18":"shipping-taxable","19":"purchasable","20":"product-type-variable"},"aioseo_notices":[],"brands":[{"id":1271,"name":"Vapsolo","slug":"vapsolo"}],"_links":{"self":[{"href":"https:\/\/www.vape4wholesale.com\/es\/wp-json\/wp\/v2\/product\/16445","targetHints":{"allow":["GET"]}}],"collection":[{"href":"https:\/\/www.vape4wholesale.com\/es\/wp-json\/wp\/v2\/product"}],"about":[{"href":"https:\/\/www.vape4wholesale.com\/es\/wp-json\/wp\/v2\/types\/product"}],"replies":[{"embeddable":true,"href":"https:\/\/www.vape4wholesale.com\/es\/wp-json\/wp\/v2\/comments?post=16445"}],"wp:featuredmedia":[{"embeddable":true,"href":"https:\/\/www.vape4wholesale.com\/es\/wp-json\/wp\/v2\/media\/16447"}],"wp:attachment":[{"href":"https:\/\/www.vape4wholesale.com\/es\/wp-json\/wp\/v2\/media?parent=16445"}],"wp:term":[{"taxonomy":"pwb-brand","embeddable":true,"href":"https:\/\/www.vape4wholesale.com\/es\/wp-json\/wp\/v2\/pwb-brand?post=16445"},{"taxonomy":"product_cat","embeddable":true,"href":"https:\/\/www.vape4wholesale.com\/es\/wp-json\/wp\/v2\/product_cat?post=16445"},{"taxonomy":"product_tag","embeddable":true,"href":"https:\/\/www.vape4wholesale.com\/es\/wp-json\/wp\/v2\/product_tag?post=16445"}],"curies":[{"name":"wp","href":"https:\/\/api.w.org\/{rel}","templated":true}]}}