{"id":16379,"date":"2024-07-24T11:33:00","date_gmt":"2024-07-24T03:33:00","guid":{"rendered":"https:\/\/www.vape4wholesale.com\/?post_type=product&#038;p=16379"},"modified":"2026-03-30T08:19:54","modified_gmt":"2026-03-30T00:19:54","slug":"vapsolo-super-15000-puffs-vape-desechable-al-por-mayor","status":"publish","type":"product","link":"https:\/\/www.vape4wholesale.com\/es\/product\/vapsolo-super-15000-puffs-disposable-vape-wholesale","title":{"rendered":"Vapsolo Super 15000 Puffs Vape desechable al por mayor"},"content":{"rendered":"<p>En <a href=\"\/es\/marca_producto\/vapsolo\/\">Vapsolo<\/a> Super 15000 Puffs es un vapeador desechable recargable de alta calidad que ofrece hasta 15.000 caladas con opciones de nicotina 2% o 5%, con una bater\u00eda de 650mAh, 25ml de capacidad de e-liguid, y una variedad de ricos sabores, perfecto para mayoristas y minoristas que buscan productos de vapeo de alta calidad.<\/p>\n<p>Pida a granel nuestra amplia selecci\u00f3n de 15 sabores de Vapsolo Super 15000 puffs vape con el mejor precio y env\u00edo r\u00e1pido.<\/p>\n<h2><strong>Vapsolo Super 15000 Puffs Vape desechable Detalle r\u00e1pido<\/strong><\/h2>\n<ul>\n<li>Puffs: 15000 Puffs<\/li>\n<li>4 niveles de flujo de aire<\/li>\n<li>Capacidad del E-l\u00edquido: 25 ML<\/li>\n<li>Capacidad de la bater\u00eda: 650MAH<\/li>\n<li>Bobina de malla<\/li>\n<li>Resistencia de la bobina: 1,0\u03a9<\/li>\n<li>puerto tipo c, recargable<\/li>\n<\/ul>\n<h2><strong>Sabores disponibles<\/strong><\/h2>\n<ol>\n<li>Blue Razz<\/li>\n<li>Hielo de ar\u00e1ndanos<\/li>\n<li>Manzana doble<\/li>\n<li>Hielo de sand\u00eda<\/li>\n<li>Fresa Kiwi<\/li>\n<li>Mezcla de bayas<\/li>\n<li>Red Bull<\/li>\n<li>Ar\u00e1ndano Cereza Ar\u00e1ndano<\/li>\n<li>Lim\u00f3n Lima<\/li>\n<li>Bolos<\/li>\n<li>Sue\u00f1o de verano<\/li>\n<li>Fresa Pl\u00e1tano<\/li>\n<li>Sand\u00eda con frambuesa<\/li>\n<li>Cola de ar\u00e1ndanos y cerezas<\/li>\n<li>Black Ice Dragonfruit Fresa<\/li>\n<li>Cola de fresa y vainilla<\/li>\n<li>Limonada rosa<\/li>\n<li>Fresa helada<\/li>\n<li>Melocot\u00f3n Mango Pi\u00f1a<\/li>\n<li>Hielo de ar\u00e1ndano y grosella negra<\/li>\n<\/ol>\n<h2><strong>Lista de embalaje<\/strong><\/h2>\n<p>200pcs\/ctn; 21.9kg\/ctn<br \/>\nTama\u00f1o de la caja: 44*43*26,5CM<\/p>\n<figure id=\"attachment_16389\" aria-describedby=\"caption-attachment-16389\" style=\"width: 800px\" class=\"wp-caption alignnone\"><img loading=\"lazy\" decoding=\"async\" class=\"size-full wp-image-16389\" title=\"Vapsolo Super 15000 Puffs Vape desechable al por mayor Red Bull\" src=\"https:\/\/www.vape4wholesale.com\/wp-content\/uploads\/2024\/07\/Vapsolo-Super-15000-Puffs-Disposable-Vape-Wholesale-Red-Bull.jpg\" alt=\"Vapsolo Super 15000 Puffs Vape desechable al por mayor Red Bull\" width=\"800\" height=\"800\" srcset=\"https:\/\/www.vape4wholesale.com\/wp-content\/uploads\/2024\/07\/Vapsolo-Super-15000-Puffs-Disposable-Vape-Wholesale-Red-Bull.jpg 800w, https:\/\/www.vape4wholesale.com\/wp-content\/uploads\/2024\/07\/Vapsolo-Super-15000-Puffs-Disposable-Vape-Wholesale-Red-Bull-247x247.jpg 247w, https:\/\/www.vape4wholesale.com\/wp-content\/uploads\/2024\/07\/Vapsolo-Super-15000-Puffs-Disposable-Vape-Wholesale-Red-Bull-100x100.jpg 100w, https:\/\/www.vape4wholesale.com\/wp-content\/uploads\/2024\/07\/Vapsolo-Super-15000-Puffs-Disposable-Vape-Wholesale-Red-Bull-510x510.jpg 510w, https:\/\/www.vape4wholesale.com\/wp-content\/uploads\/2024\/07\/Vapsolo-Super-15000-Puffs-Disposable-Vape-Wholesale-Red-Bull-64x64.jpg 64w, https:\/\/www.vape4wholesale.com\/wp-content\/uploads\/2024\/07\/Vapsolo-Super-15000-Puffs-Disposable-Vape-Wholesale-Red-Bull-300x300.jpg 300w, https:\/\/www.vape4wholesale.com\/wp-content\/uploads\/2024\/07\/Vapsolo-Super-15000-Puffs-Disposable-Vape-Wholesale-Red-Bull-150x150.jpg 150w, https:\/\/www.vape4wholesale.com\/wp-content\/uploads\/2024\/07\/Vapsolo-Super-15000-Puffs-Disposable-Vape-Wholesale-Red-Bull-768x768.jpg 768w, https:\/\/www.vape4wholesale.com\/wp-content\/uploads\/2024\/07\/Vapsolo-Super-15000-Puffs-Disposable-Vape-Wholesale-Red-Bull-12x12.jpg 12w\" sizes=\"auto, (max-width: 800px) 100vw, 800px\" \/><figcaption id=\"caption-attachment-16389\" class=\"wp-caption-text\">Vapsolo Super 15000 Puffs Vape desechable al por mayor<\/figcaption><\/figure>\n<h2>\u00bfPOR QU\u00c9 NOSOTROS?<\/h2>\r\n<ul>\r\n<li>Fuente de vape real, fiable y profesional.<\/li>\r\n<li>100% Garant\u00eda de autenticidad: S\u00f3lo proporcionamos productos originales y genuinos, rechazamos la falsificaci\u00f3n.<\/li>\r\n<li>100% Garant\u00eda de entrega: Utilizamos el mejor m\u00e9todo de env\u00edo para asegurarnos de que recibes el pedido 100%.<\/li>\r\n<li>Le daremos el n\u00famero de seguimiento y la etiqueta de env\u00edo despu\u00e9s del env\u00edo, y realizaremos el seguimiento de la mercanc\u00eda por usted hasta que la firme.<\/li>\r\n<li>Sin problemas aduaneros ni aranceles<\/li>\r\n<\/ul>","protected":false},"excerpt":{"rendered":"<p><b><span style=\"color: #00a859;\">Free shipping<\/span>\u00a0from Europe warehouse, 7-15 working days delivery time.<\/b><\/p>\r\n<div class=\"wsppc_div_block woocommerce_before_add_to_cart_form\">\r\n<p><strong>Clear customs before delivery &amp; 100% Delivery Guarantee<\/strong><\/p>\r\n<\/div>","protected":false},"featured_media":16388,"comment_status":"open","ping_status":"closed","template":"","meta":[],"pwb-brand":[1271],"product_cat":[938],"product_tag":[22,24,684,692,899],"class_list":{"0":"post-16379","1":"product","2":"type-product","3":"status-publish","4":"has-post-thumbnail","6":"pwb-brand-vapsolo","7":"product_cat-europe-warehouse","8":"product_tag-disposable","9":"product_tag-wholesale","10":"product_tag-15000-puffs","11":"product_tag-25-0ml","12":"product_tag-vapsolo","13":"product_shipping_class-eu-warehouse","14":"wcpa_has_options","16":"first","17":"instock","18":"shipping-taxable","19":"purchasable","20":"product-type-variable"},"aioseo_notices":[],"brands":[{"id":1271,"name":"Vapsolo","slug":"vapsolo"}],"_links":{"self":[{"href":"https:\/\/www.vape4wholesale.com\/es\/wp-json\/wp\/v2\/product\/16379","targetHints":{"allow":["GET"]}}],"collection":[{"href":"https:\/\/www.vape4wholesale.com\/es\/wp-json\/wp\/v2\/product"}],"about":[{"href":"https:\/\/www.vape4wholesale.com\/es\/wp-json\/wp\/v2\/types\/product"}],"replies":[{"embeddable":true,"href":"https:\/\/www.vape4wholesale.com\/es\/wp-json\/wp\/v2\/comments?post=16379"}],"wp:featuredmedia":[{"embeddable":true,"href":"https:\/\/www.vape4wholesale.com\/es\/wp-json\/wp\/v2\/media\/16388"}],"wp:attachment":[{"href":"https:\/\/www.vape4wholesale.com\/es\/wp-json\/wp\/v2\/media?parent=16379"}],"wp:term":[{"taxonomy":"pwb-brand","embeddable":true,"href":"https:\/\/www.vape4wholesale.com\/es\/wp-json\/wp\/v2\/pwb-brand?post=16379"},{"taxonomy":"product_cat","embeddable":true,"href":"https:\/\/www.vape4wholesale.com\/es\/wp-json\/wp\/v2\/product_cat?post=16379"},{"taxonomy":"product_tag","embeddable":true,"href":"https:\/\/www.vape4wholesale.com\/es\/wp-json\/wp\/v2\/product_tag?post=16379"}],"curies":[{"name":"wp","href":"https:\/\/api.w.org\/{rel}","templated":true}]}}