{"id":16238,"date":"2024-07-19T21:24:00","date_gmt":"2024-07-19T13:24:00","guid":{"rendered":"https:\/\/www.vape4wholesale.com\/?post_type=product&#038;p=16238"},"modified":"2026-01-27T14:50:06","modified_gmt":"2026-01-27T14:50:06","slug":"bang-engranaje-mecanico-20000-puffs-vape-desechable-al-por-mayor","status":"publish","type":"product","link":"https:\/\/www.vape4wholesale.com\/es\/product\/bang-mechanical-gear-20000-puffs-disposable-vape-wholesale","title":{"rendered":"Bang Mechanical Gear 20000 Puffs Vape desechable al por mayor"},"content":{"rendered":"<p>El Bang Mechanical Gear 20000 es un vapeador desechable con un engranaje mecanico que gira al vapear, contiene 25ml de eliquid y una bateria recargable de 550mAh que soporta hasta 20000 Puffs.<\/p>\n<p>Pide a granel nuestra amplia selecci\u00f3n de 16 sabores Bang Mechanical Gear vape en 0%, 2%, 3%, 5% nicotina con el mejor precio y env\u00edo r\u00e1pido.<\/p>\n<h2><strong>Bang Mechanical Gear 20000 Vape Caracter\u00edsticas<\/strong><\/h2>\n<ul>\n<li>Bocanadas: HASTA 20000 caladas<\/li>\n<li>eL\u00edquido: 25 ml de e-l\u00edquido precargado<\/li>\n<li>Nicotina: 0%\/ 2%\/ 3%\/ 5%Sal de nicotina<\/li>\n<li>Tipos:Desechables<\/li>\n<li>Bater\u00eda de 500 mAh<\/li>\n<li>Pantalla LED<\/li>\n<li>Tipo-c recargable<\/li>\n<li>12 sabores disponibles<\/li>\n<\/ul>\n<p>&nbsp;<\/p>\n<h2><strong>Lista de sabores<\/strong><\/h2>\n<p>1.Mango fresa<br \/>\n2.Bebida energ\u00e9tica<br \/>\n3.Limonada de ar\u00e1ndanos y cerezas<br \/>\n4.Hielo de drag\u00f3n negro<br \/>\n5. Hielo de melocot\u00f3n<br \/>\n6.Fresa Pl\u00e1tano<br \/>\n7.Mezcla de frutas<br \/>\n8.Hielo de ar\u00e1ndano<br \/>\n9.Hielo de sand\u00eda<br \/>\n10.Kiwi fresa<br \/>\n11.Frambuesa Bleueberry<br \/>\n12.Sand\u00eda con fresa<\/p>\n<figure id=\"attachment_16239\" aria-describedby=\"caption-attachment-16239\" style=\"width: 800px\" class=\"wp-caption alignnone\"><img loading=\"lazy\" decoding=\"async\" class=\"size-full wp-image-16239\" title=\"Bang Mechanical Gear 20000 Puffs Vape desechable al por mayor (5)\" src=\"https:\/\/www.vape4wholesale.com\/wp-content\/uploads\/2024\/07\/Bang-Mechanical-Gear-20000-Puffs-Disposable-Vape-Wholesale-5.jpg\" alt=\"Bang Mechanical Gear 20000 Puffs Vape desechable al por mayor (5)\" width=\"800\" height=\"800\" srcset=\"https:\/\/www.vape4wholesale.com\/wp-content\/uploads\/2024\/07\/Bang-Mechanical-Gear-20000-Puffs-Disposable-Vape-Wholesale-5.jpg 800w, https:\/\/www.vape4wholesale.com\/wp-content\/uploads\/2024\/07\/Bang-Mechanical-Gear-20000-Puffs-Disposable-Vape-Wholesale-5-247x247.jpg 247w, https:\/\/www.vape4wholesale.com\/wp-content\/uploads\/2024\/07\/Bang-Mechanical-Gear-20000-Puffs-Disposable-Vape-Wholesale-5-100x100.jpg 100w, https:\/\/www.vape4wholesale.com\/wp-content\/uploads\/2024\/07\/Bang-Mechanical-Gear-20000-Puffs-Disposable-Vape-Wholesale-5-510x510.jpg 510w, https:\/\/www.vape4wholesale.com\/wp-content\/uploads\/2024\/07\/Bang-Mechanical-Gear-20000-Puffs-Disposable-Vape-Wholesale-5-64x64.jpg 64w, https:\/\/www.vape4wholesale.com\/wp-content\/uploads\/2024\/07\/Bang-Mechanical-Gear-20000-Puffs-Disposable-Vape-Wholesale-5-300x300.jpg 300w, https:\/\/www.vape4wholesale.com\/wp-content\/uploads\/2024\/07\/Bang-Mechanical-Gear-20000-Puffs-Disposable-Vape-Wholesale-5-150x150.jpg 150w, https:\/\/www.vape4wholesale.com\/wp-content\/uploads\/2024\/07\/Bang-Mechanical-Gear-20000-Puffs-Disposable-Vape-Wholesale-5-768x768.jpg 768w\" sizes=\"auto, (max-width: 800px) 100vw, 800px\" \/><figcaption id=\"caption-attachment-16239\" class=\"wp-caption-text\">Bang Mechanical Gear 20000 Puffs Vape desechable al por mayor<\/figcaption><\/figure>\n<h2>\u00bfPOR QU\u00c9 NOSOTROS?<\/h2>\r\n<ul>\r\n<li>Fuente de vape real, fiable y profesional.<\/li>\r\n<li>100% Garant\u00eda de autenticidad: S\u00f3lo proporcionamos productos originales y genuinos, rechazamos la falsificaci\u00f3n.<\/li>\r\n<li>100% Garant\u00eda de entrega: Utilizamos el mejor m\u00e9todo de env\u00edo para asegurarnos de que recibes el pedido 100%.<\/li>\r\n<li>Le daremos el n\u00famero de seguimiento y la etiqueta de env\u00edo despu\u00e9s del env\u00edo, y realizaremos el seguimiento de la mercanc\u00eda por usted hasta que la firme.<\/li>\r\n<li>Sin problemas aduaneros ni aranceles<\/li>\r\n<\/ul>","protected":false},"excerpt":{"rendered":"<div class=\"wsppc_div_block woocommerce_before_add_to_cart_form\">\r\n<p><strong><span style=\"color: #00a859;\">Pasar por la aduana<\/span> antes de la entrega y 100% Garant\u00eda de entrega, Entrega en 19~25 d\u00edas aproximadamente.\u00a0<\/strong><\/p>\r\n<\/div>","protected":false},"featured_media":16244,"comment_status":"open","ping_status":"closed","template":"","meta":[],"pwb-brand":[1275],"product_cat":[873],"product_tag":[22,24,249,692,794],"class_list":{"0":"post-16238","1":"product","2":"type-product","3":"status-publish","4":"has-post-thumbnail","6":"pwb-brand-bang","7":"product_cat-above-20k-puffs","8":"product_tag-disposable","9":"product_tag-wholesale","10":"product_tag-bang","11":"product_tag-25-0ml","12":"product_tag-20000-puffs","13":"wcpa_has_options","15":"first","16":"outofstock","17":"shipping-taxable","18":"purchasable","19":"product-type-variable"},"aioseo_notices":[],"brands":[{"id":1275,"name":"Bang","slug":"bang"}],"_links":{"self":[{"href":"https:\/\/www.vape4wholesale.com\/es\/wp-json\/wp\/v2\/product\/16238","targetHints":{"allow":["GET"]}}],"collection":[{"href":"https:\/\/www.vape4wholesale.com\/es\/wp-json\/wp\/v2\/product"}],"about":[{"href":"https:\/\/www.vape4wholesale.com\/es\/wp-json\/wp\/v2\/types\/product"}],"replies":[{"embeddable":true,"href":"https:\/\/www.vape4wholesale.com\/es\/wp-json\/wp\/v2\/comments?post=16238"}],"wp:featuredmedia":[{"embeddable":true,"href":"https:\/\/www.vape4wholesale.com\/es\/wp-json\/wp\/v2\/media\/16244"}],"wp:attachment":[{"href":"https:\/\/www.vape4wholesale.com\/es\/wp-json\/wp\/v2\/media?parent=16238"}],"wp:term":[{"taxonomy":"pwb-brand","embeddable":true,"href":"https:\/\/www.vape4wholesale.com\/es\/wp-json\/wp\/v2\/pwb-brand?post=16238"},{"taxonomy":"product_cat","embeddable":true,"href":"https:\/\/www.vape4wholesale.com\/es\/wp-json\/wp\/v2\/product_cat?post=16238"},{"taxonomy":"product_tag","embeddable":true,"href":"https:\/\/www.vape4wholesale.com\/es\/wp-json\/wp\/v2\/product_tag?post=16238"}],"curies":[{"name":"wp","href":"https:\/\/api.w.org\/{rel}","templated":true}]}}