{"id":16152,"date":"2024-07-03T09:36:00","date_gmt":"2024-07-03T01:36:00","guid":{"rendered":"https:\/\/www.vape4wholesale.com\/?post_type=product&#038;p=16152"},"modified":"2026-01-26T13:40:43","modified_gmt":"2026-01-26T13:40:43","slug":"fihp-shisha-hookah-15000-pro-vape-desechable-al-por-mayor","status":"publish","type":"product","link":"https:\/\/www.vape4wholesale.com\/es\/product\/fihp-shisha-hookah-15000-pro-disposable-vape-wholesale","title":{"rendered":"FIHP Shisha Hookah 15000 Pro Vape desechable al por mayor"},"content":{"rendered":"<p>El FIHP Shisha Hookah 15000 es un vape desechable Shisha Hookah bien dise\u00f1ado, vienen con un dise\u00f1o de pantalla LED. construir con 650mah bater\u00eda recargable y 20ml eliquid, que soporta m\u00e1ximo 15000 caladas.<\/p>\n<p>Orden a granel nuestros 10 sabores de FIHP Shisha Hookah 15000 Pro con el mejor precio y env\u00edo r\u00e1pido.<\/p>\n<h2><strong>FIHP Shisha Hookah 15000 Pro Caracter\u00edsticas<\/strong><\/h2>\n<p>Bocanadas: 15000 bocanadas, lo que garantiza un uso duradero.<br \/>\nN\u00facleo: Equipado con una bobina de malla de 0,6ohm para una entrega de sabor \u00f3ptima.<br \/>\nE-l\u00edquido: Contiene 22ml de e-l\u00edquido premium, elaborado para un sabor rico y consistente.<br \/>\nNicotina: Bajo contenido de nicotina a 6mg, adecuado para una experiencia vaping suave.<br \/>\nBater\u00eda: Potente bater\u00eda de 650 mAh para un uso prolongado.<br \/>\nRecargable: Puerto Type-C para una recarga r\u00e1pida y c\u00f3moda.<br \/>\nPantalla: Pantalla LED para controlar f\u00e1cilmente la duraci\u00f3n y el uso de la bater\u00eda.<\/p>\n<h2><strong>Lista de sabores<\/strong><\/h2>\n<p>Hielo de sand\u00eda<br \/>\nHielo del Drag\u00f3n Negro<br \/>\nAr\u00e1ndano Frambuesa<br \/>\nFresa Kiwi<br \/>\nMezcla de bayas<br \/>\nSand\u00eda con fresa<br \/>\nPi\u00f1a Colada<br \/>\nMelocot\u00f3n Mango Pi\u00f1a<br \/>\nKiwi Fruta de la pasi\u00f3n Guayaba<br \/>\nFresa Frambuesa Cereza<\/p>\n<figure id=\"attachment_16168\" aria-describedby=\"caption-attachment-16168\" style=\"width: 800px\" class=\"wp-caption alignnone\"><img loading=\"lazy\" decoding=\"async\" class=\"wp-image-16168 size-full\" title=\"FIHP Shisha Hookah 15000 Pro Vape desechable al por mayor (6)\" src=\"https:\/\/www.vape4wholesale.com\/wp-content\/uploads\/2024\/07\/FIHP-Shisha-Hookah-15000-Pro-Disposable-Vape-Wholesale-6.webp\" alt=\"FIHP Shisha Hookah 15000 Pro Vape desechable al por mayor (6)\" width=\"800\" height=\"800\" srcset=\"https:\/\/www.vape4wholesale.com\/wp-content\/uploads\/2024\/07\/FIHP-Shisha-Hookah-15000-Pro-Disposable-Vape-Wholesale-6.webp 800w, https:\/\/www.vape4wholesale.com\/wp-content\/uploads\/2024\/07\/FIHP-Shisha-Hookah-15000-Pro-Disposable-Vape-Wholesale-6-247x247.webp 247w, https:\/\/www.vape4wholesale.com\/wp-content\/uploads\/2024\/07\/FIHP-Shisha-Hookah-15000-Pro-Disposable-Vape-Wholesale-6-100x100.webp 100w, https:\/\/www.vape4wholesale.com\/wp-content\/uploads\/2024\/07\/FIHP-Shisha-Hookah-15000-Pro-Disposable-Vape-Wholesale-6-510x510.webp 510w, https:\/\/www.vape4wholesale.com\/wp-content\/uploads\/2024\/07\/FIHP-Shisha-Hookah-15000-Pro-Disposable-Vape-Wholesale-6-64x64.webp 64w, https:\/\/www.vape4wholesale.com\/wp-content\/uploads\/2024\/07\/FIHP-Shisha-Hookah-15000-Pro-Disposable-Vape-Wholesale-6-300x300.webp 300w, https:\/\/www.vape4wholesale.com\/wp-content\/uploads\/2024\/07\/FIHP-Shisha-Hookah-15000-Pro-Disposable-Vape-Wholesale-6-150x150.webp 150w, https:\/\/www.vape4wholesale.com\/wp-content\/uploads\/2024\/07\/FIHP-Shisha-Hookah-15000-Pro-Disposable-Vape-Wholesale-6-768x768.webp 768w\" sizes=\"auto, (max-width: 800px) 100vw, 800px\" \/><figcaption id=\"caption-attachment-16168\" class=\"wp-caption-text\">FIHP Shisha Hookah 15000 Pro Vape desechable al por mayor<\/figcaption><\/figure>\n<p><img loading=\"lazy\" decoding=\"async\" class=\"alignnone size-full wp-image-16175\" title=\"FIHP Shisha Hookah 15000 Pro Vape desechable al por mayor (13)\" src=\"https:\/\/www.vape4wholesale.com\/wp-content\/uploads\/2024\/07\/FIHP-Shisha-Hookah-15000-Pro-Disposable-Vape-Wholesale-13.webp\" alt=\"FIHP Shisha Hookah 15000 Pro Vape desechable al por mayor (13)\" width=\"800\" height=\"800\" srcset=\"https:\/\/www.vape4wholesale.com\/wp-content\/uploads\/2024\/07\/FIHP-Shisha-Hookah-15000-Pro-Disposable-Vape-Wholesale-13.webp 800w, https:\/\/www.vape4wholesale.com\/wp-content\/uploads\/2024\/07\/FIHP-Shisha-Hookah-15000-Pro-Disposable-Vape-Wholesale-13-247x247.webp 247w, https:\/\/www.vape4wholesale.com\/wp-content\/uploads\/2024\/07\/FIHP-Shisha-Hookah-15000-Pro-Disposable-Vape-Wholesale-13-100x100.webp 100w, https:\/\/www.vape4wholesale.com\/wp-content\/uploads\/2024\/07\/FIHP-Shisha-Hookah-15000-Pro-Disposable-Vape-Wholesale-13-510x510.webp 510w, https:\/\/www.vape4wholesale.com\/wp-content\/uploads\/2024\/07\/FIHP-Shisha-Hookah-15000-Pro-Disposable-Vape-Wholesale-13-64x64.webp 64w, https:\/\/www.vape4wholesale.com\/wp-content\/uploads\/2024\/07\/FIHP-Shisha-Hookah-15000-Pro-Disposable-Vape-Wholesale-13-300x300.webp 300w, https:\/\/www.vape4wholesale.com\/wp-content\/uploads\/2024\/07\/FIHP-Shisha-Hookah-15000-Pro-Disposable-Vape-Wholesale-13-150x150.webp 150w, https:\/\/www.vape4wholesale.com\/wp-content\/uploads\/2024\/07\/FIHP-Shisha-Hookah-15000-Pro-Disposable-Vape-Wholesale-13-768x768.webp 768w\" sizes=\"auto, (max-width: 800px) 100vw, 800px\" \/> <img loading=\"lazy\" decoding=\"async\" class=\"alignnone size-full wp-image-16163\" title=\"FIHP Shisha Hookah 15000 Pro Vape desechable al por mayor (1)\" src=\"https:\/\/www.vape4wholesale.com\/wp-content\/uploads\/2024\/07\/FIHP-Shisha-Hookah-15000-Pro-Disposable-Vape-Wholesale-1.webp\" alt=\"FIHP Shisha Hookah 15000 Pro Vape desechable al por mayor (1)\" width=\"800\" height=\"800\" srcset=\"https:\/\/www.vape4wholesale.com\/wp-content\/uploads\/2024\/07\/FIHP-Shisha-Hookah-15000-Pro-Disposable-Vape-Wholesale-1.webp 800w, https:\/\/www.vape4wholesale.com\/wp-content\/uploads\/2024\/07\/FIHP-Shisha-Hookah-15000-Pro-Disposable-Vape-Wholesale-1-247x247.webp 247w, https:\/\/www.vape4wholesale.com\/wp-content\/uploads\/2024\/07\/FIHP-Shisha-Hookah-15000-Pro-Disposable-Vape-Wholesale-1-100x100.webp 100w, https:\/\/www.vape4wholesale.com\/wp-content\/uploads\/2024\/07\/FIHP-Shisha-Hookah-15000-Pro-Disposable-Vape-Wholesale-1-510x510.webp 510w, https:\/\/www.vape4wholesale.com\/wp-content\/uploads\/2024\/07\/FIHP-Shisha-Hookah-15000-Pro-Disposable-Vape-Wholesale-1-64x64.webp 64w, https:\/\/www.vape4wholesale.com\/wp-content\/uploads\/2024\/07\/FIHP-Shisha-Hookah-15000-Pro-Disposable-Vape-Wholesale-1-300x300.webp 300w, https:\/\/www.vape4wholesale.com\/wp-content\/uploads\/2024\/07\/FIHP-Shisha-Hookah-15000-Pro-Disposable-Vape-Wholesale-1-150x150.webp 150w, https:\/\/www.vape4wholesale.com\/wp-content\/uploads\/2024\/07\/FIHP-Shisha-Hookah-15000-Pro-Disposable-Vape-Wholesale-1-768x768.webp 768w\" sizes=\"auto, (max-width: 800px) 100vw, 800px\" \/><\/p>\n<h2>\u00bfPOR QU\u00c9 NOSOTROS?<\/h2>\r\n<ul>\r\n<li>Fuente de vape real, fiable y profesional.<\/li>\r\n<li>100% Garant\u00eda de autenticidad: S\u00f3lo proporcionamos productos originales y genuinos, rechazamos la falsificaci\u00f3n.<\/li>\r\n<li>100% Garant\u00eda de entrega: Utilizamos el mejor m\u00e9todo de env\u00edo para asegurarnos de que recibes el pedido 100%.<\/li>\r\n<li>Le daremos el n\u00famero de seguimiento y la etiqueta de env\u00edo despu\u00e9s del env\u00edo, y realizaremos el seguimiento de la mercanc\u00eda por usted hasta que la firme.<\/li>\r\n<li>Sin problemas aduaneros ni aranceles<\/li>\r\n<\/ul>","protected":false},"excerpt":{"rendered":"<div class=\"wsppc_div_block woocommerce_before_add_to_cart_form\">\r\n<p><strong><span style=\"color: #00a859;\">Pasar por la aduana<\/span> antes de la entrega y 100% Garant\u00eda de entrega, Entrega en 19~25 d\u00edas aproximadamente.\u00a0<\/strong><\/p>\r\n<\/div>","protected":false},"featured_media":16166,"comment_status":"open","ping_status":"closed","template":"","meta":[],"pwb-brand":[1279],"product_cat":[871],"product_tag":[24,684,877,878,22],"class_list":{"0":"post-16152","1":"product","2":"type-product","3":"status-publish","4":"has-post-thumbnail","6":"pwb-brand-fihp","7":"product_cat-10-15k-puffs","8":"product_tag-wholesale","9":"product_tag-15000-puffs","10":"product_tag-22-0ml","11":"product_tag-fihp","12":"product_tag-disposable","14":"first","15":"instock","16":"shipping-taxable","17":"purchasable","18":"product-type-variable"},"aioseo_notices":[],"brands":[{"id":1279,"name":"FIHP","slug":"fihp"}],"_links":{"self":[{"href":"https:\/\/www.vape4wholesale.com\/es\/wp-json\/wp\/v2\/product\/16152","targetHints":{"allow":["GET"]}}],"collection":[{"href":"https:\/\/www.vape4wholesale.com\/es\/wp-json\/wp\/v2\/product"}],"about":[{"href":"https:\/\/www.vape4wholesale.com\/es\/wp-json\/wp\/v2\/types\/product"}],"replies":[{"embeddable":true,"href":"https:\/\/www.vape4wholesale.com\/es\/wp-json\/wp\/v2\/comments?post=16152"}],"wp:featuredmedia":[{"embeddable":true,"href":"https:\/\/www.vape4wholesale.com\/es\/wp-json\/wp\/v2\/media\/16166"}],"wp:attachment":[{"href":"https:\/\/www.vape4wholesale.com\/es\/wp-json\/wp\/v2\/media?parent=16152"}],"wp:term":[{"taxonomy":"pwb-brand","embeddable":true,"href":"https:\/\/www.vape4wholesale.com\/es\/wp-json\/wp\/v2\/pwb-brand?post=16152"},{"taxonomy":"product_cat","embeddable":true,"href":"https:\/\/www.vape4wholesale.com\/es\/wp-json\/wp\/v2\/product_cat?post=16152"},{"taxonomy":"product_tag","embeddable":true,"href":"https:\/\/www.vape4wholesale.com\/es\/wp-json\/wp\/v2\/product_tag?post=16152"}],"curies":[{"name":"wp","href":"https:\/\/api.w.org\/{rel}","templated":true}]}}