{"id":16121,"date":"2024-07-02T15:07:00","date_gmt":"2024-07-02T07:07:00","guid":{"rendered":"https:\/\/www.vape4wholesale.com\/?post_type=product&#038;p=16121"},"modified":"2026-01-27T14:55:36","modified_gmt":"2026-01-27T14:55:36","slug":"fihp-monster-shisha-12000-bocanadas-vape-desechable-al-por-mayor","status":"publish","type":"product","link":"https:\/\/www.vape4wholesale.com\/es\/producto\/fihp-monster-shisha-12000-bocanadas-vape-desechable-al-por-mayor","title":{"rendered":"FIHP Monster Shisha 12000 Puffs Vape Desechable al por mayor"},"content":{"rendered":"<p>El FIHP Monster es un vapeador desechable Shisha Hookah de bonito dise\u00f1o, viene con un colorido exterior forrado en cuero y con pantalla led. Construido con bater\u00eda recargable de 650mah y 20ml de eliquid, que soporta un m\u00e1ximo de 12000 caladas.<\/p>\n<p>Pida al por mayor nuestros 10 sabores de FIHP Monster al mejor precio y con env\u00edo r\u00e1pido.<\/p>\n<h2><strong>FIHP Monster Shisha 12000 Puffs Caracter\u00edsticas del producto<\/strong><\/h2>\n<ul>\n<li><strong>Puffs<\/strong>: Disfruta de hasta 12000 caladas por dispositivo, garantizando una satisfacci\u00f3n duradera.<\/li>\n<li><strong>N\u00facleo<\/strong>: Equipado con una bobina de malla de \u00faltima generaci\u00f3n a 0,6ohm para una producci\u00f3n de vapor suave y consistente.<\/li>\n<li><strong>L\u00edquido electr\u00f3nico<\/strong>: Contiene un generoso 22 ml de e-l\u00edquido por dispositivo, hecho a mano para un rico sabor y disfrute prolongado.<\/li>\n<li><strong>Nicotina<\/strong>: Bajo contenido de nicotina de 6mg, ideal para aquellos que buscan una experiencia de vapeo m\u00e1s suave.<\/li>\n<li><strong>Bater\u00eda<\/strong>: Funciona con una robusta bater\u00eda de 650 mAh, que garantiza fiabilidad y un uso prolongado.<\/li>\n<li><strong>Recargable<\/strong>: Con capacidad de carga r\u00e1pida Type-C para recargas c\u00f3modas y r\u00e1pidas.<\/li>\n<li><strong>Pantalla LED<\/strong>: Incluye una pantalla LED intuitiva para una visibilidad clara de la duraci\u00f3n de la bater\u00eda y las estad\u00edsticas de uso.<\/li>\n<\/ul>\n<h2><strong>Lista de sabores<\/strong><\/h2>\n<ol>\n<li><strong>Hielo de sand\u00eda<\/strong>: Sand\u00eda crujiente con un refrescante final helado, perfecta para los d\u00edas calurosos.<\/li>\n<li><strong>Hielo de uva<\/strong>: Jugosas uvas combinadas con un refrescante toque mentolado, un delicioso vape para todo el d\u00eda.<\/li>\n<li><strong>Ar\u00e1ndano Frambuesa<\/strong>: Una armoniosa mezcla de ar\u00e1ndanos dulces y frambuesas \u00e1cidas, una explosi\u00f3n afrutada.<\/li>\n<li><strong>Fresa Kiwi<\/strong>: Fresas maduras combinadas con kiwi \u00e1cido, una combinaci\u00f3n cl\u00e1sica.<\/li>\n<li><strong>Mezcla de bayas<\/strong>: Surtido de bayas rebosantes de dulzura natural, un sue\u00f1o para los amantes de las bayas.<\/li>\n<li><strong>Sand\u00eda con fresa<\/strong>: Dulces fresas mezcladas con jugosa sand\u00eda, un favorito del verano.<\/li>\n<li><strong>Sand\u00eda Chicle<\/strong>: Jugosa sand\u00eda infusionada con nost\u00e1lgico sabor a chicle, una golosina juguetona.<\/li>\n<li><strong>Melocot\u00f3n Mango Pi\u00f1a<\/strong>: Para\u00edso tropical con mangos maduros, melocotones suculentos y pi\u00f1a \u00e1cida.<\/li>\n<li><strong>Kiwi Fruta de la pasi\u00f3n Guayaba<\/strong>: Ex\u00f3tica mezcla de kiwi, fruta de la pasi\u00f3n y guayaba para una escapada tropical.<\/li>\n<li><strong>Fresa Frambuesa Cereza<\/strong>: Vibrante mezcla de fresas, frambuesas y cerezas, repleta de sabor afrutado.<\/li>\n<\/ol>\n<figure id=\"attachment_16133\" aria-describedby=\"caption-attachment-16133\" style=\"width: 800px\" class=\"wp-caption alignnone\"><img loading=\"lazy\" decoding=\"async\" class=\"wp-image-16133 size-full\" title=\"FIHP Monster Shisha 12000 Puffs Vape Desechable al por mayor (12)\" src=\"https:\/\/www.vape4wholesale.com\/wp-content\/uploads\/2024\/07\/FIHP-Monster-Shisha-12000-Puffs-Disposable-Vape-Wholesale-12.webp\" alt=\"FIHP Monster Shisha 12000 Puffs Vape Desechable al por mayor (12)\" width=\"800\" height=\"800\" srcset=\"https:\/\/www.vape4wholesale.com\/wp-content\/uploads\/2024\/07\/FIHP-Monster-Shisha-12000-Puffs-Disposable-Vape-Wholesale-12.webp 800w, https:\/\/www.vape4wholesale.com\/wp-content\/uploads\/2024\/07\/FIHP-Monster-Shisha-12000-Puffs-Disposable-Vape-Wholesale-12-247x247.webp 247w, https:\/\/www.vape4wholesale.com\/wp-content\/uploads\/2024\/07\/FIHP-Monster-Shisha-12000-Puffs-Disposable-Vape-Wholesale-12-100x100.webp 100w, https:\/\/www.vape4wholesale.com\/wp-content\/uploads\/2024\/07\/FIHP-Monster-Shisha-12000-Puffs-Disposable-Vape-Wholesale-12-510x510.webp 510w, https:\/\/www.vape4wholesale.com\/wp-content\/uploads\/2024\/07\/FIHP-Monster-Shisha-12000-Puffs-Disposable-Vape-Wholesale-12-64x64.webp 64w, https:\/\/www.vape4wholesale.com\/wp-content\/uploads\/2024\/07\/FIHP-Monster-Shisha-12000-Puffs-Disposable-Vape-Wholesale-12-300x300.webp 300w, https:\/\/www.vape4wholesale.com\/wp-content\/uploads\/2024\/07\/FIHP-Monster-Shisha-12000-Puffs-Disposable-Vape-Wholesale-12-150x150.webp 150w, https:\/\/www.vape4wholesale.com\/wp-content\/uploads\/2024\/07\/FIHP-Monster-Shisha-12000-Puffs-Disposable-Vape-Wholesale-12-768x768.webp 768w\" sizes=\"auto, (max-width: 800px) 100vw, 800px\" \/><figcaption id=\"caption-attachment-16133\" class=\"wp-caption-text\">FIHP Monster Shisha 12000 Puffs Vape Desechable al por mayor<\/figcaption><\/figure>\n<p><img loading=\"lazy\" decoding=\"async\" class=\"alignnone size-full wp-image-16135\" title=\"FIHP Monster Shisha 12000 Puffs Vape Desechable al por mayor\" src=\"https:\/\/www.vape4wholesale.com\/wp-content\/uploads\/2024\/07\/FIHP-Monster-Shisha-12000-Puffs-Disposable-Vape-Wholesale.webp\" alt=\"FIHP Monster Shisha 12000 Puffs Vape Desechable al por mayor\" width=\"800\" height=\"800\" srcset=\"https:\/\/www.vape4wholesale.com\/wp-content\/uploads\/2024\/07\/FIHP-Monster-Shisha-12000-Puffs-Disposable-Vape-Wholesale.webp 800w, https:\/\/www.vape4wholesale.com\/wp-content\/uploads\/2024\/07\/FIHP-Monster-Shisha-12000-Puffs-Disposable-Vape-Wholesale-247x247.webp 247w, https:\/\/www.vape4wholesale.com\/wp-content\/uploads\/2024\/07\/FIHP-Monster-Shisha-12000-Puffs-Disposable-Vape-Wholesale-100x100.webp 100w, https:\/\/www.vape4wholesale.com\/wp-content\/uploads\/2024\/07\/FIHP-Monster-Shisha-12000-Puffs-Disposable-Vape-Wholesale-510x510.webp 510w, https:\/\/www.vape4wholesale.com\/wp-content\/uploads\/2024\/07\/FIHP-Monster-Shisha-12000-Puffs-Disposable-Vape-Wholesale-64x64.webp 64w, https:\/\/www.vape4wholesale.com\/wp-content\/uploads\/2024\/07\/FIHP-Monster-Shisha-12000-Puffs-Disposable-Vape-Wholesale-300x300.webp 300w, https:\/\/www.vape4wholesale.com\/wp-content\/uploads\/2024\/07\/FIHP-Monster-Shisha-12000-Puffs-Disposable-Vape-Wholesale-150x150.webp 150w, https:\/\/www.vape4wholesale.com\/wp-content\/uploads\/2024\/07\/FIHP-Monster-Shisha-12000-Puffs-Disposable-Vape-Wholesale-768x768.webp 768w\" sizes=\"auto, (max-width: 800px) 100vw, 800px\" \/> <img loading=\"lazy\" decoding=\"async\" class=\"alignnone size-full wp-image-16134\" title=\"FIHP Monster Shisha 12000 Puffs Vape Desechable al por mayor (13)\" src=\"https:\/\/www.vape4wholesale.com\/wp-content\/uploads\/2024\/07\/FIHP-Monster-Shisha-12000-Puffs-Disposable-Vape-Wholesale-13.webp\" alt=\"FIHP Monster Shisha 12000 Puffs Vape Desechable al por mayor (13)\" width=\"800\" height=\"800\" srcset=\"https:\/\/www.vape4wholesale.com\/wp-content\/uploads\/2024\/07\/FIHP-Monster-Shisha-12000-Puffs-Disposable-Vape-Wholesale-13.webp 800w, https:\/\/www.vape4wholesale.com\/wp-content\/uploads\/2024\/07\/FIHP-Monster-Shisha-12000-Puffs-Disposable-Vape-Wholesale-13-247x247.webp 247w, https:\/\/www.vape4wholesale.com\/wp-content\/uploads\/2024\/07\/FIHP-Monster-Shisha-12000-Puffs-Disposable-Vape-Wholesale-13-100x100.webp 100w, https:\/\/www.vape4wholesale.com\/wp-content\/uploads\/2024\/07\/FIHP-Monster-Shisha-12000-Puffs-Disposable-Vape-Wholesale-13-510x510.webp 510w, https:\/\/www.vape4wholesale.com\/wp-content\/uploads\/2024\/07\/FIHP-Monster-Shisha-12000-Puffs-Disposable-Vape-Wholesale-13-64x64.webp 64w, https:\/\/www.vape4wholesale.com\/wp-content\/uploads\/2024\/07\/FIHP-Monster-Shisha-12000-Puffs-Disposable-Vape-Wholesale-13-300x300.webp 300w, https:\/\/www.vape4wholesale.com\/wp-content\/uploads\/2024\/07\/FIHP-Monster-Shisha-12000-Puffs-Disposable-Vape-Wholesale-13-150x150.webp 150w, https:\/\/www.vape4wholesale.com\/wp-content\/uploads\/2024\/07\/FIHP-Monster-Shisha-12000-Puffs-Disposable-Vape-Wholesale-13-768x768.webp 768w\" sizes=\"auto, (max-width: 800px) 100vw, 800px\" \/><\/p>\n<h2>\u00bfPOR QU\u00c9 NOSOTROS?<\/h2>\r\n<ul>\r\n<li>Fuente de vape real, fiable y profesional.<\/li>\r\n<li>100% Garant\u00eda de autenticidad: S\u00f3lo proporcionamos productos originales y genuinos, rechazamos la falsificaci\u00f3n.<\/li>\r\n<li>100% Garant\u00eda de entrega: Utilizamos el mejor m\u00e9todo de env\u00edo para asegurarnos de que recibes el pedido 100%.<\/li>\r\n<li>Le daremos el n\u00famero de seguimiento y la etiqueta de env\u00edo despu\u00e9s del env\u00edo, y realizaremos el seguimiento de la mercanc\u00eda por usted hasta que la firme.<\/li>\r\n<li>Sin problemas aduaneros ni aranceles<\/li>\r\n<\/ul>","protected":false},"excerpt":{"rendered":"<div class=\"wsppc_div_block woocommerce_before_add_to_cart_form\">\r\n<p><strong><span style=\"color: #00a859;\">Clear customs<\/span> before delivery &amp; 100% Delivery Guarantee, Delivery in 19~25 days around.\u00a0<\/strong><\/p>\r\n<\/div>","protected":false},"featured_media":16124,"comment_status":"open","ping_status":"closed","template":"","meta":[],"pwb-brand":[1279],"product_cat":[871],"product_tag":[22,24,556,877,878],"class_list":{"0":"post-16121","1":"product","2":"type-product","3":"status-publish","4":"has-post-thumbnail","6":"pwb-brand-fihp","7":"product_cat-10-15k-puffs","8":"product_tag-disposable","9":"product_tag-wholesale","10":"product_tag-12000-puffs","11":"product_tag-22-0ml","12":"product_tag-fihp","14":"first","15":"instock","16":"shipping-taxable","17":"purchasable","18":"product-type-variable"},"aioseo_notices":[],"brands":[{"id":1279,"name":"FIHP","slug":"fihp"}],"_links":{"self":[{"href":"https:\/\/www.vape4wholesale.com\/es\/wp-json\/wp\/v2\/product\/16121","targetHints":{"allow":["GET"]}}],"collection":[{"href":"https:\/\/www.vape4wholesale.com\/es\/wp-json\/wp\/v2\/product"}],"about":[{"href":"https:\/\/www.vape4wholesale.com\/es\/wp-json\/wp\/v2\/types\/product"}],"replies":[{"embeddable":true,"href":"https:\/\/www.vape4wholesale.com\/es\/wp-json\/wp\/v2\/comments?post=16121"}],"wp:featuredmedia":[{"embeddable":true,"href":"https:\/\/www.vape4wholesale.com\/es\/wp-json\/wp\/v2\/media\/16124"}],"wp:attachment":[{"href":"https:\/\/www.vape4wholesale.com\/es\/wp-json\/wp\/v2\/media?parent=16121"}],"wp:term":[{"taxonomy":"pwb-brand","embeddable":true,"href":"https:\/\/www.vape4wholesale.com\/es\/wp-json\/wp\/v2\/pwb-brand?post=16121"},{"taxonomy":"product_cat","embeddable":true,"href":"https:\/\/www.vape4wholesale.com\/es\/wp-json\/wp\/v2\/product_cat?post=16121"},{"taxonomy":"product_tag","embeddable":true,"href":"https:\/\/www.vape4wholesale.com\/es\/wp-json\/wp\/v2\/product_tag?post=16121"}],"curies":[{"name":"wp","href":"https:\/\/api.w.org\/{rel}","templated":true}]}}