{"id":16094,"date":"2024-07-01T18:17:00","date_gmt":"2024-07-01T10:17:00","guid":{"rendered":"https:\/\/www.vape4wholesale.com\/?post_type=product&#038;p=16094"},"modified":"2026-01-27T14:58:52","modified_gmt":"2026-01-27T14:58:52","slug":"breze-stiik-king-max-pro-18000-puffs-dtl-vape-desechable-al-por-mayor","status":"publish","type":"product","link":"https:\/\/www.vape4wholesale.com\/es\/product\/breze-stiik-king-max-pro-18000-puffs-dtl-disposable-vape-wholesale","title":{"rendered":"Breze Stiik King Max Pro 18000 Puffs DTL Vape Desechable al por mayor"},"content":{"rendered":"<p>el Breze Stiik King Max Pro es DTL\/RDL conmutable vape desechable, viene con pantalla LED para mostrar la bater\u00eda y el nivel de E-l\u00edquido. construido con 24 ml de eliquid y 600mah bater\u00eda recargable que soporta hasta 18000 bocanadas.<\/p>\n<h2><strong>Breze Stiik King Max Pro 18000 Puffs DTL Vape Desechable Caracter\u00edsticas principales<\/strong><\/h2>\n<ul>\n<li>18000 caladas: Disfruta de un viaje de vapeo de larga duraci\u00f3n con un impresionante n\u00famero de caladas.<\/li>\n<li>Bater\u00eda de 600 mAh: Energ\u00eda fiable que garantiza tu satisfacci\u00f3n durante todo el d\u00eda.<\/li>\n<li>Capacidad de 24 ml de e-l\u00edquido: Una generosa cantidad de e-l\u00edquido para un placer ininterrumpido.<\/li>\n<li>34x120mm Dimensiones: Compacta y port\u00e1til, perfecta para llevarla encima.<\/li>\n<li>Pantalla LED: Mantente informado con los indicadores de bater\u00eda y nivel de l\u00edquido en tiempo real.<\/li>\n<li>Lujosa empu\u00f1adura de cuero: Un acabado de cuero flexible proporciona un agarre c\u00f3modo y elegante.<\/li>\n<li>Bobina Sub-Ohm Mesh: Experimenta los sabores m\u00e1s puros con nuestra bobina de malla sub-ohm, ideal para vaping DTL (directo al pulm\u00f3n).<\/li>\n<li>Flujo de aire ajustable: Personaliza tu calada con el amplio sistema de flujo de aire ajustable.<\/li>\n<li>Nicotina: 0%, 1%, 2%<\/li>\n<\/ul>\n<h2><strong>Lista de sabores<\/strong><\/h2>\n<ol>\n<li>Limonada Blue Raz<\/li>\n<li>Algod\u00f3n de az\u00facar<\/li>\n<li>Manzana Melocot\u00f3n<\/li>\n<li>Hielo de sand\u00eda<\/li>\n<li>Hielo de menta<\/li>\n<li>Helado de fresa<\/li>\n<li>Ar\u00e1ndano Frambuesa<\/li>\n<li>Melocot\u00f3n Mango<\/li>\n<li>Refresco de uva<\/li>\n<li>Fresa Kiwi<\/li>\n<\/ol>\n<p>&nbsp;<\/p>\n<h2><strong>Detalles del embalaje<\/strong><\/h2>\n<p>1 unidad\/paquete<br data-filtered=\"filtered\" \/>10 paquetes\/caja<br data-filtered=\"filtered\" \/>150 unidades\/caja 18 kg<\/p>\n<figure id=\"attachment_16113\" aria-describedby=\"caption-attachment-16113\" style=\"width: 800px\" class=\"wp-caption alignnone\"><img loading=\"lazy\" decoding=\"async\" class=\"wp-image-16113 size-full\" title=\"Breze Stiik King Max Pro 18000 Puffs DTL Vape Desechable al por mayor PEACH MANGO\" src=\"https:\/\/www.vape4wholesale.com\/wp-content\/uploads\/2024\/07\/Breze-Stiik-King-Max-Pro-18000-Puffs-DTL-Disposable-Vape-Wholesale-PEACH-MANGO.jpg\" alt=\"Breze Stiik King Max Pro 18000 Puffs DTL Vape Desechable al por mayor PEACH MANGO\" width=\"800\" height=\"800\" srcset=\"https:\/\/www.vape4wholesale.com\/wp-content\/uploads\/2024\/07\/Breze-Stiik-King-Max-Pro-18000-Puffs-DTL-Disposable-Vape-Wholesale-PEACH-MANGO.jpg 800w, https:\/\/www.vape4wholesale.com\/wp-content\/uploads\/2024\/07\/Breze-Stiik-King-Max-Pro-18000-Puffs-DTL-Disposable-Vape-Wholesale-PEACH-MANGO-247x247.jpg 247w, https:\/\/www.vape4wholesale.com\/wp-content\/uploads\/2024\/07\/Breze-Stiik-King-Max-Pro-18000-Puffs-DTL-Disposable-Vape-Wholesale-PEACH-MANGO-100x100.jpg 100w, https:\/\/www.vape4wholesale.com\/wp-content\/uploads\/2024\/07\/Breze-Stiik-King-Max-Pro-18000-Puffs-DTL-Disposable-Vape-Wholesale-PEACH-MANGO-510x510.jpg 510w, https:\/\/www.vape4wholesale.com\/wp-content\/uploads\/2024\/07\/Breze-Stiik-King-Max-Pro-18000-Puffs-DTL-Disposable-Vape-Wholesale-PEACH-MANGO-64x64.jpg 64w, https:\/\/www.vape4wholesale.com\/wp-content\/uploads\/2024\/07\/Breze-Stiik-King-Max-Pro-18000-Puffs-DTL-Disposable-Vape-Wholesale-PEACH-MANGO-300x300.jpg 300w, https:\/\/www.vape4wholesale.com\/wp-content\/uploads\/2024\/07\/Breze-Stiik-King-Max-Pro-18000-Puffs-DTL-Disposable-Vape-Wholesale-PEACH-MANGO-150x150.jpg 150w, https:\/\/www.vape4wholesale.com\/wp-content\/uploads\/2024\/07\/Breze-Stiik-King-Max-Pro-18000-Puffs-DTL-Disposable-Vape-Wholesale-PEACH-MANGO-768x768.jpg 768w\" sizes=\"auto, (max-width: 800px) 100vw, 800px\" \/><figcaption id=\"caption-attachment-16113\" class=\"wp-caption-text\">Breze Stiik King Max Pro 18000 Puffs DTL Vape Desechable al por mayor<\/figcaption><\/figure>\n<p><img loading=\"lazy\" decoding=\"async\" class=\"alignnone size-full wp-image-16106\" title=\"Breze Stiik King Max Pro 18000 Puffs DTL Vape Desechable al por mayor\" src=\"https:\/\/www.vape4wholesale.com\/wp-content\/uploads\/2024\/07\/Breze-Stiik-King-Max-Pro-18000-Puffs-DTL-Disposable-Vape-Wholesale.jpg\" alt=\"Breze Stiik King Max Pro 18000 Puffs DTL Vape Desechable al por mayor\" width=\"800\" height=\"800\" srcset=\"https:\/\/www.vape4wholesale.com\/wp-content\/uploads\/2024\/07\/Breze-Stiik-King-Max-Pro-18000-Puffs-DTL-Disposable-Vape-Wholesale.jpg 800w, https:\/\/www.vape4wholesale.com\/wp-content\/uploads\/2024\/07\/Breze-Stiik-King-Max-Pro-18000-Puffs-DTL-Disposable-Vape-Wholesale-247x247.jpg 247w, https:\/\/www.vape4wholesale.com\/wp-content\/uploads\/2024\/07\/Breze-Stiik-King-Max-Pro-18000-Puffs-DTL-Disposable-Vape-Wholesale-100x100.jpg 100w, https:\/\/www.vape4wholesale.com\/wp-content\/uploads\/2024\/07\/Breze-Stiik-King-Max-Pro-18000-Puffs-DTL-Disposable-Vape-Wholesale-510x510.jpg 510w, https:\/\/www.vape4wholesale.com\/wp-content\/uploads\/2024\/07\/Breze-Stiik-King-Max-Pro-18000-Puffs-DTL-Disposable-Vape-Wholesale-64x64.jpg 64w, https:\/\/www.vape4wholesale.com\/wp-content\/uploads\/2024\/07\/Breze-Stiik-King-Max-Pro-18000-Puffs-DTL-Disposable-Vape-Wholesale-300x300.jpg 300w, https:\/\/www.vape4wholesale.com\/wp-content\/uploads\/2024\/07\/Breze-Stiik-King-Max-Pro-18000-Puffs-DTL-Disposable-Vape-Wholesale-150x150.jpg 150w, https:\/\/www.vape4wholesale.com\/wp-content\/uploads\/2024\/07\/Breze-Stiik-King-Max-Pro-18000-Puffs-DTL-Disposable-Vape-Wholesale-768x768.jpg 768w\" sizes=\"auto, (max-width: 800px) 100vw, 800px\" \/> <img loading=\"lazy\" decoding=\"async\" class=\"alignnone size-full wp-image-16105\" title=\"Breze Stiik King Max Pro 18000 Puffs DTL Vape Desechable Embalaje al por mayor\" src=\"https:\/\/www.vape4wholesale.com\/wp-content\/uploads\/2024\/07\/Breze-Stiik-King-Max-Pro-18000-Puffs-DTL-Disposable-Vape-Wholesale-Packing.jpg\" alt=\"Breze Stiik King Max Pro 18000 Puffs DTL Vape Desechable Embalaje al por mayor\" width=\"800\" height=\"800\" srcset=\"https:\/\/www.vape4wholesale.com\/wp-content\/uploads\/2024\/07\/Breze-Stiik-King-Max-Pro-18000-Puffs-DTL-Disposable-Vape-Wholesale-Packing.jpg 800w, https:\/\/www.vape4wholesale.com\/wp-content\/uploads\/2024\/07\/Breze-Stiik-King-Max-Pro-18000-Puffs-DTL-Disposable-Vape-Wholesale-Packing-247x247.jpg 247w, https:\/\/www.vape4wholesale.com\/wp-content\/uploads\/2024\/07\/Breze-Stiik-King-Max-Pro-18000-Puffs-DTL-Disposable-Vape-Wholesale-Packing-100x100.jpg 100w, https:\/\/www.vape4wholesale.com\/wp-content\/uploads\/2024\/07\/Breze-Stiik-King-Max-Pro-18000-Puffs-DTL-Disposable-Vape-Wholesale-Packing-510x510.jpg 510w, https:\/\/www.vape4wholesale.com\/wp-content\/uploads\/2024\/07\/Breze-Stiik-King-Max-Pro-18000-Puffs-DTL-Disposable-Vape-Wholesale-Packing-64x64.jpg 64w, https:\/\/www.vape4wholesale.com\/wp-content\/uploads\/2024\/07\/Breze-Stiik-King-Max-Pro-18000-Puffs-DTL-Disposable-Vape-Wholesale-Packing-300x300.jpg 300w, https:\/\/www.vape4wholesale.com\/wp-content\/uploads\/2024\/07\/Breze-Stiik-King-Max-Pro-18000-Puffs-DTL-Disposable-Vape-Wholesale-Packing-150x150.jpg 150w, https:\/\/www.vape4wholesale.com\/wp-content\/uploads\/2024\/07\/Breze-Stiik-King-Max-Pro-18000-Puffs-DTL-Disposable-Vape-Wholesale-Packing-768x768.jpg 768w\" sizes=\"auto, (max-width: 800px) 100vw, 800px\" \/><\/p>\n<h2>\u00bfPOR QU\u00c9 NOSOTROS?<\/h2>\r\n<ul>\r\n<li>Fuente de vape real, fiable y profesional.<\/li>\r\n<li>100% Garant\u00eda de autenticidad: S\u00f3lo proporcionamos productos originales y genuinos, rechazamos la falsificaci\u00f3n.<\/li>\r\n<li>100% Garant\u00eda de entrega: Utilizamos el mejor m\u00e9todo de env\u00edo para asegurarnos de que recibes el pedido 100%.<\/li>\r\n<li>Le daremos el n\u00famero de seguimiento y la etiqueta de env\u00edo despu\u00e9s del env\u00edo, y realizaremos el seguimiento de la mercanc\u00eda por usted hasta que la firme.<\/li>\r\n<li>Sin problemas aduaneros ni aranceles<\/li>\r\n<\/ul>","protected":false},"excerpt":{"rendered":"<div class=\"wsppc_div_block woocommerce_before_add_to_cart_form\">\r\n<p><strong><span style=\"color: #00a859;\">Pasar por la aduana<\/span> antes de la entrega y 100% Garant\u00eda de entrega, Entrega en 19~25 d\u00edas aproximadamente.\u00a0<\/strong><\/p>\r\n<\/div>","protected":false},"featured_media":16113,"comment_status":"open","ping_status":"closed","template":"","meta":[],"pwb-brand":[1289],"product_cat":[872],"product_tag":[868,22,24,719,867],"class_list":{"0":"post-16094","1":"product","2":"type-product","3":"status-publish","4":"has-post-thumbnail","6":"pwb-brand-others","7":"product_cat-15k-20k-puffs","8":"product_tag-breze-stiik","9":"product_tag-disposable","10":"product_tag-wholesale","11":"product_tag-18000-puffs","12":"product_tag-24-0ml","13":"wcpa_has_options","15":"first","16":"instock","17":"shipping-taxable","18":"purchasable","19":"product-type-variable"},"aioseo_notices":[],"brands":[{"id":1289,"name":"Otros","slug":"otros"}],"_links":{"self":[{"href":"https:\/\/www.vape4wholesale.com\/es\/wp-json\/wp\/v2\/product\/16094","targetHints":{"allow":["GET"]}}],"collection":[{"href":"https:\/\/www.vape4wholesale.com\/es\/wp-json\/wp\/v2\/product"}],"about":[{"href":"https:\/\/www.vape4wholesale.com\/es\/wp-json\/wp\/v2\/types\/product"}],"replies":[{"embeddable":true,"href":"https:\/\/www.vape4wholesale.com\/es\/wp-json\/wp\/v2\/comments?post=16094"}],"wp:featuredmedia":[{"embeddable":true,"href":"https:\/\/www.vape4wholesale.com\/es\/wp-json\/wp\/v2\/media\/16113"}],"wp:attachment":[{"href":"https:\/\/www.vape4wholesale.com\/es\/wp-json\/wp\/v2\/media?parent=16094"}],"wp:term":[{"taxonomy":"pwb-brand","embeddable":true,"href":"https:\/\/www.vape4wholesale.com\/es\/wp-json\/wp\/v2\/pwb-brand?post=16094"},{"taxonomy":"product_cat","embeddable":true,"href":"https:\/\/www.vape4wholesale.com\/es\/wp-json\/wp\/v2\/product_cat?post=16094"},{"taxonomy":"product_tag","embeddable":true,"href":"https:\/\/www.vape4wholesale.com\/es\/wp-json\/wp\/v2\/product_tag?post=16094"}],"curies":[{"name":"wp","href":"https:\/\/api.w.org\/{rel}","templated":true}]}}