{"id":16011,"date":"2024-06-20T09:45:00","date_gmt":"2024-06-20T01:45:00","guid":{"rendered":"https:\/\/www.vape4wholesale.com\/?post_type=product&#038;p=16011"},"modified":"2026-01-26T13:40:50","modified_gmt":"2026-01-26T13:40:50","slug":"lavie-cyber-20000-puffs-vape-desechable-al-por-mayor","status":"publish","type":"product","link":"https:\/\/www.vape4wholesale.com\/es\/product\/lavie-cyber-20000-puffs-disposable-vape-wholesale","title":{"rendered":"Lavie Cyber 20000 Puffs Vape desechable al por mayor"},"content":{"rendered":"<p>El Lavie Cyber 20000 es un vaporizador desechable de doble sabor con pantalla LED, que puede mostrar la potencia y el nivel de e-jugo. Contiene 26ml 0\/2%\/5% e-zumo de sal de nicotina y soporta hasta 20000 caladas. Hay 10 sabores dobles para que usted elija. El puerto recargable en la parte inferior del dispositivo que garantiza que termine la \u00faltima gota del jugo e en el tanque todo el tiempo.<\/p>\n<p>Cuenta con doble sabor, para cambiar el sabor actual del vape, levante la boquilla y g\u00edrela, es f\u00e1cil de trabajar.<\/p>\n<p>Pida al por mayor nuestra selecci\u00f3n de 10 sabores del Lavie Cyber 20000 Puffs al mejor precio y con env\u00edo r\u00e1pido.<\/p>\n<h2><strong>Vapeador desechable Lavie Cyber 20000 Puffs Caracter\u00edsticas:<\/strong><\/h2>\n<ul>\n<li>Bater\u00eda recargable de 700mah (600mah para el mercado coreano)<\/li>\n<li>E-l\u00edquido precargado de 25 ml<\/li>\n<li>0\/2\/3\/5% potencia de nicotina<\/li>\n<li>Alcanza hasta 20000 bocanadas<\/li>\n<li>Bobina de malla de 1,0 ohm<\/li>\n<li>Tanque doble (sabores dobles)<\/li>\n<li>Puerto de carga Tipo-C<\/li>\n<\/ul>\n<h2><strong>Sabores disponibles:<\/strong><\/h2>\n<ul>\n<li>Aloe Uva y Ar\u00e1ndano Frambuesa Chicle<\/li>\n<li>Bacco &amp; Mango lce<\/li>\n<li>Manzana doble y Love 66<\/li>\n<li>Hielo de uva y menta<\/li>\n<li>Lim\u00f3n Cola &amp; Fruta de la Pasi\u00f3nGuayaba<\/li>\n<li>Leche de lichi &amp; Leche de sand\u00eda<\/li>\n<li>Helado de fresa, kiwi y mel\u00f3n<\/li>\n<li>Helado de fresa, sand\u00eda y cereza con pepitas de mora<\/li>\n<li>Pineapple lce &amp; Taro lce<\/li>\n<li>Matcha y caf\u00e9 lce<\/li>\n<\/ul>\n<h2><strong>Lista de embalaje:<\/strong><\/h2>\n<ul>\n<li>Caja individual\/vape<\/li>\n<li>10 unidades\/caja mediana<\/li>\n<li>200 piezas\/caja (21 kg)<\/li>\n<\/ul>\n<figure id=\"attachment_16014\" aria-describedby=\"caption-attachment-16014\" style=\"width: 801px\" class=\"wp-caption alignnone\"><img loading=\"lazy\" decoding=\"async\" class=\"wp-image-16014 size-full\" title=\"Lavie Cyber 20000 Puffs Vape Desechable Mayorista Aloe Uva Ar\u00e1ndano Frambuesa Chicle\" src=\"https:\/\/www.vape4wholesale.com\/wp-content\/uploads\/2024\/06\/Lavie-Cyber-20000-Puffs-Disposable-Vape-Wholesale-Aloe-Grape-Blueberry-Raspberry-Bubblegum.webp\" alt=\"Lavie Cyber 20000 Puffs Vape Desechable Mayorista Aloe Uva Ar\u00e1ndano Frambuesa Chicle\" width=\"801\" height=\"797\" srcset=\"https:\/\/www.vape4wholesale.com\/wp-content\/uploads\/2024\/06\/Lavie-Cyber-20000-Puffs-Disposable-Vape-Wholesale-Aloe-Grape-Blueberry-Raspberry-Bubblegum.webp 801w, https:\/\/www.vape4wholesale.com\/wp-content\/uploads\/2024\/06\/Lavie-Cyber-20000-Puffs-Disposable-Vape-Wholesale-Aloe-Grape-Blueberry-Raspberry-Bubblegum-247x247.webp 247w, https:\/\/www.vape4wholesale.com\/wp-content\/uploads\/2024\/06\/Lavie-Cyber-20000-Puffs-Disposable-Vape-Wholesale-Aloe-Grape-Blueberry-Raspberry-Bubblegum-100x100.webp 100w, https:\/\/www.vape4wholesale.com\/wp-content\/uploads\/2024\/06\/Lavie-Cyber-20000-Puffs-Disposable-Vape-Wholesale-Aloe-Grape-Blueberry-Raspberry-Bubblegum-510x507.webp 510w, https:\/\/www.vape4wholesale.com\/wp-content\/uploads\/2024\/06\/Lavie-Cyber-20000-Puffs-Disposable-Vape-Wholesale-Aloe-Grape-Blueberry-Raspberry-Bubblegum-64x64.webp 64w, https:\/\/www.vape4wholesale.com\/wp-content\/uploads\/2024\/06\/Lavie-Cyber-20000-Puffs-Disposable-Vape-Wholesale-Aloe-Grape-Blueberry-Raspberry-Bubblegum-300x300.webp 300w, https:\/\/www.vape4wholesale.com\/wp-content\/uploads\/2024\/06\/Lavie-Cyber-20000-Puffs-Disposable-Vape-Wholesale-Aloe-Grape-Blueberry-Raspberry-Bubblegum-150x150.webp 150w, https:\/\/www.vape4wholesale.com\/wp-content\/uploads\/2024\/06\/Lavie-Cyber-20000-Puffs-Disposable-Vape-Wholesale-Aloe-Grape-Blueberry-Raspberry-Bubblegum-768x764.webp 768w\" sizes=\"auto, (max-width: 801px) 100vw, 801px\" \/><figcaption id=\"caption-attachment-16014\" class=\"wp-caption-text\">Lavie Cyber 20000 Puffs Vape desechable al por mayor<\/figcaption><\/figure>\n<p><img loading=\"lazy\" decoding=\"async\" class=\"alignnone size-full wp-image-16013\" title=\"Lavie Cyber 20000 Puffs Vape desechable al por mayor 3\" src=\"https:\/\/www.vape4wholesale.com\/wp-content\/uploads\/2024\/06\/Lavie-Cyber-20000-Puffs-Disposable-Vape-Wholesale-3.webp\" alt=\"Lavie Cyber 20000 Puffs Vape desechable al por mayor 3\" width=\"800\" height=\"570\" srcset=\"https:\/\/www.vape4wholesale.com\/wp-content\/uploads\/2024\/06\/Lavie-Cyber-20000-Puffs-Disposable-Vape-Wholesale-3.webp 800w, https:\/\/www.vape4wholesale.com\/wp-content\/uploads\/2024\/06\/Lavie-Cyber-20000-Puffs-Disposable-Vape-Wholesale-3-510x363.webp 510w, https:\/\/www.vape4wholesale.com\/wp-content\/uploads\/2024\/06\/Lavie-Cyber-20000-Puffs-Disposable-Vape-Wholesale-3-64x46.webp 64w, https:\/\/www.vape4wholesale.com\/wp-content\/uploads\/2024\/06\/Lavie-Cyber-20000-Puffs-Disposable-Vape-Wholesale-3-300x214.webp 300w, https:\/\/www.vape4wholesale.com\/wp-content\/uploads\/2024\/06\/Lavie-Cyber-20000-Puffs-Disposable-Vape-Wholesale-3-768x547.webp 768w\" sizes=\"auto, (max-width: 800px) 100vw, 800px\" \/> <img loading=\"lazy\" decoding=\"async\" class=\"alignnone size-full wp-image-16012\" title=\"Lavie Cyber 20000 Puffs Vape Desechable Mayorista 1 1\" src=\"https:\/\/www.vape4wholesale.com\/wp-content\/uploads\/2024\/06\/Lavie-Cyber-20000-Puffs-Disposable-Vape-Wholesale-1-1.webp\" alt=\"Lavie Cyber 20000 Puffs Vape Desechable Mayorista 1 1\" width=\"800\" height=\"520\" srcset=\"https:\/\/www.vape4wholesale.com\/wp-content\/uploads\/2024\/06\/Lavie-Cyber-20000-Puffs-Disposable-Vape-Wholesale-1-1.webp 800w, https:\/\/www.vape4wholesale.com\/wp-content\/uploads\/2024\/06\/Lavie-Cyber-20000-Puffs-Disposable-Vape-Wholesale-1-1-510x332.webp 510w, https:\/\/www.vape4wholesale.com\/wp-content\/uploads\/2024\/06\/Lavie-Cyber-20000-Puffs-Disposable-Vape-Wholesale-1-1-64x42.webp 64w, https:\/\/www.vape4wholesale.com\/wp-content\/uploads\/2024\/06\/Lavie-Cyber-20000-Puffs-Disposable-Vape-Wholesale-1-1-300x195.webp 300w, https:\/\/www.vape4wholesale.com\/wp-content\/uploads\/2024\/06\/Lavie-Cyber-20000-Puffs-Disposable-Vape-Wholesale-1-1-768x499.webp 768w\" sizes=\"auto, (max-width: 800px) 100vw, 800px\" \/><\/p>\n<h2>\u00bfPOR QU\u00c9 NOSOTROS?<\/h2>\r\n<ul>\r\n<li>Fuente de vape real, fiable y profesional.<\/li>\r\n<li>100% Garant\u00eda de autenticidad: S\u00f3lo proporcionamos productos originales y genuinos, rechazamos la falsificaci\u00f3n.<\/li>\r\n<li>100% Garant\u00eda de entrega: Utilizamos el mejor m\u00e9todo de env\u00edo para asegurarnos de que recibes el pedido 100%.<\/li>\r\n<li>Le daremos el n\u00famero de seguimiento y la etiqueta de env\u00edo despu\u00e9s del env\u00edo, y realizaremos el seguimiento de la mercanc\u00eda por usted hasta que la firme.<\/li>\r\n<li>Sin problemas aduaneros ni aranceles<\/li>\r\n<\/ul>","protected":false},"excerpt":{"rendered":"<div class=\"wsppc_div_block woocommerce_before_add_to_cart_form\">\r\n<p><strong><span style=\"color: #00a859;\">Clear customs<\/span> before delivery &amp; 100% Delivery Guarantee, Delivery in 19~25 days around.\u00a0<\/strong><\/p>\r\n<\/div>","protected":false},"featured_media":16020,"comment_status":"open","ping_status":"closed","template":"","meta":[],"pwb-brand":[1277],"product_cat":[873],"product_tag":[22,24,37,692,794],"class_list":{"0":"post-16011","1":"product","2":"type-product","3":"status-publish","4":"has-post-thumbnail","6":"pwb-brand-lavie","7":"product_cat-above-20k-puffs","8":"product_tag-disposable","9":"product_tag-wholesale","10":"product_tag-lavie","11":"product_tag-25-0ml","12":"product_tag-20000-puffs","13":"wcpa_has_options","15":"first","16":"instock","17":"featured","18":"shipping-taxable","19":"purchasable","20":"product-type-variable"},"aioseo_notices":[],"brands":[{"id":1277,"name":"Lavie","slug":"lavie"}],"_links":{"self":[{"href":"https:\/\/www.vape4wholesale.com\/es\/wp-json\/wp\/v2\/product\/16011","targetHints":{"allow":["GET"]}}],"collection":[{"href":"https:\/\/www.vape4wholesale.com\/es\/wp-json\/wp\/v2\/product"}],"about":[{"href":"https:\/\/www.vape4wholesale.com\/es\/wp-json\/wp\/v2\/types\/product"}],"replies":[{"embeddable":true,"href":"https:\/\/www.vape4wholesale.com\/es\/wp-json\/wp\/v2\/comments?post=16011"}],"wp:featuredmedia":[{"embeddable":true,"href":"https:\/\/www.vape4wholesale.com\/es\/wp-json\/wp\/v2\/media\/16020"}],"wp:attachment":[{"href":"https:\/\/www.vape4wholesale.com\/es\/wp-json\/wp\/v2\/media?parent=16011"}],"wp:term":[{"taxonomy":"pwb-brand","embeddable":true,"href":"https:\/\/www.vape4wholesale.com\/es\/wp-json\/wp\/v2\/pwb-brand?post=16011"},{"taxonomy":"product_cat","embeddable":true,"href":"https:\/\/www.vape4wholesale.com\/es\/wp-json\/wp\/v2\/product_cat?post=16011"},{"taxonomy":"product_tag","embeddable":true,"href":"https:\/\/www.vape4wholesale.com\/es\/wp-json\/wp\/v2\/product_tag?post=16011"}],"curies":[{"name":"wp","href":"https:\/\/api.w.org\/{rel}","templated":true}]}}