{"id":15878,"date":"2025-10-29T16:52:00","date_gmt":"2025-10-29T08:52:00","guid":{"rendered":"https:\/\/www.vape4wholesale.com\/?post_type=product&#038;p=15878"},"modified":"2026-03-30T11:12:14","modified_gmt":"2026-03-30T03:12:14","slug":"elf-bar-raya-d3-25000-puffs-vape-desechable-al-por-mayor","status":"publish","type":"product","link":"https:\/\/www.vape4wholesale.com\/es\/product\/elf-bar-raya-d3-25000-puffs-disposable-vape-wholesale","title":{"rendered":"Elf Bar Raya D3 25000 Puffs Vape Desechable al por mayor"},"content":{"rendered":"<p>El vapeador desechable Elf Bar Raya D3 introduce una experiencia de vapeo sin precedentes con su innovadora capacidad de 25K caladas y su sistema integrado de ajuste de aire y presi\u00f3n. Este dispositivo recargable cuenta con una gran pantalla lateral de tubo digital y una cautivadora luz monocrom\u00e1tica de anillo exterior azul, estableciendo un nuevo est\u00e1ndar para los vapeadores desechables.<\/p>\n<p>Viene con 3 modos: Lite, Smooth y Turbo, por lo que puede obtener m\u00e1s caladas o nubes m\u00e1s fuertes como desee, sin esfuerzo cambiar entre 3 modos<\/p>\n<h2><strong>Informaci\u00f3n del producto Elf Bar Raya D3:<\/strong><\/h2>\n<ul>\n<li>Gran capacidad de e-l\u00edquido: Viene con una capacidad sustancial de 23 ml de e-l\u00edquido.<\/li>\n<li>Sistema de bobina de triple malla: Asegura un excelente sabor y producci\u00f3n de vapor.<\/li>\n<li>Ajustes de calada variables: Tres ajustes de marcha para ajustar el n\u00famero de caladas: 25K, 20K y 15K.<\/li>\n<li>Bater\u00eda de alta capacidad: Equipado con una bater\u00eda de 850mAh y carga Type-C.<\/li>\n<li>Sofisticada pantalla lateral: Gran pantalla de tubo digital para facilitar la supervisi\u00f3n.<\/li>\n<li>Personalizaci\u00f3n del flujo de aire y la presi\u00f3n: Sistema integrado que permite una experiencia de vapeo a medida.<\/li>\n<li>Dise\u00f1o elegante: Presenta un anillo exterior con una luz azul monocroma.<\/li>\n<li>Amplia selecci\u00f3n de sabores: Elija entre 15 exquisitos sabores.<\/li>\n<\/ul>\n<h2><strong>Sabores:<\/strong><\/h2>\n<p>VMT<br \/>\nMango doble<br \/>\nMelocot\u00f3n helado<br \/>\nMango Melocot\u00f3n<br \/>\nMango Melocot\u00f3n Sand\u00eda<br \/>\nKiwi Fruta de la pasi\u00f3n Guayaba<br \/>\nHielo de uva<br \/>\nMelocot\u00f3n baya<br \/>\nChicle de sand\u00eda<br \/>\nHielo de ar\u00e1ndanos<br \/>\nManzana doble<br \/>\nTabaco<br \/>\nMango<br \/>\nAr\u00e1ndano Frambuesa<br \/>\nHielo de sand\u00eda<br \/>\nMenta alpina<br \/>\nCaf\u00e9 Ar\u00e1bica<br \/>\nSand\u00eda Lim\u00f3n<br \/>\nFresa Uva<br \/>\nKiwi Pi\u00f1a Helado<br \/>\nUva Cereza<\/p>\n<h2><strong>Detalles del embalaje<\/strong><\/h2>\n<p>1 unidad\/paquete<br data-filtered=\"filtered\" \/>10 paquetes\/caja<br data-filtered=\"filtered\" \/>200 unidades\/caja<\/p>\n<p><strong>Dimensi\u00f3n:<\/strong><br \/>\n65*35*27cm<br \/>\n21KGS\/cart\u00f3n<\/p>\n<p><img loading=\"lazy\" decoding=\"async\" class=\"alignnone size-full wp-image-26772\" title=\"Elf bar RAYA D3\" src=\"https:\/\/www.vape4wholesale.com\/wp-content\/uploads\/2025\/10\/Elf-bar-RAYA-D3.webp\" alt=\"Elf bar RAYA D3\" width=\"800\" height=\"800\" srcset=\"https:\/\/www.vape4wholesale.com\/wp-content\/uploads\/2025\/10\/Elf-bar-RAYA-D3.webp 800w, https:\/\/www.vape4wholesale.com\/wp-content\/uploads\/2025\/10\/Elf-bar-RAYA-D3-247x247.webp 247w, https:\/\/www.vape4wholesale.com\/wp-content\/uploads\/2025\/10\/Elf-bar-RAYA-D3-100x100.webp 100w, https:\/\/www.vape4wholesale.com\/wp-content\/uploads\/2025\/10\/Elf-bar-RAYA-D3-510x510.webp 510w, https:\/\/www.vape4wholesale.com\/wp-content\/uploads\/2025\/10\/Elf-bar-RAYA-D3-300x300.webp 300w, https:\/\/www.vape4wholesale.com\/wp-content\/uploads\/2025\/10\/Elf-bar-RAYA-D3-150x150.webp 150w, https:\/\/www.vape4wholesale.com\/wp-content\/uploads\/2025\/10\/Elf-bar-RAYA-D3-768x768.webp 768w, https:\/\/www.vape4wholesale.com\/wp-content\/uploads\/2025\/10\/Elf-bar-RAYA-D3-12x12.webp 12w\" sizes=\"auto, (max-width: 800px) 100vw, 800px\" \/><\/p>\n<h2>\u00bfPOR QU\u00c9 NOSOTROS?<\/h2>\r\n<ul>\r\n<li>Fuente de vape real, fiable y profesional.<\/li>\r\n<li>100% Garant\u00eda de autenticidad: S\u00f3lo proporcionamos productos originales y genuinos, rechazamos la falsificaci\u00f3n.<\/li>\r\n<li>100% Garant\u00eda de entrega: Utilizamos el mejor m\u00e9todo de env\u00edo para asegurarnos de que recibes el pedido 100%.<\/li>\r\n<li>Le daremos el n\u00famero de seguimiento y la etiqueta de env\u00edo despu\u00e9s del env\u00edo, y realizaremos el seguimiento de la mercanc\u00eda por usted hasta que la firme.<\/li>\r\n<li>Sin problemas aduaneros ni aranceles<\/li>\r\n<\/ul>","protected":false},"excerpt":{"rendered":"<p><b><span style=\"color: #00a859;\">Env\u00edo gratis<\/span>\u00a0desde el almac\u00e9n de Europa, tiempo de entrega de 7 a 15 d\u00edas h\u00e1biles.<\/b><\/p>\r\n<div class=\"wsppc_div_block woocommerce_before_add_to_cart_form\">\r\n<p><strong>Despacho de aduanas antes de la entrega y 100% Garant\u00eda de entrega<\/strong><\/p>\r\n<\/div>","protected":false},"featured_media":26772,"comment_status":"open","ping_status":"closed","template":"","meta":[],"pwb-brand":[1278],"product_cat":[938],"product_tag":[828,22,24,60,557,780],"class_list":{"0":"post-15878","1":"product","2":"type-product","3":"status-publish","4":"has-post-thumbnail","6":"pwb-brand-elf-bar","7":"product_cat-europe-warehouse","8":"product_tag-raya-d3","9":"product_tag-disposable","10":"product_tag-wholesale","11":"product_tag-elf-bar","12":"product_tag-23-0ml","13":"product_tag-23000-puffs","14":"product_shipping_class-eu-warehouse","16":"first","17":"instock","18":"featured","19":"shipping-taxable","20":"purchasable","21":"product-type-variable"},"aioseo_notices":[],"brands":[{"id":1278,"name":"Bar Elfo","slug":"bar-duende"}],"_links":{"self":[{"href":"https:\/\/www.vape4wholesale.com\/es\/wp-json\/wp\/v2\/product\/15878","targetHints":{"allow":["GET"]}}],"collection":[{"href":"https:\/\/www.vape4wholesale.com\/es\/wp-json\/wp\/v2\/product"}],"about":[{"href":"https:\/\/www.vape4wholesale.com\/es\/wp-json\/wp\/v2\/types\/product"}],"replies":[{"embeddable":true,"href":"https:\/\/www.vape4wholesale.com\/es\/wp-json\/wp\/v2\/comments?post=15878"}],"wp:featuredmedia":[{"embeddable":true,"href":"https:\/\/www.vape4wholesale.com\/es\/wp-json\/wp\/v2\/media\/26772"}],"wp:attachment":[{"href":"https:\/\/www.vape4wholesale.com\/es\/wp-json\/wp\/v2\/media?parent=15878"}],"wp:term":[{"taxonomy":"pwb-brand","embeddable":true,"href":"https:\/\/www.vape4wholesale.com\/es\/wp-json\/wp\/v2\/pwb-brand?post=15878"},{"taxonomy":"product_cat","embeddable":true,"href":"https:\/\/www.vape4wholesale.com\/es\/wp-json\/wp\/v2\/product_cat?post=15878"},{"taxonomy":"product_tag","embeddable":true,"href":"https:\/\/www.vape4wholesale.com\/es\/wp-json\/wp\/v2\/product_tag?post=15878"}],"curies":[{"name":"wp","href":"https:\/\/api.w.org\/{rel}","templated":true}]}}