{"id":15808,"date":"2024-05-20T09:50:16","date_gmt":"2024-05-20T01:50:16","guid":{"rendered":"https:\/\/www.vape4wholesale.com\/?post_type=product&#038;p=15808"},"modified":"2026-01-26T13:40:58","modified_gmt":"2026-01-26T13:40:58","slug":"rabbeats-rc10000-touch-vape-desechable-al-por-mayor","status":"publish","type":"product","link":"https:\/\/www.vape4wholesale.com\/es\/product\/rabbeats-rc10000-touch-disposable-vape-wholesale","title":{"rendered":"RabBeats RC10000 Touch Vape desechable al por mayor"},"content":{"rendered":"<p>En <b>Vapeador desechable RabBeats RC10000 Touch<\/b>\u00a0es el primer vapeador desechable equipado con una pantalla t\u00e1ctil, que proporciona sabrosas caladas con 14 ml de delicioso e-zumo, una robusta bater\u00eda y una avanzada tecnolog\u00eda de bobina de malla. RabBeats RC10000 Touch es un producto innovador en la industria de los vapeadores desechables. Ofrece una experiencia de vapeo inmersiva libre de botones. Puedes ajustar los modos tocando en lugar de pulsando. Con la interfaz f\u00e1cil de usar viene el mejor sabor. Gracias a la avanzada bobina de malla, cada calada es suave y sabrosa. RabBeats RC10000 Touch es el futuro de los vapeadores desechables.<\/p>\n<h2 class=\"second-title\"><strong>Caracter\u00edsticas del vaporizador desechable RabBeats RC10000 Touch<\/strong><\/h2>\n<ul>\n<li>Bater\u00eda recargable de 620 mAh<\/li>\n<li>E-l\u00edquido precargado de 14ml<\/li>\n<li>Aproximadamente 14000 inhalaciones (modo ligero)\/12000 inhalaciones (modo suave)\/10000 inhalaciones (modo fuerte)<\/li>\n<li>Primer vaporizador desechable con pantalla t\u00e1ctil<\/li>\n<li>3 Modos Ajustables: Ligero: Sabores delicados y golpes sutiles en la garganta<\/li>\n<li>Suave: Sabores suaves y suaves golpes en la garganta<\/li>\n<li>Fuerte: Sabores intensos y golpes fuertes y satisfactorios<\/li>\n<li>Flujo de aire ajustable<\/li>\n<li>Puerto de carga USB tipo C (cable no incluido)<\/li>\n<li>Tecnolog\u00eda avanzada de bobina de malla<\/li>\n<li>Activado por dibujo<\/li>\n<li>MTL Vaping<\/li>\n<\/ul>\n<h2><strong>Lista de sabores<\/strong><\/h2>\n<ol>\n<li>Hielo Razz Azul<\/li>\n<li>Sand\u00eda con ar\u00e1ndanos<\/li>\n<li>Cereza Lim\u00f3n<\/li>\n<li>Uva c\u00edtrica<\/li>\n<li>Coco Pl\u00e1tano<\/li>\n<li>Drag\u00f3n Strawnana<\/li>\n<li>Melocot\u00f3n de Georgia<\/li>\n<li>Casa de la Moneda de Los \u00c1ngeles<\/li>\n<li>Monte Splash<\/li>\n<li>OMG (Naranja Mango Uva)<\/li>\n<li>Frambuesa rub\u00ed<\/li>\n<li>Sand\u00eda Chicle<\/li>\n<\/ol>\n<figure id=\"attachment_15834\" aria-describedby=\"caption-attachment-15834\" style=\"width: 800px\" class=\"wp-caption aligncenter\"><img loading=\"lazy\" decoding=\"async\" class=\"wp-image-15834 size-full\" title=\"RabBeats RC10000 Touch Vape Desechable Mayorista ar\u00e1ndano sand\u00eda\" src=\"https:\/\/www.vape4wholesale.com\/wp-content\/uploads\/2024\/05\/RabBeats-RC10000-Touch-Disposable-Vape-Wholesale-blueberry-watermelon.jpg\" alt=\"RabBeats RC10000 Touch Vape Desechable Mayorista ar\u00e1ndano sand\u00eda\" width=\"800\" height=\"800\" srcset=\"https:\/\/www.vape4wholesale.com\/wp-content\/uploads\/2024\/05\/RabBeats-RC10000-Touch-Disposable-Vape-Wholesale-blueberry-watermelon.jpg 800w, https:\/\/www.vape4wholesale.com\/wp-content\/uploads\/2024\/05\/RabBeats-RC10000-Touch-Disposable-Vape-Wholesale-blueberry-watermelon-247x247.jpg 247w, https:\/\/www.vape4wholesale.com\/wp-content\/uploads\/2024\/05\/RabBeats-RC10000-Touch-Disposable-Vape-Wholesale-blueberry-watermelon-100x100.jpg 100w, https:\/\/www.vape4wholesale.com\/wp-content\/uploads\/2024\/05\/RabBeats-RC10000-Touch-Disposable-Vape-Wholesale-blueberry-watermelon-510x510.jpg 510w, https:\/\/www.vape4wholesale.com\/wp-content\/uploads\/2024\/05\/RabBeats-RC10000-Touch-Disposable-Vape-Wholesale-blueberry-watermelon-64x64.jpg 64w, https:\/\/www.vape4wholesale.com\/wp-content\/uploads\/2024\/05\/RabBeats-RC10000-Touch-Disposable-Vape-Wholesale-blueberry-watermelon-300x300.jpg 300w, https:\/\/www.vape4wholesale.com\/wp-content\/uploads\/2024\/05\/RabBeats-RC10000-Touch-Disposable-Vape-Wholesale-blueberry-watermelon-150x150.jpg 150w, https:\/\/www.vape4wholesale.com\/wp-content\/uploads\/2024\/05\/RabBeats-RC10000-Touch-Disposable-Vape-Wholesale-blueberry-watermelon-768x768.jpg 768w\" sizes=\"auto, (max-width: 800px) 100vw, 800px\" \/><figcaption id=\"caption-attachment-15834\" class=\"wp-caption-text\">RabBeats RC10000 Touch Vape desechable al por mayor<\/figcaption><\/figure>\n<p><img loading=\"lazy\" decoding=\"async\" class=\"size-full wp-image-15832 aligncenter\" title=\"RabBeats RC10000 Touch Vape desechable al por mayor\" src=\"https:\/\/www.vape4wholesale.com\/wp-content\/uploads\/2024\/05\/RabBeats-RC10000-Touch-Disposable-Vape-Wholesale.jpg\" alt=\"RabBeats RC10000 Touch Vape desechable al por mayor\" width=\"1000\" height=\"1343\" srcset=\"https:\/\/www.vape4wholesale.com\/wp-content\/uploads\/2024\/05\/RabBeats-RC10000-Touch-Disposable-Vape-Wholesale.jpg 1000w, https:\/\/www.vape4wholesale.com\/wp-content\/uploads\/2024\/05\/RabBeats-RC10000-Touch-Disposable-Vape-Wholesale-510x685.jpg 510w, https:\/\/www.vape4wholesale.com\/wp-content\/uploads\/2024\/05\/RabBeats-RC10000-Touch-Disposable-Vape-Wholesale-64x86.jpg 64w, https:\/\/www.vape4wholesale.com\/wp-content\/uploads\/2024\/05\/RabBeats-RC10000-Touch-Disposable-Vape-Wholesale-223x300.jpg 223w, https:\/\/www.vape4wholesale.com\/wp-content\/uploads\/2024\/05\/RabBeats-RC10000-Touch-Disposable-Vape-Wholesale-762x1024.jpg 762w, https:\/\/www.vape4wholesale.com\/wp-content\/uploads\/2024\/05\/RabBeats-RC10000-Touch-Disposable-Vape-Wholesale-768x1031.jpg 768w\" sizes=\"auto, (max-width: 1000px) 100vw, 1000px\" \/> <img loading=\"lazy\" decoding=\"async\" class=\"size-full wp-image-15833 aligncenter\" title=\"RabBeats RC10000 Touch Vape Desechable Mayorista 2\" src=\"https:\/\/www.vape4wholesale.com\/wp-content\/uploads\/2024\/05\/RabBeats-RC10000-Touch-Disposable-Vape-Wholesale_2.jpg\" alt=\"RabBeats RC10000 Touch Vape Desechable Mayorista 2\" width=\"1000\" height=\"1117\" srcset=\"https:\/\/www.vape4wholesale.com\/wp-content\/uploads\/2024\/05\/RabBeats-RC10000-Touch-Disposable-Vape-Wholesale_2.jpg 1000w, https:\/\/www.vape4wholesale.com\/wp-content\/uploads\/2024\/05\/RabBeats-RC10000-Touch-Disposable-Vape-Wholesale_2-510x570.jpg 510w, https:\/\/www.vape4wholesale.com\/wp-content\/uploads\/2024\/05\/RabBeats-RC10000-Touch-Disposable-Vape-Wholesale_2-64x71.jpg 64w, https:\/\/www.vape4wholesale.com\/wp-content\/uploads\/2024\/05\/RabBeats-RC10000-Touch-Disposable-Vape-Wholesale_2-269x300.jpg 269w, https:\/\/www.vape4wholesale.com\/wp-content\/uploads\/2024\/05\/RabBeats-RC10000-Touch-Disposable-Vape-Wholesale_2-917x1024.jpg 917w, https:\/\/www.vape4wholesale.com\/wp-content\/uploads\/2024\/05\/RabBeats-RC10000-Touch-Disposable-Vape-Wholesale_2-768x858.jpg 768w\" sizes=\"auto, (max-width: 1000px) 100vw, 1000px\" \/><\/p>\n<h2>\u00bfPOR QU\u00c9 NOSOTROS?<\/h2>\r\n<ul>\r\n<li>Fuente de vape real, fiable y profesional.<\/li>\r\n<li>100% Garant\u00eda de autenticidad: S\u00f3lo proporcionamos productos originales y genuinos, rechazamos la falsificaci\u00f3n.<\/li>\r\n<li>100% Garant\u00eda de entrega: Utilizamos el mejor m\u00e9todo de env\u00edo para asegurarnos de que recibes el pedido 100%.<\/li>\r\n<li>Le daremos el n\u00famero de seguimiento y la etiqueta de env\u00edo despu\u00e9s del env\u00edo, y realizaremos el seguimiento de la mercanc\u00eda por usted hasta que la firme.<\/li>\r\n<li>Sin problemas aduaneros ni aranceles<\/li>\r\n<\/ul>","protected":false},"excerpt":{"rendered":"<div class=\"wsppc_div_block woocommerce_before_add_to_cart_form\">\r\n<p><strong><span style=\"color: #00a859;\">Pasar por la aduana<\/span> antes de la entrega y 100% Garant\u00eda de entrega, Entrega en 19~25 d\u00edas aproximadamente.\u00a0<\/strong><\/p>\r\n<\/div>\n<p><strong>Debido a los frecuentes cambios en el inventario de productos, la cantidad m\u00ednima de pedido y el precio, p\u00f3ngase en contacto con nosotros antes de realizar el pedido.<\/strong><\/p>","protected":false},"featured_media":15829,"comment_status":"open","ping_status":"closed","template":"","meta":[],"pwb-brand":[1289],"product_cat":[871],"product_tag":[22,24,60,177,324,808],"class_list":{"0":"post-15808","1":"product","2":"type-product","3":"status-publish","4":"has-post-thumbnail","6":"pwb-brand-others","7":"product_cat-10-15k-puffs","8":"product_tag-disposable","9":"product_tag-wholesale","10":"product_tag-elf-bar","11":"product_tag-14-0ml","12":"product_tag-10000-puffs","13":"product_tag-rabbeats","15":"first","16":"instock","17":"shipping-taxable","18":"purchasable","19":"product-type-variable"},"aioseo_notices":[],"brands":[{"id":1289,"name":"Otros","slug":"otros"}],"_links":{"self":[{"href":"https:\/\/www.vape4wholesale.com\/es\/wp-json\/wp\/v2\/product\/15808","targetHints":{"allow":["GET"]}}],"collection":[{"href":"https:\/\/www.vape4wholesale.com\/es\/wp-json\/wp\/v2\/product"}],"about":[{"href":"https:\/\/www.vape4wholesale.com\/es\/wp-json\/wp\/v2\/types\/product"}],"replies":[{"embeddable":true,"href":"https:\/\/www.vape4wholesale.com\/es\/wp-json\/wp\/v2\/comments?post=15808"}],"wp:featuredmedia":[{"embeddable":true,"href":"https:\/\/www.vape4wholesale.com\/es\/wp-json\/wp\/v2\/media\/15829"}],"wp:attachment":[{"href":"https:\/\/www.vape4wholesale.com\/es\/wp-json\/wp\/v2\/media?parent=15808"}],"wp:term":[{"taxonomy":"pwb-brand","embeddable":true,"href":"https:\/\/www.vape4wholesale.com\/es\/wp-json\/wp\/v2\/pwb-brand?post=15808"},{"taxonomy":"product_cat","embeddable":true,"href":"https:\/\/www.vape4wholesale.com\/es\/wp-json\/wp\/v2\/product_cat?post=15808"},{"taxonomy":"product_tag","embeddable":true,"href":"https:\/\/www.vape4wholesale.com\/es\/wp-json\/wp\/v2\/product_tag?post=15808"}],"curies":[{"name":"wp","href":"https:\/\/api.w.org\/{rel}","templated":true}]}}