{"id":15767,"date":"2024-05-20T09:26:22","date_gmt":"2024-05-20T01:26:22","guid":{"rendered":"https:\/\/www.vape4wholesale.com\/?post_type=product&#038;p=15767"},"modified":"2026-01-26T13:41:01","modified_gmt":"2026-01-26T13:41:01","slug":"rabbeats-rc10000-vape-desechable-al-por-mayor","status":"publish","type":"product","link":"https:\/\/www.vape4wholesale.com\/es\/product\/rabbeats-rc10000-disposable-vape-wholesale","title":{"rendered":"RabBeats RC10000 Vape desechable al por mayor"},"content":{"rendered":"<p>el\u00a0<b>Vapeador desechable RabBeats RC10000 <\/b>equipado con una robusta bater\u00eda de 620mAh, una capacidad de 18mL, y caracter\u00edsticas esenciales como un indicador de duraci\u00f3n de la bater\u00eda y un indicador de e-l\u00edquido. Este vape desechable cuenta con una notable vida \u00fatil, ofreciendo hasta 10.000 caladas para una experiencia de vapeo prolongada.<\/p>\n<p>El vapeador desechable RabBeats RC10000 es una obra maestra en el mundo del vapeo, creado para aquellos que buscan un sabor incomparable y un rendimiento duradero. Con una promesa de hasta 10.000 caladas, este dispositivo no es s\u00f3lo una herramienta de vapeo, sino un viaje a trav\u00e9s de un rico tapiz de sabores, dise\u00f1ado para satisfacer los paladares m\u00e1s exigentes.<\/p>\n<p>&nbsp;<\/p>\n<h3><strong>RabBeats RC10000 Vape desechable Caracter\u00edsticas<\/strong><\/h3>\n<ol>\n<li>Gran capacidad: Disfruta de hasta 10.000 caladas con un dep\u00f3sito de e-l\u00edquido de 18mL.<\/li>\n<li>Bater\u00eda potente: Una bater\u00eda recargable USB-C de 620 mAh garantiza un rendimiento duradero.<\/li>\n<li>Dise\u00f1o elegante: Recubierto de goma para mayor comodidad, con un elegante panel frontal brillante.<\/li>\n<li>Pantalla avanzada: Pantalla LCD para controlar en tiempo real los niveles de bater\u00eda y e-l\u00edquido.<\/li>\n<li>Innovadora tecnolog\u00eda de bobina: Bobina de malla con tecnolog\u00eda antiquemaduras para caladas suaves y sabrosas.<\/li>\n<\/ol>\n<h2>Deteils rapides<\/h2>\n<ul>\n<li>E-l\u00edquido precargado de 18ml<\/li>\n<li>5%(50mg) Potencia de nicotina<\/li>\n<li>Bater\u00eda recargable de 620 mAh<\/li>\n<li>USB tipo C (cable no incluido)<\/li>\n<li>Aproximadamente 10000 Puffs<\/li>\n<li>Bobina de malla<\/li>\n<li>Activado por dibujo<\/li>\n<li>MTL Vaping<\/li>\n<li>Pantalla de bater\u00eda y e-l\u00edquido<\/li>\n<li>Tecnolog\u00eda avanzada de bobina de malla<\/li>\n<li>Protecci\u00f3n antiquemaduras<\/li>\n<\/ul>\n<p class=\"second-title\">Sabores<\/p>\n<ul>\n<li><b>Hielo de fresa<\/b>: Un sabor mezclado de fresa \u00e1cida y un toque de menta<\/li>\n<li><b>Melocot\u00f3n Mango<\/b>: Un para\u00edso tropical de apasionado mango y jugoso melocot\u00f3n<\/li>\n<li><b>Hielo de uva<\/b>: Un d\u00fao de uva \u00e1cida y menta fresca<\/li>\n<li><b>Uva Cereza<\/b>: Un estallido tras colisi\u00f3n de cereza dulce y uva \u00e1cida<\/li>\n<li><b>Hielo Fuji<\/b>: Tan fr\u00edo como la nieve del monte Fuji y no tiene nada que envidiar a tu caramelo de menta.<\/li>\n<li><b>Cereza Crazy Berry<\/b>: Disfrute de la explosi\u00f3n de bayas dulces y cerezas \u00e1cidas en su paladar<\/li>\n<li><b>Menta con ar\u00e1ndanos<\/b>: Un cl\u00e1sico sabor a fruta y menta, \u00e1cido, dulce y helado.<\/li>\n<li><b>Nubes de ar\u00e1ndanos<\/b>: Para los amantes de las nubes que tambi\u00e9n disfrutan con los ar\u00e1ndanos dulces y florales<\/li>\n<li><b>Hielo Razz Azul<\/b>: Prep\u00e1rate para una explosi\u00f3n de frambuesa azul<\/li>\n<li><b>Fresa Kiwi Ice<\/b>: Una combinaci\u00f3n perfecta de deliciosa fresa y kiwi con un tercio de una menta<\/li>\n<li><b>Casa de la Moneda de Miami<\/b>: Una fresca mezcla de c\u00edtricos con refrescante menta<\/li>\n<li><b>Pi\u00f1a Fresa Pl\u00e1tano<\/b>: Una deliciosa mezcla de pi\u00f1a \u00e1cida, fresa jugosa y pl\u00e1tano maduro<\/li>\n<li><b>Lim\u00f3n Lima<\/b>: Disfrute del sabroso fest\u00edn de lim\u00f3n y lima<\/li>\n<li><b>Zarzamora Ar\u00e1ndano<\/b>: Agradable experiencia de vapeo con apetitosas moras y sabrosos ar\u00e1ndanos.<\/li>\n<\/ul>\n<figure id=\"attachment_15795\" aria-describedby=\"caption-attachment-15795\" style=\"width: 800px\" class=\"wp-caption aligncenter\"><img loading=\"lazy\" decoding=\"async\" class=\"size-full wp-image-15795\" title=\"RabBeats RC10000 Vape Desechable Mayorista Ar\u00e1ndano Menta\" src=\"https:\/\/www.vape4wholesale.com\/wp-content\/uploads\/2024\/05\/RabBeats-RC10000-Disposable-Vape-Wholesale_Blueberry-Mint.jpg\" alt=\"RabBeats RC10000 Vape Desechable Mayorista Ar\u00e1ndano Menta\" width=\"800\" height=\"800\" srcset=\"https:\/\/www.vape4wholesale.com\/wp-content\/uploads\/2024\/05\/RabBeats-RC10000-Disposable-Vape-Wholesale_Blueberry-Mint.jpg 800w, https:\/\/www.vape4wholesale.com\/wp-content\/uploads\/2024\/05\/RabBeats-RC10000-Disposable-Vape-Wholesale_Blueberry-Mint-247x247.jpg 247w, https:\/\/www.vape4wholesale.com\/wp-content\/uploads\/2024\/05\/RabBeats-RC10000-Disposable-Vape-Wholesale_Blueberry-Mint-100x100.jpg 100w, https:\/\/www.vape4wholesale.com\/wp-content\/uploads\/2024\/05\/RabBeats-RC10000-Disposable-Vape-Wholesale_Blueberry-Mint-510x510.jpg 510w, https:\/\/www.vape4wholesale.com\/wp-content\/uploads\/2024\/05\/RabBeats-RC10000-Disposable-Vape-Wholesale_Blueberry-Mint-64x64.jpg 64w, https:\/\/www.vape4wholesale.com\/wp-content\/uploads\/2024\/05\/RabBeats-RC10000-Disposable-Vape-Wholesale_Blueberry-Mint-300x300.jpg 300w, https:\/\/www.vape4wholesale.com\/wp-content\/uploads\/2024\/05\/RabBeats-RC10000-Disposable-Vape-Wholesale_Blueberry-Mint-150x150.jpg 150w, https:\/\/www.vape4wholesale.com\/wp-content\/uploads\/2024\/05\/RabBeats-RC10000-Disposable-Vape-Wholesale_Blueberry-Mint-768x768.jpg 768w\" sizes=\"auto, (max-width: 800px) 100vw, 800px\" \/><figcaption id=\"caption-attachment-15795\" class=\"wp-caption-text\">RabBeats RC10000 Vape desechable al por mayor<\/figcaption><\/figure>\n<figure id=\"attachment_15805\" aria-describedby=\"caption-attachment-15805\" style=\"width: 1200px\" class=\"wp-caption aligncenter\"><img loading=\"lazy\" decoding=\"async\" class=\"wp-image-15805 size-full\" title=\"RabBeats RC10000 Vape desechable al por mayor Descripci\u00f3n general\" src=\"https:\/\/www.vape4wholesale.com\/wp-content\/uploads\/2024\/05\/RabBeats-RC10000-Disposable-Vape-Wholesale-Overview.jpg\" alt=\"RabBeats RC10000 Vape desechable al por mayor Descripci\u00f3n general\" width=\"1200\" height=\"1767\" srcset=\"https:\/\/www.vape4wholesale.com\/wp-content\/uploads\/2024\/05\/RabBeats-RC10000-Disposable-Vape-Wholesale-Overview.jpg 1200w, https:\/\/www.vape4wholesale.com\/wp-content\/uploads\/2024\/05\/RabBeats-RC10000-Disposable-Vape-Wholesale-Overview-510x751.jpg 510w, https:\/\/www.vape4wholesale.com\/wp-content\/uploads\/2024\/05\/RabBeats-RC10000-Disposable-Vape-Wholesale-Overview-64x94.jpg 64w, https:\/\/www.vape4wholesale.com\/wp-content\/uploads\/2024\/05\/RabBeats-RC10000-Disposable-Vape-Wholesale-Overview-204x300.jpg 204w, https:\/\/www.vape4wholesale.com\/wp-content\/uploads\/2024\/05\/RabBeats-RC10000-Disposable-Vape-Wholesale-Overview-695x1024.jpg 695w, https:\/\/www.vape4wholesale.com\/wp-content\/uploads\/2024\/05\/RabBeats-RC10000-Disposable-Vape-Wholesale-Overview-768x1131.jpg 768w, https:\/\/www.vape4wholesale.com\/wp-content\/uploads\/2024\/05\/RabBeats-RC10000-Disposable-Vape-Wholesale-Overview-1043x1536.jpg 1043w\" sizes=\"auto, (max-width: 1200px) 100vw, 1200px\" \/><figcaption id=\"caption-attachment-15805\" class=\"wp-caption-text\">RabBeats RC10000 Vape desechable al por mayor<\/figcaption><\/figure>\n<h2>\u00bfPOR QU\u00c9 NOSOTROS?<\/h2>\r\n<ul>\r\n<li>Fuente de vape real, fiable y profesional.<\/li>\r\n<li>100% Garant\u00eda de autenticidad: S\u00f3lo proporcionamos productos originales y genuinos, rechazamos la falsificaci\u00f3n.<\/li>\r\n<li>100% Garant\u00eda de entrega: Utilizamos el mejor m\u00e9todo de env\u00edo para asegurarnos de que recibes el pedido 100%.<\/li>\r\n<li>Le daremos el n\u00famero de seguimiento y la etiqueta de env\u00edo despu\u00e9s del env\u00edo, y realizaremos el seguimiento de la mercanc\u00eda por usted hasta que la firme.<\/li>\r\n<li>Sin problemas aduaneros ni aranceles<\/li>\r\n<\/ul>","protected":false},"excerpt":{"rendered":"<div class=\"wsppc_div_block woocommerce_before_add_to_cart_form\">\r\n<p><strong><span style=\"color: #00a859;\">Clear customs<\/span> before delivery &amp; 100% Delivery Guarantee, Delivery in 19~25 days around.\u00a0<\/strong><\/p>\r\n<\/div>\n<p><strong>Debido a los frecuentes cambios en el inventario de productos, la cantidad m\u00ednima de pedido y el precio, p\u00f3ngase en contacto con nosotros antes de realizar el pedido.<\/strong><\/p>","protected":false},"featured_media":15788,"comment_status":"open","ping_status":"closed","template":"","meta":[],"pwb-brand":[1289],"product_cat":[871],"product_tag":[324,808,22,24,60,244],"class_list":{"0":"post-15767","1":"product","2":"type-product","3":"status-publish","4":"has-post-thumbnail","6":"pwb-brand-others","7":"product_cat-10-15k-puffs","8":"product_tag-10000-puffs","9":"product_tag-rabbeats","10":"product_tag-disposable","11":"product_tag-wholesale","12":"product_tag-elf-bar","13":"product_tag-18-0ml","15":"first","16":"instock","17":"shipping-taxable","18":"purchasable","19":"product-type-variable"},"aioseo_notices":[],"brands":[{"id":1289,"name":"Otros","slug":"otros"}],"_links":{"self":[{"href":"https:\/\/www.vape4wholesale.com\/es\/wp-json\/wp\/v2\/product\/15767","targetHints":{"allow":["GET"]}}],"collection":[{"href":"https:\/\/www.vape4wholesale.com\/es\/wp-json\/wp\/v2\/product"}],"about":[{"href":"https:\/\/www.vape4wholesale.com\/es\/wp-json\/wp\/v2\/types\/product"}],"replies":[{"embeddable":true,"href":"https:\/\/www.vape4wholesale.com\/es\/wp-json\/wp\/v2\/comments?post=15767"}],"wp:featuredmedia":[{"embeddable":true,"href":"https:\/\/www.vape4wholesale.com\/es\/wp-json\/wp\/v2\/media\/15788"}],"wp:attachment":[{"href":"https:\/\/www.vape4wholesale.com\/es\/wp-json\/wp\/v2\/media?parent=15767"}],"wp:term":[{"taxonomy":"pwb-brand","embeddable":true,"href":"https:\/\/www.vape4wholesale.com\/es\/wp-json\/wp\/v2\/pwb-brand?post=15767"},{"taxonomy":"product_cat","embeddable":true,"href":"https:\/\/www.vape4wholesale.com\/es\/wp-json\/wp\/v2\/product_cat?post=15767"},{"taxonomy":"product_tag","embeddable":true,"href":"https:\/\/www.vape4wholesale.com\/es\/wp-json\/wp\/v2\/product_tag?post=15767"}],"curies":[{"name":"wp","href":"https:\/\/api.w.org\/{rel}","templated":true}]}}