{"id":15742,"date":"2024-05-19T21:10:00","date_gmt":"2024-05-19T13:10:00","guid":{"rendered":"https:\/\/www.vape4wholesale.com\/?post_type=product&#038;p=15742"},"modified":"2026-01-26T13:41:03","modified_gmt":"2026-01-26T13:41:03","slug":"elf-bar-fs18000-vape-desechable-al-por-mayor","status":"publish","type":"product","link":"https:\/\/www.vape4wholesale.com\/es\/product\/elf-bar-fs18000-disposable-vape-wholesale","title":{"rendered":"Elf Bar FS18000 Vape desechable al por mayor"},"content":{"rendered":"<p>En <b>Barra Elf FS18000 Desechable <\/b>marca el comienzo de una nueva era del vapeo con sus innovadores modos ajustables, su sistema de doble bobina de malla y una v\u00edvida interfaz de usuario de pantalla plana. Experimenta el vapeo como nunca antes con hasta 18000 caladas y una selecci\u00f3n de 30 tentadores sabores.<\/p>\n<p>Ofrece las \u00faltimas funciones, como modos de vapeo ajustables y una pantalla de visualizaci\u00f3n con tecnolog\u00eda de \u00faltima generaci\u00f3n. El dep\u00f3sito de e-l\u00edquido del FS18000 puede contener una gran cantidad de e-l\u00edquido para vapear durante mucho tiempo. Las bobinas de doble malla son la clave para una potencia continua para dos modos de vapeo diferentes. El modo Boost mejora la producci\u00f3n de sabor y el rendimiento del FS18000. Por otro lado, el modo Smooth es para un mayor n\u00famero de caladas y caladas suaves y satisfactorias.<\/p>\n<p>El Elf Bar FS18000 no es s\u00f3lo un dispositivo de vapeo; es una obra maestra de la ingenier\u00eda dise\u00f1ada para superar las expectativas. Con un impresionante recuento de 18000 caladas, este dispositivo garantiza un disfrute prolongado sin la molestia de recargas frecuentes. Tanto si eres un vapeador experimentado como si eres nuevo en el mundo del vapeo, el ELFBAR FS18000 est\u00e1 dise\u00f1ado para satisfacer tus necesidades y preferencias.<\/p>\n<h2 class=\"second-title\"><strong>Elf Bar FS18000 Vape Desechable Caracter\u00edsticas:<\/strong><\/h2>\n<ul>\n<li>Bater\u00eda integrada recargable<\/li>\n<li>Cantidad de caladas: Aproximadamente 18000 (Modo Suave)\/10000 Puffs (Modo Boost)<\/li>\n<li>Jugo electr\u00f3nico precargado<\/li>\n<li>Diferentes modos de vapeo: Modo Smooth\/Boost<\/li>\n<li>Pantalla plana con interfaz de usuario colorida<\/li>\n<li>Bobina de malla doble<\/li>\n<li>5%(50mg) Potencia de nicotina<\/li>\n<li>Carga USB Type-C (no incluida)<\/li>\n<li>Activado por dibujo<\/li>\n<li>MTL Vaping<\/li>\n<\/ul>\n<h2><strong>\u00bfPor qu\u00e9 es genial?<\/strong><\/h2>\n<ol>\n<li><strong>Dos modos de vapeo:<\/strong>\u00a0Elige entre el modo Boost para un sabor intenso o el modo Smooth para un mayor n\u00famero de caladas.<\/li>\n<li><strong>Bobina de malla doble de vanguardia:<\/strong>\u00a0Experimenta un vapor consistente y rico con cada calada.<\/li>\n<li><strong>Pantalla plana f\u00e1cil de usar:<\/strong>\u00a0Navega por los ajustes y preferencias con una interfaz de usuario intuitiva y colorida.<\/li>\n<li><strong>Indicadores en tiempo real:<\/strong>\u00a0Mant\u00e9ngase informado con indicadores claros del nivel de bater\u00eda y de e-l\u00edquido.<\/li>\n<li><strong>Amplia variedad de sabores:<\/strong>\u00a0Del\u00e9itese con un espectro de 30 sabores diferentes adaptados a cualquier gusto.<\/li>\n<\/ol>\n<h2><strong>Sabores:<\/strong><\/h2>\n<ol>\n<li>Ar\u00e1ndanos<\/li>\n<li>Sand\u00eda Lim\u00f3n<\/li>\n<li>Hielo de sand\u00eda<\/li>\n<li>Chicle de sand\u00eda<\/li>\n<li>Fresa Uva<\/li>\n<li>Granada Coco<\/li>\n<li>Melocot\u00f3n helado<\/li>\n<li>Melocot\u00f3n baya<\/li>\n<li>Naranja Sand\u00eda<\/li>\n<li>Menta lim\u00f3n<\/li>\n<li>Kiwi Pi\u00f1a Helado<\/li>\n<li>Uva Frambuesa<\/li>\n<li>Hielo de uva<\/li>\n<li>Uva Cereza<\/li>\n<li>Manzana doble<\/li>\n<li>Limonada de cereza y melocot\u00f3n<\/li>\n<li>Ar\u00e1ndano Razz Lim\u00f3n<\/li>\n<li>Ar\u00e1ndano Frambuesa<\/li>\n<li>Hielo de ar\u00e1ndanos<\/li>\n<li>Zarzamora Ar\u00e1ndano<\/li>\n<\/ol>\n<figure id=\"attachment_15766\" aria-describedby=\"caption-attachment-15766\" style=\"width: 606px\" class=\"wp-caption alignnone\"><img loading=\"lazy\" decoding=\"async\" class=\"size-full wp-image-15766\" title=\"Elf Bar FS18000 Vape desechable al por mayor (2)\" src=\"https:\/\/www.vape4wholesale.com\/wp-content\/uploads\/2024\/05\/Elf-Bar-FS18000-Disposable-Vape-Wholesale-2.jpg\" alt=\"Elf Bar FS18000 Vape desechable al por mayor (2)\" width=\"606\" height=\"810\" srcset=\"https:\/\/www.vape4wholesale.com\/wp-content\/uploads\/2024\/05\/Elf-Bar-FS18000-Disposable-Vape-Wholesale-2.jpg 606w, https:\/\/www.vape4wholesale.com\/wp-content\/uploads\/2024\/05\/Elf-Bar-FS18000-Disposable-Vape-Wholesale-2-510x682.jpg 510w, https:\/\/www.vape4wholesale.com\/wp-content\/uploads\/2024\/05\/Elf-Bar-FS18000-Disposable-Vape-Wholesale-2-64x86.jpg 64w, https:\/\/www.vape4wholesale.com\/wp-content\/uploads\/2024\/05\/Elf-Bar-FS18000-Disposable-Vape-Wholesale-2-224x300.jpg 224w\" sizes=\"auto, (max-width: 606px) 100vw, 606px\" \/><figcaption id=\"caption-attachment-15766\" class=\"wp-caption-text\">Elf Bar FS18000 Vape desechable al por mayor<\/figcaption><\/figure>\n<h2>\u00bfPOR QU\u00c9 NOSOTROS?<\/h2>\r\n<ul>\r\n<li>Fuente de vape real, fiable y profesional.<\/li>\r\n<li>100% Garant\u00eda de autenticidad: S\u00f3lo proporcionamos productos originales y genuinos, rechazamos la falsificaci\u00f3n.<\/li>\r\n<li>100% Garant\u00eda de entrega: Utilizamos el mejor m\u00e9todo de env\u00edo para asegurarnos de que recibes el pedido 100%.<\/li>\r\n<li>Le daremos el n\u00famero de seguimiento y la etiqueta de env\u00edo despu\u00e9s del env\u00edo, y realizaremos el seguimiento de la mercanc\u00eda por usted hasta que la firme.<\/li>\r\n<li>Sin problemas aduaneros ni aranceles<\/li>\r\n<\/ul>","protected":false},"excerpt":{"rendered":"<div class=\"wsppc_div_block woocommerce_before_add_to_cart_form\">\r\n<p><strong><span style=\"color: #00a859;\">Pasar por la aduana<\/span> antes de la entrega y 100% Garant\u00eda de entrega, Entrega en 19~25 d\u00edas aproximadamente.\u00a0<\/strong><\/p>\r\n<\/div>\n<p><strong>Debido a los frecuentes cambios en el inventario de productos, la cantidad m\u00ednima de pedido y el precio, p\u00f3ngase en contacto con nosotros antes de realizar el pedido.<\/strong><\/p>","protected":false},"featured_media":15766,"comment_status":"open","ping_status":"closed","template":"","meta":[],"pwb-brand":[1278],"product_cat":[872],"product_tag":[22,24,60,557,719],"class_list":{"0":"post-15742","1":"product","2":"type-product","3":"status-publish","4":"has-post-thumbnail","6":"pwb-brand-elf-bar","7":"product_cat-15k-20k-puffs","8":"product_tag-disposable","9":"product_tag-wholesale","10":"product_tag-elf-bar","11":"product_tag-23-0ml","12":"product_tag-18000-puffs","14":"first","15":"instock","16":"shipping-taxable","17":"purchasable","18":"product-type-variable"},"aioseo_notices":[],"brands":[{"id":1278,"name":"Bar Elfo","slug":"bar-duende"}],"_links":{"self":[{"href":"https:\/\/www.vape4wholesale.com\/es\/wp-json\/wp\/v2\/product\/15742","targetHints":{"allow":["GET"]}}],"collection":[{"href":"https:\/\/www.vape4wholesale.com\/es\/wp-json\/wp\/v2\/product"}],"about":[{"href":"https:\/\/www.vape4wholesale.com\/es\/wp-json\/wp\/v2\/types\/product"}],"replies":[{"embeddable":true,"href":"https:\/\/www.vape4wholesale.com\/es\/wp-json\/wp\/v2\/comments?post=15742"}],"wp:featuredmedia":[{"embeddable":true,"href":"https:\/\/www.vape4wholesale.com\/es\/wp-json\/wp\/v2\/media\/15766"}],"wp:attachment":[{"href":"https:\/\/www.vape4wholesale.com\/es\/wp-json\/wp\/v2\/media?parent=15742"}],"wp:term":[{"taxonomy":"pwb-brand","embeddable":true,"href":"https:\/\/www.vape4wholesale.com\/es\/wp-json\/wp\/v2\/pwb-brand?post=15742"},{"taxonomy":"product_cat","embeddable":true,"href":"https:\/\/www.vape4wholesale.com\/es\/wp-json\/wp\/v2\/product_cat?post=15742"},{"taxonomy":"product_tag","embeddable":true,"href":"https:\/\/www.vape4wholesale.com\/es\/wp-json\/wp\/v2\/product_tag?post=15742"}],"curies":[{"name":"wp","href":"https:\/\/api.w.org\/{rel}","templated":true}]}}