{"id":15703,"date":"2024-05-14T16:21:00","date_gmt":"2024-05-14T08:21:00","guid":{"rendered":"https:\/\/www.vape4wholesale.com\/?post_type=product&#038;p=15703"},"modified":"2026-01-27T15:01:31","modified_gmt":"2026-01-27T15:01:31","slug":"lavie-cube-20000-puffs-vape-desechable-al-por-mayor","status":"publish","type":"product","link":"https:\/\/www.vape4wholesale.com\/es\/product\/lavie-cube-20000-puffs-disposable-vape-wholesale","title":{"rendered":"Lavie Cube 20000 Puffs Vape desechable al por mayor"},"content":{"rendered":"<p>El Lavie Cube 20000 es un dispositivo de vapeo desechable que viene con bater\u00eda recargable y pantalla de nivel de ejuice. Este vape se destaca por su potente rendimiento y caracter\u00edsticas ricas, que le ofrece una nueva experiencia vaping.<\/p>\n<p>Equipado con una bater\u00eda de alto rendimiento de 600mAh, el Vape Desechable LAVIE Cube 20000 Puffs garantiza una larga duraci\u00f3n de la bater\u00eda, lo que le permite disfrutar del placer de vapear sin recargas frecuentes. Mientras tanto,su capacidad del tanque de aceite 28ml asegura sesiones vaping prolongados,lo que le permite disfrutar al m\u00e1ximo.<\/p>\n<p>El LAVIE Cube 20000 ofrece una variedad de opciones de contenido de nicotina 0%\/2%\/5%, satisfaciendo las necesidades de todo tipo de fumadores. Su variada selecci\u00f3n de sabores es igualmente impresionante, con 16 sabores cl\u00e1sicos y refrescantes que van desde el tabaco tradicional a las mezclas afrutadas, asegurando que hay algo para todos.<\/p>\n<h2><strong>Especificaciones del Vape Lavie Cube 20000 Desechable:<\/strong><\/h2>\n<p>Marca:LAVIE<\/p>\n<p>Puffs:20000 Puffs disponibles por dispositivo<\/p>\n<p>Nicotina:2%\/5%<\/p>\n<p>Capacidad del E-jugo:28ML<\/p>\n<p>Resistencia: 1.0\u03a9<\/p>\n<p>Bater\u00eda:600mAh<\/p>\n<p>Puerto de carga:Tipo-C<\/p>\n<p>&nbsp;<\/p>\n<h2><strong>Sabores<\/strong><\/h2>\n<ol>\n<li>Fresa Kiwi Ice<\/li>\n<li>Aloe Vera Uva Ice<\/li>\n<li>Sand\u00eda con fresa<\/li>\n<li>Hielo de cereza con pepitas de mora<\/li>\n<li>Hielo de uva<\/li>\n<li>Hielo de menta<\/li>\n<li>Bacco<\/li>\n<li>Monstruo del mango<\/li>\n<li>Hielo de ar\u00e1ndano, frambuesa y uva<\/li>\n<li>Fruta de la pasi\u00f3n Kiwi Guayaba<\/li>\n<li>Manzana doble<\/li>\n<li>Lim\u00f3n Cola<\/li>\n<li>Helado de fresa y lichi<\/li>\n<li>Hielo de sand\u00eda<\/li>\n<li>Ar\u00e1ndano Frambuesa Chicle<\/li>\n<li>Helado de taro<\/li>\n<\/ol>\n<p>&nbsp;<\/p>\n<h2><strong>Embalaje y peso<\/strong><\/h2>\n<p>0,09KG\/PCS, Individual con paquete peque\u00f1o, 10 piezas en caja mediana.<\/p>\n<p>200PCS en el cart\u00f3n principal, 18KG.<\/p>\n<figure id=\"attachment_15704\" aria-describedby=\"caption-attachment-15704\" style=\"width: 1000px\" class=\"wp-caption alignnone\"><img loading=\"lazy\" decoding=\"async\" class=\"wp-image-15704 size-full\" title=\"LAVIE Cube 20000 Puffs Vapeador Desechable al por mayor Aloe Vera Sabor Uva Helada\" src=\"https:\/\/www.vape4wholesale.com\/wp-content\/uploads\/2024\/05\/LAVIE-Cube-20000-Puffs-Disposable-Vape-Wholesale-Aloe-Vera-Grape-Ice-Flavors.jpg\" alt=\"LAVIE Cube 20000 Puffs Vapeador Desechable al por mayor Aloe Vera Sabor Uva Helada\" width=\"1000\" height=\"666\" srcset=\"https:\/\/www.vape4wholesale.com\/wp-content\/uploads\/2024\/05\/LAVIE-Cube-20000-Puffs-Disposable-Vape-Wholesale-Aloe-Vera-Grape-Ice-Flavors.jpg 1000w, https:\/\/www.vape4wholesale.com\/wp-content\/uploads\/2024\/05\/LAVIE-Cube-20000-Puffs-Disposable-Vape-Wholesale-Aloe-Vera-Grape-Ice-Flavors-510x340.jpg 510w, https:\/\/www.vape4wholesale.com\/wp-content\/uploads\/2024\/05\/LAVIE-Cube-20000-Puffs-Disposable-Vape-Wholesale-Aloe-Vera-Grape-Ice-Flavors-64x43.jpg 64w, https:\/\/www.vape4wholesale.com\/wp-content\/uploads\/2024\/05\/LAVIE-Cube-20000-Puffs-Disposable-Vape-Wholesale-Aloe-Vera-Grape-Ice-Flavors-300x200.jpg 300w, https:\/\/www.vape4wholesale.com\/wp-content\/uploads\/2024\/05\/LAVIE-Cube-20000-Puffs-Disposable-Vape-Wholesale-Aloe-Vera-Grape-Ice-Flavors-768x511.jpg 768w\" sizes=\"auto, (max-width: 1000px) 100vw, 1000px\" \/><figcaption id=\"caption-attachment-15704\" class=\"wp-caption-text\">LAVIE Cube 20000 Puffs Vape desechable al por mayor<\/figcaption><\/figure>\n<p><img loading=\"lazy\" decoding=\"async\" class=\"alignnone size-full wp-image-15705\" title=\"LAVIE Cube 20000 Puffs Vape desechable al por mayor Todos los sabores\" src=\"https:\/\/www.vape4wholesale.com\/wp-content\/uploads\/2024\/05\/LAVIE-Cube-20000-Puffs-Disposable-Vape-Wholesale-All-Flavors.jpg\" alt=\"LAVIE Cube 20000 Puffs Vape desechable al por mayor Todos los sabores\" width=\"1000\" height=\"707\" srcset=\"https:\/\/www.vape4wholesale.com\/wp-content\/uploads\/2024\/05\/LAVIE-Cube-20000-Puffs-Disposable-Vape-Wholesale-All-Flavors.jpg 1000w, https:\/\/www.vape4wholesale.com\/wp-content\/uploads\/2024\/05\/LAVIE-Cube-20000-Puffs-Disposable-Vape-Wholesale-All-Flavors-510x361.jpg 510w, https:\/\/www.vape4wholesale.com\/wp-content\/uploads\/2024\/05\/LAVIE-Cube-20000-Puffs-Disposable-Vape-Wholesale-All-Flavors-64x45.jpg 64w, https:\/\/www.vape4wholesale.com\/wp-content\/uploads\/2024\/05\/LAVIE-Cube-20000-Puffs-Disposable-Vape-Wholesale-All-Flavors-300x212.jpg 300w, https:\/\/www.vape4wholesale.com\/wp-content\/uploads\/2024\/05\/LAVIE-Cube-20000-Puffs-Disposable-Vape-Wholesale-All-Flavors-768x543.jpg 768w\" sizes=\"auto, (max-width: 1000px) 100vw, 1000px\" \/> <img loading=\"lazy\" decoding=\"async\" class=\"alignnone size-full wp-image-15706\" title=\"LAVIE Cube 20000 Puffs Vape desechable al por mayor Aloe Vera Uva paquete de hielo\" src=\"https:\/\/www.vape4wholesale.com\/wp-content\/uploads\/2024\/05\/LAVIE-Cube-20000-Puffs-Disposable-Vape-Wholesale-Aloe-Vera-Grape-Ice-Package.jpg\" alt=\"LAVIE Cube 20000 Puffs Vape desechable al por mayor Aloe Vera Uva paquete de hielo\" width=\"1000\" height=\"706\" srcset=\"https:\/\/www.vape4wholesale.com\/wp-content\/uploads\/2024\/05\/LAVIE-Cube-20000-Puffs-Disposable-Vape-Wholesale-Aloe-Vera-Grape-Ice-Package.jpg 1000w, https:\/\/www.vape4wholesale.com\/wp-content\/uploads\/2024\/05\/LAVIE-Cube-20000-Puffs-Disposable-Vape-Wholesale-Aloe-Vera-Grape-Ice-Package-510x360.jpg 510w, https:\/\/www.vape4wholesale.com\/wp-content\/uploads\/2024\/05\/LAVIE-Cube-20000-Puffs-Disposable-Vape-Wholesale-Aloe-Vera-Grape-Ice-Package-64x45.jpg 64w, https:\/\/www.vape4wholesale.com\/wp-content\/uploads\/2024\/05\/LAVIE-Cube-20000-Puffs-Disposable-Vape-Wholesale-Aloe-Vera-Grape-Ice-Package-300x212.jpg 300w, https:\/\/www.vape4wholesale.com\/wp-content\/uploads\/2024\/05\/LAVIE-Cube-20000-Puffs-Disposable-Vape-Wholesale-Aloe-Vera-Grape-Ice-Package-768x542.jpg 768w\" sizes=\"auto, (max-width: 1000px) 100vw, 1000px\" \/><\/p>\n<h2>\u00bfPOR QU\u00c9 NOSOTROS?<\/h2>\r\n<ul>\r\n<li>Fuente de vape real, fiable y profesional.<\/li>\r\n<li>100% Garant\u00eda de autenticidad: S\u00f3lo proporcionamos productos originales y genuinos, rechazamos la falsificaci\u00f3n.<\/li>\r\n<li>100% Garant\u00eda de entrega: Utilizamos el mejor m\u00e9todo de env\u00edo para asegurarnos de que recibes el pedido 100%.<\/li>\r\n<li>Le daremos el n\u00famero de seguimiento y la etiqueta de env\u00edo despu\u00e9s del env\u00edo, y realizaremos el seguimiento de la mercanc\u00eda por usted hasta que la firme.<\/li>\r\n<li>Sin problemas aduaneros ni aranceles<\/li>\r\n<\/ul>","protected":false},"excerpt":{"rendered":"<div class=\"wsppc_div_block woocommerce_before_add_to_cart_form\">\r\n<p><strong><span style=\"color: #00a859;\">Clear customs<\/span> before delivery &amp; 100% Delivery Guarantee, Delivery in 19~25 days around.\u00a0<\/strong><\/p>\r\n<\/div>","protected":false},"featured_media":15738,"comment_status":"open","ping_status":"closed","template":"","meta":[],"pwb-brand":[1277],"product_cat":[873],"product_tag":[793,794,22,24,37],"class_list":{"0":"post-15703","1":"product","2":"type-product","3":"status-publish","4":"has-post-thumbnail","6":"pwb-brand-lavie","7":"product_cat-above-20k-puffs","8":"product_tag-28-0ml","9":"product_tag-20000-puffs","10":"product_tag-disposable","11":"product_tag-wholesale","12":"product_tag-lavie","13":"wcpa_has_options","15":"first","16":"instock","17":"featured","18":"shipping-taxable","19":"purchasable","20":"product-type-variable"},"aioseo_notices":[],"brands":[{"id":1277,"name":"Lavie","slug":"lavie"}],"_links":{"self":[{"href":"https:\/\/www.vape4wholesale.com\/es\/wp-json\/wp\/v2\/product\/15703","targetHints":{"allow":["GET"]}}],"collection":[{"href":"https:\/\/www.vape4wholesale.com\/es\/wp-json\/wp\/v2\/product"}],"about":[{"href":"https:\/\/www.vape4wholesale.com\/es\/wp-json\/wp\/v2\/types\/product"}],"replies":[{"embeddable":true,"href":"https:\/\/www.vape4wholesale.com\/es\/wp-json\/wp\/v2\/comments?post=15703"}],"wp:featuredmedia":[{"embeddable":true,"href":"https:\/\/www.vape4wholesale.com\/es\/wp-json\/wp\/v2\/media\/15738"}],"wp:attachment":[{"href":"https:\/\/www.vape4wholesale.com\/es\/wp-json\/wp\/v2\/media?parent=15703"}],"wp:term":[{"taxonomy":"pwb-brand","embeddable":true,"href":"https:\/\/www.vape4wholesale.com\/es\/wp-json\/wp\/v2\/pwb-brand?post=15703"},{"taxonomy":"product_cat","embeddable":true,"href":"https:\/\/www.vape4wholesale.com\/es\/wp-json\/wp\/v2\/product_cat?post=15703"},{"taxonomy":"product_tag","embeddable":true,"href":"https:\/\/www.vape4wholesale.com\/es\/wp-json\/wp\/v2\/product_tag?post=15703"}],"curies":[{"name":"wp","href":"https:\/\/api.w.org\/{rel}","templated":true}]}}