{"id":15675,"date":"2025-10-29T18:51:50","date_gmt":"2025-10-29T10:51:50","guid":{"rendered":"https:\/\/www.vape4wholesale.com\/?post_type=product&#038;p=15675"},"modified":"2026-03-19T19:01:42","modified_gmt":"2026-03-19T11:01:42","slug":"elf-bar-gh23000-vape-desechable-al-por-mayor","status":"publish","type":"product","link":"https:\/\/www.vape4wholesale.com\/es\/producto\/elf-bar-gh23000-vape-desechable-al-por-mayor","title":{"rendered":"Elf Bar GH23000 Vape desechable al por mayor"},"content":{"rendered":"<p>El vapeador desechable Elf Bar GH23000 introduce una experiencia de vapeo sin precedentes con su innovadora capacidad de 23K caladas y su sistema integrado de ajuste de aire y presi\u00f3n. Este dispositivo recargable cuenta con una gran pantalla lateral de tubo digital y una cautivadora luz monocrom\u00e1tica de anillo exterior azul, estableciendo un nuevo est\u00e1ndar para los vapeadores desechables.<\/p>\n<h2><strong>Elf Bar GH23000 Informaci\u00f3n del producto:<\/strong><\/h2>\n<ul>\n<li>Gran capacidad de e-l\u00edquido: Viene con una capacidad sustancial de 23 ml de e-l\u00edquido.<\/li>\n<li>Sistema de bobina de triple malla: Asegura un excelente sabor y producci\u00f3n de vapor.<\/li>\n<li>Ajustes de calada variables: Tres engranajes para ajustar el n\u00famero de caladas: 23K, 17K y 12K.<\/li>\n<li>Bater\u00eda de alta capacidad: Equipado con una bater\u00eda de 850mAh y carga Type-C.<\/li>\n<li>Sofisticada pantalla lateral: Gran pantalla de tubo digital para facilitar la supervisi\u00f3n.<\/li>\n<li>Personalizaci\u00f3n del flujo de aire y la presi\u00f3n: Sistema integrado que permite una experiencia de vapeo a medida.<\/li>\n<li>Dise\u00f1o elegante: Presenta un anillo exterior con una luz azul monocroma.<\/li>\n<li>Amplia selecci\u00f3n de sabores: Elija entre 15 exquisitos sabores.<\/li>\n<\/ul>\n<h2><strong>Sabores:<\/strong><\/h2>\n<ol>\n<li>Hielo de uva<\/li>\n<li>Hielo de manzana verde<\/li>\n<li>Hielo de sand\u00eda<\/li>\n<li>Hielo de ar\u00e1ndano y frambuesa<\/li>\n<li>Fresa Pl\u00e1tano<\/li>\n<li>Sand\u00eda Cereza<\/li>\n<li>Frambuesa Sand\u00eda Lim\u00f3n<\/li>\n<li>Ciruela verde Lima \u00e1cida<\/li>\n<li>Manzana Pera<\/li>\n<li>Jazm\u00edn Frambuesa<\/li>\n<li>Menta polar<\/li>\n<li>Menta morada<\/li>\n<li>Chicle de fresa y sand\u00eda<\/li>\n<li>Caramelos de sand\u00eda \u00e1cida<\/li>\n<li>Cereza Cola<\/li>\n<\/ol>\n<h2><strong>Detalles del embalaje<\/strong><\/h2>\n<p>1 unidad\/paquete<br data-filtered=\"filtered\" \/>10 paquetes\/caja<br data-filtered=\"filtered\" \/>200 unidades\/caja<\/p>\n<p><strong>Dimensi\u00f3n:<\/strong><br \/>\n58*29*14cm<br \/>\n24KGS\/cart\u00f3n<\/p>\n<figure id=\"attachment_15692\" aria-describedby=\"caption-attachment-15692\" style=\"width: 800px\" class=\"wp-caption alignnone\"><img loading=\"lazy\" decoding=\"async\" class=\"size-full wp-image-15692\" title=\"ELF BAR GH23000 Vape desechable al por mayor (4)\" src=\"https:\/\/www.vape4wholesale.com\/wp-content\/uploads\/2024\/05\/ELF-BAR-GH23000-Disposable-Vape-Wholesale-4.webp\" alt=\"ELF BAR GH23000 Vape desechable al por mayor (4)\" width=\"800\" height=\"644\" srcset=\"https:\/\/www.vape4wholesale.com\/wp-content\/uploads\/2024\/05\/ELF-BAR-GH23000-Disposable-Vape-Wholesale-4.webp 800w, https:\/\/www.vape4wholesale.com\/wp-content\/uploads\/2024\/05\/ELF-BAR-GH23000-Disposable-Vape-Wholesale-4-510x411.webp 510w\" sizes=\"auto, (max-width: 800px) 100vw, 800px\" \/><figcaption id=\"caption-attachment-15692\" class=\"wp-caption-text\">ELF BAR GH23000 Vape desechable al por mayor<\/figcaption><\/figure>\n<h2>\u00bfPOR QU\u00c9 NOSOTROS?<\/h2>\r\n<ul>\r\n<li>Fuente de vape real, fiable y profesional.<\/li>\r\n<li>100% Garant\u00eda de autenticidad: S\u00f3lo proporcionamos productos originales y genuinos, rechazamos la falsificaci\u00f3n.<\/li>\r\n<li>100% Garant\u00eda de entrega: Utilizamos el mejor m\u00e9todo de env\u00edo para asegurarnos de que recibes el pedido 100%.<\/li>\r\n<li>Le daremos el n\u00famero de seguimiento y la etiqueta de env\u00edo despu\u00e9s del env\u00edo, y realizaremos el seguimiento de la mercanc\u00eda por usted hasta que la firme.<\/li>\r\n<li>Sin problemas aduaneros ni aranceles<\/li>\r\n<\/ul>","protected":false},"excerpt":{"rendered":"<p><b><span style=\"color: #00a859;\">Free shipping<\/span>\u00a0from Europe warehouse, 7-15 working days delivery time.<\/b><\/p>\r\n<div class=\"wsppc_div_block woocommerce_before_add_to_cart_form\">\r\n<p><strong>Clear customs before delivery &amp; 100% Delivery Guarantee<\/strong><\/p>\r\n<\/div>","protected":false},"featured_media":26773,"comment_status":"open","ping_status":"closed","template":"","meta":[],"pwb-brand":[1278],"product_cat":[938],"product_tag":[22,24,60,557,780],"class_list":{"0":"post-15675","1":"product","2":"type-product","3":"status-publish","4":"has-post-thumbnail","6":"pwb-brand-elf-bar","7":"product_cat-europe-warehouse","8":"product_tag-disposable","9":"product_tag-wholesale","10":"product_tag-elf-bar","11":"product_tag-23-0ml","12":"product_tag-23000-puffs","13":"product_shipping_class-eu-warehouse","15":"first","16":"instock","17":"shipping-taxable","18":"purchasable","19":"product-type-variable"},"aioseo_notices":[],"brands":[{"id":1278,"name":"Bar Elfo","slug":"bar-duende"}],"_links":{"self":[{"href":"https:\/\/www.vape4wholesale.com\/es\/wp-json\/wp\/v2\/product\/15675","targetHints":{"allow":["GET"]}}],"collection":[{"href":"https:\/\/www.vape4wholesale.com\/es\/wp-json\/wp\/v2\/product"}],"about":[{"href":"https:\/\/www.vape4wholesale.com\/es\/wp-json\/wp\/v2\/types\/product"}],"replies":[{"embeddable":true,"href":"https:\/\/www.vape4wholesale.com\/es\/wp-json\/wp\/v2\/comments?post=15675"}],"wp:featuredmedia":[{"embeddable":true,"href":"https:\/\/www.vape4wholesale.com\/es\/wp-json\/wp\/v2\/media\/26773"}],"wp:attachment":[{"href":"https:\/\/www.vape4wholesale.com\/es\/wp-json\/wp\/v2\/media?parent=15675"}],"wp:term":[{"taxonomy":"pwb-brand","embeddable":true,"href":"https:\/\/www.vape4wholesale.com\/es\/wp-json\/wp\/v2\/pwb-brand?post=15675"},{"taxonomy":"product_cat","embeddable":true,"href":"https:\/\/www.vape4wholesale.com\/es\/wp-json\/wp\/v2\/product_cat?post=15675"},{"taxonomy":"product_tag","embeddable":true,"href":"https:\/\/www.vape4wholesale.com\/es\/wp-json\/wp\/v2\/product_tag?post=15675"}],"curies":[{"name":"wp","href":"https:\/\/api.w.org\/{rel}","templated":true}]}}