{"id":15573,"date":"2024-04-17T22:26:53","date_gmt":"2024-04-17T14:26:53","guid":{"rendered":"https:\/\/www.vape4wholesale.com\/?post_type=product&#038;p=15573"},"modified":"2026-01-26T13:41:07","modified_gmt":"2026-01-26T13:41:07","slug":"lavie-plus-15000-vape-desechable-al-por-mayor","status":"publish","type":"product","link":"https:\/\/www.vape4wholesale.com\/es\/product\/lavie-plus-15000-disposable-vape-wholesale","title":{"rendered":"Lavie Plus 15000 Vape desechable al por mayor"},"content":{"rendered":"<p>El Lavie Plus 15000 es un revolucionario dispositivo de vapeo desechable desarrollado y producido por Lavie con la \u00faltima tecnolog\u00eda de vanguardia, puede alcanzar hasta 15000 caladas, equipado con una bater\u00eda recargable de 650mAh. Con una generosa capacidad de 25 ml de e-l\u00edquido y una tentadora gama de 12 sabores para elegir, Lavie Plus 15000 garantiza una experiencia llena de sabor en todo momento.<\/p>\n<p>El Lavie Plus 15000 est\u00e1 disponible en dos modos diferentes: El modo \"Normal\" alimentado por una bobina de malla simple, cada calada ofrece sabores matizados y nubes suaves. El modelo \"Pulse+\" lo amplifica con la potencia de la bobina de malla doble.<\/p>\n<p>Pida al por mayor nuestra amplia selecci\u00f3n de 12 sabores de Lavie Plus 15000 Puffs al mejor precio y con env\u00edo r\u00e1pido.<\/p>\n<h2><strong>Detalles del Vape Desechable Lavie Plus 15000:<\/strong><\/h2>\n<ul>\n<li>E-l\u00edquido precargado de 25 ml<\/li>\n<li>5% Potencia de nicotina<\/li>\n<li>Bater\u00eda recargable de 650 mAh<\/li>\n<li>Hasta 15000 bocanadas<\/li>\n<li>Carga Tipo-C<\/li>\n<\/ul>\n<h2><strong>Favores disponibles:<\/strong><\/h2>\n<ol>\n<li>Limonada rosa<\/li>\n<li>Hielo de sand\u00eda<\/li>\n<li>M\u00e9xico Mango<\/li>\n<li>Tropical Rainbow Blast<\/li>\n<li>Fresa Mango<\/li>\n<li>Hielo Razz Azul<\/li>\n<li>Casa de la Moneda de Miami<\/li>\n<li>Helado de melocot\u00f3n jugoso<\/li>\n<li>Hielo de manzana \u00e1cida<\/li>\n<li>Cerezo de California<\/li>\n<li>Caramelo de mango y pi\u00f1a<\/li>\n<li>Meta Luna<\/li>\n<\/ol>\n<h2><strong>Detalles del embalaje:<\/strong><\/h2>\n<ul>\n<li>1 unidad\/paquete<\/li>\n<li>10 paquetes\/caja<\/li>\n<li>200 unidades\/caja<\/li>\n<li>20 kg\/caja<\/li>\n<\/ul>\n<figure id=\"attachment_15586\" aria-describedby=\"caption-attachment-15586\" style=\"width: 800px\" class=\"wp-caption alignnone\"><img loading=\"lazy\" decoding=\"async\" class=\"wp-image-15586 size-full\" title=\"LAVIE PLUS 15000 Puffs Vape Desechable Mayorista Sabores\" src=\"https:\/\/www.vape4wholesale.com\/wp-content\/uploads\/2024\/04\/LAVIE-PLUS-15000-Puffs-Disposable-Vape-Wholesale-Flavors.webp\" alt=\"LAVIE PLUS 15000 Puffs Vape Desechable Mayorista Sabores\" width=\"800\" height=\"1298\" srcset=\"https:\/\/www.vape4wholesale.com\/wp-content\/uploads\/2024\/04\/LAVIE-PLUS-15000-Puffs-Disposable-Vape-Wholesale-Flavors.webp 800w, https:\/\/www.vape4wholesale.com\/wp-content\/uploads\/2024\/04\/LAVIE-PLUS-15000-Puffs-Disposable-Vape-Wholesale-Flavors-510x827.webp 510w, https:\/\/www.vape4wholesale.com\/wp-content\/uploads\/2024\/04\/LAVIE-PLUS-15000-Puffs-Disposable-Vape-Wholesale-Flavors-64x104.webp 64w, https:\/\/www.vape4wholesale.com\/wp-content\/uploads\/2024\/04\/LAVIE-PLUS-15000-Puffs-Disposable-Vape-Wholesale-Flavors-185x300.webp 185w, https:\/\/www.vape4wholesale.com\/wp-content\/uploads\/2024\/04\/LAVIE-PLUS-15000-Puffs-Disposable-Vape-Wholesale-Flavors-631x1024.webp 631w, https:\/\/www.vape4wholesale.com\/wp-content\/uploads\/2024\/04\/LAVIE-PLUS-15000-Puffs-Disposable-Vape-Wholesale-Flavors-768x1246.webp 768w\" sizes=\"auto, (max-width: 800px) 100vw, 800px\" \/><figcaption id=\"caption-attachment-15586\" class=\"wp-caption-text\">LAVIE PLUS 15000 Puffs Vape Desechable Mayorista Todos los Sabores<\/figcaption><\/figure>\n<h2>\u00bfPOR QU\u00c9 NOSOTROS?<\/h2>\r\n<ul>\r\n<li>Fuente de vape real, fiable y profesional.<\/li>\r\n<li>100% Garant\u00eda de autenticidad: S\u00f3lo proporcionamos productos originales y genuinos, rechazamos la falsificaci\u00f3n.<\/li>\r\n<li>100% Garant\u00eda de entrega: Utilizamos el mejor m\u00e9todo de env\u00edo para asegurarnos de que recibes el pedido 100%.<\/li>\r\n<li>Le daremos el n\u00famero de seguimiento y la etiqueta de env\u00edo despu\u00e9s del env\u00edo, y realizaremos el seguimiento de la mercanc\u00eda por usted hasta que la firme.<\/li>\r\n<li>Sin problemas aduaneros ni aranceles<\/li>\r\n<\/ul>","protected":false},"excerpt":{"rendered":"<div class=\"wsppc_div_block woocommerce_before_add_to_cart_form\">\r\n<p><strong><span style=\"color: #00a859;\">Pasar por la aduana<\/span> antes de la entrega y 100% Garant\u00eda de entrega, Entrega en 19~25 d\u00edas aproximadamente.\u00a0<\/strong><\/p>\r\n<\/div>","protected":false},"featured_media":15574,"comment_status":"open","ping_status":"closed","template":"","meta":[],"pwb-brand":[1277],"product_cat":[872],"product_tag":[22,24,37,684,692],"class_list":{"0":"post-15573","1":"product","2":"type-product","3":"status-publish","4":"has-post-thumbnail","6":"pwb-brand-lavie","7":"product_cat-15k-20k-puffs","8":"product_tag-disposable","9":"product_tag-wholesale","10":"product_tag-lavie","11":"product_tag-15000-puffs","12":"product_tag-25-0ml","13":"wcpa_has_options","15":"first","16":"instock","17":"shipping-taxable","18":"purchasable","19":"product-type-variable"},"aioseo_notices":[],"brands":[{"id":1277,"name":"Lavie","slug":"lavie"}],"_links":{"self":[{"href":"https:\/\/www.vape4wholesale.com\/es\/wp-json\/wp\/v2\/product\/15573","targetHints":{"allow":["GET"]}}],"collection":[{"href":"https:\/\/www.vape4wholesale.com\/es\/wp-json\/wp\/v2\/product"}],"about":[{"href":"https:\/\/www.vape4wholesale.com\/es\/wp-json\/wp\/v2\/types\/product"}],"replies":[{"embeddable":true,"href":"https:\/\/www.vape4wholesale.com\/es\/wp-json\/wp\/v2\/comments?post=15573"}],"wp:featuredmedia":[{"embeddable":true,"href":"https:\/\/www.vape4wholesale.com\/es\/wp-json\/wp\/v2\/media\/15574"}],"wp:attachment":[{"href":"https:\/\/www.vape4wholesale.com\/es\/wp-json\/wp\/v2\/media?parent=15573"}],"wp:term":[{"taxonomy":"pwb-brand","embeddable":true,"href":"https:\/\/www.vape4wholesale.com\/es\/wp-json\/wp\/v2\/pwb-brand?post=15573"},{"taxonomy":"product_cat","embeddable":true,"href":"https:\/\/www.vape4wholesale.com\/es\/wp-json\/wp\/v2\/product_cat?post=15573"},{"taxonomy":"product_tag","embeddable":true,"href":"https:\/\/www.vape4wholesale.com\/es\/wp-json\/wp\/v2\/product_tag?post=15573"}],"curies":[{"name":"wp","href":"https:\/\/api.w.org\/{rel}","templated":true}]}}