{"id":15476,"date":"2024-04-11T12:20:52","date_gmt":"2024-04-11T04:20:52","guid":{"rendered":"https:\/\/www.vape4wholesale.com\/?post_type=product&#038;p=15476"},"modified":"2026-01-26T13:41:14","modified_gmt":"2026-01-26T13:41:14","slug":"elf-bar-bc15000-vape-desechable-al-por-mayor","status":"publish","type":"product","link":"https:\/\/www.vape4wholesale.com\/es\/product\/elf-bar-bc15000-disposable-vape-wholesale","title":{"rendered":"Elf Bar BC15000 Vape desechable al por mayor"},"content":{"rendered":"<p>El Elf bar BC15000 es un vapeador desechable de \u00faltima generaci\u00f3n con una bater\u00eda recargable de 650mAh y un dep\u00f3sito de e-l\u00edquido precargado de 23ml, que proporciona hasta 15.000 caladas. Su innovadora barra de progreso ofrece a los usuarios informaci\u00f3n en tiempo real sobre el uso de energ\u00eda.<\/p>\n<p>El Elfbar BC15000 ofrece dos modos distintos: \"Suave\" para una calada satisfactoria y \"Turbo\" para una producci\u00f3n de vapor densa. Su dise\u00f1o compacto pero potente garantiza una experiencia de vapeo c\u00f3moda y de primera calidad.<br \/>\nPida al por mayor nuestros 15 sabores exclusivos de Elf Bar BC15000 a precios inmejorables al por mayor con env\u00edo r\u00e1pido.<\/p>\n<h2><strong>Elf Bar BC15000 Vape desechable Caracter\u00edsticas:<\/strong><\/h2>\n<ul>\n<li>Marca: Elf Bar<\/li>\n<li>Tipo: BC15000<\/li>\n<li>Puffs: 15000 Puffs<\/li>\n<li>Nicotina: 5%<\/li>\n<li>Capacidad del e-jugo: 23 ML<\/li>\n<li>Capacidad de la bater\u00eda: 650mAh ( Recargable )<\/li>\n<li>Puerto de carga: Tipo C<\/li>\n<\/ul>\n<h2><strong>Sabores disponibles\uff1a<\/strong><\/h2>\n<ol>\n<li>Mora Cereza<\/li>\n<li>Hielo Razz Azul<\/li>\n<li>Cereza lima<\/li>\n<li>Uva Ar\u00e1ndano<\/li>\n<li>Hielo de uva<\/li>\n<li>Kiwi Maracuy\u00e1 Guayaba<\/li>\n<li>Melocot\u00f3n Mango Sand\u00eda<\/li>\n<li>Pi\u00f1a Toronja Pomelo<\/li>\n<li>Manzana \u00e1cida<\/li>\n<li>Fresa Pl\u00e1tano<\/li>\n<li>Fresa Kiwi<\/li>\n<li>Pimienta Menta<\/li>\n<li>Hielo de sand\u00eda<\/li>\n<li>Kiwi Pi\u00f1a Melocot\u00f3n<\/li>\n<li>Pomelo Fruta de la pasi\u00f3n<\/li>\n<\/ol>\n<h2><strong>Detalles del embalaje<\/strong><\/h2>\n<p>1 unidad\/paquete<br data-filtered=\"filtered\" \/>10 paquetes\/caja<br data-filtered=\"filtered\" \/>200 unidades\/caja<\/p>\n<p><strong>Dimensi\u00f3n:<\/strong><br data-filtered=\"filtered\" \/>55,5*29,5*27,5cm<br data-filtered=\"filtered\" \/>26KGS\/cart\u00f3n<\/p>\n<figure id=\"attachment_15493\" aria-describedby=\"caption-attachment-15493\" style=\"width: 800px\" class=\"wp-caption alignnone\"><img loading=\"lazy\" decoding=\"async\" class=\"wp-image-15493 size-full\" title=\"Elf Bar BC15000 Vapeador Desechable Mayorista Manzana Acida 15000 Puffs\" src=\"https:\/\/www.vape4wholesale.com\/wp-content\/uploads\/2024\/04\/Elf-Bar-BC15000-Disposable-Vape-Wholesale-Sour-Apple-15000-Puffs.webp\" alt=\"Elf Bar BC15000 Vapeador Desechable Mayorista Manzana Acida 15000 Puffs\" width=\"800\" height=\"800\" srcset=\"https:\/\/www.vape4wholesale.com\/wp-content\/uploads\/2024\/04\/Elf-Bar-BC15000-Disposable-Vape-Wholesale-Sour-Apple-15000-Puffs.webp 800w, https:\/\/www.vape4wholesale.com\/wp-content\/uploads\/2024\/04\/Elf-Bar-BC15000-Disposable-Vape-Wholesale-Sour-Apple-15000-Puffs-247x247.webp 247w, https:\/\/www.vape4wholesale.com\/wp-content\/uploads\/2024\/04\/Elf-Bar-BC15000-Disposable-Vape-Wholesale-Sour-Apple-15000-Puffs-100x100.webp 100w, https:\/\/www.vape4wholesale.com\/wp-content\/uploads\/2024\/04\/Elf-Bar-BC15000-Disposable-Vape-Wholesale-Sour-Apple-15000-Puffs-510x510.webp 510w, https:\/\/www.vape4wholesale.com\/wp-content\/uploads\/2024\/04\/Elf-Bar-BC15000-Disposable-Vape-Wholesale-Sour-Apple-15000-Puffs-64x64.webp 64w, https:\/\/www.vape4wholesale.com\/wp-content\/uploads\/2024\/04\/Elf-Bar-BC15000-Disposable-Vape-Wholesale-Sour-Apple-15000-Puffs-300x300.webp 300w, https:\/\/www.vape4wholesale.com\/wp-content\/uploads\/2024\/04\/Elf-Bar-BC15000-Disposable-Vape-Wholesale-Sour-Apple-15000-Puffs-150x150.webp 150w, https:\/\/www.vape4wholesale.com\/wp-content\/uploads\/2024\/04\/Elf-Bar-BC15000-Disposable-Vape-Wholesale-Sour-Apple-15000-Puffs-768x768.webp 768w\" sizes=\"auto, (max-width: 800px) 100vw, 800px\" \/><figcaption id=\"caption-attachment-15493\" class=\"wp-caption-text\">Elf Bar BC15000 Vape desechable al por mayor<\/figcaption><\/figure>\n<h2>\u00bfPOR QU\u00c9 NOSOTROS?<\/h2>\r\n<ul>\r\n<li>Fuente de vape real, fiable y profesional.<\/li>\r\n<li>100% Garant\u00eda de autenticidad: S\u00f3lo proporcionamos productos originales y genuinos, rechazamos la falsificaci\u00f3n.<\/li>\r\n<li>100% Garant\u00eda de entrega: Utilizamos el mejor m\u00e9todo de env\u00edo para asegurarnos de que recibes el pedido 100%.<\/li>\r\n<li>Le daremos el n\u00famero de seguimiento y la etiqueta de env\u00edo despu\u00e9s del env\u00edo, y realizaremos el seguimiento de la mercanc\u00eda por usted hasta que la firme.<\/li>\r\n<li>Sin problemas aduaneros ni aranceles<\/li>\r\n<\/ul>","protected":false},"excerpt":{"rendered":"<div class=\"wsppc_div_block woocommerce_before_add_to_cart_form\">\r\n<p><strong><span style=\"color: #00a859;\">Pasar por la aduana<\/span> antes de la entrega y 100% Garant\u00eda de entrega, Entrega en 19~25 d\u00edas aproximadamente.\u00a0<\/strong><\/p>\r\n<\/div>\n<p><strong>Debido a los frecuentes cambios en el inventario de productos, la cantidad m\u00ednima de pedido y el precio, p\u00f3ngase en contacto con nosotros antes de realizar el pedido.<\/strong><\/p>","protected":false},"featured_media":15493,"comment_status":"open","ping_status":"closed","template":"","meta":[],"pwb-brand":[1278],"product_cat":[872],"product_tag":[22,24,60,557,684],"class_list":{"0":"post-15476","1":"product","2":"type-product","3":"status-publish","4":"has-post-thumbnail","6":"pwb-brand-elf-bar","7":"product_cat-15k-20k-puffs","8":"product_tag-disposable","9":"product_tag-wholesale","10":"product_tag-elf-bar","11":"product_tag-23-0ml","12":"product_tag-15000-puffs","14":"first","15":"instock","16":"shipping-taxable","17":"purchasable","18":"product-type-variable"},"aioseo_notices":[],"brands":[{"id":1278,"name":"Bar Elfo","slug":"bar-duende"}],"_links":{"self":[{"href":"https:\/\/www.vape4wholesale.com\/es\/wp-json\/wp\/v2\/product\/15476","targetHints":{"allow":["GET"]}}],"collection":[{"href":"https:\/\/www.vape4wholesale.com\/es\/wp-json\/wp\/v2\/product"}],"about":[{"href":"https:\/\/www.vape4wholesale.com\/es\/wp-json\/wp\/v2\/types\/product"}],"replies":[{"embeddable":true,"href":"https:\/\/www.vape4wholesale.com\/es\/wp-json\/wp\/v2\/comments?post=15476"}],"wp:featuredmedia":[{"embeddable":true,"href":"https:\/\/www.vape4wholesale.com\/es\/wp-json\/wp\/v2\/media\/15493"}],"wp:attachment":[{"href":"https:\/\/www.vape4wholesale.com\/es\/wp-json\/wp\/v2\/media?parent=15476"}],"wp:term":[{"taxonomy":"pwb-brand","embeddable":true,"href":"https:\/\/www.vape4wholesale.com\/es\/wp-json\/wp\/v2\/pwb-brand?post=15476"},{"taxonomy":"product_cat","embeddable":true,"href":"https:\/\/www.vape4wholesale.com\/es\/wp-json\/wp\/v2\/product_cat?post=15476"},{"taxonomy":"product_tag","embeddable":true,"href":"https:\/\/www.vape4wholesale.com\/es\/wp-json\/wp\/v2\/product_tag?post=15476"}],"curies":[{"name":"wp","href":"https:\/\/api.w.org\/{rel}","templated":true}]}}