{"id":15424,"date":"2024-04-01T11:07:28","date_gmt":"2024-04-01T03:07:28","guid":{"rendered":"https:\/\/www.vape4wholesale.com\/?post_type=product&#038;p=15424"},"modified":"2026-01-26T13:41:17","modified_gmt":"2026-01-26T13:41:17","slug":"lavie-insider-12000-caladas-vape-desechable-al-por-mayor","status":"publish","type":"product","link":"https:\/\/www.vape4wholesale.com\/es\/product\/lavie-insider-12000-puffs-disposable-vape-wholesale","title":{"rendered":"Lavie Insider 12000 Puffs Vape Desechable al por mayor"},"content":{"rendered":"<p>El Lavie Insider 12000 es un vapeador desechable con 18ml de aceite y construido con una bater\u00eda recargable de 650mah que soporta hasta 12.000 caladas.<br \/>\nEs un estilo de dise\u00f1o elegante con una mezcla bicolor que ofrece un buen agarre en la mano y un aspecto llamativo.<br \/>\n\u00a1Elija nuestra lavie sinder hasta 12 sabores al mejor precio al por mayor y env\u00edo r\u00e1pido!<\/p>\n<h2><strong>Especificaciones del Vape Desechable Lavie Insider 12000:<\/strong><\/h2>\n<ul>\n<li>Marca: Lavie<\/li>\n<li>Puffs: 12000 Puffs<\/li>\n<li>Nicotina: 2%\/5%<\/li>\n<li>Capacidad del e-jugo: 18ML<\/li>\n<li>Bater\u00eda: 650mAh<\/li>\n<li>Puerto de carga: Tipo-C<\/li>\n<\/ul>\n<h2><strong>Sabores<\/strong><\/h2>\n<ol>\n<li>Sand\u00eda con fresa<\/li>\n<li>Hielo de sand\u00eda<\/li>\n<li>Mango Ice<\/li>\n<li>T\u00e9 negro de rosas<\/li>\n<li>Hielo de ar\u00e1ndanos<\/li>\n<li>Mojito<\/li>\n<li>Hielo de uva verde<\/li>\n<li>Caf\u00e9<\/li>\n<li>Lim\u00f3n Cola Ice<\/li>\n<li>Hielo naranja<\/li>\n<li>Hielo de menta<\/li>\n<li>Hielo de manzana verde<\/li>\n<\/ol>\n<h2><strong>Embalaje y peso<\/strong><\/h2>\n<ul>\n<li>0.095KG\/PCS, 10 PCS\/ Caja mediana<\/li>\n<li>200PCS\/Cart\u00f3n principal, 19KG.<\/li>\n<\/ul>\n<figure id=\"attachment_15438\" aria-describedby=\"caption-attachment-15438\" style=\"width: 800px\" class=\"wp-caption alignnone\"><img loading=\"lazy\" decoding=\"async\" class=\"size-full wp-image-15438\" title=\"LAVIE INSIDER 12000 Puffs Vape Desechable Mayorista 2 Sabores\" src=\"https:\/\/www.vape4wholesale.com\/wp-content\/uploads\/2024\/04\/LAVIE-INSIDER-12000-Puffs-Disposable-Vape-Wholesale-2-Flavors.jpg\" alt=\"LAVIE INSIDER 12000 Puffs Vape Desechable Mayorista 2 Sabores\" width=\"800\" height=\"1000\" srcset=\"https:\/\/www.vape4wholesale.com\/wp-content\/uploads\/2024\/04\/LAVIE-INSIDER-12000-Puffs-Disposable-Vape-Wholesale-2-Flavors.jpg 800w, https:\/\/www.vape4wholesale.com\/wp-content\/uploads\/2024\/04\/LAVIE-INSIDER-12000-Puffs-Disposable-Vape-Wholesale-2-Flavors-510x638.jpg 510w, https:\/\/www.vape4wholesale.com\/wp-content\/uploads\/2024\/04\/LAVIE-INSIDER-12000-Puffs-Disposable-Vape-Wholesale-2-Flavors-64x80.jpg 64w, https:\/\/www.vape4wholesale.com\/wp-content\/uploads\/2024\/04\/LAVIE-INSIDER-12000-Puffs-Disposable-Vape-Wholesale-2-Flavors-240x300.jpg 240w, https:\/\/www.vape4wholesale.com\/wp-content\/uploads\/2024\/04\/LAVIE-INSIDER-12000-Puffs-Disposable-Vape-Wholesale-2-Flavors-768x960.jpg 768w\" sizes=\"auto, (max-width: 800px) 100vw, 800px\" \/><figcaption id=\"caption-attachment-15438\" class=\"wp-caption-text\">LAVIE INSIDER 12000 Puffs Vape desechable al por mayor<\/figcaption><\/figure>\n<h2>\u00bfPOR QU\u00c9 NOSOTROS?<\/h2>\r\n<ul>\r\n<li>Fuente de vape real, fiable y profesional.<\/li>\r\n<li>100% Garant\u00eda de autenticidad: S\u00f3lo proporcionamos productos originales y genuinos, rechazamos la falsificaci\u00f3n.<\/li>\r\n<li>100% Garant\u00eda de entrega: Utilizamos el mejor m\u00e9todo de env\u00edo para asegurarnos de que recibes el pedido 100%.<\/li>\r\n<li>Le daremos el n\u00famero de seguimiento y la etiqueta de env\u00edo despu\u00e9s del env\u00edo, y realizaremos el seguimiento de la mercanc\u00eda por usted hasta que la firme.<\/li>\r\n<li>Sin problemas aduaneros ni aranceles<\/li>\r\n<\/ul>","protected":false},"excerpt":{"rendered":"<div class=\"wsppc_div_block woocommerce_before_add_to_cart_form\">\r\n<p><strong><span style=\"color: #00a859;\">Pasar por la aduana<\/span> antes de la entrega y 100% Garant\u00eda de entrega, Entrega en 19~25 d\u00edas aproximadamente.\u00a0<\/strong><\/p>\r\n<\/div>","protected":false},"featured_media":15446,"comment_status":"open","ping_status":"closed","template":"","meta":[],"pwb-brand":[1277],"product_cat":[871],"product_tag":[22,24,37,244,556],"class_list":{"0":"post-15424","1":"product","2":"type-product","3":"status-publish","4":"has-post-thumbnail","6":"pwb-brand-lavie","7":"product_cat-10-15k-puffs","8":"product_tag-disposable","9":"product_tag-wholesale","10":"product_tag-lavie","11":"product_tag-18-0ml","12":"product_tag-12000-puffs","13":"wcpa_has_options","15":"first","16":"instock","17":"shipping-taxable","18":"purchasable","19":"product-type-variable"},"aioseo_notices":[],"brands":[{"id":1277,"name":"Lavie","slug":"lavie"}],"_links":{"self":[{"href":"https:\/\/www.vape4wholesale.com\/es\/wp-json\/wp\/v2\/product\/15424","targetHints":{"allow":["GET"]}}],"collection":[{"href":"https:\/\/www.vape4wholesale.com\/es\/wp-json\/wp\/v2\/product"}],"about":[{"href":"https:\/\/www.vape4wholesale.com\/es\/wp-json\/wp\/v2\/types\/product"}],"replies":[{"embeddable":true,"href":"https:\/\/www.vape4wholesale.com\/es\/wp-json\/wp\/v2\/comments?post=15424"}],"wp:featuredmedia":[{"embeddable":true,"href":"https:\/\/www.vape4wholesale.com\/es\/wp-json\/wp\/v2\/media\/15446"}],"wp:attachment":[{"href":"https:\/\/www.vape4wholesale.com\/es\/wp-json\/wp\/v2\/media?parent=15424"}],"wp:term":[{"taxonomy":"pwb-brand","embeddable":true,"href":"https:\/\/www.vape4wholesale.com\/es\/wp-json\/wp\/v2\/pwb-brand?post=15424"},{"taxonomy":"product_cat","embeddable":true,"href":"https:\/\/www.vape4wholesale.com\/es\/wp-json\/wp\/v2\/product_cat?post=15424"},{"taxonomy":"product_tag","embeddable":true,"href":"https:\/\/www.vape4wholesale.com\/es\/wp-json\/wp\/v2\/product_tag?post=15424"}],"curies":[{"name":"wp","href":"https:\/\/api.w.org\/{rel}","templated":true}]}}