{"id":15324,"date":"2023-01-13T11:02:43","date_gmt":"2023-01-13T03:02:43","guid":{"rendered":"https:\/\/www.vape4wholesale.com\/?post_type=product&#038;p=15324"},"modified":"2026-01-26T13:43:08","modified_gmt":"2026-01-26T13:43:08","slug":"lavie-bar-1600-puffs-vape-desechable-al-por-mayor","status":"publish","type":"product","link":"https:\/\/www.vape4wholesale.com\/es\/product\/lavie-bar-1600-puffs-disposable-vape-wholesale","title":{"rendered":"Lavie Bar 1600 Puffs Vape Desechable al por mayor"},"content":{"rendered":"<p>el Lavie Bar 1600 es un vapeador desechable de dise\u00f1o elegante con una bater\u00eda incorporada de 800 mAh de alta capacidad y 5,3 ml de capacidad de aceite e-l\u00edquido para 1600 caladas con un sabor suave y un tama\u00f1o bonito y compacto que es f\u00e1cil de llevar y proporciona una experiencia de vapeo m\u00e1s deliciosa.<\/p>\n<p>\u00a1Pida al por mayor nuestra amplia selecci\u00f3n de 8 Lavie Bar 1600 8 sabores al mejor precio y con env\u00edo r\u00e1pido!<\/p>\n<h2><strong>Especificaciones del Vape Desechable Lavie Bar 1600:<\/strong><\/h2>\n<p>Marca:Lavie<\/p>\n<p>Puffs:1600 Puffs disponibles por dispositivo<\/p>\n<p>Nicotine:0%\/2%\/5%<\/p>\n<p>Capacidad del E-jugo:5.3ML<\/p>\n<p>Bater\u00eda:800mAh<\/p>\n<p>&nbsp;<\/p>\n<h2>Sabores<\/h2>\n<ol>\n<li>Algod\u00f3n de az\u00facar<\/li>\n<li>Fresa Coco Pi\u00f1a<\/li>\n<li>Mango Ice<\/li>\n<li>Melocot\u00f3n helado<\/li>\n<li>Hielo de sand\u00eda<\/li>\n<li>Mezcla de bayas<\/li>\n<li>Uva Naranja Manzana<\/li>\n<li>Naranja Mango Guayaba<\/li>\n<\/ol>\n<p>&nbsp;<\/p>\n<h2>Embalaje y peso<\/h2>\n<p>0,05KG\/PCS, 10 piezas\/caja mediana.<\/p>\n<p>300PCS\/caja principal, 17.5KG por caja<\/p>\n<figure id=\"attachment_15325\" aria-describedby=\"caption-attachment-15325\" style=\"width: 800px\" class=\"wp-caption alignnone\"><img loading=\"lazy\" decoding=\"async\" class=\"size-full wp-image-15325\" title=\"Lavie Bar 1600 Puffs Vape Desechable al por mayor\" src=\"https:\/\/www.vape4wholesale.com\/wp-content\/uploads\/2024\/03\/Lavie-Bar-1600-Puffs-Disposable-Vape-Wholesale.jpg\" alt=\"Lavie Bar 1600 Puffs Vape Desechable al por mayor\" width=\"800\" height=\"800\" srcset=\"https:\/\/www.vape4wholesale.com\/wp-content\/uploads\/2024\/03\/Lavie-Bar-1600-Puffs-Disposable-Vape-Wholesale.jpg 800w, https:\/\/www.vape4wholesale.com\/wp-content\/uploads\/2024\/03\/Lavie-Bar-1600-Puffs-Disposable-Vape-Wholesale-247x247.jpg 247w, https:\/\/www.vape4wholesale.com\/wp-content\/uploads\/2024\/03\/Lavie-Bar-1600-Puffs-Disposable-Vape-Wholesale-100x100.jpg 100w, https:\/\/www.vape4wholesale.com\/wp-content\/uploads\/2024\/03\/Lavie-Bar-1600-Puffs-Disposable-Vape-Wholesale-510x510.jpg 510w, https:\/\/www.vape4wholesale.com\/wp-content\/uploads\/2024\/03\/Lavie-Bar-1600-Puffs-Disposable-Vape-Wholesale-64x64.jpg 64w, https:\/\/www.vape4wholesale.com\/wp-content\/uploads\/2024\/03\/Lavie-Bar-1600-Puffs-Disposable-Vape-Wholesale-300x300.jpg 300w, https:\/\/www.vape4wholesale.com\/wp-content\/uploads\/2024\/03\/Lavie-Bar-1600-Puffs-Disposable-Vape-Wholesale-150x150.jpg 150w, https:\/\/www.vape4wholesale.com\/wp-content\/uploads\/2024\/03\/Lavie-Bar-1600-Puffs-Disposable-Vape-Wholesale-768x768.jpg 768w\" sizes=\"auto, (max-width: 800px) 100vw, 800px\" \/><figcaption id=\"caption-attachment-15325\" class=\"wp-caption-text\">Lavie Bar 1600 Puffs Vape Desechable al por mayor<\/figcaption><\/figure>","protected":false},"excerpt":{"rendered":"[scf-template id=&#8217;11434&#8242;]\n","protected":false},"featured_media":15325,"comment_status":"open","ping_status":"closed","template":"","meta":[],"pwb-brand":[1277],"product_cat":[48],"product_tag":[22,24,37,43,753],"class_list":{"0":"post-15324","1":"product","2":"type-product","3":"status-publish","4":"has-post-thumbnail","6":"pwb-brand-lavie","7":"product_cat-below-2000-puffs","8":"product_tag-disposable","9":"product_tag-wholesale","10":"product_tag-lavie","11":"product_tag-1600-puffs","12":"product_tag-5-3ml","13":"wcpa_has_options","15":"first","16":"outofstock","17":"shipping-taxable","18":"purchasable","19":"product-type-variable"},"aioseo_notices":[],"brands":[{"id":1277,"name":"Lavie","slug":"lavie"}],"_links":{"self":[{"href":"https:\/\/www.vape4wholesale.com\/es\/wp-json\/wp\/v2\/product\/15324","targetHints":{"allow":["GET"]}}],"collection":[{"href":"https:\/\/www.vape4wholesale.com\/es\/wp-json\/wp\/v2\/product"}],"about":[{"href":"https:\/\/www.vape4wholesale.com\/es\/wp-json\/wp\/v2\/types\/product"}],"replies":[{"embeddable":true,"href":"https:\/\/www.vape4wholesale.com\/es\/wp-json\/wp\/v2\/comments?post=15324"}],"wp:featuredmedia":[{"embeddable":true,"href":"https:\/\/www.vape4wholesale.com\/es\/wp-json\/wp\/v2\/media\/15325"}],"wp:attachment":[{"href":"https:\/\/www.vape4wholesale.com\/es\/wp-json\/wp\/v2\/media?parent=15324"}],"wp:term":[{"taxonomy":"pwb-brand","embeddable":true,"href":"https:\/\/www.vape4wholesale.com\/es\/wp-json\/wp\/v2\/pwb-brand?post=15324"},{"taxonomy":"product_cat","embeddable":true,"href":"https:\/\/www.vape4wholesale.com\/es\/wp-json\/wp\/v2\/product_cat?post=15324"},{"taxonomy":"product_tag","embeddable":true,"href":"https:\/\/www.vape4wholesale.com\/es\/wp-json\/wp\/v2\/product_tag?post=15324"}],"curies":[{"name":"wp","href":"https:\/\/api.w.org\/{rel}","templated":true}]}}