{"id":15236,"date":"2024-02-29T22:53:23","date_gmt":"2024-02-29T14:53:23","guid":{"rendered":"https:\/\/www.vape4wholesale.com\/?post_type=product&#038;p=15236"},"modified":"2026-01-26T13:41:21","modified_gmt":"2026-01-26T13:41:21","slug":"elf-bar-raya-d1-13000-puffs-vape-desechable-al-por-mayor","status":"publish","type":"product","link":"https:\/\/www.vape4wholesale.com\/es\/product\/elf-bar-raya-d1-13000-puffs-disposable-vape-wholesale","title":{"rendered":"Elf Bar Raya D1 13000 Puffs Vape Desechable al por mayor"},"content":{"rendered":"<p>El Elfbar Raya D1 viene con 13.000 caladas y es un dispositivo desechable de \u00faltima generaci\u00f3n dise\u00f1ado para una experiencia de vapeo prolongada y satisfactoria. Con una impresionante capacidad de caladas, este dispositivo ofrece un viaje duradero y sabroso. Con su innovadora tecnolog\u00eda, Elfbar garantiza una soluci\u00f3n de vapeo c\u00f3moda y sin complicaciones. La variante Raya D1 ofrece una deliciosa mezcla de sabores de sand\u00eda y melaza, proporcionando un perfil de sabor refrescante y agradable. Ideal para usuarios que buscan una opci\u00f3n desechable de gran potencia, el Elfbar Raya D1 promete una sesi\u00f3n de vapeo envolvente con cada calada.<\/p>\n<p>\u00a1Viene con 50mg de nicotina para elegir, Ordene a granel nuestra amplia 23 selecci\u00f3n de Elf Bar Raya D1 13000 sabores para nuestro mejor precio al por mayor y env\u00edo r\u00e1pido!<\/p>\n<h2><strong>Elf Bar Raya D1 13000 Detalle r\u00e1pido<\/strong><\/h2>\n<ul>\n<li>Capacidad del e-l\u00edquido: 18ml<\/li>\n<li>Capacidad de la bater\u00eda: 650 mAh<\/li>\n<li>Puffs: Hasta 13000<\/li>\n<li>Potencia de nicotina: 50mg\/ml<\/li>\n<li>Pantalla Led: Power &amp; Eliquid<\/li>\n<li>Recargable tipo C<\/li>\n<\/ul>\n<h2><strong>Elf Bar Raya D1 Sabores Disponibles<\/strong><\/h2>\n<p>1.Americano Ice<br \/>\n2.Apple Ice<br \/>\n3.Ar\u00e1ndano Gami<br \/>\n4.Hielo de ar\u00e1ndano<br \/>\n5.Hielo de uva<br \/>\n6.Miami Mint<br \/>\n7.Hielo de melocot\u00f3n<br \/>\n8.Hielo de pi\u00f1a<br \/>\n9.Hielo de fresa<br \/>\n10.Tabaco<br \/>\n11.Hielo de sand\u00eda<br \/>\n12.Zarzamora Ar\u00e1ndano<br \/>\n13.Blue Razz Ice<br \/>\n14.Menta ar\u00e1ndano<br \/>\n15.Sand\u00eda cereza<br \/>\n16.Mango doble<br \/>\n17.Uva Cereza<br \/>\n18.Lim\u00f3n Lima<br \/>\n19.Melocot\u00f3n Mango<br \/>\n20.Pi\u00f1a Fresa Pl\u00e1tano<br \/>\n21.Cereza roja<br \/>\n22.Fresa Pl\u00e1tano<br \/>\n23.Fresa Kiwi Ice<\/p>\n<h2><strong>Detalle del embalaje<\/strong><\/h2>\n<p>1 unidad\/paquete<br \/>\n10 paquetes\/caja<br \/>\n200 unidades\/caja<\/p>\n<p>Dimensiones: 56*28*24cm<br \/>\n26KGS\/cart\u00f3n<\/p>\n<figure id=\"attachment_15240\" aria-describedby=\"caption-attachment-15240\" style=\"width: 600px\" class=\"wp-caption alignnone\"><img loading=\"lazy\" decoding=\"async\" class=\"wp-image-15240 size-full\" title=\"Elf Bar Raya D1 13000 Puffs Vape Desechable al por mayor\" src=\"https:\/\/www.vape4wholesale.com\/wp-content\/uploads\/2024\/02\/Elf-Bar-Raya-D1-13000-Disposable-Vape-Wholesale-2.png\" alt=\"Elf Bar Raya D1 13000 Puffs Vape Desechable al por mayor\" width=\"600\" height=\"600\" srcset=\"https:\/\/www.vape4wholesale.com\/wp-content\/uploads\/2024\/02\/Elf-Bar-Raya-D1-13000-Disposable-Vape-Wholesale-2.png 600w, https:\/\/www.vape4wholesale.com\/wp-content\/uploads\/2024\/02\/Elf-Bar-Raya-D1-13000-Disposable-Vape-Wholesale-2-247x247.png 247w, https:\/\/www.vape4wholesale.com\/wp-content\/uploads\/2024\/02\/Elf-Bar-Raya-D1-13000-Disposable-Vape-Wholesale-2-100x100.png 100w, https:\/\/www.vape4wholesale.com\/wp-content\/uploads\/2024\/02\/Elf-Bar-Raya-D1-13000-Disposable-Vape-Wholesale-2-510x510.png 510w, https:\/\/www.vape4wholesale.com\/wp-content\/uploads\/2024\/02\/Elf-Bar-Raya-D1-13000-Disposable-Vape-Wholesale-2-64x64.png 64w, https:\/\/www.vape4wholesale.com\/wp-content\/uploads\/2024\/02\/Elf-Bar-Raya-D1-13000-Disposable-Vape-Wholesale-2-300x300.png 300w, https:\/\/www.vape4wholesale.com\/wp-content\/uploads\/2024\/02\/Elf-Bar-Raya-D1-13000-Disposable-Vape-Wholesale-2-150x150.png 150w\" sizes=\"auto, (max-width: 600px) 100vw, 600px\" \/><figcaption id=\"caption-attachment-15240\" class=\"wp-caption-text\">Elf Bar Raya D1 13000 Puffs Vape Desechable al por mayor<\/figcaption><\/figure>\n<h2>\u00bfPOR QU\u00c9 NOSOTROS?<\/h2>\r\n<ul>\r\n<li>Fuente de vape real, fiable y profesional.<\/li>\r\n<li>100% Garant\u00eda de autenticidad: S\u00f3lo proporcionamos productos originales y genuinos, rechazamos la falsificaci\u00f3n.<\/li>\r\n<li>100% Garant\u00eda de entrega: Utilizamos el mejor m\u00e9todo de env\u00edo para asegurarnos de que recibes el pedido 100%.<\/li>\r\n<li>Le daremos el n\u00famero de seguimiento y la etiqueta de env\u00edo despu\u00e9s del env\u00edo, y realizaremos el seguimiento de la mercanc\u00eda por usted hasta que la firme.<\/li>\r\n<li>Sin problemas aduaneros ni aranceles<\/li>\r\n<\/ul>","protected":false},"excerpt":{"rendered":"<div class=\"wsppc_div_block woocommerce_before_add_to_cart_form\">\r\n<p><strong><span style=\"color: #00a859;\">Pasar por la aduana<\/span> antes de la entrega y 100% Garant\u00eda de entrega, Entrega en 19~25 d\u00edas aproximadamente.\u00a0<\/strong><\/p>\r\n<\/div>\n<p><strong>Debido a los frecuentes cambios en el inventario de productos, la cantidad m\u00ednima de pedido y el precio, p\u00f3ngase en contacto con nosotros antes de realizar el pedido.<\/strong><\/p>","protected":false},"featured_media":15241,"comment_status":"open","ping_status":"closed","template":"","meta":[],"pwb-brand":[1278],"product_cat":[871],"product_tag":[22,24,60,244,737],"class_list":{"0":"post-15236","1":"product","2":"type-product","3":"status-publish","4":"has-post-thumbnail","6":"pwb-brand-elf-bar","7":"product_cat-10-15k-puffs","8":"product_tag-disposable","9":"product_tag-wholesale","10":"product_tag-elf-bar","11":"product_tag-18-0ml","12":"product_tag-13000-puffs","14":"first","15":"instock","16":"shipping-taxable","17":"purchasable","18":"product-type-variable"},"aioseo_notices":[],"brands":[{"id":1278,"name":"Bar Elfo","slug":"bar-duende"}],"_links":{"self":[{"href":"https:\/\/www.vape4wholesale.com\/es\/wp-json\/wp\/v2\/product\/15236","targetHints":{"allow":["GET"]}}],"collection":[{"href":"https:\/\/www.vape4wholesale.com\/es\/wp-json\/wp\/v2\/product"}],"about":[{"href":"https:\/\/www.vape4wholesale.com\/es\/wp-json\/wp\/v2\/types\/product"}],"replies":[{"embeddable":true,"href":"https:\/\/www.vape4wholesale.com\/es\/wp-json\/wp\/v2\/comments?post=15236"}],"wp:featuredmedia":[{"embeddable":true,"href":"https:\/\/www.vape4wholesale.com\/es\/wp-json\/wp\/v2\/media\/15241"}],"wp:attachment":[{"href":"https:\/\/www.vape4wholesale.com\/es\/wp-json\/wp\/v2\/media?parent=15236"}],"wp:term":[{"taxonomy":"pwb-brand","embeddable":true,"href":"https:\/\/www.vape4wholesale.com\/es\/wp-json\/wp\/v2\/pwb-brand?post=15236"},{"taxonomy":"product_cat","embeddable":true,"href":"https:\/\/www.vape4wholesale.com\/es\/wp-json\/wp\/v2\/product_cat?post=15236"},{"taxonomy":"product_tag","embeddable":true,"href":"https:\/\/www.vape4wholesale.com\/es\/wp-json\/wp\/v2\/product_tag?post=15236"}],"curies":[{"name":"wp","href":"https:\/\/api.w.org\/{rel}","templated":true}]}}