{"id":15179,"date":"2024-02-28T21:21:34","date_gmt":"2024-02-28T13:21:34","guid":{"rendered":"https:\/\/www.vape4wholesale.com\/?post_type=product&#038;p=15179"},"modified":"2026-01-26T13:41:25","modified_gmt":"2026-01-26T13:41:25","slug":"bang-tornado-12000-bocanadas-vape-desechable-al-por-mayor","status":"publish","type":"product","link":"https:\/\/www.vape4wholesale.com\/es\/product\/bang-tornado-12000-puffs-disposable-vape-wholesale","title":{"rendered":"Bang Tornado 12000 Puffs Vape Desechable al por mayor"},"content":{"rendered":"<p>El Bang Tornado 12000 es un vapeador desechable de bonito dise\u00f1o, tiene pegatinas chulas y super duradero, contiene 23ml de eliquid con bateria recargable de 650mah, soporta hasta 12000 caladas.<\/p>\n<p>\u00a10mg\/20mg\/30mg\/50mg nicotina para elegir, Ordene a granel nuestra amplia 12 selecci\u00f3n de sabores deBang Tornado 12000 Puffs para nuestro mejor precio al por mayor y env\u00edo r\u00e1pido!<\/p>\n<h2><strong>Bang Tornado 12000 Vape Desechable Quick Details:<\/strong><\/h2>\n<ul>\n<li>Marca y modelo: Bang Tornado<\/li>\n<li>Puffs: 12000 Puffs<\/li>\n<li>Nicotina: 0, 2%, 3%, 5%<\/li>\n<li>Capacidad del e-jugo: 23 ML<\/li>\n<li>Bater\u00eda: 650mAh (recargable)<\/li>\n<li>Puerto de carga: Tipo C<\/li>\n<\/ul>\n<p>&nbsp;<\/p>\n<h2><strong>Sabores disponibles\uff1a<\/strong><\/h2>\n<ul>\n<li>Hielo de ar\u00e1ndanos<\/li>\n<li>Sand\u00eda Chicle<\/li>\n<li>Hielo Razz Azul<\/li>\n<li>Helado de fresa<\/li>\n<li>Americano<\/li>\n<li>Uva real<\/li>\n<li>Hielo Watermlon<\/li>\n<li>Manzana \u00e1cida Frambuesa<\/li>\n<li>Melocot\u00f3n Mango Sand\u00eda<\/li>\n<li>Fresa Kiwi<\/li>\n<li>Kiwi Fruta de la pasi\u00f3n Guayaba<\/li>\n<li>Sand\u00eda con fresa<\/li>\n<\/ul>\n<h2><strong>Contenido del embalaje:<\/strong><\/h2>\n<ul>\n<li>Individual con envase peque\u00f1o<\/li>\n<li>10 unidades en caja mediana.<\/li>\n<li>200 unidades por caja, 22 kg\/caja<\/li>\n<\/ul>\n<figure id=\"attachment_15616\" aria-describedby=\"caption-attachment-15616\" style=\"width: 800px\" class=\"wp-caption alignnone\"><img loading=\"lazy\" decoding=\"async\" class=\"size-full wp-image-15616\" title=\"Bang Tornado 12000 Puffs Vape Desechable al por mayor (12)\" src=\"https:\/\/www.vape4wholesale.com\/wp-content\/uploads\/2024\/04\/Bang-Tornado-12000-Puffs-Disposable-Vape-Wholesale-12.webp\" alt=\"Bang Tornado 12000 Puffs Vape Desechable al por mayor (12)\" width=\"800\" height=\"800\" srcset=\"https:\/\/www.vape4wholesale.com\/wp-content\/uploads\/2024\/04\/Bang-Tornado-12000-Puffs-Disposable-Vape-Wholesale-12.webp 800w, https:\/\/www.vape4wholesale.com\/wp-content\/uploads\/2024\/04\/Bang-Tornado-12000-Puffs-Disposable-Vape-Wholesale-12-247x247.webp 247w, https:\/\/www.vape4wholesale.com\/wp-content\/uploads\/2024\/04\/Bang-Tornado-12000-Puffs-Disposable-Vape-Wholesale-12-100x100.webp 100w, https:\/\/www.vape4wholesale.com\/wp-content\/uploads\/2024\/04\/Bang-Tornado-12000-Puffs-Disposable-Vape-Wholesale-12-510x510.webp 510w, https:\/\/www.vape4wholesale.com\/wp-content\/uploads\/2024\/04\/Bang-Tornado-12000-Puffs-Disposable-Vape-Wholesale-12-64x64.webp 64w, https:\/\/www.vape4wholesale.com\/wp-content\/uploads\/2024\/04\/Bang-Tornado-12000-Puffs-Disposable-Vape-Wholesale-12-300x300.webp 300w, https:\/\/www.vape4wholesale.com\/wp-content\/uploads\/2024\/04\/Bang-Tornado-12000-Puffs-Disposable-Vape-Wholesale-12-150x150.webp 150w, https:\/\/www.vape4wholesale.com\/wp-content\/uploads\/2024\/04\/Bang-Tornado-12000-Puffs-Disposable-Vape-Wholesale-12-768x768.webp 768w\" sizes=\"auto, (max-width: 800px) 100vw, 800px\" \/><figcaption id=\"caption-attachment-15616\" class=\"wp-caption-text\">Bang Tornado 12000 Puffs Vape Desechable al por mayor<\/figcaption><\/figure>\n<h2>\u00bfPOR QU\u00c9 NOSOTROS?<\/h2>\r\n<ul>\r\n<li>Fuente de vape real, fiable y profesional.<\/li>\r\n<li>100% Garant\u00eda de autenticidad: S\u00f3lo proporcionamos productos originales y genuinos, rechazamos la falsificaci\u00f3n.<\/li>\r\n<li>100% Garant\u00eda de entrega: Utilizamos el mejor m\u00e9todo de env\u00edo para asegurarnos de que recibes el pedido 100%.<\/li>\r\n<li>Le daremos el n\u00famero de seguimiento y la etiqueta de env\u00edo despu\u00e9s del env\u00edo, y realizaremos el seguimiento de la mercanc\u00eda por usted hasta que la firme.<\/li>\r\n<li>Sin problemas aduaneros ni aranceles<\/li>\r\n<\/ul>","protected":false},"excerpt":{"rendered":"<div class=\"wsppc_div_block woocommerce_before_add_to_cart_form\">\r\n<p><strong><span style=\"color: #00a859;\">Clear customs<\/span> before delivery &amp; 100% Delivery Guarantee, Delivery in 19~25 days around.\u00a0<\/strong><\/p>\r\n<\/div>","protected":false},"featured_media":15607,"comment_status":"open","ping_status":"closed","template":"","meta":[],"pwb-brand":[1275],"product_cat":[871],"product_tag":[22,24,249,556,557],"class_list":{"0":"post-15179","1":"product","2":"type-product","3":"status-publish","4":"has-post-thumbnail","6":"pwb-brand-bang","7":"product_cat-10-15k-puffs","8":"product_tag-disposable","9":"product_tag-wholesale","10":"product_tag-bang","11":"product_tag-12000-puffs","12":"product_tag-23-0ml","13":"wcpa_has_options","15":"first","16":"instock","17":"shipping-taxable","18":"purchasable","19":"product-type-variable"},"aioseo_notices":[],"brands":[{"id":1275,"name":"Bang","slug":"bang"}],"_links":{"self":[{"href":"https:\/\/www.vape4wholesale.com\/es\/wp-json\/wp\/v2\/product\/15179","targetHints":{"allow":["GET"]}}],"collection":[{"href":"https:\/\/www.vape4wholesale.com\/es\/wp-json\/wp\/v2\/product"}],"about":[{"href":"https:\/\/www.vape4wholesale.com\/es\/wp-json\/wp\/v2\/types\/product"}],"replies":[{"embeddable":true,"href":"https:\/\/www.vape4wholesale.com\/es\/wp-json\/wp\/v2\/comments?post=15179"}],"wp:featuredmedia":[{"embeddable":true,"href":"https:\/\/www.vape4wholesale.com\/es\/wp-json\/wp\/v2\/media\/15607"}],"wp:attachment":[{"href":"https:\/\/www.vape4wholesale.com\/es\/wp-json\/wp\/v2\/media?parent=15179"}],"wp:term":[{"taxonomy":"pwb-brand","embeddable":true,"href":"https:\/\/www.vape4wholesale.com\/es\/wp-json\/wp\/v2\/pwb-brand?post=15179"},{"taxonomy":"product_cat","embeddable":true,"href":"https:\/\/www.vape4wholesale.com\/es\/wp-json\/wp\/v2\/product_cat?post=15179"},{"taxonomy":"product_tag","embeddable":true,"href":"https:\/\/www.vape4wholesale.com\/es\/wp-json\/wp\/v2\/product_tag?post=15179"}],"curies":[{"name":"wp","href":"https:\/\/api.w.org\/{rel}","templated":true}]}}