{"id":15054,"date":"2024-01-25T20:11:59","date_gmt":"2024-01-25T12:11:59","guid":{"rendered":"https:\/\/www.vape4wholesale.com\/?post_type=product&#038;p=15054"},"modified":"2026-01-26T13:41:33","modified_gmt":"2026-01-26T13:41:33","slug":"oco-salt-nicotine-eliquid-al-por-mayor","status":"publish","type":"product","link":"https:\/\/www.vape4wholesale.com\/es\/product\/oco-salt-nicotine-eliquid-wholesale","title":{"rendered":"OCO Salt Nicotine Eliquid al por mayor"},"content":{"rendered":"<p>el OCO Salt Nicotine Eliquid es impulsado por Lavie vape, estos son cuidadosamente formulados eliquid con sabores agradables, viene con 30ml por botella.<\/p>\n<p>30mg\/50mg de nicotina a elegir, \u00a1Pida a granel nuestra amplia selecci\u00f3n de 12 sabores de OCO Salt Nicotine Eliquid al mejor precio al por mayor y con env\u00edo r\u00e1pido!<\/p>\n<p>&nbsp;<\/p>\n<h2>Sabores disponibles:<\/h2>\n<ol>\n<li>Hielo de sand\u00eda<\/li>\n<li>Hielo de uva<\/li>\n<li>Mango Ice<\/li>\n<li>Sand\u00eda con fresa<\/li>\n<li>Hielo de ar\u00e1ndanos<\/li>\n<li>Melocot\u00f3n helado<\/li>\n<li>Fresa Mango<\/li>\n<li>Menta<\/li>\n<li>Grosella negra helada<\/li>\n<li>Lim\u00f3n Cola Ice<\/li>\n<li>T\u00e9 de jazm\u00edn<\/li>\n<li>Hielo de guayaba<\/li>\n<\/ol>\n<p>&nbsp;<\/p>\n<p><span style=\"font-size: 150%\"><strong>Detalles del embalaje:<\/strong><\/span><\/p>\n<p class=\"mceTemp\">MEDIDAS: 300x324x346mm<br \/>\n200pcs\/cart\u00f3n<br \/>\nGW:12KG<\/p>\n<figure id=\"attachment_15070\" aria-describedby=\"caption-attachment-15070\" style=\"width: 800px\" class=\"wp-caption alignnone\"><img loading=\"lazy\" decoding=\"async\" class=\"size-full wp-image-15070\" title=\"OCO Salt Nicotine Eliquid al por mayor (4)\" src=\"https:\/\/www.vape4wholesale.com\/wp-content\/uploads\/2024\/01\/OCO-Salt-Nicotine-Eliquid-Wholesale-4.jpg\" alt=\"OCO Salt Nicotine Eliquid al por mayor (4)\" width=\"800\" height=\"800\" srcset=\"https:\/\/www.vape4wholesale.com\/wp-content\/uploads\/2024\/01\/OCO-Salt-Nicotine-Eliquid-Wholesale-4.jpg 800w, https:\/\/www.vape4wholesale.com\/wp-content\/uploads\/2024\/01\/OCO-Salt-Nicotine-Eliquid-Wholesale-4-247x247.jpg 247w, https:\/\/www.vape4wholesale.com\/wp-content\/uploads\/2024\/01\/OCO-Salt-Nicotine-Eliquid-Wholesale-4-100x100.jpg 100w, https:\/\/www.vape4wholesale.com\/wp-content\/uploads\/2024\/01\/OCO-Salt-Nicotine-Eliquid-Wholesale-4-510x510.jpg 510w, https:\/\/www.vape4wholesale.com\/wp-content\/uploads\/2024\/01\/OCO-Salt-Nicotine-Eliquid-Wholesale-4-64x64.jpg 64w, https:\/\/www.vape4wholesale.com\/wp-content\/uploads\/2024\/01\/OCO-Salt-Nicotine-Eliquid-Wholesale-4-300x300.jpg 300w, https:\/\/www.vape4wholesale.com\/wp-content\/uploads\/2024\/01\/OCO-Salt-Nicotine-Eliquid-Wholesale-4-150x150.jpg 150w, https:\/\/www.vape4wholesale.com\/wp-content\/uploads\/2024\/01\/OCO-Salt-Nicotine-Eliquid-Wholesale-4-768x768.jpg 768w\" sizes=\"auto, (max-width: 800px) 100vw, 800px\" \/><figcaption id=\"caption-attachment-15070\" class=\"wp-caption-text\">OCO Salt Nicotine Eliquid al por mayor<\/figcaption><\/figure>","protected":false},"excerpt":{"rendered":"<p>Para la venta al por mayor de grandes cantidades o como OEM, p\u00f3ngase en contacto con nosotros.<\/p>","protected":false},"featured_media":15070,"comment_status":"open","ping_status":"closed","template":"","meta":[],"pwb-brand":[1289],"product_cat":[15],"product_tag":[708,709,710],"class_list":{"0":"post-15054","1":"product","2":"type-product","3":"status-publish","4":"has-post-thumbnail","6":"pwb-brand-others","7":"product_cat-others","8":"product_tag-oco-eliquid","9":"product_tag-salt-nicotine","10":"product_tag-eliquid","11":"wcpa_has_options","13":"first","14":"outofstock","15":"shipping-taxable","16":"purchasable","17":"product-type-variable"},"aioseo_notices":[],"brands":[{"id":1289,"name":"Otros","slug":"otros"}],"_links":{"self":[{"href":"https:\/\/www.vape4wholesale.com\/es\/wp-json\/wp\/v2\/product\/15054","targetHints":{"allow":["GET"]}}],"collection":[{"href":"https:\/\/www.vape4wholesale.com\/es\/wp-json\/wp\/v2\/product"}],"about":[{"href":"https:\/\/www.vape4wholesale.com\/es\/wp-json\/wp\/v2\/types\/product"}],"replies":[{"embeddable":true,"href":"https:\/\/www.vape4wholesale.com\/es\/wp-json\/wp\/v2\/comments?post=15054"}],"wp:featuredmedia":[{"embeddable":true,"href":"https:\/\/www.vape4wholesale.com\/es\/wp-json\/wp\/v2\/media\/15070"}],"wp:attachment":[{"href":"https:\/\/www.vape4wholesale.com\/es\/wp-json\/wp\/v2\/media?parent=15054"}],"wp:term":[{"taxonomy":"pwb-brand","embeddable":true,"href":"https:\/\/www.vape4wholesale.com\/es\/wp-json\/wp\/v2\/pwb-brand?post=15054"},{"taxonomy":"product_cat","embeddable":true,"href":"https:\/\/www.vape4wholesale.com\/es\/wp-json\/wp\/v2\/product_cat?post=15054"},{"taxonomy":"product_tag","embeddable":true,"href":"https:\/\/www.vape4wholesale.com\/es\/wp-json\/wp\/v2\/product_tag?post=15054"}],"curies":[{"name":"wp","href":"https:\/\/api.w.org\/{rel}","templated":true}]}}