{"id":14917,"date":"2024-01-07T10:10:12","date_gmt":"2024-01-07T02:10:12","guid":{"rendered":"https:\/\/www.vape4wholesale.com\/?post_type=product&#038;p=14917"},"modified":"2026-01-26T13:41:38","modified_gmt":"2026-01-26T13:41:38","slug":"vapme-fire-9000-puffs-vape-desechable-al-por-mayor","status":"publish","type":"product","link":"https:\/\/www.vape4wholesale.com\/es\/product\/vapme-fire-9000-puffs-disposable-vape-wholesale","title":{"rendered":"Vapme Fire 9000 Puffs Vape Desechable al por mayor"},"content":{"rendered":"<p>El Vapme Fire 9000 es alimentado por una bater\u00eda recargable de 850mAh y contiene 18ml de eliquid precargado, viene con una bobina de malla de 0.8\u03a9 que soporta hasta 9000 Puffs.<\/p>\n<p>\u00a1Pida a granel nuestra amplia selecci\u00f3n de 16 sabores de Vapme Fire 9000 Puffs al mejor precio al por mayor y con env\u00edo r\u00e1pido!<\/p>\n<h2><strong>Vapeme Fire 9000 Quick Details:<\/strong><\/h2>\n<ul>\n<li>Sistema de control del flujo de aire<\/li>\n<li>Capacidad del eliquid:18ml<\/li>\n<li>Bater\u00eda de 850 mAh<\/li>\n<li>Luz RGB inferior<\/li>\n<li>Recargable tipo C<\/li>\n<li>Disparo activado por extracci\u00f3n<\/li>\n<li>Contenido de nicotina: 0% 2% 3% 5%<\/li>\n<\/ul>\n<h2><strong>Sabores disponibles:<\/strong><\/h2>\n<ol>\n<li>Ar\u00e1ndanos con hielo<\/li>\n<li>Kiwi fruta de la pasi\u00f3n guayaba<\/li>\n<li>Limonada Blue razz<\/li>\n<li>Fresa kiwi<\/li>\n<li>Hielo rojo energ\u00e9tico<\/li>\n<li>Mezcla de bayas<\/li>\n<li>Fresa pl\u00e1tano<\/li>\n<li>Sand\u00eda con fresas<\/li>\n<li>Hielo de uva<\/li>\n<li>Melocot\u00f3n mango<\/li>\n<li>Hielo exuberante<\/li>\n<li>Fresa frambuesa cereza<\/li>\n<li>Melocot\u00f3n mango pi\u00f1a<\/li>\n<li>Hielo de fresa<\/li>\n<li>Hielo de cereza<\/li>\n<li>Fruta Big Bang<\/li>\n<li>Sr. azul<\/li>\n<li>Limonada de cereza y melocot\u00f3n<\/li>\n<\/ol>\n<h2><strong>Contenido del embalaje:<\/strong><\/h2>\n<ul>\n<li>10 unidades \/caja mediana.<\/li>\n<li>200 unidades\/caja<\/li>\n<li>22,5 kg\/caja<\/li>\n<li>Tama\u00f1o de la caja: 42,5*42,5*31,2 cm<\/li>\n<\/ul>\n<figure id=\"attachment_14918\" aria-describedby=\"caption-attachment-14918\" style=\"width: 800px\" class=\"wp-caption alignnone\"><img loading=\"lazy\" decoding=\"async\" class=\"wp-image-14918 size-full\" title=\"Vapme Fire 9000 Puffs Vape Desechable al por mayor\" src=\"https:\/\/www.vape4wholesale.com\/wp-content\/uploads\/2024\/01\/Vapme-Fire-9000-Puffs-Disposable-Vape-Wholesale.jpg\" alt=\"Vapme Fire 9000 Puffs Vape Desechable al por mayor\" width=\"800\" height=\"533\" srcset=\"https:\/\/www.vape4wholesale.com\/wp-content\/uploads\/2024\/01\/Vapme-Fire-9000-Puffs-Disposable-Vape-Wholesale.jpg 800w, https:\/\/www.vape4wholesale.com\/wp-content\/uploads\/2024\/01\/Vapme-Fire-9000-Puffs-Disposable-Vape-Wholesale-510x340.jpg 510w, https:\/\/www.vape4wholesale.com\/wp-content\/uploads\/2024\/01\/Vapme-Fire-9000-Puffs-Disposable-Vape-Wholesale-64x43.jpg 64w, https:\/\/www.vape4wholesale.com\/wp-content\/uploads\/2024\/01\/Vapme-Fire-9000-Puffs-Disposable-Vape-Wholesale-300x200.jpg 300w, https:\/\/www.vape4wholesale.com\/wp-content\/uploads\/2024\/01\/Vapme-Fire-9000-Puffs-Disposable-Vape-Wholesale-768x512.jpg 768w\" sizes=\"auto, (max-width: 800px) 100vw, 800px\" \/><figcaption id=\"caption-attachment-14918\" class=\"wp-caption-text\">Vapme Fire 9000 Puffs Vape Desechable al por mayor<\/figcaption><\/figure>\n<h2>\u00bfPOR QU\u00c9 NOSOTROS?<\/h2>\r\n<ul>\r\n<li>Fuente de vape real, fiable y profesional.<\/li>\r\n<li>100% Garant\u00eda de autenticidad: S\u00f3lo proporcionamos productos originales y genuinos, rechazamos la falsificaci\u00f3n.<\/li>\r\n<li>100% Garant\u00eda de entrega: Utilizamos el mejor m\u00e9todo de env\u00edo para asegurarnos de que recibes el pedido 100%.<\/li>\r\n<li>Le daremos el n\u00famero de seguimiento y la etiqueta de env\u00edo despu\u00e9s del env\u00edo, y realizaremos el seguimiento de la mercanc\u00eda por usted hasta que la firme.<\/li>\r\n<li>Sin problemas aduaneros ni aranceles<\/li>\r\n<\/ul>","protected":false},"excerpt":{"rendered":"<div class=\"wsppc_div_block woocommerce_before_add_to_cart_form\">\r\n<p><strong><span style=\"color: #00a859;\">Clear customs<\/span> before delivery &amp; 100% Delivery Guarantee, Delivery in 19~25 days around.\u00a0<\/strong><\/p>\r\n<\/div>","protected":false},"featured_media":14924,"comment_status":"open","ping_status":"closed","template":"","meta":[],"pwb-brand":[1290],"product_cat":[870],"product_tag":[24,233,336,696,22],"class_list":{"0":"post-14917","1":"product","2":"type-product","3":"status-publish","4":"has-post-thumbnail","6":"pwb-brand-vapme","7":"product_cat-8000-10000-puffs","8":"product_tag-wholesale","9":"product_tag-15-0ml","10":"product_tag-9000-puffs","11":"product_tag-vapme","12":"product_tag-disposable","13":"wcpa_has_options","15":"first","16":"outofstock","17":"shipping-taxable","18":"purchasable","19":"product-type-variable"},"aioseo_notices":[],"brands":[{"id":1290,"name":"Vapme","slug":"vapme"}],"_links":{"self":[{"href":"https:\/\/www.vape4wholesale.com\/es\/wp-json\/wp\/v2\/product\/14917","targetHints":{"allow":["GET"]}}],"collection":[{"href":"https:\/\/www.vape4wholesale.com\/es\/wp-json\/wp\/v2\/product"}],"about":[{"href":"https:\/\/www.vape4wholesale.com\/es\/wp-json\/wp\/v2\/types\/product"}],"replies":[{"embeddable":true,"href":"https:\/\/www.vape4wholesale.com\/es\/wp-json\/wp\/v2\/comments?post=14917"}],"wp:featuredmedia":[{"embeddable":true,"href":"https:\/\/www.vape4wholesale.com\/es\/wp-json\/wp\/v2\/media\/14924"}],"wp:attachment":[{"href":"https:\/\/www.vape4wholesale.com\/es\/wp-json\/wp\/v2\/media?parent=14917"}],"wp:term":[{"taxonomy":"pwb-brand","embeddable":true,"href":"https:\/\/www.vape4wholesale.com\/es\/wp-json\/wp\/v2\/pwb-brand?post=14917"},{"taxonomy":"product_cat","embeddable":true,"href":"https:\/\/www.vape4wholesale.com\/es\/wp-json\/wp\/v2\/product_cat?post=14917"},{"taxonomy":"product_tag","embeddable":true,"href":"https:\/\/www.vape4wholesale.com\/es\/wp-json\/wp\/v2\/product_tag?post=14917"}],"curies":[{"name":"wp","href":"https:\/\/api.w.org\/{rel}","templated":true}]}}