{"id":14866,"date":"2024-01-05T21:39:54","date_gmt":"2024-01-05T13:39:54","guid":{"rendered":"https:\/\/www.vape4wholesale.com\/?post_type=product&#038;p=14866"},"modified":"2026-01-26T13:41:45","modified_gmt":"2026-01-26T13:41:45","slug":"vapme-shisha-hookah-15000-bocanadas-vape-desechable-al-por-mayor","status":"publish","type":"product","link":"https:\/\/www.vape4wholesale.com\/es\/producto\/vapme-shisha-hookah-15000-bocanadas-vape-desechable-al-por-mayor","title":{"rendered":"Vapme Shisha Hookah 15000 Puffs Vape desechable al por mayor"},"content":{"rendered":"<p>el <strong>Vapme Shisha Hookah<\/strong> 15000 es uno de los dispositivos de vape DTL cuenta con gran vapor con gran sabor, se construy\u00f3 con 0.6\u03a9 atomizador, 25ml eliquid con 2% fuerza de nicotina. soporta hasta 15000 bocanadas, una vez cargada por completo, usted puede tener una gran experiencia vaping.<\/p>\n<p>\u00a1Pida al por mayor nuestra amplia selecci\u00f3n de 12 Vapme SHISHA Hookah 15000 sabores para nuestro mejor precio al por mayor y env\u00edo r\u00e1pido!<\/p>\n<h2><strong>Vapeme Shisha Hookah 15000 Detalles R\u00e1pidos:<\/strong><\/h2>\n<ul>\n<li>Puffs: 15000 Puffs<\/li>\n<li>Nicotina: 0%, 2%<\/li>\n<li>Capacidad del e-jugo: 25 ML<\/li>\n<li>Bater\u00eda: 650mAh ( Recargable )<\/li>\n<li>Puerto de carga: Tipo C<\/li>\n<li>Resistencia: 0.6\u03a9<\/li>\n<\/ul>\n<h2><strong>Sabores disponibles\uff1a<\/strong><\/h2>\n<ol>\n<li>Ar\u00e1ndanos sobre hielo<\/li>\n<li>Kiwi Fruta de la pasi\u00f3n Guayaba<\/li>\n<li>Limonada Blue Razz<\/li>\n<li>Fresa Kiwi<\/li>\n<li>Mezcla de bayas<\/li>\n<li>Sand\u00eda con fresa<\/li>\n<li>Hielo de uva<\/li>\n<li>Hielo de sand\u00eda<\/li>\n<li>Melocot\u00f3n Mango Pi\u00f1a<\/li>\n<li>Fresa helada<\/li>\n<li>Melocot\u00f3n helado<\/li>\n<li>Mango Pl\u00e1tano<\/li>\n<li>Cereza<\/li>\n<li>Ar\u00e1ndano Frambuesa<\/li>\n<li>Amor 66<\/li>\n<li>Toro sand\u00eda<\/li>\n<li>Fresa Uva<\/li>\n<li>Caramelo de fresa y frambuesa<\/li>\n<li>Mamba<\/li>\n<li>Sand\u00eda Cereza<\/li>\n<li>Manzana congelada<\/li>\n<li>Menta lim\u00f3n<\/li>\n<li>Grosella negra helada<\/li>\n<li>Batido de pi\u00f1a<\/li>\n<\/ol>\n<h2><strong>Contenido del embalaje:<\/strong><\/h2>\n<ul>\n<li>10 unidades \/caja mediana.<\/li>\n<li>200 unidades\/caja<\/li>\n<li>21 kg\/caja<\/li>\n<li>Tama\u00f1o de la caja: 39,5*39*30,5 cm<\/li>\n<\/ul>\n<figure id=\"attachment_14888\" aria-describedby=\"caption-attachment-14888\" style=\"width: 800px\" class=\"wp-caption alignnone\"><img loading=\"lazy\" decoding=\"async\" class=\"size-full wp-image-14888\" title=\"Vapme Shisha Hookah 15000 Puffs Vape Desechable al por mayor (10)\" src=\"https:\/\/www.vape4wholesale.com\/wp-content\/uploads\/2024\/01\/Vapme-Shisha-Hookah-15000-Puffs-Disposable-Vape-Wholesale-10.jpg\" alt=\"Vapme Shisha Hookah 15000 Puffs Vape Desechable al por mayor (10)\" width=\"800\" height=\"800\" srcset=\"https:\/\/www.vape4wholesale.com\/wp-content\/uploads\/2024\/01\/Vapme-Shisha-Hookah-15000-Puffs-Disposable-Vape-Wholesale-10.jpg 800w, https:\/\/www.vape4wholesale.com\/wp-content\/uploads\/2024\/01\/Vapme-Shisha-Hookah-15000-Puffs-Disposable-Vape-Wholesale-10-247x247.jpg 247w, https:\/\/www.vape4wholesale.com\/wp-content\/uploads\/2024\/01\/Vapme-Shisha-Hookah-15000-Puffs-Disposable-Vape-Wholesale-10-100x100.jpg 100w, https:\/\/www.vape4wholesale.com\/wp-content\/uploads\/2024\/01\/Vapme-Shisha-Hookah-15000-Puffs-Disposable-Vape-Wholesale-10-510x510.jpg 510w, https:\/\/www.vape4wholesale.com\/wp-content\/uploads\/2024\/01\/Vapme-Shisha-Hookah-15000-Puffs-Disposable-Vape-Wholesale-10-64x64.jpg 64w, https:\/\/www.vape4wholesale.com\/wp-content\/uploads\/2024\/01\/Vapme-Shisha-Hookah-15000-Puffs-Disposable-Vape-Wholesale-10-300x300.jpg 300w, https:\/\/www.vape4wholesale.com\/wp-content\/uploads\/2024\/01\/Vapme-Shisha-Hookah-15000-Puffs-Disposable-Vape-Wholesale-10-150x150.jpg 150w, https:\/\/www.vape4wholesale.com\/wp-content\/uploads\/2024\/01\/Vapme-Shisha-Hookah-15000-Puffs-Disposable-Vape-Wholesale-10-768x768.jpg 768w\" sizes=\"auto, (max-width: 800px) 100vw, 800px\" \/><figcaption id=\"caption-attachment-14888\" class=\"wp-caption-text\">Vapme Shisha Hookah 15000 Puffs Vape desechable al por mayor<\/figcaption><\/figure>\n<h2>\u00bfPOR QU\u00c9 NOSOTROS?<\/h2>\r\n<ul>\r\n<li>Fuente de vape real, fiable y profesional.<\/li>\r\n<li>100% Garant\u00eda de autenticidad: S\u00f3lo proporcionamos productos originales y genuinos, rechazamos la falsificaci\u00f3n.<\/li>\r\n<li>100% Garant\u00eda de entrega: Utilizamos el mejor m\u00e9todo de env\u00edo para asegurarnos de que recibes el pedido 100%.<\/li>\r\n<li>Le daremos el n\u00famero de seguimiento y la etiqueta de env\u00edo despu\u00e9s del env\u00edo, y realizaremos el seguimiento de la mercanc\u00eda por usted hasta que la firme.<\/li>\r\n<li>Sin problemas aduaneros ni aranceles<\/li>\r\n<\/ul>","protected":false},"excerpt":{"rendered":"<div class=\"wsppc_div_block woocommerce_before_add_to_cart_form\">\r\n<p><strong><span style=\"color: #00a859;\">Clear customs<\/span> before delivery &amp; 100% Delivery Guarantee, Delivery in 19~25 days around.\u00a0<\/strong><\/p>\r\n<\/div>","protected":false},"featured_media":14893,"comment_status":"open","ping_status":"closed","template":"","meta":[],"pwb-brand":[1290],"product_cat":[872],"product_tag":[22,24,684,692,696],"class_list":{"0":"post-14866","1":"product","2":"type-product","3":"status-publish","4":"has-post-thumbnail","6":"pwb-brand-vapme","7":"product_cat-15k-20k-puffs","8":"product_tag-disposable","9":"product_tag-wholesale","10":"product_tag-15000-puffs","11":"product_tag-25-0ml","12":"product_tag-vapme","13":"wcpa_has_options","15":"first","16":"outofstock","17":"shipping-taxable","18":"purchasable","19":"product-type-variable"},"aioseo_notices":[],"brands":[{"id":1290,"name":"Vapme","slug":"vapme"}],"_links":{"self":[{"href":"https:\/\/www.vape4wholesale.com\/es\/wp-json\/wp\/v2\/product\/14866","targetHints":{"allow":["GET"]}}],"collection":[{"href":"https:\/\/www.vape4wholesale.com\/es\/wp-json\/wp\/v2\/product"}],"about":[{"href":"https:\/\/www.vape4wholesale.com\/es\/wp-json\/wp\/v2\/types\/product"}],"replies":[{"embeddable":true,"href":"https:\/\/www.vape4wholesale.com\/es\/wp-json\/wp\/v2\/comments?post=14866"}],"wp:featuredmedia":[{"embeddable":true,"href":"https:\/\/www.vape4wholesale.com\/es\/wp-json\/wp\/v2\/media\/14893"}],"wp:attachment":[{"href":"https:\/\/www.vape4wholesale.com\/es\/wp-json\/wp\/v2\/media?parent=14866"}],"wp:term":[{"taxonomy":"pwb-brand","embeddable":true,"href":"https:\/\/www.vape4wholesale.com\/es\/wp-json\/wp\/v2\/pwb-brand?post=14866"},{"taxonomy":"product_cat","embeddable":true,"href":"https:\/\/www.vape4wholesale.com\/es\/wp-json\/wp\/v2\/product_cat?post=14866"},{"taxonomy":"product_tag","embeddable":true,"href":"https:\/\/www.vape4wholesale.com\/es\/wp-json\/wp\/v2\/product_tag?post=14866"}],"curies":[{"name":"wp","href":"https:\/\/api.w.org\/{rel}","templated":true}]}}