{"id":14666,"date":"2023-11-16T22:35:59","date_gmt":"2023-11-16T14:35:59","guid":{"rendered":"https:\/\/www.vape4wholesale.com\/?post_type=product&#038;p=14666"},"modified":"2026-01-26T13:41:51","modified_gmt":"2026-01-26T13:41:51","slug":"elf-bar-bc10000-vape-desechable-al-por-mayor","status":"publish","type":"product","link":"https:\/\/www.vape4wholesale.com\/es\/product\/elf-bar-bc10000-disposable-vape-wholesale","title":{"rendered":"Elf Bar BC10000 Vape desechable al por mayor"},"content":{"rendered":"<p>El ELF BAR BC10000 es un potente vapeador de bonito dise\u00f1o con funci\u00f3n de visualizaci\u00f3n de Eliquid y potencia, viene con 18ml de eliquid de sal de nicotina 5%, bater\u00eda recargable de 650mAh y construido con bobina de malla.<\/p>\n<p>Cambia las reglas del juego en el mundo de los vapeadores desechables, ofreciendo la asombrosa cifra de 10000 caladas para una experiencia de vapeo prolongada y satisfactoria. Con su generoso volumen de 18ML de e-l\u00edquido, puede disfrutar de sus sabores favoritos sin la molestia de recargas constantes. Gracias a su capacidad de carga r\u00e1pida de 15-20 minutos, el tiempo de inactividad se mantiene al m\u00ednimo, lo que le permite volver a vaping en ning\u00fan momento. Alimentado por una robusta bater\u00eda de 620mAh.<\/p>\n<p>El BC10000 est\u00e1 hecho para durar, lo que lo convierte en la mejor elecci\u00f3n para los vapeadores que buscan un vapeador desechable fiable y repleto de funciones, garantizando que siempre est\u00e9 listo para disfrutar de su concentraci\u00f3n de nicotina preferida de 50MG. La inclusi\u00f3n de una bobina de malla de alto rendimiento lleva la producci\u00f3n de sabor a un nivel completamente nuevo, proporcionando un sabor rico y envolvente con cada inhalaci\u00f3n. Su nuevo dise\u00f1o vanguardista es ahora m\u00e1s atractivo que antes.<\/p>\n<p>Lo que distingue al BC10000 es su pantalla LED inteligente, que no s\u00f3lo indica la carga de la bater\u00eda sino que tambi\u00e9n detecta los niveles de e-l\u00edquido, asegurando que est\u00e9s al tanto de ambos aspectos vitales para un placer de vapeo ininterrumpido. Tanto si eres un vapeador experimentado como si acabas de empezar, el ELF BAR BC10000 te promete una experiencia de vapeo excepcional y sin complicaciones. Eleve su viaje de vapeo con este notable dispositivo que combina innovaci\u00f3n, estilo y rendimiento en un paquete compacto. Experimenta el futuro de los vapeadores desechables con el ELFBAR BC10000.<\/p>\n<h2><strong>Elf Bar BC10000 Caracter\u00edsticas:<\/strong><\/h2>\n<ul>\n<li>Puffs: 10000 Puffs<\/li>\n<li>Volumen del E-l\u00edquido: 18ML<\/li>\n<li>Bater\u00eda: 650mAh Recargable con Tipo C<\/li>\n<li>Potencia de nicotina: 50MG<\/li>\n<li>Bobina Bobina de malla<\/li>\n<li>Carga r\u00e1pida: 15-20 minutos<\/li>\n<li>Pantalla Led Para Mostrar El Porcentaje De Bater\u00eda Y E-L\u00edquido<\/li>\n<li>Marca: ELF BAR<\/li>\n<\/ul>\n<h2><strong>Sabores disponibles:<\/strong><\/h2>\n<ol>\n<li>Aloe Uva<\/li>\n<li>Helado de pl\u00e1tano<\/li>\n<li>Algod\u00f3n de az\u00facar azul<\/li>\n<li>Helado de frambuesa azul<\/li>\n<li>Menta con ar\u00e1ndanos<\/li>\n<li>Hielo de uva<\/li>\n<li>Manzana verde<\/li>\n<li>Menta helada<\/li>\n<li>Mentol<\/li>\n<li>Frutas variadas<\/li>\n<li>Sand\u00eda Melocot\u00f3n Mango<\/li>\n<li>Melocot\u00f3n Frambuesa<\/li>\n<li>Pl\u00e1tano Fresa<\/li>\n<li>\u00a0Kiwi Fresa<\/li>\n<li>mango Fresa<\/li>\n<li>Sand\u00eda con fresas<\/li>\n<li>Chicle de sand\u00eda<\/li>\n<li>Hielo de sand\u00eda<\/li>\n<li>Fresa helada<\/li>\n<li>Melocot\u00f3n Mango<\/li>\n<li>Mango doble<\/li>\n<\/ol>\n<h2>Embalaje y peso<\/h2>\n<p>200pcs\/ Caja\/ 23kg<\/p>\n<p><img loading=\"lazy\" decoding=\"async\" class=\"alignnone size-full wp-image-14690\" title=\"Elf Bar BC10000 Vape desechable al por mayor\" src=\"https:\/\/www.vape4wholesale.com\/wp-content\/uploads\/2023\/11\/Elf-Bar-BC10000-Disposable-Vape-Wholesale.jpg\" alt=\"Elf Bar BC10000 Vape desechable al por mayor\" width=\"800\" height=\"800\" srcset=\"https:\/\/www.vape4wholesale.com\/wp-content\/uploads\/2023\/11\/Elf-Bar-BC10000-Disposable-Vape-Wholesale.jpg 800w, https:\/\/www.vape4wholesale.com\/wp-content\/uploads\/2023\/11\/Elf-Bar-BC10000-Disposable-Vape-Wholesale-247x247.jpg 247w, https:\/\/www.vape4wholesale.com\/wp-content\/uploads\/2023\/11\/Elf-Bar-BC10000-Disposable-Vape-Wholesale-100x100.jpg 100w, https:\/\/www.vape4wholesale.com\/wp-content\/uploads\/2023\/11\/Elf-Bar-BC10000-Disposable-Vape-Wholesale-510x510.jpg 510w, https:\/\/www.vape4wholesale.com\/wp-content\/uploads\/2023\/11\/Elf-Bar-BC10000-Disposable-Vape-Wholesale-64x64.jpg 64w, https:\/\/www.vape4wholesale.com\/wp-content\/uploads\/2023\/11\/Elf-Bar-BC10000-Disposable-Vape-Wholesale-300x300.jpg 300w, https:\/\/www.vape4wholesale.com\/wp-content\/uploads\/2023\/11\/Elf-Bar-BC10000-Disposable-Vape-Wholesale-150x150.jpg 150w, https:\/\/www.vape4wholesale.com\/wp-content\/uploads\/2023\/11\/Elf-Bar-BC10000-Disposable-Vape-Wholesale-768x768.jpg 768w\" sizes=\"auto, (max-width: 800px) 100vw, 800px\" \/><\/p>","protected":false},"excerpt":{"rendered":"[scf-template id=&#8217;11434&#8242;]\n<p><strong>Due to frequent changes in Product inventory, Minimum Order Quantity and Price, please contact us before placing the order.<\/strong><\/p>\n","protected":false},"featured_media":14690,"comment_status":"open","ping_status":"closed","template":"","meta":[],"pwb-brand":[1278],"product_cat":[871],"product_tag":[24,60,244,324,22],"class_list":{"0":"post-14666","1":"product","2":"type-product","3":"status-publish","4":"has-post-thumbnail","6":"pwb-brand-elf-bar","7":"product_cat-10-15k-puffs","8":"product_tag-wholesale","9":"product_tag-elf-bar","10":"product_tag-18-0ml","11":"product_tag-10000-puffs","12":"product_tag-disposable","14":"first","15":"outofstock","16":"shipping-taxable","17":"purchasable","18":"product-type-variable"},"aioseo_notices":[],"brands":[{"id":1278,"name":"Bar Elfo","slug":"bar-duende"}],"_links":{"self":[{"href":"https:\/\/www.vape4wholesale.com\/es\/wp-json\/wp\/v2\/product\/14666","targetHints":{"allow":["GET"]}}],"collection":[{"href":"https:\/\/www.vape4wholesale.com\/es\/wp-json\/wp\/v2\/product"}],"about":[{"href":"https:\/\/www.vape4wholesale.com\/es\/wp-json\/wp\/v2\/types\/product"}],"replies":[{"embeddable":true,"href":"https:\/\/www.vape4wholesale.com\/es\/wp-json\/wp\/v2\/comments?post=14666"}],"wp:featuredmedia":[{"embeddable":true,"href":"https:\/\/www.vape4wholesale.com\/es\/wp-json\/wp\/v2\/media\/14690"}],"wp:attachment":[{"href":"https:\/\/www.vape4wholesale.com\/es\/wp-json\/wp\/v2\/media?parent=14666"}],"wp:term":[{"taxonomy":"pwb-brand","embeddable":true,"href":"https:\/\/www.vape4wholesale.com\/es\/wp-json\/wp\/v2\/pwb-brand?post=14666"},{"taxonomy":"product_cat","embeddable":true,"href":"https:\/\/www.vape4wholesale.com\/es\/wp-json\/wp\/v2\/product_cat?post=14666"},{"taxonomy":"product_tag","embeddable":true,"href":"https:\/\/www.vape4wholesale.com\/es\/wp-json\/wp\/v2\/product_tag?post=14666"}],"curies":[{"name":"wp","href":"https:\/\/api.w.org\/{rel}","templated":true}]}}