{"id":14625,"date":"2023-11-12T10:34:51","date_gmt":"2023-11-12T02:34:51","guid":{"rendered":"https:\/\/www.vape4wholesale.com\/?post_type=product&#038;p=14625"},"modified":"2026-01-26T13:41:53","modified_gmt":"2026-01-26T13:41:53","slug":"funky-lands-ci5000-vape-desechable-al-por-mayor","status":"publish","type":"product","link":"https:\/\/www.vape4wholesale.com\/es\/product\/funky-lands-ci5000-disposable-vape-wholesale","title":{"rendered":"Funky Lands Ci5000 Vape desechable al por mayor"},"content":{"rendered":"<p>El Vape Desechable Funky Lands Ci5000 es un gadget din\u00e1mico que captura el \u00e1pice de las experiencias vaping. Este vape desechable est\u00e1 hecho para saciar sus antojos y ofrecer una experiencia de vapeo continua. Es impulsado por la tecnolog\u00eda QUAQ Coil y tiene un mont\u00f3n de caracter\u00edsticas \u00fanicas.<br data-filtered=\"filtered\" \/><br data-filtered=\"filtered\" \/>El Funky Lands Ci5000 garantiza una exposici\u00f3n constante a tus sabores favoritos gracias a su enorme capacidad de 10 ml de e-l\u00edquido. Este dispositivo est\u00e1 listo para sorprender con cualquier sabor, ya sean matices t\u00edpicos del tabaco, esencias dulces o frutas \u00e1cidas. La potencia de 40mg de nicotina consigue un equilibrio entre un satisfactorio golpe de garganta y una suavidad aterciopelada, satisfaciendo tus gustos nicot\u00ednicos. Prep\u00e1rate para un largo viaje de vapeo ya que el Funky Republic Ci5000 da la asombrosa cifra de 5000 caladas por dispositivo.<\/p>\n<h2><strong>Funky Lands Ci5000 Desechables Caracter\u00edsticas:<\/strong><\/h2>\n<p>- Puffs m\u00e1ximos: 5000<br data-filtered=\"filtered\" \/>- Potencia de nicotina: 40mg (4%)<br data-filtered=\"filtered\" \/>- Capacidad precargada: 10 ml<br data-filtered=\"filtered\" \/>- Capacidad de la bater\u00eda: 650 mAh<\/p>\n<h2><strong>Sabores disponibles:<\/strong><\/h2>\n<ul>\n<li>Hielo de sand\u00eda<\/li>\n<li>Sand\u00eda BG<\/li>\n<li>Fresa helada<\/li>\n<li>Starfruit Kiwi verde<\/li>\n<li>Rinbo<\/li>\n<li>Pi\u00f1a Strawnana<\/li>\n<li>Hielo de monta\u00f1a<\/li>\n<li>Rosa menta<\/li>\n<li>Casa de la Moneda de Miami<\/li>\n<li>Mango Gami<\/li>\n<li>Hielo Razz Azul<\/li>\n<li>Baya Flor de melocot\u00f3n<\/li>\n<li>Baya Pasi\u00f3n Uva<\/li>\n<li>Mezcla de bayas<\/li>\n<li>Hielo triple de bayas<\/li>\n<\/ul>\n<p><img loading=\"lazy\" decoding=\"async\" class=\"alignnone size-full wp-image-14626\" title=\"Funky Ci5000 Vape desechable al por mayor\" src=\"https:\/\/www.vape4wholesale.com\/wp-content\/uploads\/2023\/11\/Funky-Ci5000-Disposable-Vape-Wholesale.jpg\" alt=\"Funky Ci5000 Vape desechable al por mayor\" width=\"480\" height=\"480\" srcset=\"https:\/\/www.vape4wholesale.com\/wp-content\/uploads\/2023\/11\/Funky-Ci5000-Disposable-Vape-Wholesale.jpg 480w, https:\/\/www.vape4wholesale.com\/wp-content\/uploads\/2023\/11\/Funky-Ci5000-Disposable-Vape-Wholesale-247x247.jpg 247w, https:\/\/www.vape4wholesale.com\/wp-content\/uploads\/2023\/11\/Funky-Ci5000-Disposable-Vape-Wholesale-100x100.jpg 100w, https:\/\/www.vape4wholesale.com\/wp-content\/uploads\/2023\/11\/Funky-Ci5000-Disposable-Vape-Wholesale-64x64.jpg 64w, https:\/\/www.vape4wholesale.com\/wp-content\/uploads\/2023\/11\/Funky-Ci5000-Disposable-Vape-Wholesale-300x300.jpg 300w, https:\/\/www.vape4wholesale.com\/wp-content\/uploads\/2023\/11\/Funky-Ci5000-Disposable-Vape-Wholesale-150x150.jpg 150w\" sizes=\"auto, (max-width: 480px) 100vw, 480px\" \/><\/p>","protected":false},"excerpt":{"rendered":"[scf-template id=&#8217;11434&#8242;]\n","protected":false},"featured_media":14626,"comment_status":"open","ping_status":"closed","template":"","meta":[],"pwb-brand":[1289],"product_cat":[869],"product_tag":[22,24,189,210,651],"class_list":{"0":"post-14625","1":"product","2":"type-product","3":"status-publish","4":"has-post-thumbnail","6":"pwb-brand-others","7":"product_cat-5000-8000-puffs","8":"product_tag-disposable","9":"product_tag-wholesale","10":"product_tag-5000-puffs","11":"product_tag-10-0ml","12":"product_tag-funky-lands","14":"first","15":"outofstock","16":"shipping-taxable","17":"purchasable","18":"product-type-variable"},"aioseo_notices":[],"brands":[{"id":1289,"name":"Otros","slug":"otros"}],"_links":{"self":[{"href":"https:\/\/www.vape4wholesale.com\/es\/wp-json\/wp\/v2\/product\/14625","targetHints":{"allow":["GET"]}}],"collection":[{"href":"https:\/\/www.vape4wholesale.com\/es\/wp-json\/wp\/v2\/product"}],"about":[{"href":"https:\/\/www.vape4wholesale.com\/es\/wp-json\/wp\/v2\/types\/product"}],"replies":[{"embeddable":true,"href":"https:\/\/www.vape4wholesale.com\/es\/wp-json\/wp\/v2\/comments?post=14625"}],"wp:featuredmedia":[{"embeddable":true,"href":"https:\/\/www.vape4wholesale.com\/es\/wp-json\/wp\/v2\/media\/14626"}],"wp:attachment":[{"href":"https:\/\/www.vape4wholesale.com\/es\/wp-json\/wp\/v2\/media?parent=14625"}],"wp:term":[{"taxonomy":"pwb-brand","embeddable":true,"href":"https:\/\/www.vape4wholesale.com\/es\/wp-json\/wp\/v2\/pwb-brand?post=14625"},{"taxonomy":"product_cat","embeddable":true,"href":"https:\/\/www.vape4wholesale.com\/es\/wp-json\/wp\/v2\/product_cat?post=14625"},{"taxonomy":"product_tag","embeddable":true,"href":"https:\/\/www.vape4wholesale.com\/es\/wp-json\/wp\/v2\/product_tag?post=14625"}],"curies":[{"name":"wp","href":"https:\/\/api.w.org\/{rel}","templated":true}]}}