{"id":14604,"date":"2023-11-12T09:49:04","date_gmt":"2023-11-12T01:49:04","guid":{"rendered":"https:\/\/www.vape4wholesale.com\/?post_type=product&#038;p=14604"},"modified":"2026-01-26T13:41:58","modified_gmt":"2026-01-26T13:41:58","slug":"funky-lands-vi10000-vape-desechable-al-por-mayor","status":"publish","type":"product","link":"https:\/\/www.vape4wholesale.com\/es\/product\/funky-lands-vi10000-disposable-vape-wholesale","title":{"rendered":"Funky Lands Vi10000 Vape desechable al por mayor"},"content":{"rendered":"<p>El Funky lands Vi10000 desechable es un producto de sub-marca bajo elf bar que soporta hasta 10000 caladas, tiene 16ml de eliquid con nicotina salina 5%, y con bater\u00eda recargable de 600mah.<\/p>\n<h2><strong>Caracter\u00edsticas del Funky Lands Vi10000 Disposable Vape:<br data-filtered=\"filtered\" \/><\/strong><\/h2>\n<ul>\n<li>precargado con 16 ml de e-l\u00edquido<\/li>\n<li>5% concentraci\u00f3n de nicotina en sal<\/li>\n<li>10000 bocanadas<\/li>\n<li>bobina de malla<\/li>\n<li>recarga<\/li>\n<li>pantalla inteligente<\/li>\n<\/ul>\n<h2><strong>Sabores disponibles<\/strong><\/h2>\n<ol>\n<li>Mezcla de bayas<\/li>\n<li>Hielo de ar\u00e1ndanos<\/li>\n<li>Ar\u00e1ndano Rosa Menta<\/li>\n<li>Claro<\/li>\n<li>Lim\u00f3n Lima<\/li>\n<li>Mango mexicano<\/li>\n<li>Colada de melocot\u00f3n<\/li>\n<li>Frambuesa P&amp;B<\/li>\n<li>Fresa Kiwi<\/li>\n<li>Duo Ice de ar\u00e1ndanos y uvas<\/li>\n<li>Hielo de sand\u00eda<\/li>\n<li>Sand\u00eda Frambuesa Duo Ice<\/li>\n<\/ol>\n<h2><strong>Ventajas de Funky Lands Vi10000<\/strong><\/h2>\n<p class=\"p1\"><strong>*Capacidad suprema**:<\/strong> Sum\u00e9rgete en el rico mundo del vapeo con nuestra c\u00e1mara de e-l\u00edquido precargada de 16 ml. Desp\u00eddete de las recargas frecuentes y disfruta de las sesiones de vapeo prolongadas que siempre has deseado.<\/p>\n<p class=\"p1\"><strong>**Nivel \u00f3ptimo de nicotina:<\/strong> Experimenta un golpe de garganta equilibrado y antojos satisfactorios con una concentraci\u00f3n de nicotina salada 5%. Dise\u00f1ado para los amantes de la intensidad en cada calada, sin ser abrumador.<\/p>\n<p class=\"p1\"><strong>**Energizado para la longevidad**:<\/strong> Con una robusta bater\u00eda recargable de 600mAh, el Vi10000 asegura que tus sesiones de vapeo sean ininterrumpidas y placenteras. Se acabaron los apagones repentinos, s\u00f3lo un suministro de energ\u00eda constante para tu comodidad.<\/p>\n<p class=\"p1\"><strong>*Puff to Your Heart's Content**:<\/strong> Prep\u00e1rese para una experiencia incomparable con hasta 10.000 caladas. Tanto si te vas de viaje como si te quedas en casa, el Vi10000 es tu mejor aliado.<\/p>\n<p class=\"p1\"><strong>**Caracter\u00edsticas inteligentes:<\/strong> Nuestro sistema Smart Display Dry Prevention te mantiene informado y evita que tu vaporizador se quede seco. Se acabaron los juegos de adivinanzas; vapea con confianza sabiendo que tu dispositivo funciona de forma \u00f3ptima para ti.<\/p>\n<p class=\"p2\">Disfrute del arte de vapear con Funky Lands Vi10000 - donde el estilo, la longevidad y la innovaci\u00f3n chocan. \u00a1Prep\u00e1rate para elevar tu experiencia de vapeo como nunca antes!<\/p>\n<p><img loading=\"lazy\" decoding=\"async\" class=\"alignnone size-full wp-image-14605\" title=\"Funky Lands Vi10000 Vape desechable al por mayor (1)\" src=\"https:\/\/www.vape4wholesale.com\/wp-content\/uploads\/2023\/11\/Funky-Lands-Vi10000-Disposable-Vape-Wholesale-1.jpg\" alt=\"Funky Lands Vi10000 Vape desechable al por mayor (1)\" width=\"1200\" height=\"1200\" srcset=\"https:\/\/www.vape4wholesale.com\/wp-content\/uploads\/2023\/11\/Funky-Lands-Vi10000-Disposable-Vape-Wholesale-1.jpg 1200w, https:\/\/www.vape4wholesale.com\/wp-content\/uploads\/2023\/11\/Funky-Lands-Vi10000-Disposable-Vape-Wholesale-1-247x247.jpg 247w, https:\/\/www.vape4wholesale.com\/wp-content\/uploads\/2023\/11\/Funky-Lands-Vi10000-Disposable-Vape-Wholesale-1-100x100.jpg 100w, https:\/\/www.vape4wholesale.com\/wp-content\/uploads\/2023\/11\/Funky-Lands-Vi10000-Disposable-Vape-Wholesale-1-510x510.jpg 510w, https:\/\/www.vape4wholesale.com\/wp-content\/uploads\/2023\/11\/Funky-Lands-Vi10000-Disposable-Vape-Wholesale-1-64x64.jpg 64w, https:\/\/www.vape4wholesale.com\/wp-content\/uploads\/2023\/11\/Funky-Lands-Vi10000-Disposable-Vape-Wholesale-1-300x300.jpg 300w, https:\/\/www.vape4wholesale.com\/wp-content\/uploads\/2023\/11\/Funky-Lands-Vi10000-Disposable-Vape-Wholesale-1-1024x1024.jpg 1024w, https:\/\/www.vape4wholesale.com\/wp-content\/uploads\/2023\/11\/Funky-Lands-Vi10000-Disposable-Vape-Wholesale-1-150x150.jpg 150w, https:\/\/www.vape4wholesale.com\/wp-content\/uploads\/2023\/11\/Funky-Lands-Vi10000-Disposable-Vape-Wholesale-1-768x768.jpg 768w\" sizes=\"auto, (max-width: 1200px) 100vw, 1200px\" \/> <img loading=\"lazy\" decoding=\"async\" class=\"alignnone size-full wp-image-14609\" title=\"Funky Lands Vi10000 Vape desechable al por mayor (5)\" src=\"https:\/\/www.vape4wholesale.com\/wp-content\/uploads\/2023\/11\/Funky-Lands-Vi10000-Disposable-Vape-Wholesale-5.jpg\" alt=\"Funky Lands Vi10000 Vape desechable al por mayor (5)\" width=\"1920\" height=\"1920\" srcset=\"https:\/\/www.vape4wholesale.com\/wp-content\/uploads\/2023\/11\/Funky-Lands-Vi10000-Disposable-Vape-Wholesale-5.jpg 1920w, https:\/\/www.vape4wholesale.com\/wp-content\/uploads\/2023\/11\/Funky-Lands-Vi10000-Disposable-Vape-Wholesale-5-247x247.jpg 247w, https:\/\/www.vape4wholesale.com\/wp-content\/uploads\/2023\/11\/Funky-Lands-Vi10000-Disposable-Vape-Wholesale-5-100x100.jpg 100w, https:\/\/www.vape4wholesale.com\/wp-content\/uploads\/2023\/11\/Funky-Lands-Vi10000-Disposable-Vape-Wholesale-5-510x510.jpg 510w, https:\/\/www.vape4wholesale.com\/wp-content\/uploads\/2023\/11\/Funky-Lands-Vi10000-Disposable-Vape-Wholesale-5-64x64.jpg 64w, https:\/\/www.vape4wholesale.com\/wp-content\/uploads\/2023\/11\/Funky-Lands-Vi10000-Disposable-Vape-Wholesale-5-300x300.jpg 300w, https:\/\/www.vape4wholesale.com\/wp-content\/uploads\/2023\/11\/Funky-Lands-Vi10000-Disposable-Vape-Wholesale-5-1024x1024.jpg 1024w, https:\/\/www.vape4wholesale.com\/wp-content\/uploads\/2023\/11\/Funky-Lands-Vi10000-Disposable-Vape-Wholesale-5-150x150.jpg 150w, https:\/\/www.vape4wholesale.com\/wp-content\/uploads\/2023\/11\/Funky-Lands-Vi10000-Disposable-Vape-Wholesale-5-768x768.jpg 768w, https:\/\/www.vape4wholesale.com\/wp-content\/uploads\/2023\/11\/Funky-Lands-Vi10000-Disposable-Vape-Wholesale-5-1536x1536.jpg 1536w\" sizes=\"auto, (max-width: 1920px) 100vw, 1920px\" \/><\/p>","protected":false},"excerpt":{"rendered":"[scf-template id=&#8217;11434&#8242;]\n","protected":false},"featured_media":14605,"comment_status":"open","ping_status":"closed","template":"","meta":[],"pwb-brand":[1289],"product_cat":[871],"product_tag":[24,324,342,651,22],"class_list":{"0":"post-14604","1":"product","2":"type-product","3":"status-publish","4":"has-post-thumbnail","6":"pwb-brand-others","7":"product_cat-10-15k-puffs","8":"product_tag-wholesale","9":"product_tag-10000-puffs","10":"product_tag-16-0ml","11":"product_tag-funky-lands","12":"product_tag-disposable","14":"first","15":"outofstock","16":"shipping-taxable","17":"purchasable","18":"product-type-variable"},"aioseo_notices":[],"brands":[{"id":1289,"name":"Otros","slug":"otros"}],"_links":{"self":[{"href":"https:\/\/www.vape4wholesale.com\/es\/wp-json\/wp\/v2\/product\/14604","targetHints":{"allow":["GET"]}}],"collection":[{"href":"https:\/\/www.vape4wholesale.com\/es\/wp-json\/wp\/v2\/product"}],"about":[{"href":"https:\/\/www.vape4wholesale.com\/es\/wp-json\/wp\/v2\/types\/product"}],"replies":[{"embeddable":true,"href":"https:\/\/www.vape4wholesale.com\/es\/wp-json\/wp\/v2\/comments?post=14604"}],"wp:featuredmedia":[{"embeddable":true,"href":"https:\/\/www.vape4wholesale.com\/es\/wp-json\/wp\/v2\/media\/14605"}],"wp:attachment":[{"href":"https:\/\/www.vape4wholesale.com\/es\/wp-json\/wp\/v2\/media?parent=14604"}],"wp:term":[{"taxonomy":"pwb-brand","embeddable":true,"href":"https:\/\/www.vape4wholesale.com\/es\/wp-json\/wp\/v2\/pwb-brand?post=14604"},{"taxonomy":"product_cat","embeddable":true,"href":"https:\/\/www.vape4wholesale.com\/es\/wp-json\/wp\/v2\/product_cat?post=14604"},{"taxonomy":"product_tag","embeddable":true,"href":"https:\/\/www.vape4wholesale.com\/es\/wp-json\/wp\/v2\/product_tag?post=14604"}],"curies":[{"name":"wp","href":"https:\/\/api.w.org\/{rel}","templated":true}]}}