{"id":14494,"date":"2023-10-15T14:29:35","date_gmt":"2023-10-15T06:29:35","guid":{"rendered":"https:\/\/www.vape4wholesale.com\/?post_type=product&#038;p=14494"},"modified":"2026-01-26T13:42:02","modified_gmt":"2026-01-26T13:42:02","slug":"geek-bar-df8000-vape-desechable-al-por-mayor","status":"publish","type":"product","link":"https:\/\/www.vape4wholesale.com\/es\/product\/geek-bar-df8000-disposable-vape-wholesale","title":{"rendered":"Geek Bar DF8000 Vape desechable al por mayor"},"content":{"rendered":"<p>El Vapeador Desechable Geek Bar DF8000 es un dispositivo recargable que ofrece 12 sabores de frutas con una duraci\u00f3n de hasta 8000 caladas.<\/p>\n<p>Ofrece una gran capacidad de bater\u00eda de 600mAh y una capacidad de e-l\u00edquido de 14mL con luces indicadoras para aclarar los niveles de bater\u00eda y e-l\u00edquido.<\/p>\n<p>Este dispositivo tiene una tecnolog\u00eda de bobina de malla dual incorporada que garantiza un delicioso suministro de e-l\u00edquido.<\/p>\n<p>&nbsp;<\/p>\n<h2>Geek Bar DF8000 Vape Desechable Caracter\u00edsticas:<\/h2>\n<ul>\n<li>Puffs: Hasta 8000 Puffs<\/li>\n<li>Bater\u00eda: 600 mAh incorporada<\/li>\n<li>Puerto de carga: Tipo-C<\/li>\n<li>Capacidad del E-l\u00edquido: 14mL<\/li>\n<li>Bobina: Dual Mesh Coil - Built In<\/li>\n<li>Indicadores: Bater\u00eda y E-l\u00edquido<\/li>\n<\/ul>\n<h2>Sabores<\/h2>\n<ol>\n<li>Algod\u00f3n de az\u00facar azul<\/li>\n<li>Hielo negro<\/li>\n<li>Hielo Razz Azul<\/li>\n<li>Limonada Blue Razz<\/li>\n<li>Hielo exuberante<\/li>\n<li>Casa de la Moneda de Miami<\/li>\n<li>Melocot\u00f3n baya<\/li>\n<li>Hielo de pi\u00f1a y coco<\/li>\n<li>Uva Sakura<\/li>\n<li>Hielo de manzana \u00e1cida<\/li>\n<li>Fresa Kiwi<\/li>\n<li>Sand\u00eda con fresa<\/li>\n<li>Triple Berry lce<\/li>\n<li>Tropical Rainbow Blast<\/li>\n<li>Chicle de sand\u00eda<\/li>\n<\/ol>\n<p><img loading=\"lazy\" decoding=\"async\" class=\"alignnone size-full wp-image-14502\" title=\"Geek Bar DF8000 Vape desechable al por mayor xxx\" src=\"https:\/\/www.vape4wholesale.com\/wp-content\/uploads\/2023\/10\/Geek-Bar-DF8000-Disposable-Vape-Wholesale-xxx.jpg\" alt=\"Geek Bar DF8000 Vape desechable al por mayor xxx\" width=\"1686\" height=\"1686\" srcset=\"https:\/\/www.vape4wholesale.com\/wp-content\/uploads\/2023\/10\/Geek-Bar-DF8000-Disposable-Vape-Wholesale-xxx.jpg 1686w, https:\/\/www.vape4wholesale.com\/wp-content\/uploads\/2023\/10\/Geek-Bar-DF8000-Disposable-Vape-Wholesale-xxx-247x247.jpg 247w, https:\/\/www.vape4wholesale.com\/wp-content\/uploads\/2023\/10\/Geek-Bar-DF8000-Disposable-Vape-Wholesale-xxx-100x100.jpg 100w, https:\/\/www.vape4wholesale.com\/wp-content\/uploads\/2023\/10\/Geek-Bar-DF8000-Disposable-Vape-Wholesale-xxx-510x510.jpg 510w, https:\/\/www.vape4wholesale.com\/wp-content\/uploads\/2023\/10\/Geek-Bar-DF8000-Disposable-Vape-Wholesale-xxx-64x64.jpg 64w, https:\/\/www.vape4wholesale.com\/wp-content\/uploads\/2023\/10\/Geek-Bar-DF8000-Disposable-Vape-Wholesale-xxx-300x300.jpg 300w, https:\/\/www.vape4wholesale.com\/wp-content\/uploads\/2023\/10\/Geek-Bar-DF8000-Disposable-Vape-Wholesale-xxx-1024x1024.jpg 1024w, https:\/\/www.vape4wholesale.com\/wp-content\/uploads\/2023\/10\/Geek-Bar-DF8000-Disposable-Vape-Wholesale-xxx-150x150.jpg 150w, https:\/\/www.vape4wholesale.com\/wp-content\/uploads\/2023\/10\/Geek-Bar-DF8000-Disposable-Vape-Wholesale-xxx-768x768.jpg 768w, https:\/\/www.vape4wholesale.com\/wp-content\/uploads\/2023\/10\/Geek-Bar-DF8000-Disposable-Vape-Wholesale-xxx-1536x1536.jpg 1536w\" sizes=\"auto, (max-width: 1686px) 100vw, 1686px\" \/><\/p>","protected":false},"excerpt":{"rendered":"[scf-template id=&#8217;11434&#8242;]\n","protected":false},"featured_media":14502,"comment_status":"open","ping_status":"closed","template":"","meta":[],"pwb-brand":[1282],"product_cat":[870],"product_tag":[22,24,68,177,343],"class_list":{"0":"post-14494","1":"product","2":"type-product","3":"status-publish","4":"has-post-thumbnail","6":"pwb-brand-geekbar","7":"product_cat-8000-10000-puffs","8":"product_tag-disposable","9":"product_tag-wholesale","10":"product_tag-geek-bar","11":"product_tag-14-0ml","12":"product_tag-8000-puffs","13":"wcpa_has_options","15":"first","16":"outofstock","17":"shipping-taxable","18":"purchasable","19":"product-type-variable"},"aioseo_notices":[],"brands":[{"id":1282,"name":"Geekbar","slug":"geekbar"}],"_links":{"self":[{"href":"https:\/\/www.vape4wholesale.com\/es\/wp-json\/wp\/v2\/product\/14494","targetHints":{"allow":["GET"]}}],"collection":[{"href":"https:\/\/www.vape4wholesale.com\/es\/wp-json\/wp\/v2\/product"}],"about":[{"href":"https:\/\/www.vape4wholesale.com\/es\/wp-json\/wp\/v2\/types\/product"}],"replies":[{"embeddable":true,"href":"https:\/\/www.vape4wholesale.com\/es\/wp-json\/wp\/v2\/comments?post=14494"}],"wp:featuredmedia":[{"embeddable":true,"href":"https:\/\/www.vape4wholesale.com\/es\/wp-json\/wp\/v2\/media\/14502"}],"wp:attachment":[{"href":"https:\/\/www.vape4wholesale.com\/es\/wp-json\/wp\/v2\/media?parent=14494"}],"wp:term":[{"taxonomy":"pwb-brand","embeddable":true,"href":"https:\/\/www.vape4wholesale.com\/es\/wp-json\/wp\/v2\/pwb-brand?post=14494"},{"taxonomy":"product_cat","embeddable":true,"href":"https:\/\/www.vape4wholesale.com\/es\/wp-json\/wp\/v2\/product_cat?post=14494"},{"taxonomy":"product_tag","embeddable":true,"href":"https:\/\/www.vape4wholesale.com\/es\/wp-json\/wp\/v2\/product_tag?post=14494"}],"curies":[{"name":"wp","href":"https:\/\/api.w.org\/{rel}","templated":true}]}}