{"id":14427,"date":"2023-10-15T12:59:45","date_gmt":"2023-10-15T04:59:45","guid":{"rendered":"https:\/\/www.vape4wholesale.com\/?post_type=product&#038;p=14427"},"modified":"2026-01-26T13:42:05","modified_gmt":"2026-01-26T13:42:05","slug":"geek-bar-meloso-max-9000-vape-desechable-al-por-mayor","status":"publish","type":"product","link":"https:\/\/www.vape4wholesale.com\/es\/product\/geek-bar-meloso-max-9000-disposable-vape-wholesale","title":{"rendered":"Geek Bar Meloso Max 9000 Vape desechable al por mayor"},"content":{"rendered":"<p><span style=\"font-weight: 400\">El Geek Bar Meloso Max es un vapeador desechable de doble bobina de malla dise\u00f1ado para 9000 caladas que ofrece a los usuarios una experiencia de vapeo suave, melosa y sedosa, recargable y con una duraci\u00f3n de hasta 9000 caladas. En la parte inferior hay una palanca de flujo de aire ajustable y dos luces LED que indican la duraci\u00f3n de la bater\u00eda y el nivel de e-l\u00edquido.<br \/>\n<\/span><\/p>\n<h2>Geek Bar Meloso Max 9000 Caracter\u00edsticas<\/h2>\n<ul>\n<li>5% nicotina en peso (50mg\/mL)<\/li>\n<li>9000 Puffs<\/li>\n<li>Elaborado con zumo electr\u00f3nico de nic salado<\/li>\n<li>Precargado y prellenado<\/li>\n<li>Fabricado en China<\/li>\n<li>Bobina de malla doble<\/li>\n<li>Flujo de aire ajustable en la parte inferior<\/li>\n<li>Indicador de E-l\u00edquido: Rojo &lt;15%, Amarillo 15-50%, Verde 50-100%<\/li>\n<li>Indicador de bater\u00eda: Rojo &lt;20%, Azul 20-50%, Verde 50-100%<\/li>\n<\/ul>\n<h2>Flaovrs<\/h2>\n<ol>\n<li>Amanecer de manzana<\/li>\n<li>Tr\u00edo de bayas lce<\/li>\n<li>Claro<\/li>\n<li>Batido de coco<\/li>\n<li>Hielo de caf\u00e9 colombiano<\/li>\n<li>Menta fresca<\/li>\n<li>Hielo de mel\u00f3n Fuji<\/li>\n<li>Ginger Ale<\/li>\n<li>Monstruo verde<\/li>\n<li>Meta Luna<\/li>\n<li>M\u00e9xico Mango<\/li>\n<li>Nectarina<\/li>\n<li>Melocot\u00f3n helado<\/li>\n<li>Purple Haze<\/li>\n<li>Hielo de manzana \u00e1cida<\/li>\n<li>Congelaci\u00f3n de la piedra<\/li>\n<li>Fresa helada<\/li>\n<li>Fresa Mango<\/li>\n<li>Sand\u00eda con fresa<\/li>\n<li>Tropical Rainbow Blast<\/li>\n<li>Hielo de sand\u00eda<\/li>\n<\/ol>\n<p><img loading=\"lazy\" decoding=\"async\" class=\"alignnone size-full wp-image-14437\" title=\"Geek Bar Meloso Max Vape desechable resumen\" src=\"https:\/\/www.vape4wholesale.com\/wp-content\/uploads\/2023\/10\/Geek-Bar-Meloso-Max-Disposable-Vape-overview.jpg\" alt=\"Geek Bar Meloso Max Vape desechable resumen\" width=\"800\" height=\"800\" srcset=\"https:\/\/www.vape4wholesale.com\/wp-content\/uploads\/2023\/10\/Geek-Bar-Meloso-Max-Disposable-Vape-overview.jpg 800w, https:\/\/www.vape4wholesale.com\/wp-content\/uploads\/2023\/10\/Geek-Bar-Meloso-Max-Disposable-Vape-overview-247x247.jpg 247w, https:\/\/www.vape4wholesale.com\/wp-content\/uploads\/2023\/10\/Geek-Bar-Meloso-Max-Disposable-Vape-overview-100x100.jpg 100w, https:\/\/www.vape4wholesale.com\/wp-content\/uploads\/2023\/10\/Geek-Bar-Meloso-Max-Disposable-Vape-overview-510x510.jpg 510w, https:\/\/www.vape4wholesale.com\/wp-content\/uploads\/2023\/10\/Geek-Bar-Meloso-Max-Disposable-Vape-overview-64x64.jpg 64w, https:\/\/www.vape4wholesale.com\/wp-content\/uploads\/2023\/10\/Geek-Bar-Meloso-Max-Disposable-Vape-overview-300x300.jpg 300w, https:\/\/www.vape4wholesale.com\/wp-content\/uploads\/2023\/10\/Geek-Bar-Meloso-Max-Disposable-Vape-overview-150x150.jpg 150w, https:\/\/www.vape4wholesale.com\/wp-content\/uploads\/2023\/10\/Geek-Bar-Meloso-Max-Disposable-Vape-overview-768x768.jpg 768w\" sizes=\"auto, (max-width: 800px) 100vw, 800px\" \/><\/p>","protected":false},"excerpt":{"rendered":"[scf-template id=&#8217;11434&#8242;]\n","protected":false},"featured_media":14437,"comment_status":"open","ping_status":"closed","template":"","meta":[],"pwb-brand":[1282],"product_cat":[870],"product_tag":[22,24,68,177,336],"class_list":{"0":"post-14427","1":"product","2":"type-product","3":"status-publish","4":"has-post-thumbnail","6":"pwb-brand-geekbar","7":"product_cat-8000-10000-puffs","8":"product_tag-disposable","9":"product_tag-wholesale","10":"product_tag-geek-bar","11":"product_tag-14-0ml","12":"product_tag-9000-puffs","14":"first","15":"outofstock","16":"shipping-taxable","17":"purchasable","18":"product-type-variable"},"aioseo_notices":[],"brands":[{"id":1282,"name":"Geekbar","slug":"geekbar"}],"_links":{"self":[{"href":"https:\/\/www.vape4wholesale.com\/es\/wp-json\/wp\/v2\/product\/14427","targetHints":{"allow":["GET"]}}],"collection":[{"href":"https:\/\/www.vape4wholesale.com\/es\/wp-json\/wp\/v2\/product"}],"about":[{"href":"https:\/\/www.vape4wholesale.com\/es\/wp-json\/wp\/v2\/types\/product"}],"replies":[{"embeddable":true,"href":"https:\/\/www.vape4wholesale.com\/es\/wp-json\/wp\/v2\/comments?post=14427"}],"wp:featuredmedia":[{"embeddable":true,"href":"https:\/\/www.vape4wholesale.com\/es\/wp-json\/wp\/v2\/media\/14437"}],"wp:attachment":[{"href":"https:\/\/www.vape4wholesale.com\/es\/wp-json\/wp\/v2\/media?parent=14427"}],"wp:term":[{"taxonomy":"pwb-brand","embeddable":true,"href":"https:\/\/www.vape4wholesale.com\/es\/wp-json\/wp\/v2\/pwb-brand?post=14427"},{"taxonomy":"product_cat","embeddable":true,"href":"https:\/\/www.vape4wholesale.com\/es\/wp-json\/wp\/v2\/product_cat?post=14427"},{"taxonomy":"product_tag","embeddable":true,"href":"https:\/\/www.vape4wholesale.com\/es\/wp-json\/wp\/v2\/product_tag?post=14427"}],"curies":[{"name":"wp","href":"https:\/\/api.w.org\/{rel}","templated":true}]}}