{"id":14377,"date":"2023-10-15T10:47:18","date_gmt":"2023-10-15T02:47:18","guid":{"rendered":"https:\/\/www.vape4wholesale.com\/?post_type=product&#038;p=14377"},"modified":"2026-01-26T13:42:14","modified_gmt":"2026-01-26T13:42:14","slug":"geek-bar-b5000-vape-desechable-al-por-mayor","status":"publish","type":"product","link":"https:\/\/www.vape4wholesale.com\/es\/product\/geek-bar-b5000-disposable-vape-wholesale","title":{"rendered":"Geek Bar B5000 Vape desechable al por mayor"},"content":{"rendered":"<p>El Geek Bar B5000 es un vapeador desechable de bonito dise\u00f1o, construido con bobina de malla, y con 14ml de eliquid de nocotina 5%, tambi\u00e9n con bater\u00eda recargable de 650mah. \u00a1El Geek Bar B5000 Puffs Desechable 10-Pack! Este nuevo e innovador vapeador desechable es perfecto para que los usuarios lo disfruten sobre la marcha gracias a su dise\u00f1o compacto, a la vez que proporciona a los usuarios hasta 5000 Puffs de Nicotina 5%. El Vape Desechable B5000 Puffs no s\u00f3lo hace que sea f\u00e1cil para los usuarios disfrutar sobre la marcha. Su bater\u00eda recargable de 650mAh y su capacidad de 14mL de E-l\u00edquido pre-llenado hacen posible que los usuarios disfruten de una experiencia de vapeo potente y m\u00e1s duradera. \u00a1Pruebe la variedad de sabores disponibles para el Geek Bar B5000 Puffs Desechables 10-Pack al mejor precio!<\/p>\n<h2><strong>Geek Bar B5000 Sabores<\/strong><\/h2>\n<p>Manzana Fruta del drag\u00f3n<br \/>\nManzana Melocot\u00f3n<br \/>\nTr\u00edo de Hielo con Bayas<br \/>\nHielo Razz Azul<br \/>\nLimonada Blue Razz<br \/>\nHielo de bayas del bosque<br \/>\nHielo de mel\u00f3n Fuji<br \/>\nGeekbull Drink Ice<br \/>\nKiwi lim\u00f3n dorado<br \/>\nHielo de uva<br \/>\nHielo de guayaba<br \/>\nHelado de melocot\u00f3n jugoso<br \/>\nKiwi Maracuy\u00e1<br \/>\nT\u00e9 helado de lim\u00f3n<br \/>\nMamba Hielo<br \/>\nMenta<br \/>\nMelocot\u00f3n Mango Guayaba<br \/>\nSand\u00eda con frambuesa<br \/>\nHielo de manzana \u00e1cida<br \/>\nHielo de fresa y pl\u00e1tano<br \/>\nFresa Kiwi Ice<br \/>\nHelado de fresa y mango<br \/>\nChicle de fresa y sand\u00eda<br \/>\nTabaco<br \/>\nTropical Rainbow Blast<br \/>\nChicle de sand\u00eda<br \/>\nSand\u00eda Cereza<br \/>\nHielo de sand\u00eda<br \/>\nSand\u00eda Fresa Coco<br \/>\nGominolas blancas<\/p>\n<h2><strong>Caracter\u00edsticas:<\/strong><\/h2>\n<ul>\n<li>E-l\u00edquido precargado de 14mL de capacidad<\/li>\n<li>5% Nicotina<\/li>\n<li>Bater\u00eda recargable de 650 mAh<\/li>\n<li>Puerto de carga Tipo-C<\/li>\n<li>Bobina de malla<\/li>\n<li>Mecanismo de activaci\u00f3n del sorteo\n<div data-content-type=\"row\" data-appearance=\"contained\" data-element=\"main\">\n<div data-enable-parallax=\"0\" data-parallax-speed=\"0.5\" data-background-images=\"{}\" data-background-type=\"image\" data-video-loop=\"true\" data-video-play-only-visible=\"true\" data-video-lazy-load=\"true\" data-video-fallback-src=\"\" data-element=\"inner\" data-pb-style=\"UQBNVED\"><\/div>\n<\/div>\n<\/li>\n<\/ul>\n<p><img loading=\"lazy\" decoding=\"async\" class=\"alignnone size-full wp-image-14380\" title=\"Geek Bar B5000 Caja Mayorista de Vape Desechable\" src=\"https:\/\/www.vape4wholesale.com\/wp-content\/uploads\/2023\/10\/Geek-Bar-B5000-Disposable-Vape-Wholesale-Box.jpg\" alt=\"Geek Bar B5000 Caja Mayorista de Vape Desechable\" width=\"600\" height=\"600\" srcset=\"https:\/\/www.vape4wholesale.com\/wp-content\/uploads\/2023\/10\/Geek-Bar-B5000-Disposable-Vape-Wholesale-Box.jpg 600w, https:\/\/www.vape4wholesale.com\/wp-content\/uploads\/2023\/10\/Geek-Bar-B5000-Disposable-Vape-Wholesale-Box-247x247.jpg 247w, https:\/\/www.vape4wholesale.com\/wp-content\/uploads\/2023\/10\/Geek-Bar-B5000-Disposable-Vape-Wholesale-Box-100x100.jpg 100w, https:\/\/www.vape4wholesale.com\/wp-content\/uploads\/2023\/10\/Geek-Bar-B5000-Disposable-Vape-Wholesale-Box-510x510.jpg 510w, https:\/\/www.vape4wholesale.com\/wp-content\/uploads\/2023\/10\/Geek-Bar-B5000-Disposable-Vape-Wholesale-Box-64x64.jpg 64w, https:\/\/www.vape4wholesale.com\/wp-content\/uploads\/2023\/10\/Geek-Bar-B5000-Disposable-Vape-Wholesale-Box-300x300.jpg 300w, https:\/\/www.vape4wholesale.com\/wp-content\/uploads\/2023\/10\/Geek-Bar-B5000-Disposable-Vape-Wholesale-Box-150x150.jpg 150w\" sizes=\"auto, (max-width: 600px) 100vw, 600px\" \/> <img loading=\"lazy\" decoding=\"async\" class=\"alignnone size-full wp-image-14381\" title=\"Geek Bar B5000 Vape Desechable Contenido al por mayor\" src=\"https:\/\/www.vape4wholesale.com\/wp-content\/uploads\/2023\/10\/Geek-Bar-B5000-Disposable-Vape-Wholesale-Contents.jpg\" alt=\"Geek Bar B5000 Vape Desechable Contenido al por mayor\" width=\"600\" height=\"600\" srcset=\"https:\/\/www.vape4wholesale.com\/wp-content\/uploads\/2023\/10\/Geek-Bar-B5000-Disposable-Vape-Wholesale-Contents.jpg 600w, https:\/\/www.vape4wholesale.com\/wp-content\/uploads\/2023\/10\/Geek-Bar-B5000-Disposable-Vape-Wholesale-Contents-247x247.jpg 247w, https:\/\/www.vape4wholesale.com\/wp-content\/uploads\/2023\/10\/Geek-Bar-B5000-Disposable-Vape-Wholesale-Contents-100x100.jpg 100w, https:\/\/www.vape4wholesale.com\/wp-content\/uploads\/2023\/10\/Geek-Bar-B5000-Disposable-Vape-Wholesale-Contents-510x510.jpg 510w, https:\/\/www.vape4wholesale.com\/wp-content\/uploads\/2023\/10\/Geek-Bar-B5000-Disposable-Vape-Wholesale-Contents-64x64.jpg 64w, https:\/\/www.vape4wholesale.com\/wp-content\/uploads\/2023\/10\/Geek-Bar-B5000-Disposable-Vape-Wholesale-Contents-300x300.jpg 300w, https:\/\/www.vape4wholesale.com\/wp-content\/uploads\/2023\/10\/Geek-Bar-B5000-Disposable-Vape-Wholesale-Contents-150x150.jpg 150w\" sizes=\"auto, (max-width: 600px) 100vw, 600px\" \/> <img loading=\"lazy\" decoding=\"async\" class=\"alignnone size-full wp-image-14379\" title=\"Geek Bar B5000 Vape desechable al por mayor Blue Razz Lemonade\" src=\"https:\/\/www.vape4wholesale.com\/wp-content\/uploads\/2023\/10\/Geek-Bar-B5000-Disposable-Vape-Wholesale-Blue-Razz-Lemonade.jpg\" alt=\"Geek Bar B5000 Vape desechable al por mayor Blue Razz Lemonade\" width=\"600\" height=\"600\" srcset=\"https:\/\/www.vape4wholesale.com\/wp-content\/uploads\/2023\/10\/Geek-Bar-B5000-Disposable-Vape-Wholesale-Blue-Razz-Lemonade.jpg 600w, https:\/\/www.vape4wholesale.com\/wp-content\/uploads\/2023\/10\/Geek-Bar-B5000-Disposable-Vape-Wholesale-Blue-Razz-Lemonade-247x247.jpg 247w, https:\/\/www.vape4wholesale.com\/wp-content\/uploads\/2023\/10\/Geek-Bar-B5000-Disposable-Vape-Wholesale-Blue-Razz-Lemonade-100x100.jpg 100w, https:\/\/www.vape4wholesale.com\/wp-content\/uploads\/2023\/10\/Geek-Bar-B5000-Disposable-Vape-Wholesale-Blue-Razz-Lemonade-510x510.jpg 510w, https:\/\/www.vape4wholesale.com\/wp-content\/uploads\/2023\/10\/Geek-Bar-B5000-Disposable-Vape-Wholesale-Blue-Razz-Lemonade-64x64.jpg 64w, https:\/\/www.vape4wholesale.com\/wp-content\/uploads\/2023\/10\/Geek-Bar-B5000-Disposable-Vape-Wholesale-Blue-Razz-Lemonade-300x300.jpg 300w, https:\/\/www.vape4wholesale.com\/wp-content\/uploads\/2023\/10\/Geek-Bar-B5000-Disposable-Vape-Wholesale-Blue-Razz-Lemonade-150x150.jpg 150w\" sizes=\"auto, (max-width: 600px) 100vw, 600px\" \/><\/p>","protected":false},"excerpt":{"rendered":"[scf-template id=&#8217;11434&#8242;]\n","protected":false},"featured_media":14428,"comment_status":"open","ping_status":"closed","template":"","meta":[],"pwb-brand":[1282],"product_cat":[869],"product_tag":[22,24,68,177,189],"class_list":{"0":"post-14377","1":"product","2":"type-product","3":"status-publish","4":"has-post-thumbnail","6":"pwb-brand-geekbar","7":"product_cat-5000-8000-puffs","8":"product_tag-disposable","9":"product_tag-wholesale","10":"product_tag-geek-bar","11":"product_tag-14-0ml","12":"product_tag-5000-puffs","14":"first","15":"outofstock","16":"shipping-taxable","17":"purchasable","18":"product-type-variable"},"aioseo_notices":[],"brands":[{"id":1282,"name":"Geekbar","slug":"geekbar"}],"_links":{"self":[{"href":"https:\/\/www.vape4wholesale.com\/es\/wp-json\/wp\/v2\/product\/14377","targetHints":{"allow":["GET"]}}],"collection":[{"href":"https:\/\/www.vape4wholesale.com\/es\/wp-json\/wp\/v2\/product"}],"about":[{"href":"https:\/\/www.vape4wholesale.com\/es\/wp-json\/wp\/v2\/types\/product"}],"replies":[{"embeddable":true,"href":"https:\/\/www.vape4wholesale.com\/es\/wp-json\/wp\/v2\/comments?post=14377"}],"wp:featuredmedia":[{"embeddable":true,"href":"https:\/\/www.vape4wholesale.com\/es\/wp-json\/wp\/v2\/media\/14428"}],"wp:attachment":[{"href":"https:\/\/www.vape4wholesale.com\/es\/wp-json\/wp\/v2\/media?parent=14377"}],"wp:term":[{"taxonomy":"pwb-brand","embeddable":true,"href":"https:\/\/www.vape4wholesale.com\/es\/wp-json\/wp\/v2\/pwb-brand?post=14377"},{"taxonomy":"product_cat","embeddable":true,"href":"https:\/\/www.vape4wholesale.com\/es\/wp-json\/wp\/v2\/product_cat?post=14377"},{"taxonomy":"product_tag","embeddable":true,"href":"https:\/\/www.vape4wholesale.com\/es\/wp-json\/wp\/v2\/product_tag?post=14377"}],"curies":[{"name":"wp","href":"https:\/\/api.w.org\/{rel}","templated":true}]}}