{"id":14303,"date":"2025-07-05T09:39:15","date_gmt":"2025-07-05T09:39:15","guid":{"rendered":"https:\/\/www.vape4wholesale.com\/?post_type=product&#038;p=14303"},"modified":"2026-03-30T11:13:04","modified_gmt":"2026-03-30T03:13:04","slug":"fumot-digital-box-12000-vape-desechable-al-por-mayor","status":"publish","type":"product","link":"https:\/\/www.vape4wholesale.com\/es\/product\/fumot-digital-box-12000-disposable-vape-wholesale","title":{"rendered":"Fumot Digital Box 12000 Vape desechable al por mayor"},"content":{"rendered":"<p>el Fumot Digital Box 12000 es un dispositivo de vapeo con bater\u00eda y pantalla de nivel de ejuice y es recargable. Contiene 20ml de e-jugo de sal de nicotina 0\/2\/3\/5% y puede vapear hasta 12000 caladas. Hay 12 sabores para elegir. La bater\u00eda y la pantalla de e-l\u00edquido le permiten realizar un seguimiento del estado en tiempo real del dispositivo, adem\u00e1s de que viene con un puerto recargable Tipo-C en la parte inferior del dispositivo, lo que garantiza que termine hasta la \u00faltima gota del e-l\u00edquido en el tanque todo el tiempo.<\/p>\n<p>Cada Digital Box 12000 Vape Pod desechable est\u00e1 precargado con 20 ml, que pueden durar hasta 12000 caladas. Este dispositivo de vapeo tiene una bater\u00eda recargable de 850mAh incorporada y un puerto de carga Tipo-C en la parte inferior. Muestra 6 luces RGB cuando vaping, que te hace tan fresco en la oscuridad. El interruptor de control de flujo de aire se puede encender y apagar libremente, para que pueda controlar el tama\u00f1o del humo a su gusto.<\/p>\n<h2><b data-stringify-type=\"bold\">Fumot Digital Box 12000 Vape Desechable Caracter\u00edsticas:<\/b><\/h2>\n<ul>\n<li>Marca: Fumot<\/li>\n<li>Tipo: Caja digital<\/li>\n<li>Puffs: 12000 Puffs<\/li>\n<li>Nicotina: 0, 2%, 3%, 5%<\/li>\n<li>Mostrar: L\u00edquido electr\u00f3nico y bater\u00eda<\/li>\n<li>Capacidad del e-jugo: 20ML<\/li>\n<li>Bater\u00eda: 850mAh ( recargable )<\/li>\n<li>Puerto de carga: Tipo C<\/li>\n<\/ul>\n<h2><b data-stringify-type=\"bold\">Sabores disponibles:<\/b><\/h2>\n<p>1 Menta fresca<br \/>\n2 Hielo de sand\u00eda<br \/>\n3 Uva Ice<br \/>\n4 Ar\u00e1ndano Frambuesa<br \/>\n5 Sand\u00eda con fresa<br \/>\n6 Fresa Pl\u00e1tano<br \/>\n7 Hielo exuberante<br \/>\n8 Cereza<br \/>\n9 Fresa Helada<br \/>\n10 Helados<br \/>\n11 Limonada rosa<br \/>\n12 Mango con hielo<br \/>\n13 Mezcla de bayas<br \/>\n14 Donut de fresa<br \/>\n15 Fresa Uva<br \/>\n16 Cereza Cola<br \/>\n17 Dr. azul<br \/>\n18 Ar\u00e1ndanos con hielo<br \/>\n19 Kiwi fruta de la pasi\u00f3n guayaba<br \/>\n20 Fresa kiwi<br \/>\n21 Melocot\u00f3n mango<br \/>\n22 Melocot\u00f3n helado<br \/>\n23 Manzana roja helada<br \/>\n24 Chicle de ar\u00e1ndanos<br \/>\n25 Limonada de bayas<br \/>\n26 Limonada Blue razz<br \/>\n27 Frambuesa azul<br \/>\n28 Fresa Toro rojo<br \/>\n29 Explosi\u00f3n de manzana y bayas<br \/>\n30 Chicle de sand\u00eda<br \/>\n31 Sand\u00eda frambuesa<br \/>\n32 Hielo negro<br \/>\n33 Ar\u00e1ndano cereza ar\u00e1ndano<br \/>\n34 Pompa de fresa (granada)<br \/>\n35 Vimto<br \/>\n36 Cereza baya<br \/>\n37 Lim\u00f3n y lima<br \/>\n38 Bingo Crush<br \/>\n39 Ar\u00e1ndano kiwi<br \/>\n40 Manzana Canela<br \/>\n41 Hielo de pl\u00e1tano<br \/>\n42 Fruta del drag\u00f3n helada<br \/>\n43 Fusi\u00f3n de frutas<br \/>\n44 Uva Menta<br \/>\n45 Amor 66<br \/>\n46 Pi\u00f1a helada<br \/>\n47 Red Energy Ice<br \/>\n48 Dos Manzanas<br \/>\n49 Tabaco<br \/>\n50 Cola lce<br \/>\n51 lceT\u00e9 Lim\u00f3n lce<br \/>\n52 lceTea Melocot\u00f3n lce<br \/>\n53 Osito de gominola Blue Razz<\/p>\n<h2><strong>Embalaje y peso:<\/strong><\/h2>\n<ul>\n<li>0,095 KG\/PCS, individual con envase peque\u00f1o<\/li>\n<li>10 unidades en caja mediana<\/li>\n<li>200 unidades en caja master<\/li>\n<\/ul>\n<figure id=\"attachment_26804\" aria-describedby=\"caption-attachment-26804\" style=\"width: 800px\" class=\"wp-caption alignnone\"><img loading=\"lazy\" decoding=\"async\" class=\"size-full wp-image-26804\" title=\"Fumot Digital 12000 Vape Desechable Ice Pop al por mayor\" src=\"https:\/\/www.vape4wholesale.com\/wp-content\/uploads\/2023\/10\/Fumot-Digital-12000-Disposable-Vape-Wholesale-Ice-Pop-1.jpg\" alt=\"Fumot Digital 12000 Vape Desechable Ice Pop al por mayor\" width=\"800\" height=\"800\" srcset=\"https:\/\/www.vape4wholesale.com\/wp-content\/uploads\/2023\/10\/Fumot-Digital-12000-Disposable-Vape-Wholesale-Ice-Pop-1.jpg 800w, https:\/\/www.vape4wholesale.com\/wp-content\/uploads\/2023\/10\/Fumot-Digital-12000-Disposable-Vape-Wholesale-Ice-Pop-1-300x300.jpg 300w, https:\/\/www.vape4wholesale.com\/wp-content\/uploads\/2023\/10\/Fumot-Digital-12000-Disposable-Vape-Wholesale-Ice-Pop-1-150x150.jpg 150w, https:\/\/www.vape4wholesale.com\/wp-content\/uploads\/2023\/10\/Fumot-Digital-12000-Disposable-Vape-Wholesale-Ice-Pop-1-768x768.jpg 768w, https:\/\/www.vape4wholesale.com\/wp-content\/uploads\/2023\/10\/Fumot-Digital-12000-Disposable-Vape-Wholesale-Ice-Pop-1-12x12.jpg 12w, https:\/\/www.vape4wholesale.com\/wp-content\/uploads\/2023\/10\/Fumot-Digital-12000-Disposable-Vape-Wholesale-Ice-Pop-1-247x247.jpg 247w, https:\/\/www.vape4wholesale.com\/wp-content\/uploads\/2023\/10\/Fumot-Digital-12000-Disposable-Vape-Wholesale-Ice-Pop-1-510x510.jpg 510w, https:\/\/www.vape4wholesale.com\/wp-content\/uploads\/2023\/10\/Fumot-Digital-12000-Disposable-Vape-Wholesale-Ice-Pop-1-100x100.jpg 100w\" sizes=\"auto, (max-width: 800px) 100vw, 800px\" \/><figcaption id=\"caption-attachment-26804\" class=\"wp-caption-text\">Fumot Digital 12000 Vape desechable al por mayor<\/figcaption><\/figure>\n<h2>\u00bfPOR QU\u00c9 NOSOTROS?<\/h2>\r\n<ul>\r\n<li>Fuente de vape real, fiable y profesional.<\/li>\r\n<li>100% Garant\u00eda de autenticidad: S\u00f3lo proporcionamos productos originales y genuinos, rechazamos la falsificaci\u00f3n.<\/li>\r\n<li>100% Garant\u00eda de entrega: Utilizamos el mejor m\u00e9todo de env\u00edo para asegurarnos de que recibes el pedido 100%.<\/li>\r\n<li>Le daremos el n\u00famero de seguimiento y la etiqueta de env\u00edo despu\u00e9s del env\u00edo, y realizaremos el seguimiento de la mercanc\u00eda por usted hasta que la firme.<\/li>\r\n<li>Sin problemas aduaneros ni aranceles<\/li>\r\n<\/ul>","protected":false},"excerpt":{"rendered":"<div class=\"wsppc_div_block woocommerce_before_add_to_cart_form\">\r\n<p><strong><span style=\"color: #00a859;\">Pasar por la aduana<\/span> antes de la entrega y 100% Garant\u00eda de entrega, Entrega en 19~25 d\u00edas aproximadamente.\u00a0<\/strong><\/p>\r\n<\/div>","protected":false},"featured_media":26804,"comment_status":"open","ping_status":"closed","template":"","meta":[],"pwb-brand":[1269],"product_cat":[871],"product_tag":[22,24,172,556,592],"class_list":{"0":"post-14303","1":"product","2":"type-product","3":"status-publish","4":"has-post-thumbnail","6":"pwb-brand-fumot","7":"product_cat-10-15k-puffs","8":"product_tag-disposable","9":"product_tag-wholesale","10":"product_tag-20-0ml","11":"product_tag-12000-puffs","12":"product_tag-fumot","13":"wcpa_has_options","15":"first","16":"instock","17":"featured","18":"shipping-taxable","19":"purchasable","20":"product-type-variable"},"aioseo_notices":[],"brands":[{"id":1269,"name":"Fumot","slug":"fumot"}],"_links":{"self":[{"href":"https:\/\/www.vape4wholesale.com\/es\/wp-json\/wp\/v2\/product\/14303","targetHints":{"allow":["GET"]}}],"collection":[{"href":"https:\/\/www.vape4wholesale.com\/es\/wp-json\/wp\/v2\/product"}],"about":[{"href":"https:\/\/www.vape4wholesale.com\/es\/wp-json\/wp\/v2\/types\/product"}],"replies":[{"embeddable":true,"href":"https:\/\/www.vape4wholesale.com\/es\/wp-json\/wp\/v2\/comments?post=14303"}],"wp:featuredmedia":[{"embeddable":true,"href":"https:\/\/www.vape4wholesale.com\/es\/wp-json\/wp\/v2\/media\/26804"}],"wp:attachment":[{"href":"https:\/\/www.vape4wholesale.com\/es\/wp-json\/wp\/v2\/media?parent=14303"}],"wp:term":[{"taxonomy":"pwb-brand","embeddable":true,"href":"https:\/\/www.vape4wholesale.com\/es\/wp-json\/wp\/v2\/pwb-brand?post=14303"},{"taxonomy":"product_cat","embeddable":true,"href":"https:\/\/www.vape4wholesale.com\/es\/wp-json\/wp\/v2\/product_cat?post=14303"},{"taxonomy":"product_tag","embeddable":true,"href":"https:\/\/www.vape4wholesale.com\/es\/wp-json\/wp\/v2\/product_tag?post=14303"}],"curies":[{"name":"wp","href":"https:\/\/api.w.org\/{rel}","templated":true}]}}