{"id":14260,"date":"2023-09-26T16:11:57","date_gmt":"2023-09-26T08:11:57","guid":{"rendered":"https:\/\/www.vape4wholesale.com\/?post_type=product&#038;p=14260"},"modified":"2026-03-28T00:26:24","modified_gmt":"2026-03-27T16:26:24","slug":"poco-bl10000-vape-desechable-al-por-mayor","status":"publish","type":"product","link":"https:\/\/www.vape4wholesale.com\/es\/product\/poco-bl10000-disposable-vape-wholesale","title":{"rendered":"Poco BL10000 Vape desechable al por mayor"},"content":{"rendered":"<p>POCO BL10000 Vape desechable es la elecci\u00f3n perfecta que est\u00e1n buscando para introducir un Nic Salt Vape pluma desechable a su gama de productos.y este revolucionario dispositivo viene pre-llenado con e-l\u00edquido de gama alta, est\u00e1 construido con una bobina de malla, y tiene una capacidad de 10000 caladas. Con su bater\u00eda recargable y puerto de carga de tipo C, usted puede conseguir f\u00e1cilmente en marcha sin importar d\u00f3nde se encuentre. por otra parte, ofrece flujo de aire ajustable para que pueda elegir entre caladas m\u00e1s suaves o m\u00e1s apretados para la personalizaci\u00f3n final.<\/p>\n<p>El POCO BL10000 Vape Box ofrece un impresionante conjunto de caracter\u00edsticas que lo hacen destacar entre la multitud, su potente bater\u00eda de 650 mAh garantiza un uso de larga duraci\u00f3n y su concentraci\u00f3n de nicotina sal 5% significa que es adecuado para vapers experimentados que quieren un gran golpe de garganta en cada calada, cada caja viene impresionantemente empaquetada en 10 piezas por expositor, haci\u00e9ndolos ideales para la venta al por menor tambi\u00e9n.<\/p>\n<h2><strong>POCO BL10000 Lista de sabores:<\/strong><\/h2>\n<ol>\n<li>Mango Naranja Pomelo<\/li>\n<li>Caramelo blando de melocot\u00f3n y mora<\/li>\n<li>Menta fresca<\/li>\n<li>Aloe Uva<\/li>\n<li>Fresa Mango<\/li>\n<li>Fruta de la pasi\u00f3n Kiwi Guayaba<\/li>\n<li>Sand\u00eda con fresa<\/li>\n<li>Manzana Melocot\u00f3n<\/li>\n<li>Buleberry Frambuesa<\/li>\n<li>Gaseosa de uva y grosella negra<\/li>\n<li>Fresa Kiwi<\/li>\n<li>Cola de ar\u00e1ndanos y cerezas<\/li>\n<li>Black ice fruta del drag\u00f3n fresa<\/li>\n<li>Sand\u00eda con frambuesa<\/li>\n<li>Fresa pl\u00e1tano<\/li>\n<\/ol>\n<h2><strong>Peso y embalaje<\/strong><\/h2>\n<p>200\/ Caja, 18,5kg<\/p>\n<p><img loading=\"lazy\" decoding=\"async\" class=\"alignnone size-full wp-image-14285\" title=\"POCO BL10000 Vape desechable al por mayor (7)\" src=\"https:\/\/www.vape4wholesale.com\/wp-content\/uploads\/2023\/09\/POCO-BL10000-Disposable-Vape-Wholesale-7.webp\" alt=\"POCO BL10000 Vape desechable al por mayor (7)\" width=\"730\" height=\"730\" srcset=\"https:\/\/www.vape4wholesale.com\/wp-content\/uploads\/2023\/09\/POCO-BL10000-Disposable-Vape-Wholesale-7.webp 730w, https:\/\/www.vape4wholesale.com\/wp-content\/uploads\/2023\/09\/POCO-BL10000-Disposable-Vape-Wholesale-7-247x247.webp 247w, https:\/\/www.vape4wholesale.com\/wp-content\/uploads\/2023\/09\/POCO-BL10000-Disposable-Vape-Wholesale-7-100x100.webp 100w, https:\/\/www.vape4wholesale.com\/wp-content\/uploads\/2023\/09\/POCO-BL10000-Disposable-Vape-Wholesale-7-510x510.webp 510w, https:\/\/www.vape4wholesale.com\/wp-content\/uploads\/2023\/09\/POCO-BL10000-Disposable-Vape-Wholesale-7-64x64.webp 64w, https:\/\/www.vape4wholesale.com\/wp-content\/uploads\/2023\/09\/POCO-BL10000-Disposable-Vape-Wholesale-7-300x300.webp 300w, https:\/\/www.vape4wholesale.com\/wp-content\/uploads\/2023\/09\/POCO-BL10000-Disposable-Vape-Wholesale-7-150x150.webp 150w\" sizes=\"auto, (max-width: 730px) 100vw, 730px\" \/><\/p>\n<p>&nbsp;<\/p>","protected":false},"excerpt":{"rendered":"[scf-template id=&#8217;11434&#8242;]\n","protected":false},"featured_media":14284,"comment_status":"open","ping_status":"closed","template":"","meta":[],"pwb-brand":[1289],"product_cat":[871],"product_tag":[24,172,324,586,22],"class_list":{"0":"post-14260","1":"product","2":"type-product","3":"status-publish","4":"has-post-thumbnail","6":"pwb-brand-others","7":"product_cat-10-15k-puffs","8":"product_tag-wholesale","9":"product_tag-20-0ml","10":"product_tag-10000-puffs","11":"product_tag-poco","12":"product_tag-disposable","13":"wcpa_has_options","15":"first","16":"outofstock","17":"shipping-taxable","18":"purchasable","19":"product-type-variable"},"aioseo_notices":[],"brands":[{"id":1289,"name":"Otros","slug":"otros"}],"_links":{"self":[{"href":"https:\/\/www.vape4wholesale.com\/es\/wp-json\/wp\/v2\/product\/14260","targetHints":{"allow":["GET"]}}],"collection":[{"href":"https:\/\/www.vape4wholesale.com\/es\/wp-json\/wp\/v2\/product"}],"about":[{"href":"https:\/\/www.vape4wholesale.com\/es\/wp-json\/wp\/v2\/types\/product"}],"replies":[{"embeddable":true,"href":"https:\/\/www.vape4wholesale.com\/es\/wp-json\/wp\/v2\/comments?post=14260"}],"wp:featuredmedia":[{"embeddable":true,"href":"https:\/\/www.vape4wholesale.com\/es\/wp-json\/wp\/v2\/media\/14284"}],"wp:attachment":[{"href":"https:\/\/www.vape4wholesale.com\/es\/wp-json\/wp\/v2\/media?parent=14260"}],"wp:term":[{"taxonomy":"pwb-brand","embeddable":true,"href":"https:\/\/www.vape4wholesale.com\/es\/wp-json\/wp\/v2\/pwb-brand?post=14260"},{"taxonomy":"product_cat","embeddable":true,"href":"https:\/\/www.vape4wholesale.com\/es\/wp-json\/wp\/v2\/product_cat?post=14260"},{"taxonomy":"product_tag","embeddable":true,"href":"https:\/\/www.vape4wholesale.com\/es\/wp-json\/wp\/v2\/product_tag?post=14260"}],"curies":[{"name":"wp","href":"https:\/\/api.w.org\/{rel}","templated":true}]}}