{"id":14213,"date":"2023-09-06T21:32:02","date_gmt":"2023-09-06T13:32:02","guid":{"rendered":"https:\/\/www.vape4wholesale.com\/?post_type=product&#038;p=14213"},"modified":"2026-01-26T13:42:22","modified_gmt":"2026-01-26T13:42:22","slug":"kulx-10000-puffs-vape-desechable-al-por-mayor","status":"publish","type":"product","link":"https:\/\/www.vape4wholesale.com\/es\/product\/kulx-10000-puffs-disposable-vape-wholesale","title":{"rendered":"Kulx 10000 Puffs Vape Desechable al por mayor"},"content":{"rendered":"<p><strong>Kulx 10000<\/strong>\u00a0Puffs Disposable es un dispositivo de vapeo potente y c\u00f3modo dise\u00f1ado para su uso durante todo el d\u00eda. El kit tiene una enorme capacidad de aspiraci\u00f3n de 10000 caladas para asegurarte que consumir\u00e1s recambios durante mucho tiempo. Disponible en altas concentraciones de nicotina de 0%, 2%, 3% y 5%, el kit proporciona una experiencia de vapeo satisfactoria. La capacidad de 20 ml de e-jugo le permite disfrutar de su sabor favorito durante mucho tiempo. Kulx 10000 utiliza el tipo de nicotina Nic Salt y est\u00e1 equipado con una bater\u00eda de 850mAh de capacidad para garantizar un uso duradero. Un cargador Tipo-C (no incluido) asegura una carga r\u00e1pida y f\u00e1cil.<\/p>\n<h2>Caracter\u00edsticas de Kulx 10000<\/h2>\n<ul>\n<li>Bater\u00eda integrada de 850 mAh<\/li>\n<li>Cargable<\/li>\n<li>Transferencia de potencia eficiente y constante<\/li>\n<li>L\u00edquido electr\u00f3nico precargado de 20 ml<\/li>\n<li>0% 2% 3% 5% Nivel de nicotina<\/li>\n<li>Satisfacer casi 10.000 bocas<\/li>\n<li>vainas de soja<\/li>\n<li>Lista de sabores<\/li>\n<\/ul>\n<h2>Lista de sabores<\/h2>\n<ol>\n<li>Hielo de ar\u00e1ndano y frambuesa<\/li>\n<li>Menta lim\u00f3n<\/li>\n<li>Manzana doble<\/li>\n<li>Hielo exuberante<\/li>\n<li>Mezcla de bayas<\/li>\n<li>Pi\u00f1a Mango hielo<\/li>\n<li>Fresa Kiwi<\/li>\n<li>Algod\u00f3n de az\u00facar<\/li>\n<li>Sand\u00eda con fresa<\/li>\n<li>Aloe Uva<\/li>\n<\/ol>\n<h2>Embalaje y peso<\/h2>\n<ul>\n<li>0,096\/ PC<\/li>\n<li>200\/Cart\u00f3n, 19,2\/Cart\u00f3n<\/li>\n<\/ul>\n<p><img loading=\"lazy\" decoding=\"async\" class=\"alignnone size-full wp-image-14231\" title=\"Kulx 10000 Puffs Vape Desechable al por mayor todos los sabores\" src=\"https:\/\/www.vape4wholesale.com\/wp-content\/uploads\/2023\/09\/Kulx-10000-Puffs-Disposable-Vape-Wholesale-all-Flavors.jpg\" alt=\"Kulx 10000 Puffs Vape Desechable al por mayor todos los sabores\" width=\"960\" height=\"960\" srcset=\"https:\/\/www.vape4wholesale.com\/wp-content\/uploads\/2023\/09\/Kulx-10000-Puffs-Disposable-Vape-Wholesale-all-Flavors.jpg 960w, https:\/\/www.vape4wholesale.com\/wp-content\/uploads\/2023\/09\/Kulx-10000-Puffs-Disposable-Vape-Wholesale-all-Flavors-247x247.jpg 247w, https:\/\/www.vape4wholesale.com\/wp-content\/uploads\/2023\/09\/Kulx-10000-Puffs-Disposable-Vape-Wholesale-all-Flavors-100x100.jpg 100w, https:\/\/www.vape4wholesale.com\/wp-content\/uploads\/2023\/09\/Kulx-10000-Puffs-Disposable-Vape-Wholesale-all-Flavors-510x510.jpg 510w, https:\/\/www.vape4wholesale.com\/wp-content\/uploads\/2023\/09\/Kulx-10000-Puffs-Disposable-Vape-Wholesale-all-Flavors-64x64.jpg 64w, https:\/\/www.vape4wholesale.com\/wp-content\/uploads\/2023\/09\/Kulx-10000-Puffs-Disposable-Vape-Wholesale-all-Flavors-300x300.jpg 300w, https:\/\/www.vape4wholesale.com\/wp-content\/uploads\/2023\/09\/Kulx-10000-Puffs-Disposable-Vape-Wholesale-all-Flavors-150x150.jpg 150w, https:\/\/www.vape4wholesale.com\/wp-content\/uploads\/2023\/09\/Kulx-10000-Puffs-Disposable-Vape-Wholesale-all-Flavors-768x768.jpg 768w\" sizes=\"auto, (max-width: 960px) 100vw, 960px\" \/> <img loading=\"lazy\" decoding=\"async\" class=\"alignnone size-full wp-image-14230\" title=\"Kulx 10000 Puffs Vape Desechable Mayorista Sand\u00eda Helada\" src=\"https:\/\/www.vape4wholesale.com\/wp-content\/uploads\/2023\/09\/Kulx-10000-Puffs-Disposable-Vape-Wholesale-Watermelon-Ice.jpg\" alt=\"Kulx 10000 Puffs Vape Desechable Mayorista Sand\u00eda Helada\" width=\"960\" height=\"960\" srcset=\"https:\/\/www.vape4wholesale.com\/wp-content\/uploads\/2023\/09\/Kulx-10000-Puffs-Disposable-Vape-Wholesale-Watermelon-Ice.jpg 960w, https:\/\/www.vape4wholesale.com\/wp-content\/uploads\/2023\/09\/Kulx-10000-Puffs-Disposable-Vape-Wholesale-Watermelon-Ice-247x247.jpg 247w, https:\/\/www.vape4wholesale.com\/wp-content\/uploads\/2023\/09\/Kulx-10000-Puffs-Disposable-Vape-Wholesale-Watermelon-Ice-100x100.jpg 100w, https:\/\/www.vape4wholesale.com\/wp-content\/uploads\/2023\/09\/Kulx-10000-Puffs-Disposable-Vape-Wholesale-Watermelon-Ice-510x510.jpg 510w, https:\/\/www.vape4wholesale.com\/wp-content\/uploads\/2023\/09\/Kulx-10000-Puffs-Disposable-Vape-Wholesale-Watermelon-Ice-64x64.jpg 64w, https:\/\/www.vape4wholesale.com\/wp-content\/uploads\/2023\/09\/Kulx-10000-Puffs-Disposable-Vape-Wholesale-Watermelon-Ice-300x300.jpg 300w, https:\/\/www.vape4wholesale.com\/wp-content\/uploads\/2023\/09\/Kulx-10000-Puffs-Disposable-Vape-Wholesale-Watermelon-Ice-150x150.jpg 150w, https:\/\/www.vape4wholesale.com\/wp-content\/uploads\/2023\/09\/Kulx-10000-Puffs-Disposable-Vape-Wholesale-Watermelon-Ice-768x768.jpg 768w\" sizes=\"auto, (max-width: 960px) 100vw, 960px\" \/><\/p>","protected":false},"excerpt":{"rendered":"[scf-template id=&#8217;11434&#8242;]\n","protected":false},"featured_media":14231,"comment_status":"open","ping_status":"closed","template":"","meta":[],"pwb-brand":[1289],"product_cat":[871],"product_tag":[22,24,172,324,576],"class_list":{"0":"post-14213","1":"product","2":"type-product","3":"status-publish","4":"has-post-thumbnail","6":"pwb-brand-others","7":"product_cat-10-15k-puffs","8":"product_tag-disposable","9":"product_tag-wholesale","10":"product_tag-20-0ml","11":"product_tag-10000-puffs","12":"product_tag-kulx","14":"first","15":"outofstock","16":"shipping-taxable","17":"purchasable","18":"product-type-variable"},"aioseo_notices":[],"brands":[{"id":1289,"name":"Otros","slug":"otros"}],"_links":{"self":[{"href":"https:\/\/www.vape4wholesale.com\/es\/wp-json\/wp\/v2\/product\/14213","targetHints":{"allow":["GET"]}}],"collection":[{"href":"https:\/\/www.vape4wholesale.com\/es\/wp-json\/wp\/v2\/product"}],"about":[{"href":"https:\/\/www.vape4wholesale.com\/es\/wp-json\/wp\/v2\/types\/product"}],"replies":[{"embeddable":true,"href":"https:\/\/www.vape4wholesale.com\/es\/wp-json\/wp\/v2\/comments?post=14213"}],"wp:featuredmedia":[{"embeddable":true,"href":"https:\/\/www.vape4wholesale.com\/es\/wp-json\/wp\/v2\/media\/14231"}],"wp:attachment":[{"href":"https:\/\/www.vape4wholesale.com\/es\/wp-json\/wp\/v2\/media?parent=14213"}],"wp:term":[{"taxonomy":"pwb-brand","embeddable":true,"href":"https:\/\/www.vape4wholesale.com\/es\/wp-json\/wp\/v2\/pwb-brand?post=14213"},{"taxonomy":"product_cat","embeddable":true,"href":"https:\/\/www.vape4wholesale.com\/es\/wp-json\/wp\/v2\/product_cat?post=14213"},{"taxonomy":"product_tag","embeddable":true,"href":"https:\/\/www.vape4wholesale.com\/es\/wp-json\/wp\/v2\/product_tag?post=14213"}],"curies":[{"name":"wp","href":"https:\/\/api.w.org\/{rel}","templated":true}]}}