{"id":14157,"date":"2023-08-20T17:17:06","date_gmt":"2023-08-20T09:17:06","guid":{"rendered":"https:\/\/www.vape4wholesale.com\/?post_type=product&#038;p=14157"},"modified":"2026-01-26T13:42:24","modified_gmt":"2026-01-26T13:42:24","slug":"elf-bar-pi9000-vape-desechable-al-por-mayor","status":"publish","type":"product","link":"https:\/\/www.vape4wholesale.com\/es\/product\/elf-bar-pi9000-disposable-vape-wholesale","title":{"rendered":"Elf Bar PI9000 Vape desechable al por mayor"},"content":{"rendered":"<p><b>Vapeador desechable Elf Bar Pi9000<\/b>\u00a0Tiene capacidad para 19 ml de e-l\u00edquido precargado, el sabor es refinado pero con garra a trav\u00e9s de una bobina de malla integrada, y un dise\u00f1o de 4%(40mg) de potencia de nicotina puede ofrecer un vapor m\u00e1s suave. La bater\u00eda recargable de 650mAh soporta hasta 9000 caladas. Su apariencia es similar a una mini almohada, y la punta de goteo transl\u00facida es beneficiosa para observar la condensaci\u00f3n. Equipado con un indicador de l\u00edquido y bater\u00eda, Pi9000 es amable para comprobar el estado del dispositivo, as\u00ed como para explorar sabores ligeros y suculentos.<\/p>\n<h2 class=\"second-title\"><strong>Elf Bar PI9000 Caracter\u00edsticas:<\/strong><\/h2>\n<ol>\n<li>Vape Juice precargado de 19 ml<\/li>\n<li>4%(40mg) Sal Nic<\/li>\n<li>Bater\u00eda recargable de 650 mAh<\/li>\n<li>Puerto USB-C<\/li>\n<li>Aproximadamente 9000 Puffs<\/li>\n<li>Bobina de malla<\/li>\n<li>Activado por dibujo<\/li>\n<li>Indicadores de l\u00edquido y bater\u00eda<\/li>\n<\/ol>\n<h2><strong>Lista de sabores:<\/strong><\/h2>\n<p>Frambuesa Fruta de la pasi\u00f3n Naranja<br \/>\nElfbull frambuesa<br \/>\nGranada<br \/>\nFrambuesa Berry<br \/>\nHielo de sand\u00eda<br \/>\nHelado de fresa<br \/>\nFresa helada<br \/>\nLim\u00f3n rosa<br \/>\nMelocot\u00f3n helado<br \/>\nMango<br \/>\nCasa de la Moneda de Lemont<br \/>\nManzana verde<br \/>\nUva Frambuesa<br \/>\nHielo de uva<br \/>\nElfbull Hielo<br \/>\nManzana doble<br \/>\nCrema de tabaco<br \/>\nCola Ice<br \/>\nHielo de ar\u00e1ndanos<br \/>\nHielo Razz Azul<\/p>\n<p><img loading=\"lazy\" decoding=\"async\" class=\"alignnone size-full wp-image-14162\" title=\"Elf Bar PI9000 Vape desechable Visi\u00f3n general al por mayor\" src=\"https:\/\/www.vape4wholesale.com\/wp-content\/uploads\/2023\/08\/Elf-Bar-PI9000-Disposable-Vape-Wholesale-overview.jpg\" alt=\"Elf Bar PI9000 Vape desechable Visi\u00f3n general al por mayor\" width=\"800\" height=\"800\" srcset=\"https:\/\/www.vape4wholesale.com\/wp-content\/uploads\/2023\/08\/Elf-Bar-PI9000-Disposable-Vape-Wholesale-overview.jpg 800w, https:\/\/www.vape4wholesale.com\/wp-content\/uploads\/2023\/08\/Elf-Bar-PI9000-Disposable-Vape-Wholesale-overview-247x247.jpg 247w, https:\/\/www.vape4wholesale.com\/wp-content\/uploads\/2023\/08\/Elf-Bar-PI9000-Disposable-Vape-Wholesale-overview-100x100.jpg 100w, https:\/\/www.vape4wholesale.com\/wp-content\/uploads\/2023\/08\/Elf-Bar-PI9000-Disposable-Vape-Wholesale-overview-510x510.jpg 510w, https:\/\/www.vape4wholesale.com\/wp-content\/uploads\/2023\/08\/Elf-Bar-PI9000-Disposable-Vape-Wholesale-overview-64x64.jpg 64w, https:\/\/www.vape4wholesale.com\/wp-content\/uploads\/2023\/08\/Elf-Bar-PI9000-Disposable-Vape-Wholesale-overview-300x300.jpg 300w, https:\/\/www.vape4wholesale.com\/wp-content\/uploads\/2023\/08\/Elf-Bar-PI9000-Disposable-Vape-Wholesale-overview-150x150.jpg 150w, https:\/\/www.vape4wholesale.com\/wp-content\/uploads\/2023\/08\/Elf-Bar-PI9000-Disposable-Vape-Wholesale-overview-768x768.jpg 768w\" sizes=\"auto, (max-width: 800px) 100vw, 800px\" \/><\/p>","protected":false},"excerpt":{"rendered":"[scf-template id=&#8217;11434&#8242;]\n<p>100% Original Elf Bar with QR Code<\/p>\n","protected":false},"featured_media":14162,"comment_status":"open","ping_status":"closed","template":"","meta":[],"pwb-brand":[1278],"product_cat":[870],"product_tag":[336,574,22,24,60],"class_list":{"0":"post-14157","1":"product","2":"type-product","3":"status-publish","4":"has-post-thumbnail","6":"pwb-brand-elf-bar","7":"product_cat-8000-10000-puffs","8":"product_tag-9000-puffs","9":"product_tag-19-0ml","10":"product_tag-disposable","11":"product_tag-wholesale","12":"product_tag-elf-bar","14":"first","15":"outofstock","16":"shipping-taxable","17":"purchasable","18":"product-type-variable"},"aioseo_notices":[],"brands":[{"id":1278,"name":"Bar Elfo","slug":"bar-duende"}],"_links":{"self":[{"href":"https:\/\/www.vape4wholesale.com\/es\/wp-json\/wp\/v2\/product\/14157","targetHints":{"allow":["GET"]}}],"collection":[{"href":"https:\/\/www.vape4wholesale.com\/es\/wp-json\/wp\/v2\/product"}],"about":[{"href":"https:\/\/www.vape4wholesale.com\/es\/wp-json\/wp\/v2\/types\/product"}],"replies":[{"embeddable":true,"href":"https:\/\/www.vape4wholesale.com\/es\/wp-json\/wp\/v2\/comments?post=14157"}],"wp:featuredmedia":[{"embeddable":true,"href":"https:\/\/www.vape4wholesale.com\/es\/wp-json\/wp\/v2\/media\/14162"}],"wp:attachment":[{"href":"https:\/\/www.vape4wholesale.com\/es\/wp-json\/wp\/v2\/media?parent=14157"}],"wp:term":[{"taxonomy":"pwb-brand","embeddable":true,"href":"https:\/\/www.vape4wholesale.com\/es\/wp-json\/wp\/v2\/pwb-brand?post=14157"},{"taxonomy":"product_cat","embeddable":true,"href":"https:\/\/www.vape4wholesale.com\/es\/wp-json\/wp\/v2\/product_cat?post=14157"},{"taxonomy":"product_tag","embeddable":true,"href":"https:\/\/www.vape4wholesale.com\/es\/wp-json\/wp\/v2\/product_tag?post=14157"}],"curies":[{"name":"wp","href":"https:\/\/api.w.org\/{rel}","templated":true}]}}