{"id":14107,"date":"2023-08-13T12:32:13","date_gmt":"2023-08-13T04:32:13","guid":{"rendered":"https:\/\/www.vape4wholesale.com\/?post_type=product&#038;p=14107"},"modified":"2026-01-26T13:42:27","modified_gmt":"2026-01-26T13:42:27","slug":"bang-bc5000-caja-desechable-vape-al-por-mayor","status":"publish","type":"product","link":"https:\/\/www.vape4wholesale.com\/es\/product\/bang-bc5000-box-disposable-vape-wholesale","title":{"rendered":"Bang BC5000 Caja Vape Desechable al por mayor"},"content":{"rendered":"<p>La Bang BC5000 Box es la segunda generaci\u00f3n mejorada de la versi\u00f3n anterior, viene con una bater\u00eda incorporada de 650mah con 13ml de eliquid, la fuerza de la nicotina es 5%, soporta un m\u00e1ximo de 5000 caladas.<\/p>\n<h2>Bang BC5000 Caja Vape Desechable Detalle R\u00e1pido<\/h2>\n<ol>\n<li>Puffs: 5000<\/li>\n<li>Sal de nicotina: 5%<\/li>\n<li>Capacidad del eliquid: 13ML<\/li>\n<li>Resistencia: malla de 1,2 ohmios<\/li>\n<li>Peso corporal: 52 g<\/li>\n<li>Tama\u00f1o de la caja: 52,3*38*28,5 cm<\/li>\n<li>Peso de la caja: 16.5kg\/ 300 PCS<\/li>\n<li>Puerto de carga: Tipo C<\/li>\n<\/ol>\n<h2>Sabores<\/h2>\n<ol>\n<li>Hielo Razz Azul<\/li>\n<li>Hielo de ar\u00e1ndanos<\/li>\n<li>Ar\u00e1ndano Lim\u00f3n<\/li>\n<li>Cola Ice<\/li>\n<li>Energ\u00eda<\/li>\n<li>Osito de goma<\/li>\n<li>Kiwi Fruta de la pasi\u00f3n Guayaba<\/li>\n<li>Menta lim\u00f3n<\/li>\n<li>Mango Melocot\u00f3n<\/li>\n<li>Zumo de naranja<\/li>\n<li>Melocot\u00f3n helado<\/li>\n<li>Melocot\u00f3n Mango Sand\u00eda<\/li>\n<li>Pi\u00f1a Coco<\/li>\n<li>Uva Sakura<\/li>\n<li>Manzana \u00e1cida Frambuesa<\/li>\n<li>Fresa Pl\u00e1tano<\/li>\n<li>Fresa helada<\/li>\n<li>Fresa Kiwi<\/li>\n<li>Fresa Mango<\/li>\n<li>Sand\u00eda con fresa<\/li>\n<li>Triple de bayas<\/li>\n<li>Tropical Rainbow Blast<\/li>\n<li>Chicle de sand\u00eda<\/li>\n<li>Hielo de sand\u00eda<\/li>\n<\/ol>\n<p><img loading=\"lazy\" decoding=\"async\" class=\"alignnone size-full wp-image-14134\" title=\"Bang BC5000 BOX Vape desechable al por mayor Todos los sabores\" src=\"https:\/\/www.vape4wholesale.com\/wp-content\/uploads\/2023\/08\/Bang-BC5000-BOX-Disposable-Vape-Wholesale-All-Flavors.webp\" alt=\"Bang BC5000 BOX Vape desechable al por mayor Todos los sabores\" width=\"1280\" height=\"1414\" srcset=\"https:\/\/www.vape4wholesale.com\/wp-content\/uploads\/2023\/08\/Bang-BC5000-BOX-Disposable-Vape-Wholesale-All-Flavors.webp 1280w, https:\/\/www.vape4wholesale.com\/wp-content\/uploads\/2023\/08\/Bang-BC5000-BOX-Disposable-Vape-Wholesale-All-Flavors-510x563.webp 510w, https:\/\/www.vape4wholesale.com\/wp-content\/uploads\/2023\/08\/Bang-BC5000-BOX-Disposable-Vape-Wholesale-All-Flavors-64x71.webp 64w, https:\/\/www.vape4wholesale.com\/wp-content\/uploads\/2023\/08\/Bang-BC5000-BOX-Disposable-Vape-Wholesale-All-Flavors-272x300.webp 272w, https:\/\/www.vape4wholesale.com\/wp-content\/uploads\/2023\/08\/Bang-BC5000-BOX-Disposable-Vape-Wholesale-All-Flavors-927x1024.webp 927w, https:\/\/www.vape4wholesale.com\/wp-content\/uploads\/2023\/08\/Bang-BC5000-BOX-Disposable-Vape-Wholesale-All-Flavors-768x848.webp 768w\" sizes=\"auto, (max-width: 1280px) 100vw, 1280px\" \/> <img loading=\"lazy\" decoding=\"async\" class=\"size-full wp-image-14135 aligncenter\" title=\"Bang BC5000 CAJA DESECHABLE VAPE WHOLESALE\" src=\"https:\/\/www.vape4wholesale.com\/wp-content\/uploads\/2023\/08\/Bang-BC5000-BOX-DISPOSABLE-VAPE-WHOLESALE.jpg\" alt=\"Bang BC5000 CAJA DESECHABLE VAPE WHOLESALE\" width=\"800\" height=\"800\" srcset=\"https:\/\/www.vape4wholesale.com\/wp-content\/uploads\/2023\/08\/Bang-BC5000-BOX-DISPOSABLE-VAPE-WHOLESALE.jpg 800w, https:\/\/www.vape4wholesale.com\/wp-content\/uploads\/2023\/08\/Bang-BC5000-BOX-DISPOSABLE-VAPE-WHOLESALE-247x247.jpg 247w, https:\/\/www.vape4wholesale.com\/wp-content\/uploads\/2023\/08\/Bang-BC5000-BOX-DISPOSABLE-VAPE-WHOLESALE-100x100.jpg 100w, https:\/\/www.vape4wholesale.com\/wp-content\/uploads\/2023\/08\/Bang-BC5000-BOX-DISPOSABLE-VAPE-WHOLESALE-510x510.jpg 510w, https:\/\/www.vape4wholesale.com\/wp-content\/uploads\/2023\/08\/Bang-BC5000-BOX-DISPOSABLE-VAPE-WHOLESALE-64x64.jpg 64w, https:\/\/www.vape4wholesale.com\/wp-content\/uploads\/2023\/08\/Bang-BC5000-BOX-DISPOSABLE-VAPE-WHOLESALE-300x300.jpg 300w, https:\/\/www.vape4wholesale.com\/wp-content\/uploads\/2023\/08\/Bang-BC5000-BOX-DISPOSABLE-VAPE-WHOLESALE-150x150.jpg 150w, https:\/\/www.vape4wholesale.com\/wp-content\/uploads\/2023\/08\/Bang-BC5000-BOX-DISPOSABLE-VAPE-WHOLESALE-768x768.jpg 768w\" sizes=\"auto, (max-width: 800px) 100vw, 800px\" \/> <img loading=\"lazy\" decoding=\"async\" class=\"size-full wp-image-14133 aligncenter\" title=\"Bang VAPE BC5000 CAJA VAPE AL POR MAYOR\" src=\"https:\/\/www.vape4wholesale.com\/wp-content\/uploads\/2023\/08\/Bang-VAPE-BC5000-BOX-VAPE-WHOLESALE.jpg\" alt=\"Bang VAPE BC5000 CAJA VAPE AL POR MAYOR\" width=\"800\" height=\"800\" srcset=\"https:\/\/www.vape4wholesale.com\/wp-content\/uploads\/2023\/08\/Bang-VAPE-BC5000-BOX-VAPE-WHOLESALE.jpg 800w, https:\/\/www.vape4wholesale.com\/wp-content\/uploads\/2023\/08\/Bang-VAPE-BC5000-BOX-VAPE-WHOLESALE-247x247.jpg 247w, https:\/\/www.vape4wholesale.com\/wp-content\/uploads\/2023\/08\/Bang-VAPE-BC5000-BOX-VAPE-WHOLESALE-100x100.jpg 100w, https:\/\/www.vape4wholesale.com\/wp-content\/uploads\/2023\/08\/Bang-VAPE-BC5000-BOX-VAPE-WHOLESALE-510x510.jpg 510w, https:\/\/www.vape4wholesale.com\/wp-content\/uploads\/2023\/08\/Bang-VAPE-BC5000-BOX-VAPE-WHOLESALE-64x64.jpg 64w, https:\/\/www.vape4wholesale.com\/wp-content\/uploads\/2023\/08\/Bang-VAPE-BC5000-BOX-VAPE-WHOLESALE-300x300.jpg 300w, https:\/\/www.vape4wholesale.com\/wp-content\/uploads\/2023\/08\/Bang-VAPE-BC5000-BOX-VAPE-WHOLESALE-150x150.jpg 150w, https:\/\/www.vape4wholesale.com\/wp-content\/uploads\/2023\/08\/Bang-VAPE-BC5000-BOX-VAPE-WHOLESALE-768x768.jpg 768w\" sizes=\"auto, (max-width: 800px) 100vw, 800px\" \/> <img loading=\"lazy\" decoding=\"async\" class=\"size-full wp-image-14132 aligncenter\" title=\"Bang BC5000 BOX VAPE al por mayor\" src=\"https:\/\/www.vape4wholesale.com\/wp-content\/uploads\/2023\/08\/Bang-BC5000-BOX-VAPE-Wholesale.jpg\" alt=\"Bang BC5000 BOX VAPE al por mayor\" width=\"800\" height=\"800\" srcset=\"https:\/\/www.vape4wholesale.com\/wp-content\/uploads\/2023\/08\/Bang-BC5000-BOX-VAPE-Wholesale.jpg 800w, https:\/\/www.vape4wholesale.com\/wp-content\/uploads\/2023\/08\/Bang-BC5000-BOX-VAPE-Wholesale-247x247.jpg 247w, https:\/\/www.vape4wholesale.com\/wp-content\/uploads\/2023\/08\/Bang-BC5000-BOX-VAPE-Wholesale-100x100.jpg 100w, https:\/\/www.vape4wholesale.com\/wp-content\/uploads\/2023\/08\/Bang-BC5000-BOX-VAPE-Wholesale-510x510.jpg 510w, https:\/\/www.vape4wholesale.com\/wp-content\/uploads\/2023\/08\/Bang-BC5000-BOX-VAPE-Wholesale-64x64.jpg 64w, https:\/\/www.vape4wholesale.com\/wp-content\/uploads\/2023\/08\/Bang-BC5000-BOX-VAPE-Wholesale-300x300.jpg 300w, https:\/\/www.vape4wholesale.com\/wp-content\/uploads\/2023\/08\/Bang-BC5000-BOX-VAPE-Wholesale-150x150.jpg 150w, https:\/\/www.vape4wholesale.com\/wp-content\/uploads\/2023\/08\/Bang-BC5000-BOX-VAPE-Wholesale-768x768.jpg 768w\" sizes=\"auto, (max-width: 800px) 100vw, 800px\" \/><\/p>\n<div class=\"accordion\">\n\t<div id=\"accordion-743223970\" class=\"accordion-item\">\n\t\t<a id=\"accordion-743223970-label\" class=\"accordion-title plain\" href=\"#accordion-item-new-flavors\" aria-expanded=\"false\" aria-controls=\"accordion-743223970-content\">\n\t\t\t<button class=\"toggle\" aria-label=\"Toggle\"><i class=\"icon-angle-down\" aria-hidden=\"true\"><\/i><\/button>\n\t\t\t<span>Nuevos sabores<\/span>\n\t\t<\/a>\n\t\t<div id=\"accordion-743223970-content\" class=\"accordion-inner\" aria-labelledby=\"accordion-743223970-label\">\n\t\t\t\n<table width=\"295\">\n<tbody>\n<tr>\n<td width=\"295\">Hielo del Drag\u00f3n Negro<\/td>\n<\/tr>\n<tr>\n<td>Hielo Razz Azul<\/td>\n<\/tr>\n<tr>\n<td>Hielo de ar\u00e1ndanos<\/td>\n<\/tr>\n<tr>\n<td>Cola Ice<\/td>\n<\/tr>\n<tr>\n<td>Energ\u00eda<\/td>\n<\/tr>\n<tr>\n<td>Osito de goma<\/td>\n<\/tr>\n<tr>\n<td>Kiwi Fruta de la pasi\u00f3n Guayaba<\/td>\n<\/tr>\n<tr>\n<td>Mango Melocot\u00f3n<\/td>\n<\/tr>\n<tr>\n<td>Hielo de mango mexicano<\/td>\n<\/tr>\n<tr>\n<td>Casa de la Moneda de Miami<\/td>\n<\/tr>\n<tr>\n<td>Mezcla de bayas<\/td>\n<\/tr>\n<tr>\n<td>Zumo de naranja<\/td>\n<\/tr>\n<tr>\n<td>Melocot\u00f3n helado<\/td>\n<\/tr>\n<tr>\n<td>Uva Sakura<\/td>\n<\/tr>\n<tr>\n<td>Manzana \u00e1cida Frambuesa<\/td>\n<\/tr>\n<tr>\n<td>Fresa Pl\u00e1tano<\/td>\n<\/tr>\n<tr>\n<td>Fresa helada<\/td>\n<\/tr>\n<tr>\n<td>Fresa Kiwi<\/td>\n<\/tr>\n<tr>\n<td>Fresa Mango<\/td>\n<\/tr>\n<tr>\n<td>Sand\u00eda con fresa<\/td>\n<\/tr>\n<tr>\n<td>Hielo triple de bayas<\/td>\n<\/tr>\n<tr>\n<td>Tropical Rainbow Blast<\/td>\n<\/tr>\n<tr>\n<td>Chicle de sand\u00eda<\/td>\n<\/tr>\n<tr>\n<td>Hielo de sand\u00eda<\/td>\n<\/tr>\n<\/tbody>\n<\/table>\n\t\t<\/div>\n\t<\/div>\n\t\n<\/div>","protected":false},"excerpt":{"rendered":"[scf-template id=&#8217;11434&#8242;]\n<p>This product is recently out of stock, please click the link below to order another similar product!<\/p>\n<p>https:\/\/www.vape4wholesale.com\/product\/bang-bc5000-disposable-vape-wholesale<\/p>\n","protected":false},"featured_media":14135,"comment_status":"open","ping_status":"closed","template":"","meta":[],"pwb-brand":[1275],"product_cat":[869],"product_tag":[285,22,24,189,249],"class_list":{"0":"post-14107","1":"product","2":"type-product","3":"status-publish","4":"has-post-thumbnail","6":"pwb-brand-bang","7":"product_cat-5000-8000-puffs","8":"product_tag-13-0ml","9":"product_tag-disposable","10":"product_tag-wholesale","11":"product_tag-5000-puffs","12":"product_tag-bang","13":"wcpa_has_options","15":"first","16":"outofstock","17":"shipping-taxable","18":"purchasable","19":"product-type-variable"},"aioseo_notices":[],"brands":[{"id":1275,"name":"Bang","slug":"bang"}],"_links":{"self":[{"href":"https:\/\/www.vape4wholesale.com\/es\/wp-json\/wp\/v2\/product\/14107","targetHints":{"allow":["GET"]}}],"collection":[{"href":"https:\/\/www.vape4wholesale.com\/es\/wp-json\/wp\/v2\/product"}],"about":[{"href":"https:\/\/www.vape4wholesale.com\/es\/wp-json\/wp\/v2\/types\/product"}],"replies":[{"embeddable":true,"href":"https:\/\/www.vape4wholesale.com\/es\/wp-json\/wp\/v2\/comments?post=14107"}],"wp:featuredmedia":[{"embeddable":true,"href":"https:\/\/www.vape4wholesale.com\/es\/wp-json\/wp\/v2\/media\/14135"}],"wp:attachment":[{"href":"https:\/\/www.vape4wholesale.com\/es\/wp-json\/wp\/v2\/media?parent=14107"}],"wp:term":[{"taxonomy":"pwb-brand","embeddable":true,"href":"https:\/\/www.vape4wholesale.com\/es\/wp-json\/wp\/v2\/pwb-brand?post=14107"},{"taxonomy":"product_cat","embeddable":true,"href":"https:\/\/www.vape4wholesale.com\/es\/wp-json\/wp\/v2\/product_cat?post=14107"},{"taxonomy":"product_tag","embeddable":true,"href":"https:\/\/www.vape4wholesale.com\/es\/wp-json\/wp\/v2\/product_tag?post=14107"}],"curies":[{"name":"wp","href":"https:\/\/api.w.org\/{rel}","templated":true}]}}