{"id":10252,"date":"2023-06-18T19:58:00","date_gmt":"2023-06-18T11:58:00","guid":{"rendered":"https:\/\/www.vape4wholesale.com\/?post_type=product&#038;p=10252"},"modified":"2026-01-26T13:42:40","modified_gmt":"2026-01-26T13:42:40","slug":"lost-mary-os5000-vape-desechable-al-por-mayor","status":"publish","type":"product","link":"https:\/\/www.vape4wholesale.com\/es\/product\/lost-mary-os5000-disposable-vape-wholesale","title":{"rendered":"Lost Mary OS5000 Vape desechable al por mayor"},"content":{"rendered":"<p>el <strong><a href=\"https:\/\/www.vape4wholesale.com\/es\/marca_producto\/maria-perdida\/\">Mar\u00eda Perdida<\/a> OS5000<\/strong> Vape desechable al por mayor, es un dispositivo de vape precargado de 13ml, viene con bater\u00eda recargable de 650mah, nicotina 5%(50mg), soporta m\u00e1ximo 5000 caladas.<\/p>\n<p>El dise\u00f1o de la superficie del planeta a\u00f1ade un toque \u00fanico al dispositivo, mientras que los indicadores de potencia de 3 niveles hacen que sea f\u00e1cil hacer un seguimiento de la bater\u00eda. El kit OS5000 Disposble est\u00e1 equipado con una bobina de malla y se activa por arrastre, lo que garantiza una experiencia de vapeo suave y agradable. este kit es perfecto para aquellos que prefieren un fuerte golpe de nicotina. tanto si eres un vapeador experimentado o nuevo en la escena, el vapeador Lost Mary OS5000 Disposable es una gran opci\u00f3n para cualquiera que busque un dispositivo fiable y f\u00e1cil de usar.<\/p>\n<h2>Lost Mary OS5000 Vape Desechable Quick Details:<\/h2>\n<ol>\n<li>Marca:Lost Mary<\/li>\n<li>Puffs:5000 Puffs disponibles por dispositivo<\/li>\n<li>Nicotina:5%<\/li>\n<li>Capacidad del E-jugo:13ML<\/li>\n<li>Bater\u00eda:650mAh<\/li>\n<li>Puerto de carga:Tipo-C<\/li>\n<\/ol>\n<p>&nbsp;<\/p>\n<h2>Sabores<\/h2>\n<ul>\n<li>Algod\u00f3n de az\u00facar azul<\/li>\n<li>Hielo de ar\u00e1ndanos<\/li>\n<li>Hielo Razz Azul<\/li>\n<li>Refresco de ar\u00e1ndanos<\/li>\n<li>Melocot\u00f3n jugoso<\/li>\n<li>kiwi fruta de la pasi\u00f3n guayaba<\/li>\n<li>Pi\u00f1a Mango<\/li>\n<li>Sundae de fresa<\/li>\n<li>Fresa helada<\/li>\n<li>Fresa Mango<\/li>\n<li>Colada de fresa y pino<\/li>\n<li>Sand\u00eda<\/li>\n<\/ul>\n<h2>Paquete<\/h2>\n<ul>\n<li>0.084KG\/ PC, 1\/Caja , 10\/Cart\u00f3n<\/li>\n<li>200\/ Caja, 17.0 KG.<\/li>\n<\/ul>\n<p><img loading=\"lazy\" decoding=\"async\" class=\"alignnone size-full wp-image-11641\" title=\"Lost Mary OS5000 Vape desechable al por mayor Blue Razz Ice\" src=\"https:\/\/www.vape4wholesale.com\/wp-content\/uploads\/2023\/06\/Lost-Mary-OS5000-Disposable-Vape-Wholesale-Blue-Razz-Ice.jpg\" alt=\"Lost Mary OS5000 Vape desechable al por mayor Blue Razz Ice\" width=\"800\" height=\"800\" srcset=\"https:\/\/www.vape4wholesale.com\/wp-content\/uploads\/2023\/06\/Lost-Mary-OS5000-Disposable-Vape-Wholesale-Blue-Razz-Ice.jpg 800w, https:\/\/www.vape4wholesale.com\/wp-content\/uploads\/2023\/06\/Lost-Mary-OS5000-Disposable-Vape-Wholesale-Blue-Razz-Ice-247x247.jpg 247w, https:\/\/www.vape4wholesale.com\/wp-content\/uploads\/2023\/06\/Lost-Mary-OS5000-Disposable-Vape-Wholesale-Blue-Razz-Ice-100x100.jpg 100w, https:\/\/www.vape4wholesale.com\/wp-content\/uploads\/2023\/06\/Lost-Mary-OS5000-Disposable-Vape-Wholesale-Blue-Razz-Ice-510x510.jpg 510w, https:\/\/www.vape4wholesale.com\/wp-content\/uploads\/2023\/06\/Lost-Mary-OS5000-Disposable-Vape-Wholesale-Blue-Razz-Ice-64x64.jpg 64w, https:\/\/www.vape4wholesale.com\/wp-content\/uploads\/2023\/06\/Lost-Mary-OS5000-Disposable-Vape-Wholesale-Blue-Razz-Ice-300x300.jpg 300w, https:\/\/www.vape4wholesale.com\/wp-content\/uploads\/2023\/06\/Lost-Mary-OS5000-Disposable-Vape-Wholesale-Blue-Razz-Ice-150x150.jpg 150w, https:\/\/www.vape4wholesale.com\/wp-content\/uploads\/2023\/06\/Lost-Mary-OS5000-Disposable-Vape-Wholesale-Blue-Razz-Ice-768x768.jpg 768w\" sizes=\"auto, (max-width: 800px) 100vw, 800px\" \/> \u00a0<img loading=\"lazy\" decoding=\"async\" class=\"alignnone size-full wp-image-11643\" title=\"Lost Mary OS5000 Vape desechable al por mayor Cranberry Soda\" src=\"https:\/\/www.vape4wholesale.com\/wp-content\/uploads\/2023\/06\/Lost-Mary-OS5000-Disposable-Vape-Wholesale-Cranberry-Soda.jpg\" alt=\"Lost Mary OS5000 Vape desechable al por mayor Cranberry Soda\" width=\"800\" height=\"800\" srcset=\"https:\/\/www.vape4wholesale.com\/wp-content\/uploads\/2023\/06\/Lost-Mary-OS5000-Disposable-Vape-Wholesale-Cranberry-Soda.jpg 800w, https:\/\/www.vape4wholesale.com\/wp-content\/uploads\/2023\/06\/Lost-Mary-OS5000-Disposable-Vape-Wholesale-Cranberry-Soda-247x247.jpg 247w, https:\/\/www.vape4wholesale.com\/wp-content\/uploads\/2023\/06\/Lost-Mary-OS5000-Disposable-Vape-Wholesale-Cranberry-Soda-100x100.jpg 100w, https:\/\/www.vape4wholesale.com\/wp-content\/uploads\/2023\/06\/Lost-Mary-OS5000-Disposable-Vape-Wholesale-Cranberry-Soda-510x510.jpg 510w, https:\/\/www.vape4wholesale.com\/wp-content\/uploads\/2023\/06\/Lost-Mary-OS5000-Disposable-Vape-Wholesale-Cranberry-Soda-64x64.jpg 64w, https:\/\/www.vape4wholesale.com\/wp-content\/uploads\/2023\/06\/Lost-Mary-OS5000-Disposable-Vape-Wholesale-Cranberry-Soda-300x300.jpg 300w, https:\/\/www.vape4wholesale.com\/wp-content\/uploads\/2023\/06\/Lost-Mary-OS5000-Disposable-Vape-Wholesale-Cranberry-Soda-150x150.jpg 150w, https:\/\/www.vape4wholesale.com\/wp-content\/uploads\/2023\/06\/Lost-Mary-OS5000-Disposable-Vape-Wholesale-Cranberry-Soda-768x768.jpg 768w\" sizes=\"auto, (max-width: 800px) 100vw, 800px\" \/> <img loading=\"lazy\" decoding=\"async\" class=\"alignnone size-full wp-image-11644\" title=\"Lost Mary OS5000 Vape desechable al por mayor Juicy Peach\" src=\"https:\/\/www.vape4wholesale.com\/wp-content\/uploads\/2023\/06\/Lost-Mary-OS5000-Disposable-Vape-Wholesale-Juicy-Peach.jpg\" alt=\"Lost Mary OS5000 Vape desechable al por mayor Juicy Peach\" width=\"800\" height=\"800\" srcset=\"https:\/\/www.vape4wholesale.com\/wp-content\/uploads\/2023\/06\/Lost-Mary-OS5000-Disposable-Vape-Wholesale-Juicy-Peach.jpg 800w, https:\/\/www.vape4wholesale.com\/wp-content\/uploads\/2023\/06\/Lost-Mary-OS5000-Disposable-Vape-Wholesale-Juicy-Peach-247x247.jpg 247w, https:\/\/www.vape4wholesale.com\/wp-content\/uploads\/2023\/06\/Lost-Mary-OS5000-Disposable-Vape-Wholesale-Juicy-Peach-100x100.jpg 100w, https:\/\/www.vape4wholesale.com\/wp-content\/uploads\/2023\/06\/Lost-Mary-OS5000-Disposable-Vape-Wholesale-Juicy-Peach-510x510.jpg 510w, https:\/\/www.vape4wholesale.com\/wp-content\/uploads\/2023\/06\/Lost-Mary-OS5000-Disposable-Vape-Wholesale-Juicy-Peach-64x64.jpg 64w, https:\/\/www.vape4wholesale.com\/wp-content\/uploads\/2023\/06\/Lost-Mary-OS5000-Disposable-Vape-Wholesale-Juicy-Peach-300x300.jpg 300w, https:\/\/www.vape4wholesale.com\/wp-content\/uploads\/2023\/06\/Lost-Mary-OS5000-Disposable-Vape-Wholesale-Juicy-Peach-150x150.jpg 150w, https:\/\/www.vape4wholesale.com\/wp-content\/uploads\/2023\/06\/Lost-Mary-OS5000-Disposable-Vape-Wholesale-Juicy-Peach-768x768.jpg 768w\" sizes=\"auto, (max-width: 800px) 100vw, 800px\" \/> <img loading=\"lazy\" decoding=\"async\" class=\"alignnone size-full wp-image-11645\" title=\"Lost Mary OS5000 Vape desechable al por mayor kiwi fruta de la pasi\u00f3n guayaba\" src=\"https:\/\/www.vape4wholesale.com\/wp-content\/uploads\/2023\/06\/Lost-Mary-OS5000-Disposable-Vape-Wholesale-kiwi-Passion-Fruit-Guava.jpg\" alt=\"Lost Mary OS5000 Vape desechable al por mayor kiwi fruta de la pasi\u00f3n guayaba\" width=\"800\" height=\"800\" srcset=\"https:\/\/www.vape4wholesale.com\/wp-content\/uploads\/2023\/06\/Lost-Mary-OS5000-Disposable-Vape-Wholesale-kiwi-Passion-Fruit-Guava.jpg 800w, https:\/\/www.vape4wholesale.com\/wp-content\/uploads\/2023\/06\/Lost-Mary-OS5000-Disposable-Vape-Wholesale-kiwi-Passion-Fruit-Guava-247x247.jpg 247w, https:\/\/www.vape4wholesale.com\/wp-content\/uploads\/2023\/06\/Lost-Mary-OS5000-Disposable-Vape-Wholesale-kiwi-Passion-Fruit-Guava-100x100.jpg 100w, https:\/\/www.vape4wholesale.com\/wp-content\/uploads\/2023\/06\/Lost-Mary-OS5000-Disposable-Vape-Wholesale-kiwi-Passion-Fruit-Guava-510x510.jpg 510w, https:\/\/www.vape4wholesale.com\/wp-content\/uploads\/2023\/06\/Lost-Mary-OS5000-Disposable-Vape-Wholesale-kiwi-Passion-Fruit-Guava-64x64.jpg 64w, https:\/\/www.vape4wholesale.com\/wp-content\/uploads\/2023\/06\/Lost-Mary-OS5000-Disposable-Vape-Wholesale-kiwi-Passion-Fruit-Guava-300x300.jpg 300w, https:\/\/www.vape4wholesale.com\/wp-content\/uploads\/2023\/06\/Lost-Mary-OS5000-Disposable-Vape-Wholesale-kiwi-Passion-Fruit-Guava-150x150.jpg 150w, https:\/\/www.vape4wholesale.com\/wp-content\/uploads\/2023\/06\/Lost-Mary-OS5000-Disposable-Vape-Wholesale-kiwi-Passion-Fruit-Guava-768x768.jpg 768w\" sizes=\"auto, (max-width: 800px) 100vw, 800px\" \/> <img loading=\"lazy\" decoding=\"async\" class=\"alignnone size-full wp-image-11646\" title=\"Lost Mary OS5000 Vape Desechable al por mayor Visi\u00f3n general Sabores\" src=\"https:\/\/www.vape4wholesale.com\/wp-content\/uploads\/2023\/06\/Lost-Mary-OS5000-Disposable-Vape-Wholesale-Overview-Flavors.jpg\" alt=\"Lost Mary OS5000 Vape Desechable al por mayor Visi\u00f3n general Sabores\" width=\"800\" height=\"800\" srcset=\"https:\/\/www.vape4wholesale.com\/wp-content\/uploads\/2023\/06\/Lost-Mary-OS5000-Disposable-Vape-Wholesale-Overview-Flavors.jpg 800w, https:\/\/www.vape4wholesale.com\/wp-content\/uploads\/2023\/06\/Lost-Mary-OS5000-Disposable-Vape-Wholesale-Overview-Flavors-247x247.jpg 247w, https:\/\/www.vape4wholesale.com\/wp-content\/uploads\/2023\/06\/Lost-Mary-OS5000-Disposable-Vape-Wholesale-Overview-Flavors-100x100.jpg 100w, https:\/\/www.vape4wholesale.com\/wp-content\/uploads\/2023\/06\/Lost-Mary-OS5000-Disposable-Vape-Wholesale-Overview-Flavors-510x510.jpg 510w, https:\/\/www.vape4wholesale.com\/wp-content\/uploads\/2023\/06\/Lost-Mary-OS5000-Disposable-Vape-Wholesale-Overview-Flavors-64x64.jpg 64w, https:\/\/www.vape4wholesale.com\/wp-content\/uploads\/2023\/06\/Lost-Mary-OS5000-Disposable-Vape-Wholesale-Overview-Flavors-300x300.jpg 300w, https:\/\/www.vape4wholesale.com\/wp-content\/uploads\/2023\/06\/Lost-Mary-OS5000-Disposable-Vape-Wholesale-Overview-Flavors-150x150.jpg 150w, https:\/\/www.vape4wholesale.com\/wp-content\/uploads\/2023\/06\/Lost-Mary-OS5000-Disposable-Vape-Wholesale-Overview-Flavors-768x768.jpg 768w\" sizes=\"auto, (max-width: 800px) 100vw, 800px\" \/> <img loading=\"lazy\" decoding=\"async\" class=\"alignnone size-full wp-image-11647\" title=\"Lost Mary OS5000 Vape Desechable Mayorista Pi\u00f1a Mango\" src=\"https:\/\/www.vape4wholesale.com\/wp-content\/uploads\/2023\/06\/Lost-Mary-OS5000-Disposable-Vape-Wholesale-Pineapple-Mango.jpg\" alt=\"Lost Mary OS5000 Vape Desechable Mayorista Pi\u00f1a Mango\" width=\"800\" height=\"800\" srcset=\"https:\/\/www.vape4wholesale.com\/wp-content\/uploads\/2023\/06\/Lost-Mary-OS5000-Disposable-Vape-Wholesale-Pineapple-Mango.jpg 800w, https:\/\/www.vape4wholesale.com\/wp-content\/uploads\/2023\/06\/Lost-Mary-OS5000-Disposable-Vape-Wholesale-Pineapple-Mango-247x247.jpg 247w, https:\/\/www.vape4wholesale.com\/wp-content\/uploads\/2023\/06\/Lost-Mary-OS5000-Disposable-Vape-Wholesale-Pineapple-Mango-100x100.jpg 100w, https:\/\/www.vape4wholesale.com\/wp-content\/uploads\/2023\/06\/Lost-Mary-OS5000-Disposable-Vape-Wholesale-Pineapple-Mango-510x510.jpg 510w, https:\/\/www.vape4wholesale.com\/wp-content\/uploads\/2023\/06\/Lost-Mary-OS5000-Disposable-Vape-Wholesale-Pineapple-Mango-64x64.jpg 64w, https:\/\/www.vape4wholesale.com\/wp-content\/uploads\/2023\/06\/Lost-Mary-OS5000-Disposable-Vape-Wholesale-Pineapple-Mango-300x300.jpg 300w, https:\/\/www.vape4wholesale.com\/wp-content\/uploads\/2023\/06\/Lost-Mary-OS5000-Disposable-Vape-Wholesale-Pineapple-Mango-150x150.jpg 150w, https:\/\/www.vape4wholesale.com\/wp-content\/uploads\/2023\/06\/Lost-Mary-OS5000-Disposable-Vape-Wholesale-Pineapple-Mango-768x768.jpg 768w\" sizes=\"auto, (max-width: 800px) 100vw, 800px\" \/> <img loading=\"lazy\" decoding=\"async\" class=\"alignnone size-full wp-image-11648\" title=\"Lost Mary OS5000 Vape Desechable Mayorista Strawberry Ice\" src=\"https:\/\/www.vape4wholesale.com\/wp-content\/uploads\/2023\/06\/Lost-Mary-OS5000-Disposable-Vape-Wholesale-Strawberry-Ice.jpg\" alt=\"Lost Mary OS5000 Vape Desechable Mayorista Strawberry Ice\" width=\"800\" height=\"800\" srcset=\"https:\/\/www.vape4wholesale.com\/wp-content\/uploads\/2023\/06\/Lost-Mary-OS5000-Disposable-Vape-Wholesale-Strawberry-Ice.jpg 800w, https:\/\/www.vape4wholesale.com\/wp-content\/uploads\/2023\/06\/Lost-Mary-OS5000-Disposable-Vape-Wholesale-Strawberry-Ice-247x247.jpg 247w, https:\/\/www.vape4wholesale.com\/wp-content\/uploads\/2023\/06\/Lost-Mary-OS5000-Disposable-Vape-Wholesale-Strawberry-Ice-100x100.jpg 100w, https:\/\/www.vape4wholesale.com\/wp-content\/uploads\/2023\/06\/Lost-Mary-OS5000-Disposable-Vape-Wholesale-Strawberry-Ice-510x510.jpg 510w, https:\/\/www.vape4wholesale.com\/wp-content\/uploads\/2023\/06\/Lost-Mary-OS5000-Disposable-Vape-Wholesale-Strawberry-Ice-64x64.jpg 64w, https:\/\/www.vape4wholesale.com\/wp-content\/uploads\/2023\/06\/Lost-Mary-OS5000-Disposable-Vape-Wholesale-Strawberry-Ice-300x300.jpg 300w, https:\/\/www.vape4wholesale.com\/wp-content\/uploads\/2023\/06\/Lost-Mary-OS5000-Disposable-Vape-Wholesale-Strawberry-Ice-150x150.jpg 150w, https:\/\/www.vape4wholesale.com\/wp-content\/uploads\/2023\/06\/Lost-Mary-OS5000-Disposable-Vape-Wholesale-Strawberry-Ice-768x768.jpg 768w\" sizes=\"auto, (max-width: 800px) 100vw, 800px\" \/> <img loading=\"lazy\" decoding=\"async\" class=\"alignnone size-full wp-image-11649\" title=\"Lost Mary OS5000 Vape Desechable Mayorista Fresa Mango\" src=\"https:\/\/www.vape4wholesale.com\/wp-content\/uploads\/2023\/06\/Lost-Mary-OS5000-Disposable-Vape-Wholesale-Strawberry-Mango.jpg\" alt=\"Lost Mary OS5000 Vape Desechable Mayorista Fresa Mango\" width=\"800\" height=\"800\" srcset=\"https:\/\/www.vape4wholesale.com\/wp-content\/uploads\/2023\/06\/Lost-Mary-OS5000-Disposable-Vape-Wholesale-Strawberry-Mango.jpg 800w, https:\/\/www.vape4wholesale.com\/wp-content\/uploads\/2023\/06\/Lost-Mary-OS5000-Disposable-Vape-Wholesale-Strawberry-Mango-247x247.jpg 247w, https:\/\/www.vape4wholesale.com\/wp-content\/uploads\/2023\/06\/Lost-Mary-OS5000-Disposable-Vape-Wholesale-Strawberry-Mango-100x100.jpg 100w, https:\/\/www.vape4wholesale.com\/wp-content\/uploads\/2023\/06\/Lost-Mary-OS5000-Disposable-Vape-Wholesale-Strawberry-Mango-510x510.jpg 510w, https:\/\/www.vape4wholesale.com\/wp-content\/uploads\/2023\/06\/Lost-Mary-OS5000-Disposable-Vape-Wholesale-Strawberry-Mango-64x64.jpg 64w, https:\/\/www.vape4wholesale.com\/wp-content\/uploads\/2023\/06\/Lost-Mary-OS5000-Disposable-Vape-Wholesale-Strawberry-Mango-300x300.jpg 300w, https:\/\/www.vape4wholesale.com\/wp-content\/uploads\/2023\/06\/Lost-Mary-OS5000-Disposable-Vape-Wholesale-Strawberry-Mango-150x150.jpg 150w, https:\/\/www.vape4wholesale.com\/wp-content\/uploads\/2023\/06\/Lost-Mary-OS5000-Disposable-Vape-Wholesale-Strawberry-Mango-768x768.jpg 768w\" sizes=\"auto, (max-width: 800px) 100vw, 800px\" \/> <img loading=\"lazy\" decoding=\"async\" class=\"alignnone size-full wp-image-11650\" title=\"Lost Mary OS5000 Vape Desechable Sand\u00eda al por mayor\" src=\"https:\/\/www.vape4wholesale.com\/wp-content\/uploads\/2023\/06\/Lost-Mary-OS5000-Disposable-Vape-Wholesale-Watermelon.jpg\" alt=\"Lost Mary OS5000 Vape Desechable Sand\u00eda al por mayor\" width=\"800\" height=\"800\" srcset=\"https:\/\/www.vape4wholesale.com\/wp-content\/uploads\/2023\/06\/Lost-Mary-OS5000-Disposable-Vape-Wholesale-Watermelon.jpg 800w, https:\/\/www.vape4wholesale.com\/wp-content\/uploads\/2023\/06\/Lost-Mary-OS5000-Disposable-Vape-Wholesale-Watermelon-247x247.jpg 247w, https:\/\/www.vape4wholesale.com\/wp-content\/uploads\/2023\/06\/Lost-Mary-OS5000-Disposable-Vape-Wholesale-Watermelon-100x100.jpg 100w, https:\/\/www.vape4wholesale.com\/wp-content\/uploads\/2023\/06\/Lost-Mary-OS5000-Disposable-Vape-Wholesale-Watermelon-510x510.jpg 510w, https:\/\/www.vape4wholesale.com\/wp-content\/uploads\/2023\/06\/Lost-Mary-OS5000-Disposable-Vape-Wholesale-Watermelon-64x64.jpg 64w, https:\/\/www.vape4wholesale.com\/wp-content\/uploads\/2023\/06\/Lost-Mary-OS5000-Disposable-Vape-Wholesale-Watermelon-300x300.jpg 300w, https:\/\/www.vape4wholesale.com\/wp-content\/uploads\/2023\/06\/Lost-Mary-OS5000-Disposable-Vape-Wholesale-Watermelon-150x150.jpg 150w, https:\/\/www.vape4wholesale.com\/wp-content\/uploads\/2023\/06\/Lost-Mary-OS5000-Disposable-Vape-Wholesale-Watermelon-768x768.jpg 768w\" sizes=\"auto, (max-width: 800px) 100vw, 800px\" \/> \u00a0<img loading=\"lazy\" decoding=\"async\" class=\"alignnone size-full wp-image-11652\" title=\"Lost Mary OS5000 Vape Desechable Mayorista Algod\u00f3n de Az\u00facar Azul\" src=\"https:\/\/www.vape4wholesale.com\/wp-content\/uploads\/2023\/06\/Lost-Mary-OS5000-Disposable-Vape-Wholesale-Blue-Cotton-Candy.jpg\" alt=\"Lost Mary OS5000 Vape Desechable Mayorista Algod\u00f3n de Az\u00facar Azul\" width=\"800\" height=\"800\" srcset=\"https:\/\/www.vape4wholesale.com\/wp-content\/uploads\/2023\/06\/Lost-Mary-OS5000-Disposable-Vape-Wholesale-Blue-Cotton-Candy.jpg 800w, https:\/\/www.vape4wholesale.com\/wp-content\/uploads\/2023\/06\/Lost-Mary-OS5000-Disposable-Vape-Wholesale-Blue-Cotton-Candy-247x247.jpg 247w, https:\/\/www.vape4wholesale.com\/wp-content\/uploads\/2023\/06\/Lost-Mary-OS5000-Disposable-Vape-Wholesale-Blue-Cotton-Candy-100x100.jpg 100w, https:\/\/www.vape4wholesale.com\/wp-content\/uploads\/2023\/06\/Lost-Mary-OS5000-Disposable-Vape-Wholesale-Blue-Cotton-Candy-510x510.jpg 510w, https:\/\/www.vape4wholesale.com\/wp-content\/uploads\/2023\/06\/Lost-Mary-OS5000-Disposable-Vape-Wholesale-Blue-Cotton-Candy-64x64.jpg 64w, https:\/\/www.vape4wholesale.com\/wp-content\/uploads\/2023\/06\/Lost-Mary-OS5000-Disposable-Vape-Wholesale-Blue-Cotton-Candy-300x300.jpg 300w, https:\/\/www.vape4wholesale.com\/wp-content\/uploads\/2023\/06\/Lost-Mary-OS5000-Disposable-Vape-Wholesale-Blue-Cotton-Candy-150x150.jpg 150w, https:\/\/www.vape4wholesale.com\/wp-content\/uploads\/2023\/06\/Lost-Mary-OS5000-Disposable-Vape-Wholesale-Blue-Cotton-Candy-768x768.jpg 768w\" sizes=\"auto, (max-width: 800px) 100vw, 800px\" \/><\/p>","protected":false},"excerpt":{"rendered":"[scf-template id=&#8217;11434&#8242;]\n","protected":false},"featured_media":11644,"comment_status":"open","ping_status":"closed","template":"","meta":[],"pwb-brand":[1287],"product_cat":[869],"product_tag":[22,24,189,285,510],"class_list":{"0":"post-10252","1":"product","2":"type-product","3":"status-publish","4":"has-post-thumbnail","6":"pwb-brand-lost-mary","7":"product_cat-5000-8000-puffs","8":"product_tag-disposable","9":"product_tag-wholesale","10":"product_tag-5000-puffs","11":"product_tag-13-0ml","12":"product_tag-lost-mary","14":"first","15":"outofstock","16":"shipping-taxable","17":"purchasable","18":"product-type-variable"},"aioseo_notices":[],"brands":[{"id":1287,"name":"Mar\u00eda Perdida","slug":"maria-perdida"}],"_links":{"self":[{"href":"https:\/\/www.vape4wholesale.com\/es\/wp-json\/wp\/v2\/product\/10252","targetHints":{"allow":["GET"]}}],"collection":[{"href":"https:\/\/www.vape4wholesale.com\/es\/wp-json\/wp\/v2\/product"}],"about":[{"href":"https:\/\/www.vape4wholesale.com\/es\/wp-json\/wp\/v2\/types\/product"}],"replies":[{"embeddable":true,"href":"https:\/\/www.vape4wholesale.com\/es\/wp-json\/wp\/v2\/comments?post=10252"}],"wp:featuredmedia":[{"embeddable":true,"href":"https:\/\/www.vape4wholesale.com\/es\/wp-json\/wp\/v2\/media\/11644"}],"wp:attachment":[{"href":"https:\/\/www.vape4wholesale.com\/es\/wp-json\/wp\/v2\/media?parent=10252"}],"wp:term":[{"taxonomy":"pwb-brand","embeddable":true,"href":"https:\/\/www.vape4wholesale.com\/es\/wp-json\/wp\/v2\/pwb-brand?post=10252"},{"taxonomy":"product_cat","embeddable":true,"href":"https:\/\/www.vape4wholesale.com\/es\/wp-json\/wp\/v2\/product_cat?post=10252"},{"taxonomy":"product_tag","embeddable":true,"href":"https:\/\/www.vape4wholesale.com\/es\/wp-json\/wp\/v2\/product_tag?post=10252"}],"curies":[{"name":"wp","href":"https:\/\/api.w.org\/{rel}","templated":true}]}}