{"id":11338,"date":"2023-06-25T14:15:20","date_gmt":"2023-06-25T14:15:20","guid":{"rendered":"https:\/\/www.vape4wholesale.com\/?page_id=11338"},"modified":"2023-06-25T14:15:20","modified_gmt":"2023-06-25T14:15:20","slug":"pedido-rapido","status":"publish","type":"page","link":"https:\/\/www.vape4wholesale.com\/es\/pedido-rapido","title":{"rendered":"Pedido r\u00e1pido"},"content":{"rendered":"<ul>\n<li>Esta p\u00e1gina le permite buscar productos r\u00e1pidamente y a\u00f1adir al carrito diferentes sabores o modelos a la vez.<\/li>\n<li>Necesita introducir al menos 3 caracteres para comenzar su b\u00fasqueda, por ejemplo si est\u00e1 buscando Randm 7000 Puffs Disposable Vape, por favor introduzca \"Randm 7\" para poder encontrar este producto.<\/li>\n<\/ul>\n[wcbulkorder]\n<a href=\"\/es\/pedido-rapido\/tabla-de-productos\/\" class=\"button primary is-outline lowercase\" style=\"border-radius:99px;\">\n\t\t<span>\u00bfDif\u00edcil de usar? Pruebe Bulk order tool 2<\/span>\n\t<\/a>","protected":false},"excerpt":{"rendered":"<p>This page allows you to quickly search for products and add different flavors or different models to the cart at once. You need to enter at least 3 characters to start your search, for example if you are looking for Randm 7000 Puffs Disposable Vape, please enter &#8220;Randm 7&#8221; so you can find this product. [&#8230;]","protected":false},"author":1,"featured_media":0,"parent":0,"menu_order":0,"comment_status":"closed","ping_status":"closed","template":"","meta":{"footnotes":""},"class_list":["post-11338","page","type-page","status-publish","hentry"],"aioseo_notices":[],"_links":{"self":[{"href":"https:\/\/www.vape4wholesale.com\/es\/wp-json\/wp\/v2\/pages\/11338","targetHints":{"allow":["GET"]}}],"collection":[{"href":"https:\/\/www.vape4wholesale.com\/es\/wp-json\/wp\/v2\/pages"}],"about":[{"href":"https:\/\/www.vape4wholesale.com\/es\/wp-json\/wp\/v2\/types\/page"}],"author":[{"embeddable":true,"href":"https:\/\/www.vape4wholesale.com\/es\/wp-json\/wp\/v2\/users\/1"}],"replies":[{"embeddable":true,"href":"https:\/\/www.vape4wholesale.com\/es\/wp-json\/wp\/v2\/comments?post=11338"}],"version-history":[{"count":0,"href":"https:\/\/www.vape4wholesale.com\/es\/wp-json\/wp\/v2\/pages\/11338\/revisions"}],"wp:attachment":[{"href":"https:\/\/www.vape4wholesale.com\/es\/wp-json\/wp\/v2\/media?parent=11338"}],"curies":[{"name":"wp","href":"https:\/\/api.w.org\/{rel}","templated":true}]}}