{"id":9448,"date":"2023-05-23T09:09:13","date_gmt":"2023-05-23T01:09:13","guid":{"rendered":"https:\/\/www.vape4wholesale.com\/?post_type=product&#038;p=9448"},"modified":"2026-01-26T13:42:49","modified_gmt":"2026-01-26T13:42:49","slug":"lavie-kamera-8000-puffs-einweg-vape-groshandel","status":"publish","type":"product","link":"https:\/\/www.vape4wholesale.com\/de\/product\/lavie-camera-8000-puffs-disposable-vape-wholesale","title":{"rendered":"Lavie Kamera 8000 Puffs Einweg Vape Gro\u00dfhandel"},"content":{"rendered":"<p><strong><a href=\"https:\/\/www.vape4wholesale.com\/de\/produkt_marke\/lavie\/\">Lavie<\/a> Kamera 8000<\/strong> ist eine wiederaufladbare Einweg-Vape, mit einer neuartigen Form und Aussehen Wie eine kleine und niedliche Kamera, mit einer Vielzahl von Farben und Geschmacksrichtungen zur Auswahl, eingebauten 550 mAh Hochleistungs-Akku und 18 ml e-Fl\u00fcssigkeit Kapazit\u00e4t, die 8000 Puffs unterst\u00fctzt, glatten Geschmack von Anfang bis Ende, reines Aroma, um den Geschmack Bed\u00fcrfnisse zu erf\u00fcllen.<\/p>\n<h2>Lavie Camera 8000 Einweg-Vape Spezifikationen:<\/h2>\n<ul>\n<li>Marke:LAVIE<\/li>\n<li>Puffs:8000 Puffs sind pro Ger\u00e4t verf\u00fcgbar<\/li>\n<li>Nicotine:0%\/2%\/5%<\/li>\n<li>E-Saft Kapazit\u00e4t:18ML<\/li>\n<li>Akku:550mAh<\/li>\n<li>Ladeanschluss:Typ-C<\/li>\n<\/ul>\n<p>&nbsp;<\/p>\n<h2>Geschm\u00e4cker<\/h2>\n<ol>\n<li>Minze<\/li>\n<li>Gemischte Beeren<\/li>\n<li>Rosenmilch<\/li>\n<li>Yakult<\/li>\n<li>Erdbeere Wassermelone<\/li>\n<li>Doppelter Apfel<\/li>\n<li>Passionsfrucht<\/li>\n<li>Traubeneis<\/li>\n<li>Wassermelone Eis<\/li>\n<li>Pfirsichsaft<\/li>\n<li>Cola-Eis<\/li>\n<li>Mango-Eis<\/li>\n<\/ol>\n<p>&nbsp;<\/p>\n<h2>Verpackung&amp;Gewicht<\/h2>\n<ul>\n<li>0,075 KG\/ PC<\/li>\n<li>10 PCS\/ mittlere Schachtel<\/li>\n<li>300 PCS\/ Umkarton, 23KG<\/li>\n<\/ul>\n<p><img loading=\"lazy\" decoding=\"async\" class=\"alignnone size-full wp-image-11960\" title=\"Lavie Kamera 8000 Puffs Einweg Vape Gro\u00dfhandel (16)\" src=\"https:\/\/www.vape4wholesale.com\/wp-content\/uploads\/2023\/05\/Lavie-Camera-8000-Puffs-Disposable-Vape-Wholesale-16.jpg\" alt=\"Lavie Kamera 8000 Puffs Einweg Vape Gro\u00dfhandel (16)\" width=\"1200\" height=\"1200\" srcset=\"https:\/\/www.vape4wholesale.com\/wp-content\/uploads\/2023\/05\/Lavie-Camera-8000-Puffs-Disposable-Vape-Wholesale-16.jpg 1200w, https:\/\/www.vape4wholesale.com\/wp-content\/uploads\/2023\/05\/Lavie-Camera-8000-Puffs-Disposable-Vape-Wholesale-16-247x247.jpg 247w, https:\/\/www.vape4wholesale.com\/wp-content\/uploads\/2023\/05\/Lavie-Camera-8000-Puffs-Disposable-Vape-Wholesale-16-100x100.jpg 100w, https:\/\/www.vape4wholesale.com\/wp-content\/uploads\/2023\/05\/Lavie-Camera-8000-Puffs-Disposable-Vape-Wholesale-16-510x510.jpg 510w, https:\/\/www.vape4wholesale.com\/wp-content\/uploads\/2023\/05\/Lavie-Camera-8000-Puffs-Disposable-Vape-Wholesale-16-64x64.jpg 64w, https:\/\/www.vape4wholesale.com\/wp-content\/uploads\/2023\/05\/Lavie-Camera-8000-Puffs-Disposable-Vape-Wholesale-16-300x300.jpg 300w, https:\/\/www.vape4wholesale.com\/wp-content\/uploads\/2023\/05\/Lavie-Camera-8000-Puffs-Disposable-Vape-Wholesale-16-1024x1024.jpg 1024w, https:\/\/www.vape4wholesale.com\/wp-content\/uploads\/2023\/05\/Lavie-Camera-8000-Puffs-Disposable-Vape-Wholesale-16-150x150.jpg 150w, https:\/\/www.vape4wholesale.com\/wp-content\/uploads\/2023\/05\/Lavie-Camera-8000-Puffs-Disposable-Vape-Wholesale-16-768x768.jpg 768w\" sizes=\"auto, (max-width: 1200px) 100vw, 1200px\" \/><\/p>","protected":false},"excerpt":{"rendered":"[scf-template id=&#8217;11434&#8242;]\n","protected":false},"featured_media":11958,"comment_status":"open","ping_status":"closed","template":"","meta":[],"pwb-brand":[1277],"product_cat":[870],"product_tag":[22,24,37,244,343],"class_list":{"0":"post-9448","1":"product","2":"type-product","3":"status-publish","4":"has-post-thumbnail","6":"pwb-brand-lavie","7":"product_cat-8000-10000-puffs","8":"product_tag-disposable","9":"product_tag-wholesale","10":"product_tag-lavie","11":"product_tag-18-0ml","12":"product_tag-8000-puffs","14":"first","15":"outofstock","16":"shipping-taxable","17":"purchasable","18":"product-type-variable"},"aioseo_notices":[],"brands":[{"id":1277,"name":"Lavie","slug":"lavie"}],"_links":{"self":[{"href":"https:\/\/www.vape4wholesale.com\/de\/wp-json\/wp\/v2\/product\/9448","targetHints":{"allow":["GET"]}}],"collection":[{"href":"https:\/\/www.vape4wholesale.com\/de\/wp-json\/wp\/v2\/product"}],"about":[{"href":"https:\/\/www.vape4wholesale.com\/de\/wp-json\/wp\/v2\/types\/product"}],"replies":[{"embeddable":true,"href":"https:\/\/www.vape4wholesale.com\/de\/wp-json\/wp\/v2\/comments?post=9448"}],"wp:featuredmedia":[{"embeddable":true,"href":"https:\/\/www.vape4wholesale.com\/de\/wp-json\/wp\/v2\/media\/11958"}],"wp:attachment":[{"href":"https:\/\/www.vape4wholesale.com\/de\/wp-json\/wp\/v2\/media?parent=9448"}],"wp:term":[{"taxonomy":"pwb-brand","embeddable":true,"href":"https:\/\/www.vape4wholesale.com\/de\/wp-json\/wp\/v2\/pwb-brand?post=9448"},{"taxonomy":"product_cat","embeddable":true,"href":"https:\/\/www.vape4wholesale.com\/de\/wp-json\/wp\/v2\/product_cat?post=9448"},{"taxonomy":"product_tag","embeddable":true,"href":"https:\/\/www.vape4wholesale.com\/de\/wp-json\/wp\/v2\/product_tag?post=9448"}],"curies":[{"name":"wp","href":"https:\/\/api.w.org\/{rel}","templated":true}]}}