{"id":9007,"date":"2023-04-24T08:36:44","date_gmt":"2023-04-24T00:36:44","guid":{"rendered":"https:\/\/www.vape4wholesale.com\/?post_type=product&#038;p=9007"},"modified":"2026-01-26T13:42:53","modified_gmt":"2026-01-26T13:42:53","slug":"kamry-boss-10000-puffs-einweg-vape-groshandel","status":"publish","type":"product","link":"https:\/\/www.vape4wholesale.com\/de\/product\/kamry-boss-10000-puffs-disposable-vape-wholesale","title":{"rendered":"Kamry Boss 10000 Puffs Einweg Vape Gro\u00dfhandel"},"content":{"rendered":"<p>Die <strong><a href=\"https:\/\/www.vape4wholesale.com\/de\/produkt_marke\/kamry\/\">Kamry<\/a> Chef<\/strong> 10000 ist eine gro\u00dfe und dicke Stil vape Design, kommt mit coolen Aufkleber, unterst\u00fctzt es etwa 10000 Z\u00fcge mit 20ml 2% Salz Nikotin ejuice und 600mah Akku. insgesamt 10 gro\u00dfe Aromen f\u00fcr die Wahl.<\/p>\n<h2>Kamry Boss 10000 Puffs Einweg Vape Schnelle Details<\/h2>\n<ul>\n<li>Puffs : 10000<\/li>\n<li>Gr\u00f6\u00dfe: 38*92mm<\/li>\n<li>Mesh-Spule : 1,0 Ohm<\/li>\n<li>Nikotinsalz : 2%<\/li>\n<li>Material: PCTG + PC<\/li>\n<li>Akku: 600mAh<\/li>\n<li>Typ-C Wiederaufladbar<\/li>\n<li>Maschenspule<\/li>\n<li>Gewicht: 75g<\/li>\n<\/ul>\n<h2>Geschm\u00e4cker<\/h2>\n<ol>\n<li>Blaues Himbeereis<\/li>\n<li>Energy-Drink<\/li>\n<li>Weintrauben<\/li>\n<li>Gr\u00fcne Mango<\/li>\n<li>Guave<\/li>\n<li>Gummib\u00e4rchen<\/li>\n<li>Lychee-Eis<\/li>\n<li>Ananaseis<\/li>\n<li>Erdbeer-Eiscreme<\/li>\n<li>Wassermelone<\/li>\n<\/ol>\n<h2>Verpackung &amp; Gewicht<\/h2>\n<p>MASSEN: 442x218x495mm<br \/>\n200 St\u00fcck\/Karton<br \/>\nGW 17.2KG<\/p>\n<figure id=\"attachment_11510\" aria-describedby=\"caption-attachment-11510\" style=\"width: 1000px\" class=\"wp-caption alignnone\"><img loading=\"lazy\" decoding=\"async\" class=\"wp-image-11510 size-full\" title=\"Kamry Boss 10000 Z\u00fcge Vape Gr\u00fcne Mango\" src=\"https:\/\/www.vape4wholesale.com\/wp-content\/uploads\/2023\/04\/Kamry-Boss-10000-Puffs-Vape-Green-Mango.jpg\" alt=\"Kamry Boss 10000 Z\u00fcge Vape Gr\u00fcne Mango\" width=\"1000\" height=\"1000\" srcset=\"https:\/\/www.vape4wholesale.com\/wp-content\/uploads\/2023\/04\/Kamry-Boss-10000-Puffs-Vape-Green-Mango.jpg 1000w, https:\/\/www.vape4wholesale.com\/wp-content\/uploads\/2023\/04\/Kamry-Boss-10000-Puffs-Vape-Green-Mango-247x247.jpg 247w, https:\/\/www.vape4wholesale.com\/wp-content\/uploads\/2023\/04\/Kamry-Boss-10000-Puffs-Vape-Green-Mango-100x100.jpg 100w, https:\/\/www.vape4wholesale.com\/wp-content\/uploads\/2023\/04\/Kamry-Boss-10000-Puffs-Vape-Green-Mango-510x510.jpg 510w, https:\/\/www.vape4wholesale.com\/wp-content\/uploads\/2023\/04\/Kamry-Boss-10000-Puffs-Vape-Green-Mango-64x64.jpg 64w, https:\/\/www.vape4wholesale.com\/wp-content\/uploads\/2023\/04\/Kamry-Boss-10000-Puffs-Vape-Green-Mango-300x300.jpg 300w, https:\/\/www.vape4wholesale.com\/wp-content\/uploads\/2023\/04\/Kamry-Boss-10000-Puffs-Vape-Green-Mango-150x150.jpg 150w, https:\/\/www.vape4wholesale.com\/wp-content\/uploads\/2023\/04\/Kamry-Boss-10000-Puffs-Vape-Green-Mango-768x768.jpg 768w\" sizes=\"auto, (max-width: 1000px) 100vw, 1000px\" \/><figcaption id=\"caption-attachment-11510\" class=\"wp-caption-text\">Kamry Boss 10000 Puffs Vape<\/figcaption><\/figure>\n<p>&nbsp;<\/p>","protected":false},"excerpt":{"rendered":"[scf-template id=&#8217;11434&#8242;]\n","protected":false},"featured_media":11517,"comment_status":"open","ping_status":"closed","template":"","meta":[],"pwb-brand":[1281],"product_cat":[871],"product_tag":[22,24,30,172,324],"class_list":{"0":"post-9007","1":"product","2":"type-product","3":"status-publish","4":"has-post-thumbnail","6":"pwb-brand-kamry","7":"product_cat-10-15k-puffs","8":"product_tag-disposable","9":"product_tag-wholesale","10":"product_tag-kamry","11":"product_tag-20-0ml","12":"product_tag-10000-puffs","14":"first","15":"outofstock","16":"shipping-taxable","17":"purchasable","18":"product-type-variable"},"aioseo_notices":[],"brands":[{"id":1281,"name":"Kamry","slug":"kamry"}],"_links":{"self":[{"href":"https:\/\/www.vape4wholesale.com\/de\/wp-json\/wp\/v2\/product\/9007","targetHints":{"allow":["GET"]}}],"collection":[{"href":"https:\/\/www.vape4wholesale.com\/de\/wp-json\/wp\/v2\/product"}],"about":[{"href":"https:\/\/www.vape4wholesale.com\/de\/wp-json\/wp\/v2\/types\/product"}],"replies":[{"embeddable":true,"href":"https:\/\/www.vape4wholesale.com\/de\/wp-json\/wp\/v2\/comments?post=9007"}],"wp:featuredmedia":[{"embeddable":true,"href":"https:\/\/www.vape4wholesale.com\/de\/wp-json\/wp\/v2\/media\/11517"}],"wp:attachment":[{"href":"https:\/\/www.vape4wholesale.com\/de\/wp-json\/wp\/v2\/media?parent=9007"}],"wp:term":[{"taxonomy":"pwb-brand","embeddable":true,"href":"https:\/\/www.vape4wholesale.com\/de\/wp-json\/wp\/v2\/pwb-brand?post=9007"},{"taxonomy":"product_cat","embeddable":true,"href":"https:\/\/www.vape4wholesale.com\/de\/wp-json\/wp\/v2\/product_cat?post=9007"},{"taxonomy":"product_tag","embeddable":true,"href":"https:\/\/www.vape4wholesale.com\/de\/wp-json\/wp\/v2\/product_tag?post=9007"}],"curies":[{"name":"wp","href":"https:\/\/api.w.org\/{rel}","templated":true}]}}