{"id":8755,"date":"2023-03-30T09:44:56","date_gmt":"2023-03-30T01:44:56","guid":{"rendered":"https:\/\/www.vape4wholesale.com\/?post_type=product&#038;p=8755"},"modified":"2026-03-23T00:56:45","modified_gmt":"2026-03-22T16:56:45","slug":"hqd-cuvie-plus-1200-puffs-einweg-vape-groshandel","status":"publish","type":"product","link":"https:\/\/www.vape4wholesale.com\/de\/product\/hqd-cuvie-plus-1200-puffs-disposable-vape-wholesale","title":{"rendered":"HQD Cuvie Plus 1200 Puffs Einweg Vape Gro\u00dfhandel"},"content":{"rendered":"<p><strong><a href=\"https:\/\/www.vape4wholesale.com\/de\/produkt_marke\/hqd\/\">HQD<\/a> Cuvie Plus 1200<\/strong> Einweg-Vape-Ger\u00e4t ist revolution\u00e4r mit einem 950mAh Akku-Kapazit\u00e4t als auch mit mehr als 1200 Puffs dauern! Es hat einen super reichen Geschmack, die sich von der Konkurrenz trennt. W\u00e4hlen Sie aus den 54 verf\u00fcgbaren Geschmacksrichtungen diejenige aus, die Ihnen am besten schmeckt. Mit seiner geringen Gr\u00f6\u00dfe, der einfachen Handhabung und dem gro\u00dfartigen Geschmack ist es schwer, mit dem HQD Cuvie Plus Einweg-Vape-Pod etwas falsch zu machen. Schauen Sie sich unsere Sammlung von Einweg-Vape-B\u00fcndeln an.<\/p>\n<h2>HQD Cuvie Plus 1200 Details:<\/h2>\n<p>Gr\u00f6\u00dfe: \u00d818x101mm<br \/>\nBatteriekapazit\u00e4t: 950mAh<br \/>\nLeistungsbereich: 7~12W<br \/>\nAnzahl der Puffs: 1200<br \/>\nGewicht: 45g<br \/>\nEingangsspannung: 3,7V<br \/>\nE-Fl\u00fcssigkeit Kapazit\u00e4t: 5.0ml<br \/>\nKonzentration: 50mg\/ml<br \/>\nWiderstand: 1,8\u03a9<br \/>\nGeschmacksrichtungen: 54 verf\u00fcgbare Geschmacksrichtungen<\/p>\n<h2><\/h2>\n<h2>HQD Cuvie Plus 1200 Geschmacksrichtungen:<\/h2>\n<p>Apfel Pfirsich<br \/>\nRosa Zitrone<br \/>\nMango-Guave<br \/>\nPog Orange Guave<br \/>\nHeidelbeere-Himbeere<br \/>\nSBCC-Eiscreme<br \/>\nEis-Minze<br \/>\nWeintraube<br \/>\nBlaubeere<br \/>\nHeidelbeer-Limonade<br \/>\nErdbeere-Banane<br \/>\n\u00dcppiges Eis<br \/>\nAnanaseis<br \/>\nLychee-Eis<br \/>\nMango-Eis<br \/>\nStrawberry<br \/>\nPina Colada<br \/>\nEnergy-Drink<br \/>\nS\u00fc\u00dfigkeiten<br \/>\nSchwarzes Eis<br \/>\nKiwi-Granatapfel<br \/>\nRotes Eis<br \/>\nMiami Vice<br \/>\nObst-Fusion<br \/>\nErdbeere Wassermelone<br \/>\nErdbeer-M\u00fcrbegeb\u00e4ck<br \/>\nCantaloupe<br \/>\nRegenbogen<br \/>\nTres Leches<br \/>\nErdbeer-Limonade<br \/>\nBananeneis<br \/>\nMojito<br \/>\nErdnussbutter<br \/>\nMango Pfirsich<br \/>\nSchokolade-Minze<br \/>\nHonig-Litschi<br \/>\nEistee<br \/>\nMeloneneis<br \/>\nGracurrant<br \/>\nZuckerwatte<br \/>\nHoneycrisp-Apfel<br \/>\nPfirsich-Eis<br \/>\nKirsche-Granatapfel<br \/>\nHimmel Minze<br \/>\nCoconut Grove<br \/>\nTabak<br \/>\nN\u00fcsse Tabak<br \/>\nKlar<br \/>\nErdbeer-Kiwi<br \/>\nBlasenwasser<br \/>\nFrische Beeren<br \/>\nErdbeer-Drachenfrucht<br \/>\nGrenadine<br \/>\nBig Smoke<\/p>\n<h2>Gewicht &amp; Verpackung<\/h2>\n<ul>\n<li>Gr\u00f6\u00dfe des Kartons: 395x295x290mm<\/li>\n<li>MENGE: 240 STK.<\/li>\n<li>GEWICHT: 13.5KG<\/li>\n<\/ul>\n<p><img loading=\"lazy\" decoding=\"async\" class=\"alignnone size-full wp-image-11766\" title=\"HQD Cuvie Plus 1200 Puffs Einweg Vape Gro\u00dfhandel (3)\" src=\"https:\/\/www.vape4wholesale.com\/wp-content\/uploads\/2023\/03\/HQD-Cuvie-Plus-1200-Puffs-Disposable-Vape-Wholesale-3.jpg\" alt=\"HQD Cuvie Plus 1200 Puffs Einweg Vape Gro\u00dfhandel (3)\" width=\"766\" height=\"800\" srcset=\"https:\/\/www.vape4wholesale.com\/wp-content\/uploads\/2023\/03\/HQD-Cuvie-Plus-1200-Puffs-Disposable-Vape-Wholesale-3.jpg 766w, https:\/\/www.vape4wholesale.com\/wp-content\/uploads\/2023\/03\/HQD-Cuvie-Plus-1200-Puffs-Disposable-Vape-Wholesale-3-510x533.jpg 510w, https:\/\/www.vape4wholesale.com\/wp-content\/uploads\/2023\/03\/HQD-Cuvie-Plus-1200-Puffs-Disposable-Vape-Wholesale-3-64x67.jpg 64w, https:\/\/www.vape4wholesale.com\/wp-content\/uploads\/2023\/03\/HQD-Cuvie-Plus-1200-Puffs-Disposable-Vape-Wholesale-3-287x300.jpg 287w\" sizes=\"auto, (max-width: 766px) 100vw, 766px\" \/> <img loading=\"lazy\" decoding=\"async\" class=\"alignnone size-full wp-image-11768\" title=\"HQD Cuvie Plus 1200 Puffs Einweg Vape Gro\u00dfhandel (8)\" src=\"https:\/\/www.vape4wholesale.com\/wp-content\/uploads\/2023\/03\/HQD-Cuvie-Plus-1200-Puffs-Disposable-Vape-Wholesale-8.jpg\" alt=\"HQD Cuvie Plus 1200 Puffs Einweg Vape Gro\u00dfhandel (8)\" width=\"766\" height=\"800\" srcset=\"https:\/\/www.vape4wholesale.com\/wp-content\/uploads\/2023\/03\/HQD-Cuvie-Plus-1200-Puffs-Disposable-Vape-Wholesale-8.jpg 766w, https:\/\/www.vape4wholesale.com\/wp-content\/uploads\/2023\/03\/HQD-Cuvie-Plus-1200-Puffs-Disposable-Vape-Wholesale-8-510x533.jpg 510w, https:\/\/www.vape4wholesale.com\/wp-content\/uploads\/2023\/03\/HQD-Cuvie-Plus-1200-Puffs-Disposable-Vape-Wholesale-8-64x67.jpg 64w, https:\/\/www.vape4wholesale.com\/wp-content\/uploads\/2023\/03\/HQD-Cuvie-Plus-1200-Puffs-Disposable-Vape-Wholesale-8-287x300.jpg 287w\" sizes=\"auto, (max-width: 766px) 100vw, 766px\" \/> <img loading=\"lazy\" decoding=\"async\" class=\"alignnone size-full wp-image-11769\" title=\"HQD Cuvie Plus 1200 Puffs Einweg Vape Gro\u00dfhandel (15)\" src=\"https:\/\/www.vape4wholesale.com\/wp-content\/uploads\/2023\/03\/HQD-Cuvie-Plus-1200-Puffs-Disposable-Vape-Wholesale-15.jpg\" alt=\"HQD Cuvie Plus 1200 Puffs Einweg Vape Gro\u00dfhandel (15)\" width=\"766\" height=\"800\" srcset=\"https:\/\/www.vape4wholesale.com\/wp-content\/uploads\/2023\/03\/HQD-Cuvie-Plus-1200-Puffs-Disposable-Vape-Wholesale-15.jpg 766w, https:\/\/www.vape4wholesale.com\/wp-content\/uploads\/2023\/03\/HQD-Cuvie-Plus-1200-Puffs-Disposable-Vape-Wholesale-15-510x533.jpg 510w, https:\/\/www.vape4wholesale.com\/wp-content\/uploads\/2023\/03\/HQD-Cuvie-Plus-1200-Puffs-Disposable-Vape-Wholesale-15-64x67.jpg 64w, https:\/\/www.vape4wholesale.com\/wp-content\/uploads\/2023\/03\/HQD-Cuvie-Plus-1200-Puffs-Disposable-Vape-Wholesale-15-287x300.jpg 287w\" sizes=\"auto, (max-width: 766px) 100vw, 766px\" \/><img loading=\"lazy\" decoding=\"async\" class=\"alignnone size-full wp-image-11770\" title=\"HQD Cuvie Plus 1200 Puffs Einweg Vape Gro\u00dfhandel (17)\" src=\"https:\/\/www.vape4wholesale.com\/wp-content\/uploads\/2023\/03\/HQD-Cuvie-Plus-1200-Puffs-Disposable-Vape-Wholesale-17.jpg\" alt=\"HQD Cuvie Plus 1200 Puffs Einweg Vape Gro\u00dfhandel (17)\" width=\"766\" height=\"800\" srcset=\"https:\/\/www.vape4wholesale.com\/wp-content\/uploads\/2023\/03\/HQD-Cuvie-Plus-1200-Puffs-Disposable-Vape-Wholesale-17.jpg 766w, https:\/\/www.vape4wholesale.com\/wp-content\/uploads\/2023\/03\/HQD-Cuvie-Plus-1200-Puffs-Disposable-Vape-Wholesale-17-510x533.jpg 510w, https:\/\/www.vape4wholesale.com\/wp-content\/uploads\/2023\/03\/HQD-Cuvie-Plus-1200-Puffs-Disposable-Vape-Wholesale-17-64x67.jpg 64w, https:\/\/www.vape4wholesale.com\/wp-content\/uploads\/2023\/03\/HQD-Cuvie-Plus-1200-Puffs-Disposable-Vape-Wholesale-17-287x300.jpg 287w\" sizes=\"auto, (max-width: 766px) 100vw, 766px\" \/> <img loading=\"lazy\" decoding=\"async\" class=\"alignnone size-full wp-image-11771\" title=\"HQD Cuvie Plus 1200 Puffs Einweg Vape Gro\u00dfhandel (20)\" src=\"https:\/\/www.vape4wholesale.com\/wp-content\/uploads\/2023\/03\/HQD-Cuvie-Plus-1200-Puffs-Disposable-Vape-Wholesale-20.jpg\" alt=\"HQD Cuvie Plus 1200 Puffs Einweg Vape Gro\u00dfhandel (20)\" width=\"766\" height=\"800\" srcset=\"https:\/\/www.vape4wholesale.com\/wp-content\/uploads\/2023\/03\/HQD-Cuvie-Plus-1200-Puffs-Disposable-Vape-Wholesale-20.jpg 766w, https:\/\/www.vape4wholesale.com\/wp-content\/uploads\/2023\/03\/HQD-Cuvie-Plus-1200-Puffs-Disposable-Vape-Wholesale-20-510x533.jpg 510w, https:\/\/www.vape4wholesale.com\/wp-content\/uploads\/2023\/03\/HQD-Cuvie-Plus-1200-Puffs-Disposable-Vape-Wholesale-20-64x67.jpg 64w, https:\/\/www.vape4wholesale.com\/wp-content\/uploads\/2023\/03\/HQD-Cuvie-Plus-1200-Puffs-Disposable-Vape-Wholesale-20-287x300.jpg 287w\" sizes=\"auto, (max-width: 766px) 100vw, 766px\" \/> <img loading=\"lazy\" decoding=\"async\" class=\"alignnone size-full wp-image-11772\" title=\"HQD Cuvie Plus 1200 Puffs Einweg Vape Gro\u00dfhandel (22)\" src=\"https:\/\/www.vape4wholesale.com\/wp-content\/uploads\/2023\/03\/HQD-Cuvie-Plus-1200-Puffs-Disposable-Vape-Wholesale-22.jpg\" alt=\"HQD Cuvie Plus 1200 Puffs Einweg Vape Gro\u00dfhandel (22)\" width=\"766\" height=\"800\" srcset=\"https:\/\/www.vape4wholesale.com\/wp-content\/uploads\/2023\/03\/HQD-Cuvie-Plus-1200-Puffs-Disposable-Vape-Wholesale-22.jpg 766w, https:\/\/www.vape4wholesale.com\/wp-content\/uploads\/2023\/03\/HQD-Cuvie-Plus-1200-Puffs-Disposable-Vape-Wholesale-22-510x533.jpg 510w, https:\/\/www.vape4wholesale.com\/wp-content\/uploads\/2023\/03\/HQD-Cuvie-Plus-1200-Puffs-Disposable-Vape-Wholesale-22-64x67.jpg 64w, https:\/\/www.vape4wholesale.com\/wp-content\/uploads\/2023\/03\/HQD-Cuvie-Plus-1200-Puffs-Disposable-Vape-Wholesale-22-287x300.jpg 287w\" sizes=\"auto, (max-width: 766px) 100vw, 766px\" \/> <img loading=\"lazy\" decoding=\"async\" class=\"alignnone size-full wp-image-11773\" title=\"HQD Cuvie Plus 1200 Puffs Einweg Vape Gro\u00dfhandel (24)\" src=\"https:\/\/www.vape4wholesale.com\/wp-content\/uploads\/2023\/03\/HQD-Cuvie-Plus-1200-Puffs-Disposable-Vape-Wholesale-24.jpg\" alt=\"HQD Cuvie Plus 1200 Puffs Einweg Vape Gro\u00dfhandel (24)\" width=\"766\" height=\"800\" srcset=\"https:\/\/www.vape4wholesale.com\/wp-content\/uploads\/2023\/03\/HQD-Cuvie-Plus-1200-Puffs-Disposable-Vape-Wholesale-24.jpg 766w, https:\/\/www.vape4wholesale.com\/wp-content\/uploads\/2023\/03\/HQD-Cuvie-Plus-1200-Puffs-Disposable-Vape-Wholesale-24-510x533.jpg 510w, https:\/\/www.vape4wholesale.com\/wp-content\/uploads\/2023\/03\/HQD-Cuvie-Plus-1200-Puffs-Disposable-Vape-Wholesale-24-64x67.jpg 64w, https:\/\/www.vape4wholesale.com\/wp-content\/uploads\/2023\/03\/HQD-Cuvie-Plus-1200-Puffs-Disposable-Vape-Wholesale-24-287x300.jpg 287w\" sizes=\"auto, (max-width: 766px) 100vw, 766px\" \/> <img loading=\"lazy\" decoding=\"async\" class=\"alignnone size-full wp-image-11774\" title=\"HQD Cuvie Plus 1200 Puffs Einweg Vape Gro\u00dfhandel (28)\" src=\"https:\/\/www.vape4wholesale.com\/wp-content\/uploads\/2023\/03\/HQD-Cuvie-Plus-1200-Puffs-Disposable-Vape-Wholesale-28.jpg\" alt=\"HQD Cuvie Plus 1200 Puffs Einweg Vape Gro\u00dfhandel (28)\" width=\"766\" height=\"800\" srcset=\"https:\/\/www.vape4wholesale.com\/wp-content\/uploads\/2023\/03\/HQD-Cuvie-Plus-1200-Puffs-Disposable-Vape-Wholesale-28.jpg 766w, https:\/\/www.vape4wholesale.com\/wp-content\/uploads\/2023\/03\/HQD-Cuvie-Plus-1200-Puffs-Disposable-Vape-Wholesale-28-510x533.jpg 510w, https:\/\/www.vape4wholesale.com\/wp-content\/uploads\/2023\/03\/HQD-Cuvie-Plus-1200-Puffs-Disposable-Vape-Wholesale-28-64x67.jpg 64w, https:\/\/www.vape4wholesale.com\/wp-content\/uploads\/2023\/03\/HQD-Cuvie-Plus-1200-Puffs-Disposable-Vape-Wholesale-28-287x300.jpg 287w\" sizes=\"auto, (max-width: 766px) 100vw, 766px\" \/> <img loading=\"lazy\" decoding=\"async\" class=\"alignnone size-full wp-image-11775\" title=\"HQD Cuvie Plus 1200 Puffs Einweg Vape Gro\u00dfhandel (30)\" src=\"https:\/\/www.vape4wholesale.com\/wp-content\/uploads\/2023\/03\/HQD-Cuvie-Plus-1200-Puffs-Disposable-Vape-Wholesale-30.jpg\" alt=\"HQD Cuvie Plus 1200 Puffs Einweg Vape Gro\u00dfhandel (30)\" width=\"766\" height=\"800\" srcset=\"https:\/\/www.vape4wholesale.com\/wp-content\/uploads\/2023\/03\/HQD-Cuvie-Plus-1200-Puffs-Disposable-Vape-Wholesale-30.jpg 766w, https:\/\/www.vape4wholesale.com\/wp-content\/uploads\/2023\/03\/HQD-Cuvie-Plus-1200-Puffs-Disposable-Vape-Wholesale-30-510x533.jpg 510w, https:\/\/www.vape4wholesale.com\/wp-content\/uploads\/2023\/03\/HQD-Cuvie-Plus-1200-Puffs-Disposable-Vape-Wholesale-30-64x67.jpg 64w, https:\/\/www.vape4wholesale.com\/wp-content\/uploads\/2023\/03\/HQD-Cuvie-Plus-1200-Puffs-Disposable-Vape-Wholesale-30-287x300.jpg 287w\" sizes=\"auto, (max-width: 766px) 100vw, 766px\" \/> <img loading=\"lazy\" decoding=\"async\" class=\"alignnone size-full wp-image-11776\" title=\"HQD Cuvie Plus 1200 Puffs Einweg Vape Gro\u00dfhandel (33)\" src=\"https:\/\/www.vape4wholesale.com\/wp-content\/uploads\/2023\/03\/HQD-Cuvie-Plus-1200-Puffs-Disposable-Vape-Wholesale-33.jpg\" alt=\"HQD Cuvie Plus 1200 Puffs Einweg Vape Gro\u00dfhandel (33)\" width=\"766\" height=\"800\" srcset=\"https:\/\/www.vape4wholesale.com\/wp-content\/uploads\/2023\/03\/HQD-Cuvie-Plus-1200-Puffs-Disposable-Vape-Wholesale-33.jpg 766w, https:\/\/www.vape4wholesale.com\/wp-content\/uploads\/2023\/03\/HQD-Cuvie-Plus-1200-Puffs-Disposable-Vape-Wholesale-33-510x533.jpg 510w, https:\/\/www.vape4wholesale.com\/wp-content\/uploads\/2023\/03\/HQD-Cuvie-Plus-1200-Puffs-Disposable-Vape-Wholesale-33-64x67.jpg 64w, https:\/\/www.vape4wholesale.com\/wp-content\/uploads\/2023\/03\/HQD-Cuvie-Plus-1200-Puffs-Disposable-Vape-Wholesale-33-287x300.jpg 287w\" sizes=\"auto, (max-width: 766px) 100vw, 766px\" \/> <img loading=\"lazy\" decoding=\"async\" class=\"alignnone size-full wp-image-11777\" title=\"HQD Cuvie Plus 1200 Puffs Einweg Vape Gro\u00dfhandel (37)\" src=\"https:\/\/www.vape4wholesale.com\/wp-content\/uploads\/2023\/03\/HQD-Cuvie-Plus-1200-Puffs-Disposable-Vape-Wholesale-37.jpg\" alt=\"HQD Cuvie Plus 1200 Puffs Einweg Vape Gro\u00dfhandel (37)\" width=\"766\" height=\"800\" srcset=\"https:\/\/www.vape4wholesale.com\/wp-content\/uploads\/2023\/03\/HQD-Cuvie-Plus-1200-Puffs-Disposable-Vape-Wholesale-37.jpg 766w, https:\/\/www.vape4wholesale.com\/wp-content\/uploads\/2023\/03\/HQD-Cuvie-Plus-1200-Puffs-Disposable-Vape-Wholesale-37-510x533.jpg 510w, https:\/\/www.vape4wholesale.com\/wp-content\/uploads\/2023\/03\/HQD-Cuvie-Plus-1200-Puffs-Disposable-Vape-Wholesale-37-64x67.jpg 64w, https:\/\/www.vape4wholesale.com\/wp-content\/uploads\/2023\/03\/HQD-Cuvie-Plus-1200-Puffs-Disposable-Vape-Wholesale-37-287x300.jpg 287w\" sizes=\"auto, (max-width: 766px) 100vw, 766px\" \/> <img loading=\"lazy\" decoding=\"async\" class=\"alignnone size-full wp-image-11778\" title=\"HQD Cuvie Plus 1200 Puffs Einweg Vape Gro\u00dfhandel (49)\" src=\"https:\/\/www.vape4wholesale.com\/wp-content\/uploads\/2023\/03\/HQD-Cuvie-Plus-1200-Puffs-Disposable-Vape-Wholesale-49.jpg\" alt=\"HQD Cuvie Plus 1200 Puffs Einweg Vape Gro\u00dfhandel (49)\" width=\"766\" height=\"800\" srcset=\"https:\/\/www.vape4wholesale.com\/wp-content\/uploads\/2023\/03\/HQD-Cuvie-Plus-1200-Puffs-Disposable-Vape-Wholesale-49.jpg 766w, https:\/\/www.vape4wholesale.com\/wp-content\/uploads\/2023\/03\/HQD-Cuvie-Plus-1200-Puffs-Disposable-Vape-Wholesale-49-510x533.jpg 510w, https:\/\/www.vape4wholesale.com\/wp-content\/uploads\/2023\/03\/HQD-Cuvie-Plus-1200-Puffs-Disposable-Vape-Wholesale-49-64x67.jpg 64w, https:\/\/www.vape4wholesale.com\/wp-content\/uploads\/2023\/03\/HQD-Cuvie-Plus-1200-Puffs-Disposable-Vape-Wholesale-49-287x300.jpg 287w\" sizes=\"auto, (max-width: 766px) 100vw, 766px\" \/> <img loading=\"lazy\" decoding=\"async\" class=\"alignnone size-full wp-image-11779\" title=\"HQD Cuvie Plus 1200 Puffs Einweg Vape Gro\u00dfhandel (52)\" src=\"https:\/\/www.vape4wholesale.com\/wp-content\/uploads\/2023\/03\/HQD-Cuvie-Plus-1200-Puffs-Disposable-Vape-Wholesale-52.jpg\" alt=\"HQD Cuvie Plus 1200 Puffs Einweg Vape Gro\u00dfhandel (52)\" width=\"766\" height=\"800\" srcset=\"https:\/\/www.vape4wholesale.com\/wp-content\/uploads\/2023\/03\/HQD-Cuvie-Plus-1200-Puffs-Disposable-Vape-Wholesale-52.jpg 766w, https:\/\/www.vape4wholesale.com\/wp-content\/uploads\/2023\/03\/HQD-Cuvie-Plus-1200-Puffs-Disposable-Vape-Wholesale-52-510x533.jpg 510w, https:\/\/www.vape4wholesale.com\/wp-content\/uploads\/2023\/03\/HQD-Cuvie-Plus-1200-Puffs-Disposable-Vape-Wholesale-52-64x67.jpg 64w, https:\/\/www.vape4wholesale.com\/wp-content\/uploads\/2023\/03\/HQD-Cuvie-Plus-1200-Puffs-Disposable-Vape-Wholesale-52-287x300.jpg 287w\" sizes=\"auto, (max-width: 766px) 100vw, 766px\" \/><\/p>\n<p>&nbsp;<\/p>","protected":false},"excerpt":{"rendered":"[scf-template id=&#8217;11434&#8242;]\n","protected":false},"featured_media":11772,"comment_status":"open","ping_status":"closed","template":"","meta":[],"pwb-brand":[1280],"product_cat":[48],"product_tag":[446,461,22,24,46],"class_list":{"0":"post-8755","1":"product","2":"type-product","3":"status-publish","4":"has-post-thumbnail","6":"pwb-brand-hqd","7":"product_cat-below-2000-puffs","8":"product_tag-1200-puffs","9":"product_tag-hqd","10":"product_tag-disposable","11":"product_tag-wholesale","12":"product_tag-5-0ml","14":"first","15":"outofstock","16":"shipping-taxable","17":"purchasable","18":"product-type-variable","19":"has-default-attributes"},"aioseo_notices":[],"brands":[{"id":1280,"name":"HQD","slug":"hqd"}],"_links":{"self":[{"href":"https:\/\/www.vape4wholesale.com\/de\/wp-json\/wp\/v2\/product\/8755","targetHints":{"allow":["GET"]}}],"collection":[{"href":"https:\/\/www.vape4wholesale.com\/de\/wp-json\/wp\/v2\/product"}],"about":[{"href":"https:\/\/www.vape4wholesale.com\/de\/wp-json\/wp\/v2\/types\/product"}],"replies":[{"embeddable":true,"href":"https:\/\/www.vape4wholesale.com\/de\/wp-json\/wp\/v2\/comments?post=8755"}],"wp:featuredmedia":[{"embeddable":true,"href":"https:\/\/www.vape4wholesale.com\/de\/wp-json\/wp\/v2\/media\/11772"}],"wp:attachment":[{"href":"https:\/\/www.vape4wholesale.com\/de\/wp-json\/wp\/v2\/media?parent=8755"}],"wp:term":[{"taxonomy":"pwb-brand","embeddable":true,"href":"https:\/\/www.vape4wholesale.com\/de\/wp-json\/wp\/v2\/pwb-brand?post=8755"},{"taxonomy":"product_cat","embeddable":true,"href":"https:\/\/www.vape4wholesale.com\/de\/wp-json\/wp\/v2\/product_cat?post=8755"},{"taxonomy":"product_tag","embeddable":true,"href":"https:\/\/www.vape4wholesale.com\/de\/wp-json\/wp\/v2\/product_tag?post=8755"}],"curies":[{"name":"wp","href":"https:\/\/api.w.org\/{rel}","templated":true}]}}